{"id":8334,"date":"2023-02-23T22:21:32","date_gmt":"2023-02-24T04:21:32","guid":{"rendered":"https:\/\/tecsecmty.com\/index.php\/producto\/merik-12300py-cobra-seccion-de-picos-poncha-llantas-de-montaje-en-superficie-tramo-de-91cm-color-amarillo-no-incluye-biseles-laterales\/"},"modified":"2023-03-22T23:23:42","modified_gmt":"2023-03-23T05:23:42","slug":"merik-12300py-cobra-seccion-de-picos-poncha-llantas-de-montaje-en-superficie-tramo-de-91cm-color-amarillo-no-incluye-biseles-laterales","status":"publish","type":"product","link":"https:\/\/tecsecmty.com\/index.php\/producto\/merik-12300py-cobra-seccion-de-picos-poncha-llantas-de-montaje-en-superficie-tramo-de-91cm-color-amarillo-no-incluye-biseles-laterales\/","title":{"rendered":"MERIK 12300PY &#8211; Cobra secci\u00f3n de picos poncha llantas de montaje en superficie \/ Tramo de 91cm \/ Color amarillo \/ No incluye biseles laterales"},"content":{"rendered":"<div class=\"row aling-items-center padding-bottom-2x\">\n<div class=\"col-lg-12\">\n<h5 class=\"card-title text-center\">Informaci\u00f3n General<\/h5>\n<h1><strong>Descripci\u00f3n<\/strong><\/h1>\n<p><strong>MERIK 12300PY &#8211; Cobra seccion de picos poncha llantas de montaje en superficie \/ Tramo de 3 pies \/ Color amarillo \/ No incluye biseles laterales<\/strong><\/p>\n<p>La superficie COBRA \u2122 Monte Spikes se puede utilizar en todas las aplicaciones comerciales y residenciales. Este producto es f\u00e1cil de instalar en superficies de asfalto y hormig\u00f3n. La unidad COBRA tambi\u00e9n act\u00faa como un tope de velocidad.<\/p>\n<p><img decoding=\"async\" class=\"overview-center-img-web\" src=\"https:\/\/tvc.mx\/media\/213823\/Secci%C3%B3n-de-Picos-Poncha-Llantas-Descripci%C3%B3n-12300PY-Merik.png\" alt=\"\" \/><\/div>\n<\/div>\n<div class=\"row align-items-center padding-bottom-2x\">\n<div class=\"col-md-5 order-md-2\"><img decoding=\"async\" class=\"d-block m-auto img-thumbnail\" src=\"https:\/\/tvc.mx\/media\/213831\/Secci%C3%B3n-de-Picos-Poncha-Llantas-Vista-Superior-12300PY-Merik.png\" alt=\" \" \/><\/div>\n<div class=\"col-md-7 order-md-1 text-md-left text-center\">\n<h2>Caracter\u00edsticas<\/h2>\n<p class=\"text-muted\">\n<p>El COBRA se puede usar en todas las aplicaciones comerciales y residenciales. Este producto es f\u00e1cil de instalar en superficies de asfalto y hormig\u00f3n. La unidad COBRA tambi\u00e9n act\u00faa como un tope de velocidad.<\/p>\n<p>Nota: Los c\u00e1lculos de carga est\u00e1n sujetos a la instalaci\u00f3n correcta, el cimiento de concreto, el l\u00edmite de velocidad de 5 mph y el pasaje perpendicular de las secciones con p\u00faas.<\/p>\n<p>Placa superior de acero de \u00bc \u00bb<\/p>\n<p>Sistema con contrapeso durable y accionado por resortes<\/p>\n<p>Construcci\u00f3n de acero de servicio pesado<\/p>\n<p>Refacciones m\u00f3viles cincadas y confiables<\/p>\n<p>La detenci\u00f3n positiva elimina el desgaste<\/p>\n<p>Diente especialmente dise\u00f1ado<\/p>\n<p>Piezas de acero inoxidable<\/p>\n<p>Dispositivo con pestillo incorporado<\/p>\n<p>Clasificaci\u00f3n de carga: 7,5 Toneladas o 15000 lbs. por carga de eje individual<\/p>\n<p>Garant\u00eda limitada de un a\u00f1o<\/p>\n<p>Bisel de punta recomendado de 7 \u00ab- Juego de 2 (producto n. \u00b0 12300EY)<\/p>\n<p>Condicionada para el sistema de cables del calefactor.<\/p>\n<ul>\n<li class=\"ql-align-justify\">Heavy-Duty de acero de construcci\u00f3n<\/li>\n<li class=\"ql-align-justify\">Contador equilibrada y primavera sistema cargado<\/li>\n<li class=\"ql-align-justify\">Fiables piezas m\u00f3viles Galvanizado<\/li>\n<li class=\"ql-align-justify\">Especialmente dise\u00f1ado con dientes curvos<\/li>\n<li class=\"ql-align-justify\">Disabler anzuelo<\/li>\n<li class=\"ql-align-justify\">Built-in hacia abajo el pestillo de dispositivos<\/li>\n<li class=\"ql-align-justify\">Dise\u00f1ado de arriba hacia abajo para facilitar el mantenimiento<\/li>\n<li class=\"ql-align-justify\">Estilo modular para flexibilidad de dise\u00f1o<\/li>\n<li class=\"ql-align-justify\">Restringe los neum\u00e1ticos Da\u00f1os en tr\u00e1fico incorrecta de la manera<\/li>\n<\/ul>\n<p>&nbsp;<\/p>\n<\/div>\n<\/div>\n<hr class=\"padding-bottom-2x\" \/>\n<div class=\"row align-items-center padding-bottom-2x\">\n<div class=\"col-md-5\"><img decoding=\"async\" class=\"d-block m-auto img-thumbnail\" src=\"https:\/\/tvc.mx\/media\/213839\/Secci%C3%B3n-de-Picos-Poncha-Llantas-Recomendaciones-12300PY-Merik.png\" alt=\" \" \/><\/div>\n<div class=\"col-md-7 text-md-left text-center\">\n<h2>Recomendaciones<\/h2>\n<p class=\"text-muted\">\n<p>Requerimientos de seguridad<\/p>\n<ul>\n<li class=\"ql-align-justify\">M\u00e1ximo 5 mph<\/li>\n<li class=\"ql-align-justify\">Los neum\u00e1ticos deben pasar por la unidad de manera que el neum\u00e1tico sea paralela a los dientes y no en el \u00e1ngulo.<\/li>\n<li class=\"ql-align-justify\">Se\u00f1ales de advertencia requerida.<\/li>\n<li class=\"ql-align-justify\">Localizaci\u00f3n e instalaci\u00f3n de un sistema de pico de tr\u00e1fico incorrectamente o no usar se\u00f1ales de advertencia anula cualquier garantia.<\/li>\n<\/ul>\n<p>Mantenimiento<\/p>\n<p>Es necesario mantener los Controladores del Sistema de Tr\u00e1fico consistentes en inspecciones peri\u00f3dicas ( al menos mensualmente pero con mayor frecuencia si las condiciones del sitio lo requieren) asegurando el movimiento adecuado de los dientes y el eje, y limpiando cualquier residuo que pueda haberse asentado o alojado dentro del controlador.<\/p>\n<p>Los residuos acumulados se deben\u00a0eliminar y se pueden hacer f\u00e1cilmente retirando el conjunto de la placa superior, que da acceso libre a la cavidad interna de la unidad. Si se acumula suciedad, la unidad podr\u00eda funcionar mal, causando da\u00f1os a la unidad, oxidaci\u00f3n o deterioro de los componentes, o el pinchazo de los neum\u00e1ticos del veh\u00edculo que viajan en la direcci\u00f3n correcta. Con la instalaci\u00f3n y el mantenimiento adecuados, los controladores proporcionar\u00e1n muchos a\u00f1os de control de acceso direccional rentable y confiable.<\/p>\n<p>&nbsp;<\/p>\n<p class=\"ql-align-justify\">\u00a0Herramientas necesarias:<\/p>\n<p>1.\u00a0Llave de cubo o llave de 7\/16 \u00abpara el dispositivo de retenci\u00f3n<\/p>\n<p>2. Llave 9\/16\u00bb<\/p>\n<p>3. Sistema de aspiracion o escoba.<\/p>\n<p>4. Bolsa para basura o contenedores.<\/p>\n<p>5. Pistola de engrase.<\/p>\n<p>6. Juego de llaves Allen.<\/p>\n<p class=\"ql-align-justify\">\n<p>Pasos a la limpieza y montaje:<\/p>\n<p>1. Aflojar y remover los pernos de 9\/16&#8243; que sostiene la placa superior.<\/p>\n<p>2. Retire el conjunto y reserve.<\/p>\n<p>3.\u00a0Retire los residuos y acumule seg\u00fan sea necesario para garantizar una cavidad limpia.<\/p>\n<p>4. Compruebe el movimiento del conjunto de los dientes.<\/p>\n<p>5. Inspeccionar, apretar y lubricar los cojinetes si est\u00e1n equipados.<\/p>\n<p>6. Regrese el conjunto de la placa superior y alinie con los agujeros.<\/p>\n<p>7.Vuelva a instalar los pernos y apri\u00e9telos firmemente.<\/p>\n<p>8. Verifique el conjunto de los dientes para garantizar un movimiento correcto.<\/p>\n<p>9. Controle el cierre asegur\u00e1ndose de que el conjunto est\u00e9 apretado.<\/p>\n<\/div>\n<\/div>\n","protected":false},"excerpt":{"rendered":"<p>Informaci\u00f3n General Descripci\u00f3n MERIK 12300PY &#8211; Cobra seccion de picos poncha llantas de montaje en superficie \/ Tramo de 3 pies \/ Color amarillo \/ No incluye biseles laterales La superficie COBRA \u2122 Monte Spikes se puede utilizar en todas las aplicaciones comerciales y residenciales.&hellip;<\/p>\n","protected":false},"featured_media":8333,"comment_status":"open","ping_status":"closed","template":"","meta":{"om_disable_all_campaigns":false,"_monsterinsights_skip_tracking":false,"_monsterinsights_sitenote_active":false,"_monsterinsights_sitenote_note":"","_monsterinsights_sitenote_category":0},"product_brand":[],"product_cat":[779],"product_tag":[81,727,730,66,731,728,729],"class_list":{"0":"post-8334","1":"product","2":"type-product","3":"status-publish","4":"has-post-thumbnail","6":"product_cat-barreras-vehicular-control-acceso-vehicular-merik","7":"product_tag-acceso-y-asistencia","8":"product_tag-cerraduras","9":"product_tag-commax-wulian","10":"product_tag-dahua","11":"product_tag-wejoin","12":"product_tag-yli","13":"product_tag-zkteco","15":"first","16":"instock","17":"sale","18":"taxable","19":"shipping-taxable","20":"purchasable","21":"product-type-simple"},"aioseo_notices":[],"_links":{"self":[{"href":"https:\/\/tecsecmty.com\/index.php\/wp-json\/wp\/v2\/product\/8334","targetHints":{"allow":["GET"]}}],"collection":[{"href":"https:\/\/tecsecmty.com\/index.php\/wp-json\/wp\/v2\/product"}],"about":[{"href":"https:\/\/tecsecmty.com\/index.php\/wp-json\/wp\/v2\/types\/product"}],"replies":[{"embeddable":true,"href":"https:\/\/tecsecmty.com\/index.php\/wp-json\/wp\/v2\/comments?post=8334"}],"version-history":[{"count":0,"href":"https:\/\/tecsecmty.com\/index.php\/wp-json\/wp\/v2\/product\/8334\/revisions"}],"wp:featuredmedia":[{"embeddable":true,"href":"https:\/\/tecsecmty.com\/index.php\/wp-json\/wp\/v2\/media\/8333"}],"wp:attachment":[{"href":"https:\/\/tecsecmty.com\/index.php\/wp-json\/wp\/v2\/media?parent=8334"}],"wp:term":[{"taxonomy":"product_brand","embeddable":true,"href":"https:\/\/tecsecmty.com\/index.php\/wp-json\/wp\/v2\/product_brand?post=8334"},{"taxonomy":"product_cat","embeddable":true,"href":"https:\/\/tecsecmty.com\/index.php\/wp-json\/wp\/v2\/product_cat?post=8334"},{"taxonomy":"product_tag","embeddable":true,"href":"https:\/\/tecsecmty.com\/index.php\/wp-json\/wp\/v2\/product_tag?post=8334"}],"curies":[{"name":"wp","href":"https:\/\/api.w.org\/{rel}","templated":true}]}}