{"id":8336,"date":"2023-02-23T22:21:33","date_gmt":"2023-02-24T04:21:33","guid":{"rendered":"https:\/\/tecsecmty.com\/index.php\/producto\/merik-12300py6p-paquete-de-picos-poncha-llantas-liftmaster-montaje-superficial-2-tramos-de-91cm-cada-uno-color-amarillo-incluye-par-de-biseles-laterales\/"},"modified":"2023-03-22T23:23:42","modified_gmt":"2023-03-23T05:23:42","slug":"merik-12300py6p-paquete-de-picos-poncha-llantas-liftmaster-montaje-superficial-2-tramos-de-91cm-cada-uno-color-amarillo-incluye-par-de-biseles-laterales","status":"publish","type":"product","link":"https:\/\/tecsecmty.com\/index.php\/producto\/merik-12300py6p-paquete-de-picos-poncha-llantas-liftmaster-montaje-superficial-2-tramos-de-91cm-cada-uno-color-amarillo-incluye-par-de-biseles-laterales\/","title":{"rendered":"MERIK 12300PY6P &#8211; Paquete de picos poncha llantas LIFTMASTER \/ Montaje superficial \/ 2 Tramos de 91cm cada uno \/ Color amarillo \/ Incluye par de biseles laterales"},"content":{"rendered":"<div class=\"row aling-items-center padding-bottom-2x\">\n<div class=\"col-lg-12\">\n<h5 class=\"card-title text-center\">Informaci\u00f3n General<\/h5>\n<h1><strong>Descripci\u00f3n<\/strong><\/h1>\n<p><strong>MERIK 12300PY6P &#8211; Paquete de picos poncha llantas LIFTMASTER \/ Montaje superficial \/ 2 Tramos de 91cm cada uno \/ Color amarillo \/ Incluye par de biseles laterales.<\/strong><\/p>\n<p>Los nuevos picos poncha llantas\u00a0\u00abCOBRA \u2122 Monte Spikes\u00bb\u00a0tienen como objetivo el poder<\/p>\n<p>guiar los\u00a0veh\u00edculos en\u00a0un solo sentido y en\u00a0el caso que\u00a0el veh\u00edculo\u00a0avance en sentido<\/p>\n<p>contrario detenga\u00a0el avance del mismo\u00a0ponchando las\u00a0llantas\u00a0con los picos especiales<\/p>\n<p>instalados en el mecanismo,\u00a0tambi\u00e9n act\u00faa como un tope de velocidad.<\/p>\n<p>Este producto es\u00a0f\u00e1cil de instalar en superficies de asfalto y hormig\u00f3n,\u00a0se puede usar en<\/p>\n<p>todas las aplicaciones comerciales y residenciales.<\/p>\n<p><img decoding=\"async\" class=\"overview-center-img-web\" src=\"https:\/\/tvc.mx\/media\/213923\/Paquete-picos-poncha-llantas-mecanicos-descripci%C3%B3n-12300PY6P-Merik.png\" alt=\"\" \/><\/div>\n<\/div>\n<div class=\"row align-items-center padding-bottom-2x\">\n<div class=\"col-md-5 order-md-2\"><img decoding=\"async\" class=\"d-block m-auto img-thumbnail\" src=\"https:\/\/tvc.mx\/media\/213927\/Paquete-picos-poncha-llantas-mecanicos-Caracter%C3%ADsticas-12300PY6P-Merik.png\" alt=\" \" \/><\/div>\n<div class=\"col-md-7 order-md-1 text-md-left text-center\">\n<h2>Caracter\u00edsticas<\/h2>\n<p class=\"text-muted\">\n<ul>\n<li class=\"ql-align-justify\">Placa superior de acero de \u00bc \u00ab<\/li>\n<li class=\"ql-align-justify\">Sistema con contrapeso durable y accionado por resortes<\/li>\n<li class=\"ql-align-justify\">Construcci\u00f3n de acero de servicio pesado<\/li>\n<li class=\"ql-align-justify\">Diente especialmente dise\u00f1ado<\/li>\n<li class=\"ql-align-justify\">Piezas de acero inoxidable<\/li>\n<li class=\"ql-align-justify\">Dispositivo con pestillo incorporado<\/li>\n<li class=\"ql-align-justify\">Clasificaci\u00f3n de carga: 7,5 Toneladas o 15000 lbs. por carga de eje individual<\/li>\n<li class=\"ql-align-justify\">Garant\u00eda limitada de un a\u00f1o<\/li>\n<\/ul>\n<p>&nbsp;<\/p>\n<\/div>\n<\/div>\n<hr class=\"padding-bottom-2x\" \/>\n<div class=\"row align-items-center padding-bottom-2x\">\n<div class=\"col-md-5\"><img decoding=\"async\" class=\"d-block m-auto img-thumbnail\" src=\"https:\/\/tvc.mx\/media\/213931\/Paquete-picos-poncha-llantas-mecanicos-Requerimientos-seguridad-12300PY6P-Merik.png\" alt=\" \" \/><\/div>\n<div class=\"col-md-7 text-md-left text-center\">\n<h2>Requerimientos de Seguridad<\/h2>\n<p class=\"text-muted\">\n<ul>\n<li class=\"ql-align-justify\">M\u00e1ximo 10 Km\/h<\/li>\n<li>Los neum\u00e1ticos deben pasar por la unidad de manera que el neum\u00e1tico sea<\/li>\n<\/ul>\n<p>paralela a los dientes y no en el \u00e1ngulo.<\/p>\n<ul>\n<li>Se\u00f1ales de advertencia requerida.<\/li>\n<li>Localizaci\u00f3n e instalaci\u00f3n de un sistema de pico de tr\u00e1fico incorrectamente<\/li>\n<\/ul>\n<p>o no usar se\u00f1ales de advertencia anula cualquier garantia.<\/p>\n<p>&nbsp;<\/p>\n<\/div>\n<\/div>\n<hr class=\"padding-bottom-2x\" \/>\n<div class=\"row align-items-center padding-bottom-2x\">\n<div class=\"col-md-5 order-md-2\"><img decoding=\"async\" class=\"d-block m-auto img-thumbnail\" src=\"https:\/\/tvc.mx\/media\/213935\/Paquete-picos-poncha-llantas-mecanicos-Contenido-12300PY6P-Merik.png\" alt=\" \" \/><\/div>\n<div class=\"col-md-7 order-md-1 text-md-left text-center\">\n<h2>Contenido<\/h2>\n<p class=\"text-muted\">\n<ul>\n<li>2 Secciones de picos poncha llantas de 91cm cada uno.<\/li>\n<li>2 Biseles laterales.<\/li>\n<\/ul>\n<\/div>\n<\/div>\n","protected":false},"excerpt":{"rendered":"<p>Informaci\u00f3n General Descripci\u00f3n MERIK 12300PY6P &#8211; Paquete de picos poncha llantas LIFTMASTER \/ Montaje superficial \/ 2 Tramos de 91cm cada uno \/ Color amarillo \/ Incluye par de biseles laterales. Los nuevos picos poncha llantas\u00a0\u00abCOBRA \u2122 Monte Spikes\u00bb\u00a0tienen como objetivo el poder guiar los\u00a0veh\u00edculos&hellip;<\/p>\n","protected":false},"featured_media":8335,"comment_status":"open","ping_status":"closed","template":"","meta":{"om_disable_all_campaigns":false,"_monsterinsights_skip_tracking":false,"_monsterinsights_sitenote_active":false,"_monsterinsights_sitenote_note":"","_monsterinsights_sitenote_category":0},"product_brand":[],"product_cat":[779],"product_tag":[81,727,730,66,731,728,729],"class_list":{"0":"post-8336","1":"product","2":"type-product","3":"status-publish","4":"has-post-thumbnail","6":"product_cat-barreras-vehicular-control-acceso-vehicular-merik","7":"product_tag-acceso-y-asistencia","8":"product_tag-cerraduras","9":"product_tag-commax-wulian","10":"product_tag-dahua","11":"product_tag-wejoin","12":"product_tag-yli","13":"product_tag-zkteco","15":"first","16":"instock","17":"sale","18":"taxable","19":"shipping-taxable","20":"purchasable","21":"product-type-simple"},"aioseo_notices":[],"_links":{"self":[{"href":"https:\/\/tecsecmty.com\/index.php\/wp-json\/wp\/v2\/product\/8336","targetHints":{"allow":["GET"]}}],"collection":[{"href":"https:\/\/tecsecmty.com\/index.php\/wp-json\/wp\/v2\/product"}],"about":[{"href":"https:\/\/tecsecmty.com\/index.php\/wp-json\/wp\/v2\/types\/product"}],"replies":[{"embeddable":true,"href":"https:\/\/tecsecmty.com\/index.php\/wp-json\/wp\/v2\/comments?post=8336"}],"version-history":[{"count":0,"href":"https:\/\/tecsecmty.com\/index.php\/wp-json\/wp\/v2\/product\/8336\/revisions"}],"wp:featuredmedia":[{"embeddable":true,"href":"https:\/\/tecsecmty.com\/index.php\/wp-json\/wp\/v2\/media\/8335"}],"wp:attachment":[{"href":"https:\/\/tecsecmty.com\/index.php\/wp-json\/wp\/v2\/media?parent=8336"}],"wp:term":[{"taxonomy":"product_brand","embeddable":true,"href":"https:\/\/tecsecmty.com\/index.php\/wp-json\/wp\/v2\/product_brand?post=8336"},{"taxonomy":"product_cat","embeddable":true,"href":"https:\/\/tecsecmty.com\/index.php\/wp-json\/wp\/v2\/product_cat?post=8336"},{"taxonomy":"product_tag","embeddable":true,"href":"https:\/\/tecsecmty.com\/index.php\/wp-json\/wp\/v2\/product_tag?post=8336"}],"curies":[{"name":"wp","href":"https:\/\/api.w.org\/{rel}","templated":true}]}}