{"id":8338,"date":"2023-02-23T22:21:35","date_gmt":"2023-02-24T04:21:35","guid":{"rendered":"https:\/\/tecsecmty.com\/index.php\/producto\/merik-16100e-bisel-para-reductores-de-velocidad-liftmaster-100-caucho-reciclado\/"},"modified":"2023-03-22T23:23:42","modified_gmt":"2023-03-23T05:23:42","slug":"merik-16100e-bisel-para-reductores-de-velocidad-liftmaster-100-caucho-reciclado","status":"publish","type":"product","link":"https:\/\/tecsecmty.com\/index.php\/producto\/merik-16100e-bisel-para-reductores-de-velocidad-liftmaster-100-caucho-reciclado\/","title":{"rendered":"MERIK 16100E &#8211; Bisel para reductores de velocidad LIFTMASTER \/ 100% Caucho RECICLADO"},"content":{"rendered":"<h5 class=\"card-title text-center\">Informaci\u00f3n General<\/h5>\n<h1><strong>Descripci\u00f3n<\/strong><\/h1>\n<p><strong>MERIK 16100E &#8211; Bisel lateral para reductores de velocidad LIFTMASTER \/ 100% Caucho RECICLADO<\/strong><\/p>\n<h3 class=\"ql-align-justify\">BISEL LATERAL PARA REDUCTOR DE VELOCIDAD<\/h3>\n<p class=\"ql-align-justify\"><strong>CARACTER\u00cdTICAS<\/strong><\/p>\n<ul>\n<li class=\"ql-align-justify\">Compuesto moldeado por compresi\u00f3n de hule reciclado 100%<\/li>\n<li class=\"ql-align-justify\">Preparados para su instalaci\u00f3n en cualquier superficie.<\/li>\n<li class=\"ql-align-justify\">Los biseles son perfectas para cerrar y proteger la parte final del reductor de velocidad.<\/li>\n<li class=\"ql-align-justify\">Pueden moverse de manera sencilla para su almacenamiento o recolocaci\u00f3n.<\/li>\n<\/ul>\n<p><img decoding=\"async\" class=\"overview-center-img-web\" src=\"https:\/\/tvc.mx\/media\/213811\/Bisel-para-Reductores-de-Velocidad-Descripci%C3%B3n-16100E-Merik.png\" alt=\"\" \/><\/p>\n","protected":false},"excerpt":{"rendered":"<p>Informaci\u00f3n General Descripci\u00f3n MERIK 16100E &#8211; Bisel lateral para reductores de velocidad LIFTMASTER \/ 100% Caucho RECICLADO BISEL LATERAL PARA REDUCTOR DE VELOCIDAD CARACTER\u00cdTICAS Compuesto moldeado por compresi\u00f3n de hule reciclado 100% Preparados para su instalaci\u00f3n en cualquier superficie. Los biseles son perfectas para cerrar&hellip;<\/p>\n","protected":false},"featured_media":8337,"comment_status":"open","ping_status":"closed","template":"","meta":{"om_disable_all_campaigns":false,"_monsterinsights_skip_tracking":false,"_monsterinsights_sitenote_active":false,"_monsterinsights_sitenote_note":"","_monsterinsights_sitenote_category":0},"product_brand":[],"product_cat":[779],"product_tag":[81,727,730,66,731,728,729],"class_list":{"0":"post-8338","1":"product","2":"type-product","3":"status-publish","4":"has-post-thumbnail","6":"product_cat-barreras-vehicular-control-acceso-vehicular-merik","7":"product_tag-acceso-y-asistencia","8":"product_tag-cerraduras","9":"product_tag-commax-wulian","10":"product_tag-dahua","11":"product_tag-wejoin","12":"product_tag-yli","13":"product_tag-zkteco","15":"first","16":"instock","17":"sale","18":"taxable","19":"shipping-taxable","20":"purchasable","21":"product-type-simple"},"aioseo_notices":[],"_links":{"self":[{"href":"https:\/\/tecsecmty.com\/index.php\/wp-json\/wp\/v2\/product\/8338","targetHints":{"allow":["GET"]}}],"collection":[{"href":"https:\/\/tecsecmty.com\/index.php\/wp-json\/wp\/v2\/product"}],"about":[{"href":"https:\/\/tecsecmty.com\/index.php\/wp-json\/wp\/v2\/types\/product"}],"replies":[{"embeddable":true,"href":"https:\/\/tecsecmty.com\/index.php\/wp-json\/wp\/v2\/comments?post=8338"}],"version-history":[{"count":0,"href":"https:\/\/tecsecmty.com\/index.php\/wp-json\/wp\/v2\/product\/8338\/revisions"}],"wp:featuredmedia":[{"embeddable":true,"href":"https:\/\/tecsecmty.com\/index.php\/wp-json\/wp\/v2\/media\/8337"}],"wp:attachment":[{"href":"https:\/\/tecsecmty.com\/index.php\/wp-json\/wp\/v2\/media?parent=8338"}],"wp:term":[{"taxonomy":"product_brand","embeddable":true,"href":"https:\/\/tecsecmty.com\/index.php\/wp-json\/wp\/v2\/product_brand?post=8338"},{"taxonomy":"product_cat","embeddable":true,"href":"https:\/\/tecsecmty.com\/index.php\/wp-json\/wp\/v2\/product_cat?post=8338"},{"taxonomy":"product_tag","embeddable":true,"href":"https:\/\/tecsecmty.com\/index.php\/wp-json\/wp\/v2\/product_tag?post=8338"}],"curies":[{"name":"wp","href":"https:\/\/api.w.org\/{rel}","templated":true}]}}