{"id":8342,"date":"2023-02-23T22:21:38","date_gmt":"2023-02-24T04:21:38","guid":{"rendered":"https:\/\/tecsecmty.com\/index.php\/producto\/saxxon-eh30l-barrera-manual-para-control-de-acceso-vehicular-3-metros-brazo-de-aluminio-reflejantes-color-rojo-sobre-pedido\/"},"modified":"2023-03-22T23:23:53","modified_gmt":"2023-03-23T05:23:53","slug":"saxxon-eh30l-barrera-manual-para-control-de-acceso-vehicular-3-metros-brazo-de-aluminio-reflejantes-color-rojo-sobre-pedido","status":"publish","type":"product","link":"https:\/\/tecsecmty.com\/index.php\/producto\/saxxon-eh30l-barrera-manual-para-control-de-acceso-vehicular-3-metros-brazo-de-aluminio-reflejantes-color-rojo-sobre-pedido\/","title":{"rendered":"SAXXON EH30L &#8211; Barrera manual para control de acceso vehicular \/ 3 Metros \/ Brazo de aluminio \/ REFLEJANTES \/ Color Rojo \/ Sobre Pedido"},"content":{"rendered":"<div class=\"row aling-items-center padding-bottom-2x\">\n<div class=\"col-lg-12\">\n<h5 class=\"card-title text-center\">Informaci\u00f3n General<\/h5>\n<h1><strong>Descripci\u00f3n<\/strong><\/h1>\n<p><strong>EH30L &#8211; Barrera manual para control de acceso vehicular \/ 3 Metros \/ Brazo de aluminio \/ REFLEJANTES \/ Color amarillo<\/strong><\/p>\n<p>La barrera vehicular es caracterizada por su ligero modo de operaci\u00f3n manual, estabilidad y atractivo dise\u00f1o.<\/p>\n<p>Utilizada principalmente como dispositivo de control accesos vehiculares de entrada y salida de autom\u00f3viles o camiones en estacionamientos, f\u00e1bricas, parques, etc..<\/p>\n<p class=\"ql-align-justify\">Las barreras manuales se utilizan en todo tipo de aplicaciones son de bajo costo, donde se requiere control de trafico de veh\u00edculos no precisa de alimentaci\u00f3n el\u00e9ctrica y la apertura y cierre se realiza en forma manual.<\/p>\n<p class=\"ql-align-justify\">Las Barreras de acceso saxxon son simples, econ\u00f3micas y sencillas de instalar y desinstalar en caso de que sea necesario su reubicaci\u00f3n.<\/p>\n<p class=\"ql-align-justify\">Esta unidad es de bajo mantenimiento, su dise\u00f1o mec\u00e1nico simple y efectivo, proporciona a nuestras barras de acceso manuales caracter\u00edsticas inigualables. En cuanto larga duraci\u00f3n del equipo y un mantenimiento casi inexistente.<\/p>\n<p><img decoding=\"async\" class=\"overview-center-img-web\" src=\"https:\/\/tvc.mx\/media\/351847\/Barrera-Manual-saxxon-EH30L.png\" alt=\"\" \/><\/div>\n<\/div>\n<div class=\"row align-items-center padding-bottom-2x\">\n<div class=\"col-md-5 order-md-2\"><img decoding=\"async\" class=\"d-block m-auto img-thumbnail\" src=\"https:\/\/tvc.mx\/media\/68511\/caracterr%C3%ADstica.jpg\" alt=\" \" \/><\/div>\n<div class=\"col-md-7 order-md-1 text-md-left text-center\">\n<h2>Caracter\u00edsticas<\/h2>\n<p class=\"text-muted\">\n<ul>\n<li>Dispositivo de operaci\u00f3n manual vertical con longitud de brazo de 3 metros.<\/li>\n<li>Contrapeso est\u00e9ticamente proporcional con la barrera que mantiene un balance perfecto y facilidad de movimiento al operador.<\/li>\n<li>Preparadas para brazos de 2.5 hasta una longitud m\u00e1xima de 8 metros.<\/li>\n<li>Su eficiente sistema de baleros sellados de precisi\u00f3n le ofrece una operaci\u00f3n suave y silenciosa.<\/li>\n<\/ul>\n<p>&nbsp;<\/p>\n<p>&nbsp;<\/p>\n<\/div>\n<\/div>\n<hr class=\"padding-bottom-2x\" \/>\n<div class=\"row align-items-center padding-bottom-2x\">\n<div class=\"col-md-5\"><img decoding=\"async\" class=\"d-block m-auto img-thumbnail\" src=\"https:\/\/tvc.mx\/media\/68514\/Especificaciones.jpg\" alt=\" \" \/><\/div>\n<div class=\"col-md-7 text-md-left text-center\">\n<h2>Especificaciones<\/h2>\n<p class=\"text-muted\">\n<ul>\n<li>Brazo de aluminio de 3\u201d de di\u00e1metro con franjas reflejantes<\/li>\n<li>Poste soporte en canal de acero cal 14<\/li>\n<li>Placa base de 30x30cm de \u00bc\u201d<\/li>\n<li>Contrapeso de fierro para un balance perfecto<\/li>\n<li>Pintura electrost\u00e1tica color naranja<\/li>\n<li>Ligera y de f\u00e1cil manipulaci\u00f3n en sus movimientos<\/li>\n<li>Apertura de 90\u00b0<\/li>\n<li>Peso 25k<\/li>\n<\/ul>\n<\/div>\n<\/div>\n","protected":false},"excerpt":{"rendered":"<p>Informaci\u00f3n General Descripci\u00f3n EH30L &#8211; Barrera manual para control de acceso vehicular \/ 3 Metros \/ Brazo de aluminio \/ REFLEJANTES \/ Color amarillo La barrera vehicular es caracterizada por su ligero modo de operaci\u00f3n manual, estabilidad y atractivo dise\u00f1o. Utilizada principalmente como dispositivo de&hellip;<\/p>\n","protected":false},"featured_media":8341,"comment_status":"open","ping_status":"closed","template":"","meta":{"om_disable_all_campaigns":false,"_monsterinsights_skip_tracking":false,"_monsterinsights_sitenote_active":false,"_monsterinsights_sitenote_note":"","_monsterinsights_sitenote_category":0},"product_brand":[],"product_cat":[781],"product_tag":[81,727,730,66,731,728,729],"class_list":{"0":"post-8342","1":"product","2":"type-product","3":"status-publish","4":"has-post-thumbnail","6":"product_cat-barreras-vehicular-control-acceso-vehicular-saxxon-acceso-asistencia","7":"product_tag-acceso-y-asistencia","8":"product_tag-cerraduras","9":"product_tag-commax-wulian","10":"product_tag-dahua","11":"product_tag-wejoin","12":"product_tag-yli","13":"product_tag-zkteco","15":"first","16":"instock","17":"sale","18":"taxable","19":"shipping-taxable","20":"purchasable","21":"product-type-simple"},"aioseo_notices":[],"_links":{"self":[{"href":"https:\/\/tecsecmty.com\/index.php\/wp-json\/wp\/v2\/product\/8342","targetHints":{"allow":["GET"]}}],"collection":[{"href":"https:\/\/tecsecmty.com\/index.php\/wp-json\/wp\/v2\/product"}],"about":[{"href":"https:\/\/tecsecmty.com\/index.php\/wp-json\/wp\/v2\/types\/product"}],"replies":[{"embeddable":true,"href":"https:\/\/tecsecmty.com\/index.php\/wp-json\/wp\/v2\/comments?post=8342"}],"version-history":[{"count":0,"href":"https:\/\/tecsecmty.com\/index.php\/wp-json\/wp\/v2\/product\/8342\/revisions"}],"wp:featuredmedia":[{"embeddable":true,"href":"https:\/\/tecsecmty.com\/index.php\/wp-json\/wp\/v2\/media\/8341"}],"wp:attachment":[{"href":"https:\/\/tecsecmty.com\/index.php\/wp-json\/wp\/v2\/media?parent=8342"}],"wp:term":[{"taxonomy":"product_brand","embeddable":true,"href":"https:\/\/tecsecmty.com\/index.php\/wp-json\/wp\/v2\/product_brand?post=8342"},{"taxonomy":"product_cat","embeddable":true,"href":"https:\/\/tecsecmty.com\/index.php\/wp-json\/wp\/v2\/product_cat?post=8342"},{"taxonomy":"product_tag","embeddable":true,"href":"https:\/\/tecsecmty.com\/index.php\/wp-json\/wp\/v2\/product_tag?post=8342"}],"curies":[{"name":"wp","href":"https:\/\/api.w.org\/{rel}","templated":true}]}}