{"id":8344,"date":"2023-02-23T22:21:40","date_gmt":"2023-02-24T04:21:40","guid":{"rendered":"https:\/\/tecsecmty.com\/index.php\/producto\/saxxon-eh50l-barrera-manual-para-control-de-acceso-vehicular-5-metros-brazo-de-aluminio-reflejantes-color-rojo-sobre-pedido\/"},"modified":"2023-03-22T23:23:53","modified_gmt":"2023-03-23T05:23:53","slug":"saxxon-eh50l-barrera-manual-para-control-de-acceso-vehicular-5-metros-brazo-de-aluminio-reflejantes-color-rojo-sobre-pedido","status":"publish","type":"product","link":"https:\/\/tecsecmty.com\/index.php\/producto\/saxxon-eh50l-barrera-manual-para-control-de-acceso-vehicular-5-metros-brazo-de-aluminio-reflejantes-color-rojo-sobre-pedido\/","title":{"rendered":"SAXXON EH50L &#8211; Barrera manual para control de acceso vehicular \/ 5 Metros \/ Brazo de aluminio \/ REFLEJANTES \/ Color Rojo \/ Sobre Pedido"},"content":{"rendered":"<h5 class=\"card-title text-center\">Informaci\u00f3n General<\/h5>\n<h3><strong>Descripci\u00f3n<\/strong><\/h3>\n<p>La barrera vehicular es caracterizada por su ligero modo de operaci\u00f3n manual, estabilidad y atractivo dise\u00f1o.<\/p>\n<p>Utilizada principalmente como dispositivo de control accesos vehiculares de entrada y salida de autom\u00f3viles o camiones en estacionamientos, f\u00e1bricas, parques, etc..<\/p>\n<h3><strong>Caracter\u00edsticas<\/strong><\/h3>\n<ul>\n<li>Dispositivo de operaci\u00f3n manual vertical con longitud de brazo de 5 metros.<\/li>\n<li>Contrapeso est\u00e9ticamente proporcional con la barrera que mantiene un balance perfecto y facilidad de movimiento al operador.<\/li>\n<li>Preparadas para brazos de 2.5 hasta una longitud m\u00e1xima de 8 metros.<\/li>\n<li>Su eficiente sistema de baleros sellados de precisi\u00f3n le ofrece una operaci\u00f3n suave y silenciosa.<\/li>\n<\/ul>\n<p><strong><u>Tiempo de Entrega 2 semanas.<\/u><\/strong><\/p>\n<h3><strong>Especificaciones<\/strong><\/h3>\n<ul>\n<li>Brazo de aluminio de 3\u201d de di\u00e1metro con franjas reflejantes<\/li>\n<li>Poste soporte en canal de acero cal 14<\/li>\n<li>Placa base de 30x30cm de \u00bc\u201d<\/li>\n<li>Contrapeso de fierro para un balance perfecto<\/li>\n<li>Pintura electrost\u00e1tica color naranja<\/li>\n<li>Ligera y de f\u00e1cil manipulaci\u00f3n en sus movimientos<\/li>\n<li>Apertura de 90\u00b0<\/li>\n<li>Peso 25k<\/li>\n<\/ul>\n<p><img decoding=\"async\" class=\"overview-center-img-web\" src=\"https:\/\/tvc.mx\/media\/221767\/Saxxon---TVC-EH50L.png\" alt=\"\" \/><\/p>\n","protected":false},"excerpt":{"rendered":"<p>Informaci\u00f3n General Descripci\u00f3n La barrera vehicular es caracterizada por su ligero modo de operaci\u00f3n manual, estabilidad y atractivo dise\u00f1o. Utilizada principalmente como dispositivo de control accesos vehiculares de entrada y salida de autom\u00f3viles o camiones en estacionamientos, f\u00e1bricas, parques, etc.. Caracter\u00edsticas Dispositivo de operaci\u00f3n manual&hellip;<\/p>\n","protected":false},"featured_media":8343,"comment_status":"open","ping_status":"closed","template":"","meta":{"om_disable_all_campaigns":false,"_monsterinsights_skip_tracking":false,"_monsterinsights_sitenote_active":false,"_monsterinsights_sitenote_note":"","_monsterinsights_sitenote_category":0},"product_brand":[],"product_cat":[781],"product_tag":[81,727,730,66,731,728,729],"class_list":{"0":"post-8344","1":"product","2":"type-product","3":"status-publish","4":"has-post-thumbnail","6":"product_cat-barreras-vehicular-control-acceso-vehicular-saxxon-acceso-asistencia","7":"product_tag-acceso-y-asistencia","8":"product_tag-cerraduras","9":"product_tag-commax-wulian","10":"product_tag-dahua","11":"product_tag-wejoin","12":"product_tag-yli","13":"product_tag-zkteco","15":"first","16":"instock","17":"sale","18":"taxable","19":"shipping-taxable","20":"purchasable","21":"product-type-simple"},"aioseo_notices":[],"_links":{"self":[{"href":"https:\/\/tecsecmty.com\/index.php\/wp-json\/wp\/v2\/product\/8344","targetHints":{"allow":["GET"]}}],"collection":[{"href":"https:\/\/tecsecmty.com\/index.php\/wp-json\/wp\/v2\/product"}],"about":[{"href":"https:\/\/tecsecmty.com\/index.php\/wp-json\/wp\/v2\/types\/product"}],"replies":[{"embeddable":true,"href":"https:\/\/tecsecmty.com\/index.php\/wp-json\/wp\/v2\/comments?post=8344"}],"version-history":[{"count":0,"href":"https:\/\/tecsecmty.com\/index.php\/wp-json\/wp\/v2\/product\/8344\/revisions"}],"wp:featuredmedia":[{"embeddable":true,"href":"https:\/\/tecsecmty.com\/index.php\/wp-json\/wp\/v2\/media\/8343"}],"wp:attachment":[{"href":"https:\/\/tecsecmty.com\/index.php\/wp-json\/wp\/v2\/media?parent=8344"}],"wp:term":[{"taxonomy":"product_brand","embeddable":true,"href":"https:\/\/tecsecmty.com\/index.php\/wp-json\/wp\/v2\/product_brand?post=8344"},{"taxonomy":"product_cat","embeddable":true,"href":"https:\/\/tecsecmty.com\/index.php\/wp-json\/wp\/v2\/product_cat?post=8344"},{"taxonomy":"product_tag","embeddable":true,"href":"https:\/\/tecsecmty.com\/index.php\/wp-json\/wp\/v2\/product_tag?post=8344"}],"curies":[{"name":"wp","href":"https:\/\/api.w.org\/{rel}","templated":true}]}}