{"id":8348,"date":"2023-02-23T22:21:43","date_gmt":"2023-02-24T04:21:43","guid":{"rendered":"https:\/\/tecsecmty.com\/index.php\/producto\/wejoin-wjcb01svhl13-barrera-vehicular-de-uso-rudo-servo-motor-brazo-octagonal-de-3-metros-velocidad-1-segundos-servo-motor-izquierda-o-derecha-brazo-oscilante-sistema-anti-impacto\/"},"modified":"2023-03-22T23:24:51","modified_gmt":"2023-03-23T05:24:51","slug":"wejoin-wjcb01svhl13-barrera-vehicular-de-uso-rudo-servo-motor-brazo-octagonal-de-3-metros-velocidad-1-segundos-servo-motor-izquierda-o-derecha-brazo-oscilante-sistema-anti-impacto","status":"publish","type":"product","link":"https:\/\/tecsecmty.com\/index.php\/producto\/wejoin-wjcb01svhl13-barrera-vehicular-de-uso-rudo-servo-motor-brazo-octagonal-de-3-metros-velocidad-1-segundos-servo-motor-izquierda-o-derecha-brazo-oscilante-sistema-anti-impacto\/","title":{"rendered":"WEJOIN WJCB01SVHL13- Barrera Vehicular de uso rudo \/ Servo Motor \/ Brazo Octagonal de 3 metros \/ Velocidad 1 segundos \/ Servo Motor \/ Izquierda o Derecha \/ Brazo Oscilante \/ Sistema Anti-Impacto"},"content":{"rendered":"<div class=\"row aling-items-center padding-bottom-2x\">\n<div class=\"col-lg-12\">\n<h5 class=\"card-title text-center\">Informaci\u00f3n General<\/h5>\n<p>Barrera autom\u00e1tica de uso rudo, las barreras Wejoin se caracterizan por su velocidad y alto desempe\u00f1o. WEJOIN WJCB01SVHL13 cuenta con un Servo Motor DC,\u00a0no hay interruptor de l\u00edmite, no se realiza ajuste de mecanismo, velocidad ajustable, reducci\u00f3n de velocidad autom\u00e1tica. De esta manera hace que la barrera opere de manera constante. La carcasa de la barrera es de acero galvanizado y revestido con una capa de pintura, esto permite el uso en diferentes ambientes.<\/p>\n<p>&nbsp;<\/p>\n<p>Wejoin Modelo cuenta con un motor de primera generaci\u00f3n para ofrecer una vida \u00fatil de 6 millones ciclos.<\/p>\n<p>&nbsp;<\/p>\n<p>El brazo est\u00e1 hecho de aleaci\u00f3n de aluminio de alta resistencia. Incorpora una pel\u00edcula reflectante que tiene la funci\u00f3n de advertencia. El brazo de la barrera puede incorporar una goma de caucho que sirve de protecci\u00f3n para la barrera y los veh\u00edculos. WJCB01SVHL13 incorpora un soporte oscilante el brazo se separa del soporte cuando colisiona con una persona o veh\u00edculo. Esto protege y prolonga la vida \u00fatil de la barrera.<\/p>\n<p><img decoding=\"async\" class=\"overview-center-img-web\" src=\"https:\/\/tvc.mx\/media\/370271\/Barrera-Vehicular-3mts-1s-Izquierda-Derecha-Sistema-Abatible-Descripci%C3%B3n-Banner-WJCB01SVHL13-WEJOIN.png\" alt=\"\" \/><\/div>\n<\/div>\n<div class=\"row align-items-center padding-bottom-2x\">\n<div class=\"col-md-5 order-md-2\"><img decoding=\"async\" class=\"d-block m-auto img-thumbnail\" src=\"https:\/\/tvc.mx\/media\/242815\/Barrera-Vehicular-3mts-1s-Izquierda-Derecha-Sistema-Abatible-Caracter%C3%ADsticas-WJCB01SVHL13-WEJOIN.png\" alt=\" \" \/><\/div>\n<div class=\"col-md-7 order-md-1 text-md-left text-center\">\n<h2>Caracter\u00edsticas<\/h2>\n<p class=\"text-muted\">\n<ul>\n<li>Motor s\u00edncrono de im\u00e1n permanente DC (PMSM), servocontrol.<\/li>\n<li>Bajo consumo de energ\u00eda, alta eficiencia y bajo nivel de ruido.<\/li>\n<li>Dise\u00f1o de soporte de brazo bidireccional: la instalaci\u00f3n a la izquierda y la instalaci\u00f3n a la derecha se pueden intercambiar f\u00e1cil y r\u00e1pidamente.<\/li>\n<li>Sin dise\u00f1o de interruptor de l\u00edmite: el motor puede detectar la posici\u00f3n de la pluma autom\u00e1ticamente.<\/li>\n<li>Dise\u00f1o de embrague manual: cuando est\u00e9 apagado, gire un poco el volante y luego mueva la pluma con la mano.<\/li>\n<li>Funci\u00f3n de auto reversa por obstrucci\u00f3n de bloqueo.<\/li>\n<li>Interfaz para fotocelda de infrarrojos (Necesita instalar detectores de fotocelda).<\/li>\n<li>Interfaz para detector de loop, para evitar golpear el veh\u00edculo y controlar el cierre del brazo autom\u00e1ticamente despu\u00e9s del paso del veh\u00edculo.<\/li>\n<li>Funci\u00f3n de conteo incorporada: Puede registrar el n\u00famero de veh\u00edculos que pasar\u00e1n por el loop con el brazo arriba, tras superarse este n\u00famero, el brazo baja despu\u00e9s del paso del veh\u00edculo y mejora la eficiencia del tr\u00e1fico.<\/li>\n<li>Funci\u00f3n de retardo de cierre autom\u00e1tico: Coordinada con la funci\u00f3n de conteo; si el tiempo de detecci\u00f3n del veh\u00edculo es superior al tiempo almacenado, el brazo bajar\u00e1 autom\u00e1ticamente por cuenta regresiva, pero habr\u00e1 un nuevo conteo regresivo si hay una se\u00f1al de detecci\u00f3n Loop o de subida.<\/li>\n<li>Velocidad de apertura \/ cierre es ajustable de 1 a 2 segundos<\/li>\n<li>Juego de controles para abrir, detener y cerrar.<\/li>\n<li>Panel de control tipo men\u00fa<\/li>\n<\/ul>\n<p>&nbsp;<\/p>\n<\/div>\n<\/div>\n<hr class=\"padding-bottom-2x\" \/>\n<div class=\"row align-items-center padding-bottom-2x\">\n<div class=\"col-md-5\"><img decoding=\"async\" class=\"d-block m-auto img-thumbnail\" src=\"https:\/\/tvc.mx\/media\/242819\/Barrera-Vehicular-3mts-1s-Izquierda-Derecha-Sistema-Abatible-Especificaciones-WJCB01SVHL13-WEJOIN.png\" alt=\" \" \/><\/div>\n<div class=\"col-md-7 text-md-left text-center\">\n<h2>Especificaciones<\/h2>\n<p class=\"text-muted\">\n<ul>\n<li>Voltaje de entrada: AC110V \u00b1 10%<\/li>\n<li>Frecuencia: 60 Hz<\/li>\n<li>Voltaje del motor: DC310V<\/li>\n<li>Grado de protecci\u00f3n: IP54<\/li>\n<li>Temperatura de trabajo: -35 \u00b0 C ~ + 85 \u00b0 C<\/li>\n<li>Vida \u00datil: 6000000 ciclos<\/li>\n<li>Aplicaci\u00f3n de flujo de tr\u00e1fico: 24 horas de funcionamiento ininterrumpido<\/li>\n<li>Potencia m\u00e1xima del motor: 150W<\/li>\n<li>Velocidad m\u00e1xima del motor: 36r \/ min<\/li>\n<li>Max Torque: 240N.m<\/li>\n<li><strong>Garant\u00eda 2 a\u00f1os<\/strong><\/li>\n<\/ul>\n<p>&nbsp;<\/p>\n<\/div>\n<\/div>\n<hr class=\"padding-bottom-2x\" \/>\n<div class=\"row align-items-center padding-bottom-2x\">\n<div class=\"col-md-5 order-md-2\"><img decoding=\"async\" class=\"d-block m-auto img-thumbnail\" src=\"https:\/\/tvc.mx\/media\/370275\/Barrera-Vehicular-3mts-1s-Izquierda-Derecha-Sistema-Abatible-Contenido-WJCB01SVHL13-WEJOIN.png\" alt=\" \" \/><\/div>\n<div class=\"col-md-7 order-md-1 text-md-left text-center\">\n<h2>Contenido<\/h2>\n<p class=\"text-muted\">\n<ul>\n<li>2 Controles Remotos<\/li>\n<li>2 Barras de anclaje<\/li>\n<li>4 Tornillos expansores<\/li>\n<li>1 Manual de usuario<\/li>\n<li>1 Resorte de repuesto<\/li>\n<li>2 Llaves<\/li>\n<\/ul>\n<\/div>\n<\/div>\n","protected":false},"excerpt":{"rendered":"<p>Informaci\u00f3n General Barrera autom\u00e1tica de uso rudo, las barreras Wejoin se caracterizan por su velocidad y alto desempe\u00f1o. WEJOIN WJCB01SVHL13 cuenta con un Servo Motor DC,\u00a0no hay interruptor de l\u00edmite, no se realiza ajuste de mecanismo, velocidad ajustable, reducci\u00f3n de velocidad autom\u00e1tica. De esta manera&hellip;<\/p>\n","protected":false},"featured_media":8347,"comment_status":"open","ping_status":"closed","template":"","meta":{"om_disable_all_campaigns":false,"_monsterinsights_skip_tracking":false,"_monsterinsights_sitenote_active":false,"_monsterinsights_sitenote_note":"","_monsterinsights_sitenote_category":0},"product_brand":[],"product_cat":[777],"product_tag":[81,727,730,66,731,728,729],"class_list":{"0":"post-8348","1":"product","2":"type-product","3":"status-publish","4":"has-post-thumbnail","6":"product_cat-barreras-vehicular","7":"product_tag-acceso-y-asistencia","8":"product_tag-cerraduras","9":"product_tag-commax-wulian","10":"product_tag-dahua","11":"product_tag-wejoin","12":"product_tag-yli","13":"product_tag-zkteco","15":"first","16":"instock","17":"sale","18":"taxable","19":"shipping-taxable","20":"purchasable","21":"product-type-simple"},"aioseo_notices":[],"_links":{"self":[{"href":"https:\/\/tecsecmty.com\/index.php\/wp-json\/wp\/v2\/product\/8348","targetHints":{"allow":["GET"]}}],"collection":[{"href":"https:\/\/tecsecmty.com\/index.php\/wp-json\/wp\/v2\/product"}],"about":[{"href":"https:\/\/tecsecmty.com\/index.php\/wp-json\/wp\/v2\/types\/product"}],"replies":[{"embeddable":true,"href":"https:\/\/tecsecmty.com\/index.php\/wp-json\/wp\/v2\/comments?post=8348"}],"version-history":[{"count":0,"href":"https:\/\/tecsecmty.com\/index.php\/wp-json\/wp\/v2\/product\/8348\/revisions"}],"wp:featuredmedia":[{"embeddable":true,"href":"https:\/\/tecsecmty.com\/index.php\/wp-json\/wp\/v2\/media\/8347"}],"wp:attachment":[{"href":"https:\/\/tecsecmty.com\/index.php\/wp-json\/wp\/v2\/media?parent=8348"}],"wp:term":[{"taxonomy":"product_brand","embeddable":true,"href":"https:\/\/tecsecmty.com\/index.php\/wp-json\/wp\/v2\/product_brand?post=8348"},{"taxonomy":"product_cat","embeddable":true,"href":"https:\/\/tecsecmty.com\/index.php\/wp-json\/wp\/v2\/product_cat?post=8348"},{"taxonomy":"product_tag","embeddable":true,"href":"https:\/\/tecsecmty.com\/index.php\/wp-json\/wp\/v2\/product_tag?post=8348"}],"curies":[{"name":"wp","href":"https:\/\/api.w.org\/{rel}","templated":true}]}}