{"id":8376,"date":"2023-02-23T22:22:10","date_gmt":"2023-02-24T04:22:10","guid":{"rendered":"https:\/\/tecsecmty.com\/index.php\/producto\/wejoin-wjscb201l063-barrera-vehicular-aurora-izquierda-de-uso-intensivo-servo-motor-24vdc-velocidad-0-6-segundos-brazo-cilindrico-de-fibra-de-carbono-cubierto-de-esponja-3-metros-brazo-o\/"},"modified":"2023-03-22T23:24:54","modified_gmt":"2023-03-23T05:24:54","slug":"wejoin-wjscb201l063-barrera-vehicular-aurora-izquierda-de-uso-intensivo-servo-motor-24vdc-velocidad-0-6-segundos-brazo-cilindrico-de-fibra-de-carbono-cubierto-de-esponja-3-metros-brazo-o","status":"publish","type":"product","link":"https:\/\/tecsecmty.com\/index.php\/producto\/wejoin-wjscb201l063-barrera-vehicular-aurora-izquierda-de-uso-intensivo-servo-motor-24vdc-velocidad-0-6-segundos-brazo-cilindrico-de-fibra-de-carbono-cubierto-de-esponja-3-metros-brazo-o\/","title":{"rendered":"WEJOIN WJSCB201L063 &#8211; Barrera Vehicular Aurora Izquierda de uso Intensivo \/ Servo Motor \/ 24VDC \/ Velocidad 0.6 segundos \/ Brazo cil\u00edndrico de Fibra de Carbono cubierto de esponja \/ 3 metros \/ Brazo Oscilante"},"content":{"rendered":"<div class=\"row aling-items-center padding-bottom-2x\">\n<div class=\"col-lg-12\">\n<h5 class=\"card-title text-center\">Informaci\u00f3n General<\/h5>\n<h4><strong>Descripci\u00f3n<\/strong><\/h4>\n<p><strong>Barrera Vehicular de acceso a estacionamiento autom\u00e1tica sin dise\u00f1o de resorte.<\/strong><\/p>\n<p>Est\u00e1ndar equipado con funci\u00f3n de rebote de obstrucci\u00f3n, cuando el brazo est\u00e1 obstruido en el proceso de ca\u00edda rebotar\u00e1 autom\u00e1ticamente. Ser capaz de detenerse en cualquier posici\u00f3n en el espacio tridimensional, ya no es un problema de altura limitado. Doble protecci\u00f3n, la falla de un motor no afectar\u00e1 al segundo motor y la puerta de barrera a\u00fan puede operar en otro espacio. Sin dise\u00f1o de resorte, ya no se preocupe por configurar resortes y resortes rotos. Sem\u00e1foros en la tapa superior para indicar mejor el paso de veh\u00edculos. La direcci\u00f3n de giro se puede cambiar f\u00e1cilmente en dos pasos. El gabinete tiene un dise\u00f1o hueco redondo, con l\u00edneas suaves y un proceso de movimiento intuitivo<\/p>\n<p><img decoding=\"async\" class=\"overview-center-img-web\" src=\"https:\/\/tvc.mx\/media\/537599\/barrera_aurora-%282%29.png\" alt=\"\" \/><\/div>\n<\/div>\n<div class=\"row align-items-center padding-bottom-2x\">\n<div class=\"col-md-5 order-md-2\"><img decoding=\"async\" class=\"d-block m-auto img-thumbnail\" src=\"https:\/\/tvc.mx\/media\/533795\/Barrera-Vehicular-Izquierda-Uso-Rudo-Servo-Motor-Brazo-Oscilante-Esponja-3mts-Caracter%C3%ADsticas-Aurora-WJSCB0201L063-Wejoin.png\" alt=\" \" \/><\/div>\n<div class=\"col-md-7 order-md-1 text-md-left text-center\">\n<h2>Caracter\u00edsticas<\/h2>\n<p class=\"text-muted\">\n<ol>\n<li><strong>Motor:<\/strong>\u00a0motores de doble potencia, utilizan una combinaci\u00f3n de engranajes planetarios de dos etapas y transmisi\u00f3n de engranajes de dos etapas respectivamente, giran hacia arriba y hacia abajo y horizontalmente, y se superponen para formar una pista de carrera de superficie tridimensional.<\/li>\n<li><strong>Sistema de control<\/strong>: sistema de control de frecuencia variable de CC, control preciso, funcionamiento m\u00e1s flexible, menos impacto mec\u00e1nico y mayor vida \u00fatil.<\/li>\n<li><strong>Auto-reversa en Obstrucci\u00f3n:<\/strong>\u00a0Sensible, receptivo, seguro y confiable.<\/li>\n<li><strong>Panel de control:<\/strong>\u00a0pantalla LCD grande, men\u00fa visual en ingl\u00e9s, mantenimiento simple y f\u00e1cil operaci\u00f3n.<\/li>\n<li><strong>Per\u00edodo de garant\u00eda:<\/strong>\u00a02 a\u00f1os para motor y tablero de control.<\/li>\n<li>Compatible con radar externo, bobina, funci\u00f3n infrarroja anti golpes, salida de alimentaci\u00f3n de 12 V CC integrada, se puede utilizar para fuente de alimentaci\u00f3n de radar externo.<\/li>\n<\/ol>\n<p>&nbsp;<\/p>\n<\/div>\n<\/div>\n<hr class=\"padding-bottom-2x\" \/>\n<div class=\"row align-items-center padding-bottom-2x\">\n<div class=\"col-md-5\"><img decoding=\"async\" class=\"d-block m-auto img-thumbnail\" src=\"https:\/\/tvc.mx\/media\/533799\/Barrera-Vehicular-Izquierda-Uso-Rudo-Servo-Motor-Brazo-Oscilante-Esponja-3mts-Especificaciones-Aurora-WJSCB0201L063-Wejoin.png\" alt=\" \" \/><\/div>\n<div class=\"col-md-7 text-md-left text-center\">\n<h2>Especificaciones<\/h2>\n<p class=\"text-muted\">\n<ul>\n<li><strong>Temperatura de trabajo<\/strong>: -30 \u2103 ~ 70<\/li>\n<li><strong>Voltaje de entrada de la fuente de alimentaci\u00f3n conmutada:<\/strong>\u00a0AC110\/220V\u00b110<\/li>\n<li><strong>Voltaje de entrada del controlador:<\/strong>\u00a0DC24V \u00b1 10% 10<\/li>\n<li><strong>Potencia del motor:<\/strong>\u00a0potencia\u00a0arriba y abajo\u00a0240W\u00a0, potencia horizontal\u00a060<\/li>\n<li><strong>Humedad relativa:<\/strong>\u00a030% a 80% (sin condensaci\u00f3n<\/li>\n<li><strong>Distancia de control remoto:<\/strong>\u00a0\u226530 metros<\/li>\n<li><strong>Velocidad:<\/strong>\u00a00,6\u00a0segundos<\/li>\n<li><strong>Vida \u00fatil:<\/strong>\u00a08\u00a0millones de ciclos<\/li>\n<\/ul>\n<\/div>\n<\/div>\n","protected":false},"excerpt":{"rendered":"<p>Informaci\u00f3n General Descripci\u00f3n Barrera Vehicular de acceso a estacionamiento autom\u00e1tica sin dise\u00f1o de resorte. Est\u00e1ndar equipado con funci\u00f3n de rebote de obstrucci\u00f3n, cuando el brazo est\u00e1 obstruido en el proceso de ca\u00edda rebotar\u00e1 autom\u00e1ticamente. Ser capaz de detenerse en cualquier posici\u00f3n en el espacio tridimensional,&hellip;<\/p>\n","protected":false},"featured_media":8375,"comment_status":"open","ping_status":"closed","template":"","meta":{"om_disable_all_campaigns":false,"_monsterinsights_skip_tracking":false,"_monsterinsights_sitenote_active":false,"_monsterinsights_sitenote_note":"","_monsterinsights_sitenote_category":0},"product_brand":[],"product_cat":[777],"product_tag":[81,727,730,66,731,728,729],"class_list":{"0":"post-8376","1":"product","2":"type-product","3":"status-publish","4":"has-post-thumbnail","6":"product_cat-barreras-vehicular","7":"product_tag-acceso-y-asistencia","8":"product_tag-cerraduras","9":"product_tag-commax-wulian","10":"product_tag-dahua","11":"product_tag-wejoin","12":"product_tag-yli","13":"product_tag-zkteco","15":"first","16":"instock","17":"sale","18":"taxable","19":"shipping-taxable","20":"purchasable","21":"product-type-simple"},"aioseo_notices":[],"_links":{"self":[{"href":"https:\/\/tecsecmty.com\/index.php\/wp-json\/wp\/v2\/product\/8376","targetHints":{"allow":["GET"]}}],"collection":[{"href":"https:\/\/tecsecmty.com\/index.php\/wp-json\/wp\/v2\/product"}],"about":[{"href":"https:\/\/tecsecmty.com\/index.php\/wp-json\/wp\/v2\/types\/product"}],"replies":[{"embeddable":true,"href":"https:\/\/tecsecmty.com\/index.php\/wp-json\/wp\/v2\/comments?post=8376"}],"version-history":[{"count":0,"href":"https:\/\/tecsecmty.com\/index.php\/wp-json\/wp\/v2\/product\/8376\/revisions"}],"wp:featuredmedia":[{"embeddable":true,"href":"https:\/\/tecsecmty.com\/index.php\/wp-json\/wp\/v2\/media\/8375"}],"wp:attachment":[{"href":"https:\/\/tecsecmty.com\/index.php\/wp-json\/wp\/v2\/media?parent=8376"}],"wp:term":[{"taxonomy":"product_brand","embeddable":true,"href":"https:\/\/tecsecmty.com\/index.php\/wp-json\/wp\/v2\/product_brand?post=8376"},{"taxonomy":"product_cat","embeddable":true,"href":"https:\/\/tecsecmty.com\/index.php\/wp-json\/wp\/v2\/product_cat?post=8376"},{"taxonomy":"product_tag","embeddable":true,"href":"https:\/\/tecsecmty.com\/index.php\/wp-json\/wp\/v2\/product_tag?post=8376"}],"curies":[{"name":"wp","href":"https:\/\/api.w.org\/{rel}","templated":true}]}}