{"id":8382,"date":"2023-02-23T22:22:18","date_gmt":"2023-02-24T04:22:18","guid":{"rendered":"https:\/\/tecsecmty.com\/index.php\/producto\/zkteco-bctrlbox-panel-de-control-para-bolardos-zkteco-resistencia-de-bolardos-de-hasta-500-zkteco-con-logo-zkteco-fuente-de-energia-tipo-americano\/"},"modified":"2023-03-22T23:25:11","modified_gmt":"2023-03-23T05:25:11","slug":"zkteco-bctrlbox-panel-de-control-para-bolardos-zkteco-resistencia-de-bolardos-de-hasta-500-zkteco-con-logo-zkteco-fuente-de-energia-tipo-americano","status":"publish","type":"product","link":"https:\/\/tecsecmty.com\/index.php\/producto\/zkteco-bctrlbox-panel-de-control-para-bolardos-zkteco-resistencia-de-bolardos-de-hasta-500-zkteco-con-logo-zkteco-fuente-de-energia-tipo-americano\/","title":{"rendered":"ZKTECO BCTRLBOX &#8211; PANEL DE CONTROL PARA BOLARDOS ZKTECO\/ RESISTENCIA DE BOLARDOS DE HASTA 500 ZKTECO\/ CON LOGO ZKTeco\/ FUENTE DE ENERGIA TIPO AMERICANO"},"content":{"rendered":"<h5 class=\"card-title text-center\">Informaci\u00f3n General<\/h5>\n<h1><strong>Descripci\u00f3n<\/strong><\/h1>\n<p>ZKTECO BCTRLBOX es un panel de control para bolardos, resistencia de bolardos de hasta 500 zkteco.<\/p>\n<p>La tarjeta l\u00f3gica tiene guardada la informaci\u00f3n del funcionamiento del bolardo\u00a0y trabaja de manera electr\u00f3nica, para poder realizar\u00a0los movimientos en los equipos, dependiendo de la orden que nosotros indicamos.<\/p>\n<p><img decoding=\"async\" class=\"overview-center-img-web\" src=\"https:\/\/tvc.mx\/media\/48798\/vanner-ZKTECO-BCTRLBOX.jpg\" alt=\"\" \/><\/p>\n","protected":false},"excerpt":{"rendered":"<p>Informaci\u00f3n General Descripci\u00f3n ZKTECO BCTRLBOX es un panel de control para bolardos, resistencia de bolardos de hasta 500 zkteco. La tarjeta l\u00f3gica tiene guardada la informaci\u00f3n del funcionamiento del bolardo\u00a0y trabaja de manera electr\u00f3nica, para poder realizar\u00a0los movimientos en los equipos, dependiendo de la orden&hellip;<\/p>\n","protected":false},"featured_media":8381,"comment_status":"open","ping_status":"closed","template":"","meta":{"om_disable_all_campaigns":false,"_monsterinsights_skip_tracking":false,"_monsterinsights_sitenote_active":false,"_monsterinsights_sitenote_note":"","_monsterinsights_sitenote_category":0},"product_brand":[],"product_cat":[783],"product_tag":[81,727,730,66,731,728,729],"class_list":{"0":"post-8382","1":"product","2":"type-product","3":"status-publish","4":"has-post-thumbnail","6":"product_cat-barreras-vehicular-control-acceso-vehicular-zkteco-acceso-asistencia","7":"product_tag-acceso-y-asistencia","8":"product_tag-cerraduras","9":"product_tag-commax-wulian","10":"product_tag-dahua","11":"product_tag-wejoin","12":"product_tag-yli","13":"product_tag-zkteco","15":"first","16":"instock","17":"sale","18":"taxable","19":"shipping-taxable","20":"purchasable","21":"product-type-simple"},"aioseo_notices":[],"_links":{"self":[{"href":"https:\/\/tecsecmty.com\/index.php\/wp-json\/wp\/v2\/product\/8382","targetHints":{"allow":["GET"]}}],"collection":[{"href":"https:\/\/tecsecmty.com\/index.php\/wp-json\/wp\/v2\/product"}],"about":[{"href":"https:\/\/tecsecmty.com\/index.php\/wp-json\/wp\/v2\/types\/product"}],"replies":[{"embeddable":true,"href":"https:\/\/tecsecmty.com\/index.php\/wp-json\/wp\/v2\/comments?post=8382"}],"version-history":[{"count":0,"href":"https:\/\/tecsecmty.com\/index.php\/wp-json\/wp\/v2\/product\/8382\/revisions"}],"wp:featuredmedia":[{"embeddable":true,"href":"https:\/\/tecsecmty.com\/index.php\/wp-json\/wp\/v2\/media\/8381"}],"wp:attachment":[{"href":"https:\/\/tecsecmty.com\/index.php\/wp-json\/wp\/v2\/media?parent=8382"}],"wp:term":[{"taxonomy":"product_brand","embeddable":true,"href":"https:\/\/tecsecmty.com\/index.php\/wp-json\/wp\/v2\/product_brand?post=8382"},{"taxonomy":"product_cat","embeddable":true,"href":"https:\/\/tecsecmty.com\/index.php\/wp-json\/wp\/v2\/product_cat?post=8382"},{"taxonomy":"product_tag","embeddable":true,"href":"https:\/\/tecsecmty.com\/index.php\/wp-json\/wp\/v2\/product_tag?post=8382"}],"curies":[{"name":"wp","href":"https:\/\/api.w.org\/{rel}","templated":true}]}}