{"id":8384,"date":"2023-02-23T22:22:20","date_gmt":"2023-02-24T04:22:20","guid":{"rendered":"https:\/\/tecsecmty.com\/index.php\/producto\/zkteco-cmp200-barrera-vehicular-de-doble-direccion-izq-o-der-brazo-telescopico-de-2-6-hasta-4-5-metros-3-seg-gabinete-con-luz-led-indicador-de-estado-sistema-inteligente-anti-impacto-incluy\/"},"modified":"2023-03-22T23:25:15","modified_gmt":"2023-03-23T05:25:15","slug":"zkteco-cmp200-barrera-vehicular-de-doble-direccion-izq-o-der-brazo-telescopico-de-2-6-hasta-4-5-metros-3-seg-gabinete-con-luz-led-indicador-de-estado-sistema-inteligente-anti-impacto-incluy","status":"publish","type":"product","link":"https:\/\/tecsecmty.com\/index.php\/producto\/zkteco-cmp200-barrera-vehicular-de-doble-direccion-izq-o-der-brazo-telescopico-de-2-6-hasta-4-5-metros-3-seg-gabinete-con-luz-led-indicador-de-estado-sistema-inteligente-anti-impacto-incluy\/","title":{"rendered":"ZKTECO CMP200 &#8211; Barrera Vehicular de doble direcci\u00f3n Izq o Der\/ Brazo Telesc\u00f3pico de 2.6 hasta 4.5 metros \/ 3 Seg. \/ Gabinete con Luz Led Indicador de estado \/ Sistema Inteligente anti-impacto\/ Incluye 2 controles remotos"},"content":{"rendered":"<div class=\"row aling-items-center padding-bottom-2x\">\n<div class=\"col-lg-12\">\n<h5 class=\"card-title text-center\">Informaci\u00f3n General<\/h5>\n<h2><strong>Descripci\u00f3n<\/strong><\/h2>\n<p><strong>Barrera Vehicular autom\u00e1tica de alta precisi\u00f3n izquierda o derecha \/ brazo telesc\u00f3pico \/ 4.5 mts \/ 3 segundos.<\/strong><\/p>\n<p class=\"ql-align-justify\">La barrera vehicular autom\u00e1tica\u00a0CMP200\u00a0es un producto propio desarrollado por ZKTeco, complemento ideal para control de acceso en estacionamientos p\u00fablicos o privados. ZKTeco ha implementado un dise\u00f1o elegante con un robusto motor para brindar un servicio confiable de alta disponibilidad al precio m\u00e1s competitivo del mercado.<\/p>\n<p class=\"ql-align-justify\">Con la finalidad de facilitar el transporte e instalaci\u00f3n, la barrera se puede equipar con un brazo de aluminio de tipo telesc\u00f3pico que permite ajustar su longitud f\u00e1cilmente, de este modo se pueden reducir costes de env\u00edo y tiempos durante la instalaci\u00f3n.<\/p>\n<h4><\/h4>\n<p><img decoding=\"async\" class=\"overview-center-img-web\" src=\"https:\/\/tvc.mx\/media\/96089\/vanner-ZKTECO-CMP200.jpg\" alt=\"\" \/><\/div>\n<\/div>\n<div class=\"row align-items-center padding-bottom-2x\">\n<div class=\"col-md-5 order-md-2\"><img decoding=\"async\" class=\"d-block m-auto img-thumbnail\" src=\"https:\/\/tvc.mx\/media\/96117\/caracter%C3%ADsticas-cmp200-tvc.jpg\" alt=\" \" \/><\/div>\n<div class=\"col-md-7 order-md-1 text-md-left text-center\">\n<h2>Caracter\u00edsticas<\/h2>\n<p class=\"text-muted\">\n<ul data-checked=\"false\">\n<li class=\"ql-align-justify\"><strong>Elegancia y funcionalidad.<\/strong>\u00a0El gabinete incluye una elegante iluminaci\u00f3n que hace la funci\u00f3n de sem\u00e1foro para indicar el estado de apertura de la barrera<\/li>\n<li class=\"ql-align-justify\"><strong>Precisi\u00f3n en el dise\u00f1o.<\/strong>\u00a0El motor y mecanismo son fabricados en serie utilizando moldes de alta precisi\u00f3n para asegurar que cada equipo tenga la m\u00e1s alta calidad<\/li>\n<li class=\"ql-align-justify\"><strong>Electr\u00f3nica Inteligente<\/strong>. Sabemos que los accidentes pasan, por eso, hemos preparado una electr\u00f3nica inteligente capaz de desactivar el motor en caso de que este impacte con algo para evitar da\u00f1os mayores al motor.<\/li>\n<li class=\"ql-align-justify\"><strong>F\u00e1cil de instalar.<\/strong>\u00a0Desde el env\u00edo hasta los ajustes finales, el nuevo dise\u00f1o de ZKTeco se centra en resolver problemas de trasporte gracias a su brazo telesc\u00f3pico que permite ajustar manualmente su longitud sin necesidad de cortes. Por otro lado, durante la instalaci\u00f3n, ajuste manualmente su longitud para adaptar f\u00e1cilmente al lugar de instalaci\u00f3n<\/li>\n<li class=\"ql-align-justify\"><strong>Versatilidad y Flexibilidad.<\/strong>\u00a0\u00bfA\u00fan no decide donde instalar la barrera?, si a\u00fan no sabe si instalar la barrera del lado del conductor, o del lado del copiloto, no se preocupe. El motor de la barrera CMP200 ha sido dise\u00f1ado para cambiar la direcci\u00f3n del giro f\u00e1cilmente durante la instalaci\u00f3n.<\/li>\n<\/ul>\n<p>&nbsp;<\/p>\n<\/div>\n<\/div>\n<hr class=\"padding-bottom-2x\" \/>\n<div class=\"row aling-items-center padding-bottom-2x\">\n<div class=\"col-lg-12\">\n<h5 class=\"card-title text-center\">Principales Caracter\u00edsticas<\/h5>\n<ul data-checked=\"false\">\n<li>Iluminaci\u00f3n inteligente que indica el estado de apertura de la barrera.<\/li>\n<li>Precisi\u00f3n en el dise\u00f1o, cada componente es fabricado con la m\u00e1s alta calidad<\/li>\n<li>Capacidad de desactivar el motor en caso de que este impacte con algo para evitar da\u00f1os.<\/li>\n<li>Brazo telesc\u00f3pico que permite ajustar manualmente su longitud sin necesidad de cortes.<\/li>\n<li>Capacidad de modificar la direcci\u00f3n de giro f\u00e1cilmente durante la instalaci\u00f3n.<\/li>\n<\/ul>\n<p><img decoding=\"async\" class=\"overview-center-img-web\" src=\"https:\/\/tvc.mx\/media\/378443\/Barrera-Vehicular-Brazo-Telesc%C3%B3pico-4.5mts-Longitud-Brazo-Caracter%C3%ADsticas-Principales-CMP200-ZKTECO.png\" alt=\"\" \/><\/div>\n<\/div>\n<div class=\"row aling-items-center padding-bottom-2x\">\n<div class=\"col-lg-12\">\n<h5 class=\"card-title text-center\">Especificaciones<\/h5>\n<p>Tipo de Brazo&#8230;&#8230;&#8230;&#8230;&#8230;&#8230;&#8230;&#8230;&#8230;&#8230;&#8230;&#8230;&#8230;&#8230;&#8230;&#8230;&#8230;&#8230;&#8230;&#8230;..Brazo telesc\u00f3pico recto<\/p>\n<p>Largo de Brazo&#8230;&#8230;&#8230;&#8230;&#8230;&#8230;&#8230;&#8230;&#8230;&#8230;&#8230;&#8230;&#8230;&#8230;&#8230;&#8230;&#8230;&#8230;&#8230;&#8230;\u22644.5m<\/p>\n<p>Tiempo de Apertura \/ Cierre&#8230;&#8230;&#8230;&#8230;&#8230;&#8230;&#8230;&#8230;&#8230;&#8230;&#8230;&#8230;&#8230;.3s<\/p>\n<p>Fuente de Alimentaci\u00f3n&#8230;&#8230;&#8230;&#8230;&#8230;&#8230;&#8230;&#8230;&#8230;&#8230;&#8230;&#8230;&#8230;&#8230;&#8230;..AC110V\/60Hz<\/p>\n<p>Consumo de Energ\u00eda&#8230;&#8230;&#8230;&#8230;&#8230;&#8230;&#8230;&#8230;&#8230;&#8230;&#8230;&#8230;&#8230;&#8230;&#8230;&#8230;..100W<\/p>\n<p>Distancia de Control Remoto&#8230;&#8230;&#8230;&#8230;&#8230;&#8230;&#8230;&#8230;&#8230;&#8230;&#8230;&#8230;..\u226430m<\/p>\n<p>Material del Brazo&#8230;&#8230;&#8230;&#8230;&#8230;&#8230;&#8230;&#8230;&#8230;&#8230;&#8230;&#8230;&#8230;&#8230;&#8230;&#8230;&#8230;&#8230;.Aleaci\u00f3n de aluminio<\/p>\n<p>Temperatura de Operaci\u00f3n&#8230;&#8230;&#8230;&#8230;&#8230;&#8230;&#8230;&#8230;&#8230;&#8230;&#8230;&#8230;&#8230;.-25\u00b0C ~ +75\u00b0C<\/p>\n<p>Humedad de Operaci\u00f3n&#8230;&#8230;&#8230;&#8230;&#8230;&#8230;&#8230;&#8230;&#8230;&#8230;&#8230;&#8230;&#8230;&#8230;&#8230;.\u226490%<\/p>\n<p>Dimensiones&#8230;&#8230;&#8230;&#8230;&#8230;&#8230;&#8230;&#8230;&#8230;&#8230;&#8230;&#8230;&#8230;&#8230;&#8230;&#8230;&#8230;&#8230;&#8230;&#8230;&#8230;350 (D)*280(W)*1010 (H) mm<\/p>\n<p>Dimensiones Empaque&#8230;&#8230;&#8230;&#8230;&#8230;&#8230;&#8230;&#8230;&#8230;&#8230;&#8230;&#8230;&#8230;&#8230;&#8230;..430 (D)*375(W)*1100 (H) mm<\/p>\n<p>Peso Neto&#8230;&#8230;&#8230;&#8230;&#8230;&#8230;&#8230;&#8230;&#8230;&#8230;&#8230;&#8230;&#8230;&#8230;&#8230;&#8230;&#8230;&#8230;&#8230;&#8230;&#8230;&#8230;.45KG<\/p>\n<p>Peso Bruto&#8230;&#8230;&#8230;&#8230;&#8230;&#8230;&#8230;&#8230;&#8230;&#8230;&#8230;&#8230;&#8230;&#8230;&#8230;&#8230;&#8230;&#8230;&#8230;&#8230;&#8230;&#8230;47KG<\/p>\n<p>Funciones B\u00e1sicas<\/p>\n<ul data-checked=\"false\">\n<li>El \u00e1ngulo de apertura de la barrera es de 90\u00b0 +- 2\u00b0<\/li>\n<li>L\u00edmites de apertura y cierre electr\u00f3nicos, con salida de revelador incluida.<\/li>\n<li>Entradas para accesorios de seguridad como detector vehicular, sensor infrarrojo para detecci\u00f3n de obst\u00e1culos. Adem\u00e1s, la barrera incluye detector de obst\u00e1culos por impacto.<\/li>\n<li>Protecci\u00f3n del motor. La barrera incluye temporizadores que regulan el tiempo de funcionamiento del motor; \u00fatil en situaciones extraordinarias donde los sensores de l\u00edmite de apertura\/cierre no funcionen o est\u00e9n desconectados.<\/li>\n<li>La barrera incluye entradas para conexi\u00f3n de interfaces de control, tales como botones de salida, paneles de control de acceso, receptores inal\u00e1mbricos o cualquier interruptor de contacto seco. Adem\u00e1s, incluye en la caja 2 controles remotos con alcance de hasta 30 metros en l\u00ednea de vista.<\/li>\n<li>No tiene funci\u00f3n de auto-cierre, requiere Radar VR10, Sensor de Masa o Fotocelda.<\/li>\n<\/ul>\n<p><img decoding=\"async\" class=\"overview-center-img-web\" src=\"https:\/\/tvc.mx\/media\/96165\/Especificaciones-CMP200-tvc.jpg\" alt=\"\" \/><\/div>\n<\/div>\n<div class=\"row aling-items-center padding-bottom-2x\">\n<div class=\"col-lg-12\">\n<h5 class=\"card-title text-center\">Longitud de Brazo<\/h5>\n<p>Brazo ajustable con una longitud m\u00ednima de 2.60 mts y longitud m\u00e1xima de 4.50 mts.<\/p>\n<p><img decoding=\"async\" class=\"overview-center-img-web\" src=\"https:\/\/tvc.mx\/media\/355659\/Barrera-Vehicular-Brazo-Telesc%C3%B3pico-4.5mts-Longitud-Brazo-CMP200-ZKTECO.png\" alt=\"\" \/><\/div>\n<\/div>\n<div class=\"row align-items-center padding-bottom-2x\">\n<div class=\"col-md-5 order-md-2\"><img decoding=\"async\" class=\"d-block m-auto img-thumbnail\" src=\"https:\/\/tvc.mx\/media\/651117\/Barrera-Vehicular-Brazo-Telesc%C3%B3pico-4.5mts-Longitud-Brazo-Contenido-CMP200-ZKTECO.png\" alt=\" \" \/><\/div>\n<div class=\"col-md-7 order-md-1 text-md-left text-center\">\n<h2>Contenido<\/h2>\n<p class=\"text-muted\">\n<ul>\n<li>2 Controles Remotos<\/li>\n<li>4 Tornillos expansores<\/li>\n<li>1 Manual de usuario<\/li>\n<li>2 Llaves<\/li>\n<li>Brazo Telesc\u00f3pico<\/li>\n<li>Barrera<\/li>\n<\/ul>\n<\/div>\n<\/div>\n","protected":false},"excerpt":{"rendered":"<p>Informaci\u00f3n General Descripci\u00f3n Barrera Vehicular autom\u00e1tica de alta precisi\u00f3n izquierda o derecha \/ brazo telesc\u00f3pico \/ 4.5 mts \/ 3 segundos. La barrera vehicular autom\u00e1tica\u00a0CMP200\u00a0es un producto propio desarrollado por ZKTeco, complemento ideal para control de acceso en estacionamientos p\u00fablicos o privados. ZKTeco ha implementado&hellip;<\/p>\n","protected":false},"featured_media":8383,"comment_status":"open","ping_status":"closed","template":"","meta":{"om_disable_all_campaigns":false,"_monsterinsights_skip_tracking":false,"_monsterinsights_sitenote_active":false,"_monsterinsights_sitenote_note":"","_monsterinsights_sitenote_category":0},"product_brand":[],"product_cat":[783],"product_tag":[81,727,730,66,731,728,729],"class_list":{"0":"post-8384","1":"product","2":"type-product","3":"status-publish","4":"has-post-thumbnail","6":"product_cat-barreras-vehicular-control-acceso-vehicular-zkteco-acceso-asistencia","7":"product_tag-acceso-y-asistencia","8":"product_tag-cerraduras","9":"product_tag-commax-wulian","10":"product_tag-dahua","11":"product_tag-wejoin","12":"product_tag-yli","13":"product_tag-zkteco","15":"first","16":"instock","17":"sale","18":"taxable","19":"shipping-taxable","20":"purchasable","21":"product-type-simple"},"aioseo_notices":[],"_links":{"self":[{"href":"https:\/\/tecsecmty.com\/index.php\/wp-json\/wp\/v2\/product\/8384","targetHints":{"allow":["GET"]}}],"collection":[{"href":"https:\/\/tecsecmty.com\/index.php\/wp-json\/wp\/v2\/product"}],"about":[{"href":"https:\/\/tecsecmty.com\/index.php\/wp-json\/wp\/v2\/types\/product"}],"replies":[{"embeddable":true,"href":"https:\/\/tecsecmty.com\/index.php\/wp-json\/wp\/v2\/comments?post=8384"}],"version-history":[{"count":0,"href":"https:\/\/tecsecmty.com\/index.php\/wp-json\/wp\/v2\/product\/8384\/revisions"}],"wp:featuredmedia":[{"embeddable":true,"href":"https:\/\/tecsecmty.com\/index.php\/wp-json\/wp\/v2\/media\/8383"}],"wp:attachment":[{"href":"https:\/\/tecsecmty.com\/index.php\/wp-json\/wp\/v2\/media?parent=8384"}],"wp:term":[{"taxonomy":"product_brand","embeddable":true,"href":"https:\/\/tecsecmty.com\/index.php\/wp-json\/wp\/v2\/product_brand?post=8384"},{"taxonomy":"product_cat","embeddable":true,"href":"https:\/\/tecsecmty.com\/index.php\/wp-json\/wp\/v2\/product_cat?post=8384"},{"taxonomy":"product_tag","embeddable":true,"href":"https:\/\/tecsecmty.com\/index.php\/wp-json\/wp\/v2\/product_tag?post=8384"}],"curies":[{"name":"wp","href":"https:\/\/api.w.org\/{rel}","templated":true}]}}