{"id":8386,"date":"2023-02-23T22:22:22","date_gmt":"2023-02-24T04:22:22","guid":{"rendered":"https:\/\/tecsecmty.com\/index.php\/producto\/zkteco-pb4060l-barrera-vehicular-izquierda-brazo-telescopico-hasta-6-metros-6-segundos\/"},"modified":"2023-03-22T23:25:29","modified_gmt":"2023-03-23T05:25:29","slug":"zkteco-pb4060l-barrera-vehicular-izquierda-brazo-telescopico-hasta-6-metros-6-segundos","status":"publish","type":"product","link":"https:\/\/tecsecmty.com\/index.php\/producto\/zkteco-pb4060l-barrera-vehicular-izquierda-brazo-telescopico-hasta-6-metros-6-segundos\/","title":{"rendered":"ZKTECO PB4060L &#8211; Barrera Vehicular Izquierda \/ Brazo Telesc\u00f3pico hasta 6 metros \/ 6 Segundos"},"content":{"rendered":"<div class=\"row aling-items-center padding-bottom-2x\">\n<div class=\"col-lg-12\">\n<h5 class=\"card-title text-center\">Informaci\u00f3n General<\/h5>\n<h2><strong>Descripci\u00f3n<\/strong><\/h2>\n<p class=\"ql-align-justify\"><strong>Barrera vehicular izquierda \/ brazo de 6 metros \/ 6 segundos<\/strong><\/p>\n<p class=\"ql-align-justify\">La barrera autom\u00e1tica PB4060L es ideal para gesti\u00f3n de estacionamientos y controles de seguridad vehicular.<\/p>\n<p class=\"ql-align-justify\">Con la serie PB4000, ZKTeco ha enfocado su atenci\u00f3n no solamente en proporcionar un equipo funcional, sino que tambi\u00e9n, es una l\u00ednea de productos totalmente accesibles para peque\u00f1os y medianos estacionamientos que requieren de un control eficiente de las entradas y salidas de veh\u00edculos al sitio.<\/p>\n<p class=\"ql-align-justify\">Esta barrera es totalmente compatible con sistemas de control de acceso que proporcionen control mediante salidas de relevador, por lo que f\u00e1cilmente se puede integrar con sistemas preexistentes, tales como paneles, lectoras, c\u00e1maras de reconocimiento de placas, etc.<\/p>\n<p><img decoding=\"async\" class=\"overview-center-img-web\" src=\"https:\/\/tvc.mx\/media\/526591\/Barrera-Vehicular-Izquierda-Brazo-Telesc%C3%B3pico-6mts-Descripci%C3%B3n-PB4060L-ZKTECO.png\" alt=\"\" \/><\/div>\n<\/div>\n<div class=\"row align-items-center padding-bottom-2x\">\n<div class=\"col-md-5 order-md-2\"><img decoding=\"async\" class=\"d-block m-auto img-thumbnail\" src=\"https:\/\/tvc.mx\/media\/526607\/Barrera-Vehicular-Izquierda-Brazo-Telesc%C3%B3pico-6mts-Caracter%C3%ADsticas-PB4060L-ZKTECO.png\" alt=\" \" \/><\/div>\n<div class=\"col-md-7 order-md-1 text-md-left text-center\">\n<h2>Caracter\u00edsticas<\/h2>\n<p class=\"text-muted\">\n<ul data-checked=\"false\">\n<li class=\"ql-align-justify\">Gabinete recubierto con pintura en polvo horneada de alta calidad para prevenir problemas de oxidaci\u00f3n.<\/li>\n<li class=\"ql-align-justify\">Cuenta con una estructura simple y compacta que encaja perfectamente con la est\u00e9tica de casi cualquier sitio.<\/li>\n<li class=\"ql-align-justify\">Instalaci\u00f3n simplificada gracias al dise\u00f1o de su mecanismo y electr\u00f3nica que requieren un m\u00ednimo de conocimiento para la instalaci\u00f3n.<\/li>\n<\/ul>\n<p>&nbsp;<\/p>\n<\/div>\n<\/div>\n<hr class=\"padding-bottom-2x\" \/>\n<div class=\"row align-items-center padding-bottom-2x\">\n<div class=\"col-md-5\"><img decoding=\"async\" class=\"d-block m-auto img-thumbnail\" src=\"https:\/\/tvc.mx\/media\/526611\/Barrera-Vehicular-Izquierda-Brazo-Telesc%C3%B3pico-6mts-Beneficios-PB4060L-ZKTECO.png\" alt=\" \" \/><\/div>\n<div class=\"col-md-7 text-md-left text-center\">\n<h2>Beneficios<\/h2>\n<p class=\"text-muted\">\n<p><strong>R\u00e1pida Apertura<\/strong><\/p>\n<p>Tiempo de apertura y cierre disponible en\u00a0<strong>6\u00a0<\/strong>segundos.<\/p>\n<p><strong>Instalaci\u00f3n \/ Mantenimiento<\/strong><\/p>\n<p>Instalaci\u00f3n y mantenimiento sencillo gracias a su mecanismo y electr\u00f3nica simplificada<\/p>\n<p><strong>Durabilidad<\/strong><\/p>\n<p>Hasta 2 millones de ciclos, ideal para uso exteriores<\/p>\n<p>&nbsp;<\/p>\n<\/div>\n<\/div>\n<hr class=\"padding-bottom-2x\" \/>\n<div class=\"row align-items-center padding-bottom-2x\">\n<div class=\"col-md-5 order-md-2\"><img decoding=\"async\" class=\"d-block m-auto img-thumbnail\" src=\"https:\/\/tvc.mx\/media\/526647\/Barrera-Vehicular-Izquierda-Brazo-Telesc%C3%B3pico-6mts-Especificaciones-PB4060L-ZKTECO.png\" alt=\" \" \/><\/div>\n<div class=\"col-md-7 order-md-1 text-md-left text-center\">\n<h2>Especificaciones<\/h2>\n<p class=\"text-muted\">\n<ul>\n<li style=\"text-align: left\"><strong>Modelo<\/strong>&#8230;&#8230;&#8230;&#8230;&#8230;&#8230;&#8230;&#8230;&#8230;&#8230;&#8230;&#8230;&#8230;&#8230;&#8230;&#8230;&#8230;&#8230;&#8230;&#8230;&#8230;&#8230;&#8230;.. PB4060L<\/li>\n<li style=\"text-align: left\"><strong>Ancho de Carril.<\/strong>&#8230;&#8230;&#8230;&#8230;&#8230;&#8230;&#8230;&#8230;&#8230;&#8230;&#8230;&#8230;&#8230;&#8230;&#8230;&#8230;&#8230;&#8230;&#8230;.6m<\/li>\n<li style=\"text-align: left\"><strong>Tiempo de Apertura y Cierre<\/strong>&#8230;&#8230;&#8230;&#8230;&#8230;&#8230;&#8230;&#8230;&#8230;&#8230;&#8230;&#8230;&#8230;6s<\/li>\n<li style=\"text-align: left\"><strong>Alimentaci\u00f3n<\/strong>&#8230;&#8230;&#8230;&#8230;&#8230;&#8230;&#8230;&#8230;&#8230;&#8230;&#8230;&#8230;&#8230;&#8230;&#8230;&#8230;&#8230;&#8230;&#8230;&#8230;&#8230;110VAC<\/li>\n<li style=\"text-align: left\"><strong>Consumo de corriente<\/strong>&#8230;&#8230;&#8230;&#8230;&#8230;&#8230;&#8230;&#8230;&#8230;&#8230;&#8230;&#8230;&#8230;&#8230;&#8230;..120W<\/li>\n<li style=\"text-align: left\"><strong>Frecuencia de Trabajo<\/strong>&#8230;&#8230;&#8230;&#8230;&#8230;&#8230;&#8230;&#8230;&#8230;&#8230;&#8230;&#8230;&#8230;&#8230;&#8230;&#8230;50-60Hz<\/li>\n<li style=\"text-align: left\"><strong>Material del Gabinete<\/strong>&#8230;&#8230;&#8230;&#8230;&#8230;&#8230;&#8230;&#8230;&#8230;&#8230;&#8230;&#8230;&#8230;&#8230;&#8230;&#8230;..Acero con pintura horneada<\/li>\n<li style=\"text-align: left\"><strong>Material del Brazo<\/strong>&#8230;&#8230;&#8230;&#8230;&#8230;&#8230;&#8230;&#8230;&#8230;&#8230;&#8230;&#8230;&#8230;&#8230;&#8230;&#8230;&#8230;&#8230;..Aluminio<\/li>\n<li style=\"text-align: left\"><strong>Temperatura de Operaci\u00f3n<\/strong>&#8230;&#8230;&#8230;&#8230;&#8230;&#8230;&#8230;&#8230;&#8230;&#8230;&#8230;&#8230;&#8230;..-20\u00b0C ~+60\u00b0C<\/li>\n<li style=\"text-align: left\"><strong>Humedad Relativa<\/strong>&#8230;&#8230;&#8230;&#8230;&#8230;&#8230;&#8230;&#8230;&#8230;&#8230;&#8230;&#8230;&#8230;&#8230;&#8230;&#8230;&#8230;&#8230;.\u226490%<\/li>\n<li style=\"text-align: left\"><strong>Dimensi\u00f3n de Gabinete<\/strong>\u00a0(WxDxH)&#8230;&#8230;&#8230;&#8230;&#8230;&#8230;&#8230;&#8230;&#8230;&#8230;.328 * 286 * 934(mm)<\/li>\n<li style=\"text-align: left\"><strong>Dimensi\u00f3n de la Caja<\/strong>\u00a0(WxDxH)&#8230;&#8230;&#8230;&#8230;&#8230;&#8230;&#8230;&#8230;&#8230;&#8230;&#8230;..460 * 420 * 1150 (mm)<\/li>\n<li style=\"text-align: left\"><strong>Peso Neto<\/strong>\u00a0(sin brazo)&#8230;&#8230;&#8230;&#8230;&#8230;&#8230;&#8230;&#8230;&#8230;&#8230;&#8230;&#8230;&#8230;&#8230;&#8230;&#8230;.60 Kg<\/li>\n<li style=\"text-align: left\"><strong>Peso con Caja<\/strong>\u00a0(sin brazo)&#8230;&#8230;&#8230;&#8230;&#8230;&#8230;&#8230;&#8230;&#8230;&#8230;&#8230;&#8230;&#8230;&#8230;70 Kg<\/li>\n<li style=\"text-align: left\"><strong>Dimensi\u00f3n de brazo<\/strong>&#8230;&#8230;&#8230;&#8230;&#8230;&#8230;&#8230;&#8230;&#8230;&#8230;&#8230;&#8230;&#8230;&#8230;&#8230;Exterior 86mm*44mm*3200mm, interior 80mm*38mm*3000mm<\/li>\n<\/ul>\n<\/div>\n<\/div>\n","protected":false},"excerpt":{"rendered":"<p>Informaci\u00f3n General Descripci\u00f3n Barrera vehicular izquierda \/ brazo de 6 metros \/ 6 segundos La barrera autom\u00e1tica PB4060L es ideal para gesti\u00f3n de estacionamientos y controles de seguridad vehicular. Con la serie PB4000, ZKTeco ha enfocado su atenci\u00f3n no solamente en proporcionar un equipo funcional,&hellip;<\/p>\n","protected":false},"featured_media":8385,"comment_status":"open","ping_status":"closed","template":"","meta":{"om_disable_all_campaigns":false,"_monsterinsights_skip_tracking":false,"_monsterinsights_sitenote_active":false,"_monsterinsights_sitenote_note":"","_monsterinsights_sitenote_category":0},"product_brand":[],"product_cat":[783],"product_tag":[81,727,730,66,731,728,729],"class_list":{"0":"post-8386","1":"product","2":"type-product","3":"status-publish","4":"has-post-thumbnail","6":"product_cat-barreras-vehicular-control-acceso-vehicular-zkteco-acceso-asistencia","7":"product_tag-acceso-y-asistencia","8":"product_tag-cerraduras","9":"product_tag-commax-wulian","10":"product_tag-dahua","11":"product_tag-wejoin","12":"product_tag-yli","13":"product_tag-zkteco","15":"first","16":"instock","17":"sale","18":"taxable","19":"shipping-taxable","20":"purchasable","21":"product-type-simple"},"aioseo_notices":[],"_links":{"self":[{"href":"https:\/\/tecsecmty.com\/index.php\/wp-json\/wp\/v2\/product\/8386","targetHints":{"allow":["GET"]}}],"collection":[{"href":"https:\/\/tecsecmty.com\/index.php\/wp-json\/wp\/v2\/product"}],"about":[{"href":"https:\/\/tecsecmty.com\/index.php\/wp-json\/wp\/v2\/types\/product"}],"replies":[{"embeddable":true,"href":"https:\/\/tecsecmty.com\/index.php\/wp-json\/wp\/v2\/comments?post=8386"}],"version-history":[{"count":0,"href":"https:\/\/tecsecmty.com\/index.php\/wp-json\/wp\/v2\/product\/8386\/revisions"}],"wp:featuredmedia":[{"embeddable":true,"href":"https:\/\/tecsecmty.com\/index.php\/wp-json\/wp\/v2\/media\/8385"}],"wp:attachment":[{"href":"https:\/\/tecsecmty.com\/index.php\/wp-json\/wp\/v2\/media?parent=8386"}],"wp:term":[{"taxonomy":"product_brand","embeddable":true,"href":"https:\/\/tecsecmty.com\/index.php\/wp-json\/wp\/v2\/product_brand?post=8386"},{"taxonomy":"product_cat","embeddable":true,"href":"https:\/\/tecsecmty.com\/index.php\/wp-json\/wp\/v2\/product_cat?post=8386"},{"taxonomy":"product_tag","embeddable":true,"href":"https:\/\/tecsecmty.com\/index.php\/wp-json\/wp\/v2\/product_tag?post=8386"}],"curies":[{"name":"wp","href":"https:\/\/api.w.org\/{rel}","templated":true}]}}