{"id":8390,"date":"2023-02-23T22:22:25","date_gmt":"2023-02-24T04:22:25","guid":{"rendered":"https:\/\/tecsecmty.com\/index.php\/producto\/zkteco-probg2030lled-barrera-vehicular-izquierda-con-servo-motor-brazo-led-de-3-metros-0-9-segundos-bajo-mantenimiento-24-vdc\/"},"modified":"2023-03-22T23:25:29","modified_gmt":"2023-03-23T05:25:29","slug":"zkteco-probg2030lled-barrera-vehicular-izquierda-con-servo-motor-brazo-led-de-3-metros-0-9-segundos-bajo-mantenimiento-24-vdc","status":"publish","type":"product","link":"https:\/\/tecsecmty.com\/index.php\/producto\/zkteco-probg2030lled-barrera-vehicular-izquierda-con-servo-motor-brazo-led-de-3-metros-0-9-segundos-bajo-mantenimiento-24-vdc\/","title":{"rendered":"ZKTECO PROBG2030LLED &#8211; Barrera Vehicular Izquierda con Servo Motor \/ Brazo LED de 3 Metros \/ 0.9 Segundos \/ Bajo Mantenimiento \/ 24 VDC"},"content":{"rendered":"<div class=\"row aling-items-center padding-bottom-2x\">\n<div class=\"col-lg-12\">\n<h3 class=\"ql-align-justify\"><strong>ProBG2030LLED<\/strong><\/h3>\n<h3 class=\"ql-align-justify\">Con un brazo de 3 m, la velocidad de apertura de 0.9 s es adecuada para sitios de alto tr\u00e1fico. tales como: autopista, centro de negocios, edificio de la empresa, aeropuerto, puerto, estaci\u00f3n y etc.<\/h3>\n<h3 class=\"ql-align-justify\"><\/h3>\n<h3 class=\"ql-align-justify\">Alto rendimiento, velocidad, fiabilidad, larga vida. Combina el dise\u00f1o y la seguridad. La serie ProBG2000 es una barrera de alta calidad, alta estabilidad y alta velocidad. Adopta una amplia gama de control de velocidad, alta eficiencia, sin mantenimiento, alta vida mec\u00e1nica, servomotor de alta seguridad para impulsar reductores planetarios de alta precisi\u00f3n, y utiliza una estructura de transmisi\u00f3n mec\u00e1nica eficiente y simple.<\/h3>\n<h3 class=\"ql-align-justify\"><\/h3>\n<h3 class=\"ql-align-justify\">La pluma puede equiparse con luz led (control fotosensible), que no solo aumenta la seguridad de la conducci\u00f3n nocturna, sino tambi\u00e9n la protecci\u00f3n del medio ambiente y el ahorro de energ\u00eda.<\/h3>\n<h3 class=\"ql-align-justify\">La operaci\u00f3n promedio libre de fallas es de 5 millones de veces, y la vida \u00fatil es m\u00e1s de 10 veces que la barrera tradicional.<\/h3>\n<h3 class=\"ql-align-justify\">La velocidad de apertura \/ cierre del brazo es r\u00e1pida, mejora la velocidad de paso del veh\u00edculo y minimiza el intervalo de tr\u00e1fico del veh\u00edculo.<\/h3>\n<h3 class=\"ql-align-justify\">Sin dise\u00f1o de embrague, se puede abrir la puerta autom\u00e1ticamente o desbloquearse cuando se produce un fallo de alimentaci\u00f3n (desbloqueado: en caso de fallo de alimentaci\u00f3n, la pluma puede empujarse con la mano directamente).<\/h3>\n<h3 class=\"ql-align-justify\">Buena resistencia a la temperatura. Soporte -40 \u00b0 c &#8211; + 75 \u00b0 c<\/h3>\n<h3 class=\"ql-align-justify\">Registro de tiempos de levantamiento del riel: en el curso de la carrera, el sistema recordar\u00e1 los tiempos de levantamiento del riel ordenados, luego el riel se mantendr\u00e1 abierto hasta que el tiempo de detecci\u00f3n del paso del veh\u00edculo detectado por el detector del veh\u00edculo sea igual al tiempo de levantamiento del riel o Derivado por el controlador de riel.<\/h3>\n<h3 class=\"ql-align-justify\">No hay impacto mec\u00e1nico ni impacto de absorci\u00f3n de impactos en el proceso de trabajo, lo que puede minimizar el desgaste, tiene la m\u00e1s alta confiabilidad y la vida \u00fatil m\u00e1s larga.<\/h3>\n<h3 class=\"ql-align-justify\">El sistema puede autom\u00e1ticamente autodiagn\u00f3stico y estado de operaci\u00f3n de salida.<\/h3>\n<h3 class=\"ql-align-justify\">La velocidad de cierre de la pluma se puede ajustar (de 0.9s-10s0)<\/h3>\n<h3 class=\"ql-align-justify\">Peque\u00f1a resistencia a la fricci\u00f3n, baja fricci\u00f3n interna y larga vida \u00fatil.<\/h3>\n<\/div>\n<\/div>\n<div class=\"row align-items-center padding-bottom-2x\">\n<div class=\"col-md-5\"><img decoding=\"async\" class=\"d-block m-auto img-thumbnail\" src=\"https:\/\/tvc.mx\/media\/1006\/servomotor.jpg\" alt=\" \" \/><\/div>\n<div class=\"col-md-7 text-md-left text-center\">\n<h2><\/h2>\n<p class=\"text-muted\">\n<h3 class=\"ql-align-justify\">Servomotor de 24 V CC y reductor planetario Control PID de bucle cerrado, alta eficiencia, control de alta velocidad, alta durabilidad, sin\u00a0sobrecalentamiento, sin mantenimiento.<\/h3>\n<p>&nbsp;<\/p>\n<\/div>\n<\/div>\n<hr class=\"padding-bottom-2x\" \/>\n<div class=\"row align-items-center padding-bottom-2x\">\n<div class=\"col-md-5\"><img decoding=\"async\" class=\"d-block m-auto img-thumbnail\" src=\"https:\/\/tvc.mx\/media\/1007\/transmision.jpg\" alt=\" \" \/><\/div>\n<div class=\"col-md-7 text-md-left text-center\">\n<h2><\/h2>\n<p class=\"text-muted\">\n<h3 class=\"ql-align-justify\">La estructura de transmisi\u00f3n es simple, la puerta se puede intercambiar de izquierda a derecha de acuerdo con las necesidades del sitio.<\/h3>\n<p>&nbsp;<\/p>\n<\/div>\n<\/div>\n<hr class=\"padding-bottom-2x\" \/>\n<div class=\"row align-items-center padding-bottom-2x\">\n<div class=\"col-md-5\"><img decoding=\"async\" class=\"d-block m-auto img-thumbnail\" src=\"https:\/\/tvc.mx\/media\/1008\/control.jpg\" alt=\" \" \/><\/div>\n<div class=\"col-md-7 text-md-left text-center\">\n<h2><\/h2>\n<p class=\"text-muted\">\n<h3 class=\"ql-align-justify\">El panel de control con tecnolog\u00eda de chip digital, anti-rotura, detecci\u00f3n de tierra, IC y otros conjuntos de interfaz, buena resistencia a altas temperaturas, la temperatura de trabajo extrema del panel de control puede alcanzar los 125 grados.<\/h3>\n<p>&nbsp;<\/p>\n<\/div>\n<\/div>\n<hr class=\"padding-bottom-2x\" \/>\n<div class=\"row align-items-center padding-bottom-2x\">\n<div class=\"col-md-5\"><img decoding=\"async\" class=\"d-block m-auto img-thumbnail\" src=\"https:\/\/tvc.mx\/media\/1009\/resorte.jpg\" alt=\" \" \/><\/div>\n<div class=\"col-md-7 text-md-left text-center\">\n<h2><\/h2>\n<p class=\"text-muted\">\n<h3 class=\"ql-align-justify\">Nuevos resortes de equilibrado de alta resistencia. Con un dise\u00f1o estructural f\u00e1cil de usar, f\u00e1cil y conveniente para ajustar la tensi\u00f3n del resorte.<\/h3>\n<p>&nbsp;<\/p>\n<\/div>\n<\/div>\n<hr class=\"padding-bottom-2x\" \/>\n<div class=\"row align-items-center padding-bottom-2x\">\n<div class=\"col-md-5\"><img decoding=\"async\" class=\"d-block m-auto img-thumbnail\" src=\"https:\/\/tvc.mx\/media\/1010\/brazo.jpg\" alt=\" \" \/><\/div>\n<div class=\"col-md-7 text-md-left text-center\">\n<h2><\/h2>\n<p class=\"text-muted\">\n<h3 class=\"ql-align-justify\">La cabeza de la bandeja de la pluma est\u00e1 dise\u00f1ada con una funci\u00f3n de protecci\u00f3n anticolisi\u00f3n, cuando el veh\u00edculo golpea la pluma de la puerta, la pluma puede girar hacia afuera para evitar da\u00f1os al veh\u00edculo y a la funci\u00f3n de la puerta de barrera.<\/h3>\n<\/div>\n<\/div>\n","protected":false},"excerpt":{"rendered":"<p>ProBG2030LLED Con un brazo de 3 m, la velocidad de apertura de 0.9 s es adecuada para sitios de alto tr\u00e1fico. tales como: autopista, centro de negocios, edificio de la empresa, aeropuerto, puerto, estaci\u00f3n y etc. Alto rendimiento, velocidad, fiabilidad, larga vida. Combina el dise\u00f1o&hellip;<\/p>\n","protected":false},"featured_media":8389,"comment_status":"open","ping_status":"closed","template":"","meta":{"om_disable_all_campaigns":false,"_monsterinsights_skip_tracking":false,"_monsterinsights_sitenote_active":false,"_monsterinsights_sitenote_note":"","_monsterinsights_sitenote_category":0},"product_brand":[],"product_cat":[783],"product_tag":[81,727,730,66,731,728,729],"class_list":{"0":"post-8390","1":"product","2":"type-product","3":"status-publish","4":"has-post-thumbnail","6":"product_cat-barreras-vehicular-control-acceso-vehicular-zkteco-acceso-asistencia","7":"product_tag-acceso-y-asistencia","8":"product_tag-cerraduras","9":"product_tag-commax-wulian","10":"product_tag-dahua","11":"product_tag-wejoin","12":"product_tag-yli","13":"product_tag-zkteco","15":"first","16":"instock","17":"sale","18":"taxable","19":"shipping-taxable","20":"purchasable","21":"product-type-simple"},"aioseo_notices":[],"_links":{"self":[{"href":"https:\/\/tecsecmty.com\/index.php\/wp-json\/wp\/v2\/product\/8390","targetHints":{"allow":["GET"]}}],"collection":[{"href":"https:\/\/tecsecmty.com\/index.php\/wp-json\/wp\/v2\/product"}],"about":[{"href":"https:\/\/tecsecmty.com\/index.php\/wp-json\/wp\/v2\/types\/product"}],"replies":[{"embeddable":true,"href":"https:\/\/tecsecmty.com\/index.php\/wp-json\/wp\/v2\/comments?post=8390"}],"version-history":[{"count":0,"href":"https:\/\/tecsecmty.com\/index.php\/wp-json\/wp\/v2\/product\/8390\/revisions"}],"wp:featuredmedia":[{"embeddable":true,"href":"https:\/\/tecsecmty.com\/index.php\/wp-json\/wp\/v2\/media\/8389"}],"wp:attachment":[{"href":"https:\/\/tecsecmty.com\/index.php\/wp-json\/wp\/v2\/media?parent=8390"}],"wp:term":[{"taxonomy":"product_brand","embeddable":true,"href":"https:\/\/tecsecmty.com\/index.php\/wp-json\/wp\/v2\/product_brand?post=8390"},{"taxonomy":"product_cat","embeddable":true,"href":"https:\/\/tecsecmty.com\/index.php\/wp-json\/wp\/v2\/product_cat?post=8390"},{"taxonomy":"product_tag","embeddable":true,"href":"https:\/\/tecsecmty.com\/index.php\/wp-json\/wp\/v2\/product_tag?post=8390"}],"curies":[{"name":"wp","href":"https:\/\/api.w.org\/{rel}","templated":true}]}}