{"id":8394,"date":"2023-02-23T22:22:31","date_gmt":"2023-02-24T04:22:31","guid":{"rendered":"https:\/\/tecsecmty.com\/index.php\/producto\/bosch-a_ardr90-lectora-de-largo-alcance-para-control-de-acceso-frencuencia-13-56mhz-tarjetas-iclass-interface-wiegan\/"},"modified":"2023-03-22T23:21:00","modified_gmt":"2023-03-23T05:21:00","slug":"bosch-a_ardr90-lectora-de-largo-alcance-para-control-de-acceso-frencuencia-13-56mhz-tarjetas-iclass-interface-wiegan","status":"publish","type":"product","link":"https:\/\/tecsecmty.com\/index.php\/producto\/bosch-a_ardr90-lectora-de-largo-alcance-para-control-de-acceso-frencuencia-13-56mhz-tarjetas-iclass-interface-wiegan\/","title":{"rendered":"BOSCH A_ARDR90- LECTORA DE LARGO ALCANCE PARA CONTROL DE ACCESO\/ FRENCUENCIA 13.56MHZ\/ TARJETAS ICLASS\/ INTERFACE WIEGAN"},"content":{"rendered":"<div class=\"row aling-items-center padding-bottom-2x\">\n<div class=\"col-lg-12\">\n<h5 class=\"card-title text-center\">ARD-R90 &#8211; Lector iCLASS<\/h5>\n<p class=\"ql-align-justify\">Lectores de control de acceso sin contacto en 13.56 MHz Tecnolog\u00eda (basada en ISO 15693) para conectarse a un controlador de acceso con interfaces Wiegand.<\/p>\n<p class=\"ql-align-justify\"><strong>Funciones b\u00e1sicas<\/strong><\/p>\n<p class=\"ql-align-justify\">Lee todas las tarjetas compatibles con iCLASS e ISO 15693 (CSN). La funci\u00f3n \u00abParking Hold\u00bb permite la conexi\u00f3n a un bucle. Detector para asegurar la detecci\u00f3n precisa de veh\u00edculos en carriles de estacionamiento. Dos unidades ARD-R90 pueden operar a un metro de distancia para \u00abHILO\u00bb Instalaciones de camiones y coches tarjetas de proximidad iCLASS que funcionan con claves diversificadas de 64 bits de longitud para dos d\u00edas autentificaci\u00f3n, se transmiten los datos cifrados, entre el lector y la tarjeta.<\/p>\n<p class=\"ql-align-justify\">Beeper y pantalla LED multicolor controlados internamente o por el anfitri\u00f3n.<\/p>\n<p><img decoding=\"async\" class=\"overview-center-img- aligncenter\" src=\"https:\/\/tvc.mx\/media\/3356\/Logoopaginas-oficial.png\" alt=\"\" \/><\/div>\n<\/div>\n<div class=\"row aling-items-center padding-bottom-2x\">\n<div class=\"col-lg-12\">\n<p class=\"ql-align-justify\"><strong>Instalaci\u00f3n \/\u00a0Notas de configuraci\u00f3n<\/strong><\/p>\n<ul>\n<li class=\"ql-align-justify\">Longitud de cable\u00a0150\u00a0m\u00a0(500\u00a0pies),<\/li>\n<li class=\"ql-align-justify\">Instalaci\u00f3n\u00a0de suministro\u00a0de energ\u00eda est\u00e1 siempre\u00a0cerrado\u00a0para el lector.<\/li>\n<li class=\"ql-align-justify\">Por favor, siga\u00a0las instrucciones de montaje\u00a0generales para\u00a0el\u00a0lector de proximidad\u00a0con respecto a la\u00a0distancia entre\u00a0lectores y\u00a0superficies met\u00e1licas.<\/li>\n<\/ul>\n<p class=\"ql-align-justify\">\n<p class=\"ql-align-justify\"><strong>Nota:\u00a0<\/strong>La\u00a0interfaz del lector\u00a0<strong>Wiegand\u00a0<\/strong>del\u00a0<strong>AMC24W<\/strong>\u00a0no proporciona\u00a0suficiente potencia\u00a0para el\u00a0<strong>ARD-R90<\/strong>.\u00a0Por favor,\u00a0planificar una\u00a0alimentaci\u00f3n externa\u00a0suministro para la\u00a0<strong>ARD-R90<\/strong>.<\/p>\n<\/div>\n<\/div>\n<div class=\"row aling-items-center padding-bottom-2x\">\n<div class=\"col-lg-12\">\n<p class=\"ql-align-justify\"><strong>Partes incluidas<\/strong><\/p>\n<ul>\n<li class=\"ql-align-justify\">1 lector de cuerpo con tablero.<\/li>\n<li class=\"ql-align-justify\">1 material de montaje.<\/li>\n<li class=\"ql-align-justify\">1 gu\u00eda de instalaci\u00f3n.<\/li>\n<\/ul>\n<p class=\"ql-align-justify\"><strong>Principales Caracteristicas:<\/strong><\/p>\n<ul>\n<li class=\"ql-align-justify\">Contacto\u00a0lector de tarjetas\u00a0menos\u00a0inteligente,\u00a0de s\u00f3lo lectura, de largo alcance.<\/li>\n<li class=\"ql-align-justify\">La proximidad\u00a0\/\u00a0lector de\u00a0largo alcance\u00a0con el beeper\u00a0y\u00a0pantalla LED\u00a0de varios colores.<\/li>\n<li class=\"ql-align-justify\">Robusta\u00a0carcasa de\u00a0policarbonato\u00a0de intemperie,\u00a0dise\u00f1ado para soportar\u00a0ambientes hostiles.<\/li>\n<\/ul>\n<p class=\"ql-align-justify\">\n<p class=\"ql-align-justify\"><strong>Especificaciones:<\/strong><\/p>\n<p class=\"ql-align-justify\"><strong>Mec\u00e1nicas\u00a0<\/strong><\/p>\n<ul>\n<li class=\"ql-align-justify\">Dimensiones externas (W x H x D) 12 x 12 x 1.25 pulgadas.<\/li>\n<li class=\"ql-align-justify\">Material Policarbonato (UL 94): De color negro.<\/li>\n<li class=\"ql-align-justify\">Peso: 60 oz.<\/li>\n<li class=\"ql-align-justify\">Conexiones.<\/li>\n<li class=\"ql-align-justify\">Pantalla LED multicolor.<\/li>\n<\/ul>\n<p class=\"ql-align-justify\"><strong>Alojamiento<\/strong><\/p>\n<ul>\n<li class=\"ql-align-justify\">Interfaces Wiegand.<\/li>\n<\/ul>\n<p class=\"ql-align-justify\"><strong>Condiciones ambientales<\/strong><\/p>\n<ul>\n<li class=\"ql-align-justify\">Temperatura de funcionamiento -31 \u00b0 a 150 \u00b0 F.<\/li>\n<li class=\"ql-align-justify\">Humedad del 5 al 95% sin agua de condensaci\u00f3n Clase de entorno IP55.<\/li>\n<\/ul>\n<p class=\"ql-align-justify\"><strong>Par\u00e1metros el\u00e9ctricos<\/strong><\/p>\n<ul>\n<li class=\"ql-align-justify\">Fuente de alimentaci\u00f3n: 12 &#8211; 24 VDC de reserva de voltaje protegido (se recomienda suministro lineal).<\/li>\n<li class=\"ql-align-justify\">Consumo actual (Promedio \/ Pico): 480\/1800 mA (12 VDC) 230\/900 mA (24 VDC).<\/li>\n<\/ul>\n<p class=\"ql-align-justify\"><strong>Proceso de lectura iCLASS<\/strong><\/p>\n<ul>\n<li class=\"ql-align-justify\">Frecuencia de funcionamiento \/ modulaci\u00f3n: 13.56 MHz.<\/li>\n<li class=\"ql-align-justify\">Distancia de lectura: de 17.72 pulgadas con la tarjeta iCLASS 9.01 in con clave \/ etiqueta iCLASS.<\/li>\n<li class=\"ql-align-justify\">Distancia del cable: 500 pies Cable recomendado 22 AWG (ALPHA 1295).<\/li>\n<\/ul>\n<\/div>\n<\/div>\n","protected":false},"excerpt":{"rendered":"<p>ARD-R90 &#8211; Lector iCLASS Lectores de control de acceso sin contacto en 13.56 MHz Tecnolog\u00eda (basada en ISO 15693) para conectarse a un controlador de acceso con interfaces Wiegand. Funciones b\u00e1sicas Lee todas las tarjetas compatibles con iCLASS e ISO 15693 (CSN). La funci\u00f3n \u00abParking&hellip;<\/p>\n","protected":false},"featured_media":8393,"comment_status":"open","ping_status":"closed","template":"","meta":{"om_disable_all_campaigns":false,"_monsterinsights_skip_tracking":false,"_monsterinsights_sitenote_active":false,"_monsterinsights_sitenote_note":"","_monsterinsights_sitenote_category":0},"product_brand":[],"product_cat":[785],"product_tag":[81,727,730,66,731,728,729],"class_list":{"0":"post-8394","1":"product","2":"type-product","3":"status-publish","4":"has-post-thumbnail","6":"product_cat-lectoras-de-largo-alcance","7":"product_tag-acceso-y-asistencia","8":"product_tag-cerraduras","9":"product_tag-commax-wulian","10":"product_tag-dahua","11":"product_tag-wejoin","12":"product_tag-yli","13":"product_tag-zkteco","15":"first","16":"instock","17":"sale","18":"taxable","19":"shipping-taxable","20":"purchasable","21":"product-type-simple"},"aioseo_notices":[],"_links":{"self":[{"href":"https:\/\/tecsecmty.com\/index.php\/wp-json\/wp\/v2\/product\/8394","targetHints":{"allow":["GET"]}}],"collection":[{"href":"https:\/\/tecsecmty.com\/index.php\/wp-json\/wp\/v2\/product"}],"about":[{"href":"https:\/\/tecsecmty.com\/index.php\/wp-json\/wp\/v2\/types\/product"}],"replies":[{"embeddable":true,"href":"https:\/\/tecsecmty.com\/index.php\/wp-json\/wp\/v2\/comments?post=8394"}],"version-history":[{"count":0,"href":"https:\/\/tecsecmty.com\/index.php\/wp-json\/wp\/v2\/product\/8394\/revisions"}],"wp:featuredmedia":[{"embeddable":true,"href":"https:\/\/tecsecmty.com\/index.php\/wp-json\/wp\/v2\/media\/8393"}],"wp:attachment":[{"href":"https:\/\/tecsecmty.com\/index.php\/wp-json\/wp\/v2\/media?parent=8394"}],"wp:term":[{"taxonomy":"product_brand","embeddable":true,"href":"https:\/\/tecsecmty.com\/index.php\/wp-json\/wp\/v2\/product_brand?post=8394"},{"taxonomy":"product_cat","embeddable":true,"href":"https:\/\/tecsecmty.com\/index.php\/wp-json\/wp\/v2\/product_cat?post=8394"},{"taxonomy":"product_tag","embeddable":true,"href":"https:\/\/tecsecmty.com\/index.php\/wp-json\/wp\/v2\/product_tag?post=8394"}],"curies":[{"name":"wp","href":"https:\/\/api.w.org\/{rel}","templated":true}]}}