{"id":8398,"date":"2023-02-23T22:22:36","date_gmt":"2023-02-24T04:22:36","guid":{"rendered":"https:\/\/tecsecmty.com\/index.php\/producto\/saxchmp-paquete-de-tag-uhf-mifare-con-porta-tarjetas-de-plastico\/"},"modified":"2023-03-22T23:23:49","modified_gmt":"2023-03-23T05:23:49","slug":"saxchmp-paquete-de-tag-uhf-mifare-con-porta-tarjetas-de-plastico","status":"publish","type":"product","link":"https:\/\/tecsecmty.com\/index.php\/producto\/saxchmp-paquete-de-tag-uhf-mifare-con-porta-tarjetas-de-plastico\/","title":{"rendered":"SAXCHMP &#8211; Paquete de Tag UHF Mifare con porta Tarjetas de Pl\u00e1stico"},"content":{"rendered":"<h5 class=\"card-title text-center\">Informaci\u00f3n General<\/h5>\n<p>El\u00a0TAG\u00a0de doble\u00a0frecuencia\u00a0pasivo\u00a0RFID\u00a0opera en\u00a0la banda de\u00a013,56\u00a0y\u00a0UHF(900Mhz.)\u00a0es ideal para\u00a0el seguimiento,\u00a0administraci\u00f3n y\u00a0posicionamiento de activos. Se puede utilizar para el control de acceso vehicular y peatonal.<\/p>\n<p>El porta tarjetas SAXXON contiene dos cintas adherentes en su parte posterior, para instalarla solo basta con limpiar el lugar en donde se desea colocar y despegar la pel\u00edcula de la cintilla para que pueda ser colocada en donde se desee.<\/p>\n<p>El porta tarjetas es resistente\u00a0a altas temperaturas pero se recomienda no colocar en el parabrisas de su autom\u00f3vil debido a que las tarjetas no son resistentes a los rayos solares y esto podr\u00eda comprometer la vida \u00fatil de su tarjeta.<\/p>\n<p><img decoding=\"async\" class=\"overview-center-img-web\" src=\"https:\/\/tvc.mx\/media\/354595\/Paquete-de-tag-y-porta-tarjetas-saxxon-.png\" alt=\"\" \/><\/p>\n","protected":false},"excerpt":{"rendered":"<p>Informaci\u00f3n General El\u00a0TAG\u00a0de doble\u00a0frecuencia\u00a0pasivo\u00a0RFID\u00a0opera en\u00a0la banda de\u00a013,56\u00a0y\u00a0UHF(900Mhz.)\u00a0es ideal para\u00a0el seguimiento,\u00a0administraci\u00f3n y\u00a0posicionamiento de activos. Se puede utilizar para el control de acceso vehicular y peatonal. El porta tarjetas SAXXON contiene dos cintas adherentes en su parte posterior, para instalarla solo basta con limpiar el lugar en&hellip;<\/p>\n","protected":false},"featured_media":8397,"comment_status":"open","ping_status":"closed","template":"","meta":{"om_disable_all_campaigns":false,"_monsterinsights_skip_tracking":false,"_monsterinsights_sitenote_active":false,"_monsterinsights_sitenote_note":"","_monsterinsights_sitenote_category":0},"product_brand":[],"product_cat":[789],"product_tag":[81,727,730,66,731,728,729],"class_list":{"0":"post-8398","1":"product","2":"type-product","3":"status-publish","4":"has-post-thumbnail","6":"product_cat-lectoras-de-largo-alcance-control-acceso-vehicular-saxxon-acceso-asistencia","7":"product_tag-acceso-y-asistencia","8":"product_tag-cerraduras","9":"product_tag-commax-wulian","10":"product_tag-dahua","11":"product_tag-wejoin","12":"product_tag-yli","13":"product_tag-zkteco","15":"first","16":"instock","17":"sale","18":"taxable","19":"shipping-taxable","20":"purchasable","21":"product-type-simple"},"aioseo_notices":[],"_links":{"self":[{"href":"https:\/\/tecsecmty.com\/index.php\/wp-json\/wp\/v2\/product\/8398","targetHints":{"allow":["GET"]}}],"collection":[{"href":"https:\/\/tecsecmty.com\/index.php\/wp-json\/wp\/v2\/product"}],"about":[{"href":"https:\/\/tecsecmty.com\/index.php\/wp-json\/wp\/v2\/types\/product"}],"replies":[{"embeddable":true,"href":"https:\/\/tecsecmty.com\/index.php\/wp-json\/wp\/v2\/comments?post=8398"}],"version-history":[{"count":0,"href":"https:\/\/tecsecmty.com\/index.php\/wp-json\/wp\/v2\/product\/8398\/revisions"}],"wp:featuredmedia":[{"embeddable":true,"href":"https:\/\/tecsecmty.com\/index.php\/wp-json\/wp\/v2\/media\/8397"}],"wp:attachment":[{"href":"https:\/\/tecsecmty.com\/index.php\/wp-json\/wp\/v2\/media?parent=8398"}],"wp:term":[{"taxonomy":"product_brand","embeddable":true,"href":"https:\/\/tecsecmty.com\/index.php\/wp-json\/wp\/v2\/product_brand?post=8398"},{"taxonomy":"product_cat","embeddable":true,"href":"https:\/\/tecsecmty.com\/index.php\/wp-json\/wp\/v2\/product_cat?post=8398"},{"taxonomy":"product_tag","embeddable":true,"href":"https:\/\/tecsecmty.com\/index.php\/wp-json\/wp\/v2\/product_tag?post=8398"}],"curies":[{"name":"wp","href":"https:\/\/api.w.org\/{rel}","templated":true}]}}