{"id":8400,"date":"2023-02-23T22:22:40","date_gmt":"2023-02-24T04:22:40","guid":{"rendered":"https:\/\/tecsecmty.com\/index.php\/producto\/saxxon-aschf03-tag-de-pvc-uhf-adherible-902-a-928mhz-2056-bits-id-94-bits-hasta-12m-compatible-con-lectoras-saxr2656-saxr2657\/"},"modified":"2023-03-22T23:23:51","modified_gmt":"2023-03-23T05:23:51","slug":"saxxon-aschf03-tag-de-pvc-uhf-adherible-902-a-928mhz-2056-bits-id-94-bits-hasta-12m-compatible-con-lectoras-saxr2656-saxr2657","status":"publish","type":"product","link":"https:\/\/tecsecmty.com\/index.php\/producto\/saxxon-aschf03-tag-de-pvc-uhf-adherible-902-a-928mhz-2056-bits-id-94-bits-hasta-12m-compatible-con-lectoras-saxr2656-saxr2657\/","title":{"rendered":"SAXXON ASCHF03 &#8211; TAG De PVC UHF \/ ADHERIBLE \/ 902 A 928MHz \/ 2056 Bits \/ ID 94 Bits \/ Hasta 12M \/ Compatible con Lectoras SAXR2656 &amp; SAXR2657"},"content":{"rendered":"<div class=\"row aling-items-center padding-bottom-2x\">\n<div class=\"col-lg-12\">\n<h5 class=\"card-title text-center\">Informaci\u00f3n General<\/h5>\n<h1><strong>Descripci\u00f3n<\/strong><\/h1>\n<p><strong>TAG De PVC \/ ADHERIBLE \/ 902 A 928MHz \/ 2056 Bits \/ ID 94 Bits \/ Hasta 12M \/ ISO18000-6C<\/strong><\/p>\n<p>El tag ASCHF03 es compatible con lectores Saxxon UHF y utilizados para la automatizaci\u00f3n en accesos privados, residencial etc.<\/p>\n<p>Forma parte de los TAGs RFID pasivos de banda UHF con frecuencia de operaci\u00f3n es 800 ~ 960 MHz. Es ideal para exterior tiene un tama\u00f1o peque\u00f1o de un peso ligero no se deforma con el calor es resistente al desgaste tiene un funcionamiento estable y es de f\u00e1cil instalaci\u00f3n.<\/p>\n<p><strong>Tag de uso externo, ideal para aplicaciones en las que no es posible colocar los tags dentro del vehiculo, por ejemplo, cuando tienen blindaje, peliculas antiasalto o polarizados que son metalizados.<\/strong><\/p>\n<p><img decoding=\"async\" class=\"overview-center-img-web\" src=\"https:\/\/tvc.mx\/media\/215015\/Tag-PVC-UHF-Adherible-12mts-Descripci%C3%B3n-ASCHF03-SAXXON.png\" alt=\"\" \/><\/div>\n<\/div>\n<div class=\"row align-items-center padding-bottom-2x\">\n<div class=\"col-md-5 order-md-2\"><img decoding=\"async\" class=\"d-block m-auto img-thumbnail\" src=\"https:\/\/tvc.mx\/media\/215019\/Tag-PVC-UHF-Adherible-12mts-Caracter%C3%ADsticas-ASCHF03-SAXXON.png\" alt=\" \" \/><\/div>\n<div class=\"col-md-7 order-md-1 text-md-left text-center\">\n<h2>Especificaciones<\/h2>\n<p class=\"text-muted\">\n<p class=\"ql-align-justify\">Frecuencia de trabajo:\u00a0\u00a0\u00a0\u00a0ISM902\u00a0~\u00a0928MHz\u00a0o\u00a0860\u00a0~\u00a0870MHz<\/p>\n<p class=\"ql-align-justify\">Protocolo de\u00a0Apoyo:\u00a0\u00a0\u00a0\u00a0\u00a0ISO18000-6C<\/p>\n<p class=\"ql-align-justify\">Distancia de detecci\u00f3n:\u00a0\u00a0\u00a015m<\/p>\n<p class=\"ql-align-justify\">Color:\u00a0\u00a0\u00a0\u00a0\u00a0\u00a0\u00a0\u00a0\u00a0\u00a0\u00a0\u00a0\u00a0\u00a0Marr\u00f3n<\/p>\n<p class=\"ql-align-justify\">Datos\u00a0Guardar:\u00a0\u00a0\u00a0\u00a0\u00a0\u00a0\u00a0\u00a0\u00a0\u00a0&gt;\u00a010\u00a0a\u00f1os<\/p>\n<p class=\"ql-align-justify\">Tama\u00f1o de la carta:\u00a0\u00a0\u00a0\u00a0\u00a0\u00a0135\u00a0\u00d7\u00a012\u00a0\u00d7\u00a015 mm<\/p>\n<p class=\"ql-align-justify\">Fabricado en pl\u00e1stico ABS<\/p>\n<p class=\"ql-align-justify\">Formato 26 bits..<\/p>\n<p class=\"ql-align-justify\">\n<p>&nbsp;<\/p>\n<\/div>\n<\/div>\n<hr class=\"padding-bottom-2x\" \/>\n<div class=\"row align-items-center padding-bottom-2x\">\n<div class=\"col-md-5\"><img decoding=\"async\" class=\"d-block m-auto img-thumbnail\" src=\"https:\/\/tvc.mx\/media\/215023\/Tag-PVC-UHF-Adherible-12mts-Soluciones-ASCHF03-SAXXON.png\" alt=\" \" \/><\/div>\n<div class=\"col-md-7 text-md-left text-center\">\n<h2>Soluciones<\/h2>\n<p class=\"text-muted\">\n<p>Tag UHF para uso sobre superficies met\u00e1licas o vehicular con blindaje \u2022 EPC GEN 2 ( ISO 18000 6C)<\/p>\n<p>La operaci\u00f3n comienza cuando un usuario con un Tag pasivo conduce el veh\u00edculo a trav\u00e9s de un lector UHF localizado en la entrada de un parqueadero. El lector UHF reconocer\u00e1 y validar\u00e1 el Tag, posteriormente la barrera de la talanquera se elevar\u00e1 para permitir el acceso.<\/p>\n<\/div>\n<\/div>\n","protected":false},"excerpt":{"rendered":"<p>Informaci\u00f3n General Descripci\u00f3n TAG De PVC \/ ADHERIBLE \/ 902 A 928MHz \/ 2056 Bits \/ ID 94 Bits \/ Hasta 12M \/ ISO18000-6C El tag ASCHF03 es compatible con lectores Saxxon UHF y utilizados para la automatizaci\u00f3n en accesos privados, residencial etc. Forma parte&hellip;<\/p>\n","protected":false},"featured_media":8399,"comment_status":"open","ping_status":"closed","template":"","meta":{"om_disable_all_campaigns":false,"_monsterinsights_skip_tracking":false,"_monsterinsights_sitenote_active":false,"_monsterinsights_sitenote_note":"","_monsterinsights_sitenote_category":0},"product_brand":[],"product_cat":[789],"product_tag":[81,727,730,66,731,728,729],"class_list":{"0":"post-8400","1":"product","2":"type-product","3":"status-publish","4":"has-post-thumbnail","6":"product_cat-lectoras-de-largo-alcance-control-acceso-vehicular-saxxon-acceso-asistencia","7":"product_tag-acceso-y-asistencia","8":"product_tag-cerraduras","9":"product_tag-commax-wulian","10":"product_tag-dahua","11":"product_tag-wejoin","12":"product_tag-yli","13":"product_tag-zkteco","15":"first","16":"instock","17":"sale","18":"taxable","19":"shipping-taxable","20":"purchasable","21":"product-type-simple"},"aioseo_notices":[],"_links":{"self":[{"href":"https:\/\/tecsecmty.com\/index.php\/wp-json\/wp\/v2\/product\/8400","targetHints":{"allow":["GET"]}}],"collection":[{"href":"https:\/\/tecsecmty.com\/index.php\/wp-json\/wp\/v2\/product"}],"about":[{"href":"https:\/\/tecsecmty.com\/index.php\/wp-json\/wp\/v2\/types\/product"}],"replies":[{"embeddable":true,"href":"https:\/\/tecsecmty.com\/index.php\/wp-json\/wp\/v2\/comments?post=8400"}],"version-history":[{"count":0,"href":"https:\/\/tecsecmty.com\/index.php\/wp-json\/wp\/v2\/product\/8400\/revisions"}],"wp:featuredmedia":[{"embeddable":true,"href":"https:\/\/tecsecmty.com\/index.php\/wp-json\/wp\/v2\/media\/8399"}],"wp:attachment":[{"href":"https:\/\/tecsecmty.com\/index.php\/wp-json\/wp\/v2\/media?parent=8400"}],"wp:term":[{"taxonomy":"product_brand","embeddable":true,"href":"https:\/\/tecsecmty.com\/index.php\/wp-json\/wp\/v2\/product_brand?post=8400"},{"taxonomy":"product_cat","embeddable":true,"href":"https:\/\/tecsecmty.com\/index.php\/wp-json\/wp\/v2\/product_cat?post=8400"},{"taxonomy":"product_tag","embeddable":true,"href":"https:\/\/tecsecmty.com\/index.php\/wp-json\/wp\/v2\/product_tag?post=8400"}],"curies":[{"name":"wp","href":"https:\/\/api.w.org\/{rel}","templated":true}]}}