{"id":8412,"date":"2023-02-23T22:22:52","date_gmt":"2023-02-24T04:22:52","guid":{"rendered":"https:\/\/tecsecmty.com\/index.php\/producto\/saxxon-saxr2657-lectora-de-tarjetas-uhf-para-control-de-acceso-vehicular-902-a-928-mhz-lectura-de-largo-alcance-de-1-a-10-metros-encriptable-compatible-con-enrolador-fc06\/"},"modified":"2023-03-22T23:24:08","modified_gmt":"2023-03-23T05:24:08","slug":"saxxon-saxr2657-lectora-de-tarjetas-uhf-para-control-de-acceso-vehicular-902-a-928-mhz-lectura-de-largo-alcance-de-1-a-10-metros-encriptable-compatible-con-enrolador-fc06","status":"publish","type":"product","link":"https:\/\/tecsecmty.com\/index.php\/producto\/saxxon-saxr2657-lectora-de-tarjetas-uhf-para-control-de-acceso-vehicular-902-a-928-mhz-lectura-de-largo-alcance-de-1-a-10-metros-encriptable-compatible-con-enrolador-fc06\/","title":{"rendered":"SAXXON SAXR2657 &#8211; Lectora de Tarjetas UHF para Control de Acceso Vehicular \/ 902 A 928 Mhz \/ Lectura de Largo Alcance de 1 a 10 metros \/ Encriptable \/ Compatible con Enrolador FC06"},"content":{"rendered":"<div class=\"row aling-items-center padding-bottom-2x\">\n<div class=\"col-lg-12\">\n<h5 class=\"card-title text-center\">Informaci\u00f3n General<\/h5>\n<p>La Lectora Saxxon<strong>\u00a0SAXR2657<\/strong>\u00a0es idea para el control de acceso vehicular y es utilizada en Corporativos, Fraccionamientos, hoteles, cualquier soluci\u00f3n que requiera controlar el paso vehicular.<\/p>\n<p>El modelo SAXR2657 es un producto industrial adecuado para aplicaciones de exterior, con una ganancia de 30DBi. Cuenta con una cubierta pl\u00e1stica, con altas capacidades de anti-interferencia, protecci\u00f3n de luz y a prueba de agua\/polvo<\/p>\n<p>Cuando encryptamos nuestra lectora con los TAGS evitamos que lea el chip del REPUVE e interfiera con la lectura de los TAGS.<\/p>\n<p><strong><u>Consulta el enrolador SAXXON FC06 SXN0710001<\/u><\/strong>\u00a0para encryptar con facilidad tus tags.<\/p>\n<p><img decoding=\"async\" class=\"overview-center-img-web\" src=\"https:\/\/tvc.mx\/media\/487580\/Lector-de-Tarjetas-UHF-10mts-Encriptable-Descripci%C3%B3n-SAXR2657-SAXXON.png\" alt=\"\" \/><\/div>\n<\/div>\n<div class=\"row align-items-center padding-bottom-2x\">\n<div class=\"col-md-5 order-md-2\"><img decoding=\"async\" class=\"d-block m-auto img-thumbnail\" src=\"https:\/\/tvc.mx\/media\/362891\/Lector-de-Tarjetas-UHF-10mts-Encriptable-Caracter%C3%ADsticas-SAXR2657-SAXXON.png\" alt=\" \" \/><\/div>\n<div class=\"col-md-7 order-md-1 text-md-left text-center\">\n<h2>Caracter\u00edsticas<\/h2>\n<p class=\"text-muted\">\n<p class=\"ql-align-justify\">Adaptable a diversos ambientes<\/p>\n<p class=\"ql-align-justify\">El dispositivo adopta encapsulaci\u00f3n de resina y carcasa met\u00e1lica completa. Es adaptable a diversos entornos y f\u00e1cil de instalar.<\/p>\n<p class=\"ql-align-justify\">\u25cf Con apariencia de metal o pl\u00e1stico.<\/p>\n<p class=\"ql-align-justify\">\u25cf F\u00e1cil de instalar.<\/p>\n<p class=\"ql-align-justify\">Dise\u00f1o completamente sellado, a prueba de polvo y humedad<\/p>\n<p class=\"ql-align-justify\">Todos los lectores de Anson adoptan un dise\u00f1o sellado con resina epoxi, que protege eficazmente al lector del ambiente h\u00famedo y polvoriento. Con una t\u00e9cnica de conexi\u00f3n perfecta, el usuario puede elegir una apariencia met\u00e1lica fuerte o una apariencia pr\u00e1ctica de pl\u00e1stico.<\/p>\n<p>SAXR-2656<\/p>\n<p>Sin desgaste mec\u00e1nico y duradero<\/p>\n<p class=\"ql-align-justify\">Este dispositivo adopta un dise\u00f1o avanzado de circuito de radiofrecuencia y un microprocesador integrado de alta gama incorporado. Esto reduce en gran medida el desgaste mec\u00e1nico entre el lector y la tarjeta y hace que el lector sea duradero.<\/p>\n<p class=\"ql-align-justify\">Excelente dise\u00f1o de producto<\/p>\n<p class=\"ql-align-justify\">El dise\u00f1o del dispositivo est\u00e1 orientado al usuario y se centra en la viabilidad, la estabilidad y la seguridad.<\/p>\n<p class=\"ql-align-justify\">\u25cf Tiempo de reconocimiento inferior a 0.1S.<\/p>\n<p class=\"ql-align-justify\">\u25cf Protecci\u00f3n de cortocircuito de salida.<\/p>\n<p class=\"ql-align-justify\">\u25cf Doble luz de color e indicaci\u00f3n de sonido.<\/p>\n<p class=\"ql-align-justify\">\u25cf Caja completamente sellada de metal.<\/p>\n<p class=\"ql-align-justify\">\u25cf Tecnolog\u00eda de c\u00f3dec avanzada, la distancia de detecci\u00f3n aument\u00f3 hasta 20 \u00b1 30%.<\/p>\n<p><strong>Incluye Accesorios:<\/strong><\/p>\n<ul>\n<li>Soporte para montaje<\/li>\n<li>Puerto RS232 comunicaci\u00f3n con PC<\/li>\n<li>Fuente de alimentaci\u00f3n 12v 3amp<\/li>\n<\/ul>\n<p>&nbsp;<\/p>\n<\/div>\n<\/div>\n<hr class=\"padding-bottom-2x\" \/>\n<div class=\"row align-items-center padding-bottom-2x\">\n<div class=\"col-md-5\"><img decoding=\"async\" class=\"d-block m-auto img-thumbnail\" src=\"https:\/\/tvc.mx\/media\/487584\/Lector-de-Tarjetas-UHF-10mts-Encriptable-Especificaciones-SAXR2657-SAXXON.png\" alt=\" \" \/><\/div>\n<div class=\"col-md-7 text-md-left text-center\">\n<h2>Especificaciones<\/h2>\n<p class=\"text-muted\">\n<ul>\n<li>Frecuencia de trabajo: 902\u00ef\u00bd\u017e918MHz<\/li>\n<li>Distancia de lectura: 1-10m<\/li>\n<li>Tarjetas soportadas:\u00a0ASC-HF01\/ASC-HF02\/ASC-HF03\/ASC-HF04<\/li>\n<li>Voltaje de entrada: 12V DC\u00b15%<\/li>\n<li>Corriente de trabajo: 500mA<\/li>\n<li>Temperatura: -10\u00e2\u201e\u0192-+70\u00e2\u201e\u0192<\/li>\n<li>Formato de salida: RS232 Wiegand 26\/34<\/li>\n<li>Dimensiones: 450\u00d7450\u00d770mm<\/li>\n<li>Tiempo de lectura &lt;0.1s<\/li>\n<\/ul>\n<p>&nbsp;<\/p>\n<\/div>\n<\/div>\n<hr class=\"padding-bottom-2x\" \/>\n<div class=\"row aling-items-center padding-bottom-2x\">\n<div class=\"col-lg-12\">\n<h5 class=\"card-title text-center\">Instalaci\u00f3n<\/h5>\n<p>El \u00e1ngulo del lector se puede ajustar con un soporte, tenga en cuenta que el lector debe estar vertical a 45 grados y el nivel de 55 grados.<\/p>\n<p><img decoding=\"async\" class=\"overview-center-img-web\" src=\"https:\/\/tvc.mx\/media\/362919\/Lector-de-Tarjetas-UHF-10mts-Encriptable-Instalaci%C3%B3n-SAXR2657-SAXXON.png\" alt=\"\" \/><\/div>\n<\/div>\n<div class=\"row aling-items-center padding-bottom-2x\">\n<div class=\"col-lg-12\">\n<h5 class=\"card-title text-center\">Software<\/h5>\n<h4><\/h4>\n<h4><\/h4>\n<\/div>\n<\/div>\n<div class=\"row align-items-center padding-bottom-2x\">\n<div class=\"col-md-5 order-md-2\"><img decoding=\"async\" class=\"d-block m-auto img-thumbnail\" src=\"https:\/\/tvc.mx\/media\/456828\/Lector-de-Tarjetas-UHF-10mts-Contenido-SAXR2657-SAXXON.png\" alt=\" \" \/><\/div>\n<div class=\"col-md-7 order-md-1 text-md-left text-center\">\n<h2>Contenido<\/h2>\n<p class=\"text-muted\">\n<ul data-checked=\"false\">\n<li>Soporte para montaje<\/li>\n<li>Cable rs232<\/li>\n<li>Fuente de alimentaci\u00f3n 12V<\/li>\n<li>Manual de usuario<\/li>\n<li>Gu\u00eda r\u00e1pida<\/li>\n<li>P\u00f3liza de garant\u00eda<\/li>\n<\/ul>\n<\/div>\n<\/div>\n","protected":false},"excerpt":{"rendered":"<p>Informaci\u00f3n General La Lectora Saxxon\u00a0SAXR2657\u00a0es idea para el control de acceso vehicular y es utilizada en Corporativos, Fraccionamientos, hoteles, cualquier soluci\u00f3n que requiera controlar el paso vehicular. El modelo SAXR2657 es un producto industrial adecuado para aplicaciones de exterior, con una ganancia de 30DBi. Cuenta&hellip;<\/p>\n","protected":false},"featured_media":8411,"comment_status":"open","ping_status":"closed","template":"","meta":{"om_disable_all_campaigns":false,"_monsterinsights_skip_tracking":false,"_monsterinsights_sitenote_active":false,"_monsterinsights_sitenote_note":"","_monsterinsights_sitenote_category":0},"product_brand":[],"product_cat":[789],"product_tag":[81,727,730,66,731,728,729],"class_list":{"0":"post-8412","1":"product","2":"type-product","3":"status-publish","4":"has-post-thumbnail","6":"product_cat-lectoras-de-largo-alcance-control-acceso-vehicular-saxxon-acceso-asistencia","7":"product_tag-acceso-y-asistencia","8":"product_tag-cerraduras","9":"product_tag-commax-wulian","10":"product_tag-dahua","11":"product_tag-wejoin","12":"product_tag-yli","13":"product_tag-zkteco","15":"first","16":"instock","17":"sale","18":"taxable","19":"shipping-taxable","20":"purchasable","21":"product-type-simple"},"aioseo_notices":[],"_links":{"self":[{"href":"https:\/\/tecsecmty.com\/index.php\/wp-json\/wp\/v2\/product\/8412","targetHints":{"allow":["GET"]}}],"collection":[{"href":"https:\/\/tecsecmty.com\/index.php\/wp-json\/wp\/v2\/product"}],"about":[{"href":"https:\/\/tecsecmty.com\/index.php\/wp-json\/wp\/v2\/types\/product"}],"replies":[{"embeddable":true,"href":"https:\/\/tecsecmty.com\/index.php\/wp-json\/wp\/v2\/comments?post=8412"}],"version-history":[{"count":0,"href":"https:\/\/tecsecmty.com\/index.php\/wp-json\/wp\/v2\/product\/8412\/revisions"}],"wp:featuredmedia":[{"embeddable":true,"href":"https:\/\/tecsecmty.com\/index.php\/wp-json\/wp\/v2\/media\/8411"}],"wp:attachment":[{"href":"https:\/\/tecsecmty.com\/index.php\/wp-json\/wp\/v2\/media?parent=8412"}],"wp:term":[{"taxonomy":"product_brand","embeddable":true,"href":"https:\/\/tecsecmty.com\/index.php\/wp-json\/wp\/v2\/product_brand?post=8412"},{"taxonomy":"product_cat","embeddable":true,"href":"https:\/\/tecsecmty.com\/index.php\/wp-json\/wp\/v2\/product_cat?post=8412"},{"taxonomy":"product_tag","embeddable":true,"href":"https:\/\/tecsecmty.com\/index.php\/wp-json\/wp\/v2\/product_tag?post=8412"}],"curies":[{"name":"wp","href":"https:\/\/api.w.org\/{rel}","templated":true}]}}