{"id":8420,"date":"2023-02-23T22:23:00","date_gmt":"2023-02-24T04:23:00","guid":{"rendered":"https:\/\/tecsecmty.com\/index.php\/producto\/zkteco-df01-tag-doble-frecuencia-uhf-mas-id-compatible-con-zta151001-y-zta151002\/"},"modified":"2023-03-22T23:25:16","modified_gmt":"2023-03-23T05:25:16","slug":"zkteco-df01-tag-doble-frecuencia-uhf-mas-id-compatible-con-zta151001-y-zta151002","status":"publish","type":"product","link":"https:\/\/tecsecmty.com\/index.php\/producto\/zkteco-df01-tag-doble-frecuencia-uhf-mas-id-compatible-con-zta151001-y-zta151002\/","title":{"rendered":"ZKTECO DF01 &#8211; TAG Doble Frecuencia UHF m\u00e1s ID \/ Compatible con ZTA151001 y ZTA151002"},"content":{"rendered":"<div class=\"row aling-items-center padding-bottom-2x\">\n<div class=\"col-lg-12\">\n<h5 class=\"card-title text-center\">Informaci\u00f3n General<\/h5>\n<h1><strong>Descripci\u00f3n<\/strong><\/h1>\n<p><strong>ZK DF01<\/strong>&#8211; Es un Tag ZK de doble frecuencia UHF mas ID, especialmente dise\u00f1ado para ZK UHF lector.\u00a0Esta etiqueta es una tarjeta ultra delgada, f\u00e1cil de llevar, y tiene una distancia de lectura larga, una buena\u00a0elecci\u00f3n para aplicar en la gesti\u00f3n del personal,\u00a0gesti\u00f3n de acceso de veh\u00edculo fijo de larga distancia.<\/p>\n<p><img decoding=\"async\" class=\"overview-center-img-web\" src=\"https:\/\/tvc.mx\/media\/43992\/vanner-ZKTECO-DF01.jpg\" alt=\"\" \/><\/div>\n<\/div>\n<div class=\"row align-items-center padding-bottom-2x\">\n<div class=\"col-md-5 order-md-2\"><img decoding=\"async\" class=\"d-block m-auto img-thumbnail\" src=\"https:\/\/tvc.mx\/media\/166526\/ZKTECO-DF01-TAG-DOBLE-FRECUENCIA-UHF-ID-ESPECIFICACIONES.png\" alt=\" \" \/><\/div>\n<div class=\"col-md-7 order-md-1 text-md-left text-center\">\n<h2>Especificaciones<\/h2>\n<p class=\"text-muted\">\n<p><strong>Modelo<\/strong><\/p>\n<p>DF01 Card<\/p>\n<p><strong>Aplicaciones<\/strong><\/p>\n<p>Gesti\u00f3n de acceso a veh\u00edculos fijos de larga distancia (con el titular de la tarjeta de estacionamiento);Gestion de control de acceso.<\/p>\n<p><strong>Funci\u00f3n<\/strong><\/p>\n<p>Funcion de tarjeta de identificaci\u00f3n y funcion de etiqueta UHF<\/p>\n<p><strong>Frecuencia<\/strong><\/p>\n<p>ID:125 KHz\u00a0\u00a0\u00a0\u00a0\u00a0\u00a0UHF: 860-928 MHz<\/p>\n<p><strong>Protocolo de la interface<\/strong><\/p>\n<p>ID: IOS\/EM4001\u00a0\u00a0\u00a0UHF: EPC global UHF Class1 Gen 2 \/ISO 18000-6C<\/p>\n<p><strong>Chip<\/strong><\/p>\n<p>ID: TK4100\u00a0\u00a0\u00a0\u00a0\u00a0\u00a0UHF: H3(9662)<\/p>\n<p><strong>Estructura de almacenamiento<\/strong><\/p>\n<p>UHFEPC: 96bits; TID: 96bits; User: 51bits; Password: 64 bits<\/p>\n<p><strong>Almacenamiento de datos<\/strong><\/p>\n<p>5 a\u00f1os (solo para el chip)<\/p>\n<p><strong>Proceso de empaque<\/strong><\/p>\n<p>Laminado caliente<\/p>\n<p><strong>Temperatura de trabajo\u00a0<\/strong><\/p>\n<p>-30\u00b0C ~ 55\u00b0C<\/p>\n<p><strong>Temperatura de almacenamiento<\/strong><\/p>\n<p>-10\u00b0C ~ 40\u00b0C<\/p>\n<p><strong>Humedad<\/strong><\/p>\n<p>20%-60%<\/p>\n<p><strong>Dimension<\/strong><\/p>\n<p>85.5*54*0.9mm (+-0.5mm)<\/p>\n<\/div>\n<\/div>\n","protected":false},"excerpt":{"rendered":"<p>Informaci\u00f3n General Descripci\u00f3n ZK DF01&#8211; Es un Tag ZK de doble frecuencia UHF mas ID, especialmente dise\u00f1ado para ZK UHF lector.\u00a0Esta etiqueta es una tarjeta ultra delgada, f\u00e1cil de llevar, y tiene una distancia de lectura larga, una buena\u00a0elecci\u00f3n para aplicar en la gesti\u00f3n del&hellip;<\/p>\n","protected":false},"featured_media":8419,"comment_status":"open","ping_status":"closed","template":"","meta":{"om_disable_all_campaigns":false,"_monsterinsights_skip_tracking":false,"_monsterinsights_sitenote_active":false,"_monsterinsights_sitenote_note":"","_monsterinsights_sitenote_category":0},"product_brand":[],"product_cat":[790],"product_tag":[81,727,730,66,731,728,729],"class_list":{"0":"post-8420","1":"product","2":"type-product","3":"status-publish","4":"has-post-thumbnail","6":"product_cat-lectoras-de-largo-alcance-control-acceso-vehicular-zkteco-acceso-asistencia","7":"product_tag-acceso-y-asistencia","8":"product_tag-cerraduras","9":"product_tag-commax-wulian","10":"product_tag-dahua","11":"product_tag-wejoin","12":"product_tag-yli","13":"product_tag-zkteco","15":"first","16":"instock","17":"sale","18":"taxable","19":"shipping-taxable","20":"purchasable","21":"product-type-simple"},"aioseo_notices":[],"_links":{"self":[{"href":"https:\/\/tecsecmty.com\/index.php\/wp-json\/wp\/v2\/product\/8420","targetHints":{"allow":["GET"]}}],"collection":[{"href":"https:\/\/tecsecmty.com\/index.php\/wp-json\/wp\/v2\/product"}],"about":[{"href":"https:\/\/tecsecmty.com\/index.php\/wp-json\/wp\/v2\/types\/product"}],"replies":[{"embeddable":true,"href":"https:\/\/tecsecmty.com\/index.php\/wp-json\/wp\/v2\/comments?post=8420"}],"version-history":[{"count":0,"href":"https:\/\/tecsecmty.com\/index.php\/wp-json\/wp\/v2\/product\/8420\/revisions"}],"wp:featuredmedia":[{"embeddable":true,"href":"https:\/\/tecsecmty.com\/index.php\/wp-json\/wp\/v2\/media\/8419"}],"wp:attachment":[{"href":"https:\/\/tecsecmty.com\/index.php\/wp-json\/wp\/v2\/media?parent=8420"}],"wp:term":[{"taxonomy":"product_brand","embeddable":true,"href":"https:\/\/tecsecmty.com\/index.php\/wp-json\/wp\/v2\/product_brand?post=8420"},{"taxonomy":"product_cat","embeddable":true,"href":"https:\/\/tecsecmty.com\/index.php\/wp-json\/wp\/v2\/product_cat?post=8420"},{"taxonomy":"product_tag","embeddable":true,"href":"https:\/\/tecsecmty.com\/index.php\/wp-json\/wp\/v2\/product_tag?post=8420"}],"curies":[{"name":"wp","href":"https:\/\/api.w.org\/{rel}","templated":true}]}}