{"id":8426,"date":"2023-02-23T22:23:11","date_gmt":"2023-02-24T04:23:11","guid":{"rendered":"https:\/\/tecsecmty.com\/index.php\/producto\/zkteco-uhf10f-lector-de-tarjetas-uhf-902mhz-928mhz-encriptada-hasta-10-mts-compatible-con-zta582004-y-zta151004-requiere-fuente-tvn0830052\/"},"modified":"2023-03-22T23:25:34","modified_gmt":"2023-03-23T05:25:34","slug":"zkteco-uhf10f-lector-de-tarjetas-uhf-902mhz-928mhz-encriptada-hasta-10-mts-compatible-con-zta582004-y-zta151004-requiere-fuente-tvn0830052","status":"publish","type":"product","link":"https:\/\/tecsecmty.com\/index.php\/producto\/zkteco-uhf10f-lector-de-tarjetas-uhf-902mhz-928mhz-encriptada-hasta-10-mts-compatible-con-zta582004-y-zta151004-requiere-fuente-tvn0830052\/","title":{"rendered":"ZKTECO UHF10F &#8211; Lector de Tarjetas UHF \/ 902MHz &#8211; 928MHz \/ Encriptada \/ Hasta 10 Mts \/ Compatible con ZTA582004 y ZTA151004 \/ Requiere Fuente TVN0830052"},"content":{"rendered":"<div class=\"row aling-items-center padding-bottom-2x\">\n<div class=\"col-lg-12\">\n<h5 class=\"card-title text-center\">Informaci\u00f3n General<\/h5>\n<h1 class=\"ql-align-justify\"><strong>Descripci\u00f3n<\/strong><\/h1>\n<p class=\"ql-align-justify\">El modelo UHF1-10F, pertenece a una nueva generaci\u00f3n de lectores UHF RFID desarrollados por nuestra compa\u00f1\u00eda como soluci\u00f3n a un sistema de estacionamiento.<\/p>\n<p class=\"ql-align-justify\">El dispositivo integra los circuitos m\u00e1s rentables en la industria, la tarjeta de oscilaci\u00f3n adopta un dise\u00f1o integrado de m\u00f3dulo, logrando que la lectora cumpla con los requerimientos t\u00e9cnicos de un sistema de estacionamiento. Adem\u00e1s, tiene las ventajas de un rendimiento de lectura estable, bajo consumo de energ\u00eda, bajas temperaturas, una larga vida \u00fatil y casi nula interferencia externa al igual que protecci\u00f3n IP66.<\/p>\n<p class=\"ql-align-justify\">La lectora est\u00e1 certi\ufb01cada por la FCC, y el marcado CE entre otras certi\ufb01caciones de seguridad.<\/p>\n<h1><\/h1>\n<p><img decoding=\"async\" class=\"overview-center-img-web\" src=\"https:\/\/tvc.mx\/media\/47784\/VANNER-ZKTECO-UHF10F.jpg\" alt=\"\" \/><\/div>\n<\/div>\n<div class=\"row align-items-center padding-bottom-2x\">\n<div class=\"col-md-5 order-md-2\"><img decoding=\"async\" class=\"d-block m-auto img-thumbnail\" src=\"https:\/\/tvc.mx\/media\/47787\/caracteristicas.jpg\" alt=\" \" \/><\/div>\n<div class=\"col-md-7 order-md-1 text-md-left text-center\">\n<h2>Caracter\u00edsticas<\/h2>\n<p class=\"text-muted\">\n<ul data-checked=\"false\">\n<li class=\"ql-align-justify\">Lectura con un alcance de hasta 0-12 metros (ajustable)<\/li>\n<li class=\"ql-align-justify\">Sensibilidad de lectura: modo de lectura de polarizaci\u00f3n dual.<\/li>\n<li class=\"ql-align-justify\">Wiegand 26-Bits (Puede cambiar a 34-Bits v\u00eda software).<\/li>\n<li class=\"ql-align-justify\">Dos modos de trabajo: activaci\u00f3n lectura o lectura permanente.<\/li>\n<li class=\"ql-align-justify\">Equipado con placa de montaje.<\/li>\n<li class=\"ql-align-justify\">A prueba de agua (IP66).<\/li>\n<li class=\"ql-align-justify\">Longitud m\u00e1xima del cable: 100 m.<\/li>\n<li class=\"ql-align-justify\">Reconocimiento de m\u00faltiples etiquetas. Ideal para aplicaciones vehiculares, de personal y de mercanc\u00eda.<\/li>\n<\/ul>\n<p>&nbsp;<\/p>\n<\/div>\n<\/div>\n<hr class=\"padding-bottom-2x\" \/>\n<div class=\"row aling-items-center padding-bottom-2x\">\n<div class=\"col-lg-12\">\n<h5 class=\"card-title text-center\">Especificaciones<\/h5>\n<p class=\"ql-align-justify\"><strong>Modelo\u00a0<\/strong>UHF1-10F<\/p>\n<p class=\"ql-align-justify\"><strong>Dimensiones\u00a0<\/strong>445 x 445 x 70 mm<\/p>\n<p class=\"ql-align-justify\"><strong>Distancia de Lectura\u00a0<\/strong>Ajustable hasta 12 m<\/p>\n<p class=\"ql-align-justify\"><strong>Interfaz de Comunicaci\u00f3n\u00a0<\/strong>Wiegand 26 (Por defecto) \/ Wiegand 34\u00a0USB<\/p>\n<p class=\"ql-align-justify\"><strong>Frecuencia<\/strong>\u00a0902MHz &#8211; 928MHz<\/p>\n<p class=\"ql-align-justify\"><strong>Material\u00a0<\/strong>Cubierta de aluminio, pl\u00e1stico ABS en la antena<\/p>\n<p class=\"ql-align-justify\"><strong>Voltaje de Operaci\u00f3n\u00a0<\/strong>9-12V DC<\/p>\n<p class=\"ql-align-justify\"><strong>Corriente de Trabajo\u00a0<\/strong>150mA (Lectura permanente)<\/p>\n<p class=\"ql-align-justify\"><strong>Temperatura de Operaci\u00f3n\u00a0<\/strong>-20\u00b0C hasta 60\u00b0C<\/p>\n<p class=\"ql-align-justify\"><strong>Protocolo de Interfaz\u00a0<\/strong>EPC global UHF Class 1Gen 2\/ISO 18000-6c<\/p>\n<p class=\"ql-align-justify\"><strong>M\u00faltiple Identificaci\u00f3n de TAG\u00a0<\/strong>&lt;100<\/p>\n<p class=\"ql-align-justify\"><strong>Modo de Trabajo\u00a0<\/strong>&lt;100 Lectura permanente \/ Activaci\u00f3n de lectura<\/p>\n<p class=\"ql-align-justify\"><strong>Entrada \/ Salida de Interfaz\u00a0<\/strong>Soporta activaci\u00f3n externa<\/p>\n<p class=\"ql-align-justify\"><strong>Consumo M\u00e1ximo de Energ\u00eda<\/strong>\u00a0&lt;3W (Salida RF 26dBm, m\u00faltiples tag), &lt;2W (Salida RF 26dBm, tag individual)<\/p>\n<p><img decoding=\"async\" class=\"overview-center-img-web\" src=\"https:\/\/tvc.mx\/media\/47790\/Especificaciones.jpg\" alt=\"\" \/><\/div>\n<\/div>\n","protected":false},"excerpt":{"rendered":"<p>Informaci\u00f3n General Descripci\u00f3n El modelo UHF1-10F, pertenece a una nueva generaci\u00f3n de lectores UHF RFID desarrollados por nuestra compa\u00f1\u00eda como soluci\u00f3n a un sistema de estacionamiento. El dispositivo integra los circuitos m\u00e1s rentables en la industria, la tarjeta de oscilaci\u00f3n adopta un dise\u00f1o integrado de&hellip;<\/p>\n","protected":false},"featured_media":8425,"comment_status":"open","ping_status":"closed","template":"","meta":{"om_disable_all_campaigns":false,"_monsterinsights_skip_tracking":false,"_monsterinsights_sitenote_active":false,"_monsterinsights_sitenote_note":"","_monsterinsights_sitenote_category":0},"product_brand":[],"product_cat":[790],"product_tag":[81,727,730,66,731,728,729],"class_list":{"0":"post-8426","1":"product","2":"type-product","3":"status-publish","4":"has-post-thumbnail","6":"product_cat-lectoras-de-largo-alcance-control-acceso-vehicular-zkteco-acceso-asistencia","7":"product_tag-acceso-y-asistencia","8":"product_tag-cerraduras","9":"product_tag-commax-wulian","10":"product_tag-dahua","11":"product_tag-wejoin","12":"product_tag-yli","13":"product_tag-zkteco","15":"first","16":"instock","17":"sale","18":"taxable","19":"shipping-taxable","20":"purchasable","21":"product-type-simple"},"aioseo_notices":[],"_links":{"self":[{"href":"https:\/\/tecsecmty.com\/index.php\/wp-json\/wp\/v2\/product\/8426","targetHints":{"allow":["GET"]}}],"collection":[{"href":"https:\/\/tecsecmty.com\/index.php\/wp-json\/wp\/v2\/product"}],"about":[{"href":"https:\/\/tecsecmty.com\/index.php\/wp-json\/wp\/v2\/types\/product"}],"replies":[{"embeddable":true,"href":"https:\/\/tecsecmty.com\/index.php\/wp-json\/wp\/v2\/comments?post=8426"}],"version-history":[{"count":0,"href":"https:\/\/tecsecmty.com\/index.php\/wp-json\/wp\/v2\/product\/8426\/revisions"}],"wp:featuredmedia":[{"embeddable":true,"href":"https:\/\/tecsecmty.com\/index.php\/wp-json\/wp\/v2\/media\/8425"}],"wp:attachment":[{"href":"https:\/\/tecsecmty.com\/index.php\/wp-json\/wp\/v2\/media?parent=8426"}],"wp:term":[{"taxonomy":"product_brand","embeddable":true,"href":"https:\/\/tecsecmty.com\/index.php\/wp-json\/wp\/v2\/product_brand?post=8426"},{"taxonomy":"product_cat","embeddable":true,"href":"https:\/\/tecsecmty.com\/index.php\/wp-json\/wp\/v2\/product_cat?post=8426"},{"taxonomy":"product_tag","embeddable":true,"href":"https:\/\/tecsecmty.com\/index.php\/wp-json\/wp\/v2\/product_tag?post=8426"}],"curies":[{"name":"wp","href":"https:\/\/api.w.org\/{rel}","templated":true}]}}