{"id":8428,"date":"2023-02-23T22:23:15","date_gmt":"2023-02-24T04:23:15","guid":{"rendered":"https:\/\/tecsecmty.com\/index.php\/producto\/zkteco-uhf1t1-tarjeta-de-pvc-uhf-frecuencia-915-mhz-grosor-de-0-88-mm-compatible-con-lectoras-modelos-uhf5f-uhf10f-y-u1000f\/"},"modified":"2023-03-22T23:25:34","modified_gmt":"2023-03-23T05:25:34","slug":"zkteco-uhf1t1-tarjeta-de-pvc-uhf-frecuencia-915-mhz-grosor-de-0-88-mm-compatible-con-lectoras-modelos-uhf5f-uhf10f-y-u1000f","status":"publish","type":"product","link":"https:\/\/tecsecmty.com\/index.php\/producto\/zkteco-uhf1t1-tarjeta-de-pvc-uhf-frecuencia-915-mhz-grosor-de-0-88-mm-compatible-con-lectoras-modelos-uhf5f-uhf10f-y-u1000f\/","title":{"rendered":"ZKTECO UHF1T1 &#8211; Tarjeta de PVC UHF \/ Frecuencia 915 Mhz \/ Grosor de 0.88 mm \/ Compatible con Lectoras Modelos UHF5F, UHF10F y U1000F"},"content":{"rendered":"<div class=\"row aling-items-center padding-bottom-2x\">\n<div class=\"col-lg-12\">\n<h5 class=\"card-title text-center\">Informaci\u00f3n General<\/h5>\n<h1><strong>Descripci\u00f3n<\/strong><\/h1>\n<h5><strong>Tarjeta con numero foliado, sin contacto de largo alcance ZKTeco UHF1T<\/strong>1<\/h5>\n<p>La tarjeta ZK UHF1T1 es un identificador UHF, colocado en una caja de pl\u00e1stico de 0,8 mm de grosor, lo que simplifica su transporte. La tarjeta es compatible con los lectores ZKTeco UHF utilizados para la automatizaci\u00f3n del estacionamiento, operaciones de almac\u00e9n sin contacto y soluciones log\u00edsticas. La tarjeta tiene un alto nivel de seguridad, velocidad de lectura y sensibilidad.<\/p>\n<p><strong>UHF1T1<\/strong>\u00a0adopta un chip codificado de frecuencia ultra alta, especialmente dise\u00f1ado para ZK UHF\u00a0lector. Esta etiqueta es una tarjeta ultra delgada, f\u00e1cil de llevar, y tiene una distancia de lectura larga, una buena\u00a0elecci\u00f3n para aplicar en la gesti\u00f3n del personal.<\/p>\n<p><img decoding=\"async\" class=\"overview-center-img-web\" src=\"https:\/\/tvc.mx\/media\/43908\/UHFTag1-vanner.jpg\" alt=\"\" \/><\/div>\n<\/div>\n<div class=\"row align-items-center padding-bottom-2x\">\n<div class=\"col-md-5 order-md-2\"><img decoding=\"async\" class=\"d-block m-auto img-thumbnail\" src=\"https:\/\/tvc.mx\/media\/43920\/Caracteristicas.jpg\" alt=\" \" \/><\/div>\n<div class=\"col-md-7 order-md-1 text-md-left text-center\">\n<h2>Caracter\u00edsticas<\/h2>\n<p class=\"text-muted\">\n<ul data-checked=\"false\">\n<li>Alta seguridad<\/li>\n<li>Tasa de lectura alta<\/li>\n<li>Alta sensibilidad a los chips<\/li>\n<li>Estructura de almacenamiento flexible<\/li>\n<\/ul>\n<h2>Aplicaciones T\u00edpicas<\/h2>\n<ul>\n<li class=\"ql-align-justify\">Otra gesti\u00f3n especial<\/li>\n<li class=\"ql-align-justify\">Identificaci\u00f3n sin contacto de corto alcance<\/li>\n<li class=\"ql-align-justify\">Sistema inteligente de informaci\u00f3n de datos Solicitud<\/li>\n<\/ul>\n<h1><strong>Especificaciones<\/strong><\/h1>\n<p><strong>Modelo<\/strong><\/p>\n<p>UHF1-Tag1<\/p>\n<p><strong>Frecuencia de trabajo<\/strong><\/p>\n<p>860 ~ 928MHz<\/p>\n<p><strong>Distancia de lectura<\/strong><\/p>\n<p>Hasta 10 metros para UHF1-10E y UHF1-10F (Determinado por el entorno y el lector)<\/p>\n<p><strong>Protocolo<\/strong><\/p>\n<p>ISO18000-6C<\/p>\n<p><strong>Capacidad de memoria<\/strong><\/p>\n<p>800 bits<\/p>\n<p><strong>Chip UID<\/strong><\/p>\n<p>64 bytes<\/p>\n<p><strong>Estructura de almacenamiento<\/strong><\/p>\n<p>EPC: 96 bits; TID: 96 bits; Usuario: 512 bits; Contrase\u00f1a: 64 bits<\/p>\n<p><strong>Almacenamiento de datos<\/strong><\/p>\n<p>5 a\u00f1os (solo para chip)<\/p>\n<p><strong>Temperatura de trabajo<\/strong><\/p>\n<p>-30 \u2103 ~ 55 \u2103<\/p>\n<p><strong>Temperatura de almacenamiento<\/strong><\/p>\n<p>-10 \u2103 ~ 40 \u2103<\/p>\n<p><strong>Humedad de almacenamiento<\/strong><\/p>\n<p>40% -50% HR<\/p>\n<p><strong>Dimensi\u00f3n<\/strong><\/p>\n<p>85mm * 54mm * 0.8mm \uff08error \u00b1 0.06mm)<\/p>\n<p><strong>Proceso de embalaje<\/strong><\/p>\n<p>laminado en caliente<\/p>\n<h2><strong>Nota:<\/strong><\/h2>\n<p>1. Para obtener el mejor rendimiento de reconocimiento, mantenga la direcci\u00f3n de la etiqueta igual que la direcci\u00f3n de polarizaci\u00f3n\u00a0\u00a0de la antena al usarla (Observaciones: debe sostener la tarjeta horizontalmente al deslizarla).<\/p>\n<p>2. La temperatura de trabajo debe estar dentro del rango permitido; de lo contrario, el producto podr\u00eda funcionar de manera anormal.<\/p>\n<p>3. La temperatura de almacenamiento y la humedad deben estar dentro del rango permitido, de lo contrario reducir\u00e1 la vida \u00fatil del producto.<\/p>\n<p>4. La distancia desde el producto de 30 mm no debe tener un campo el\u00e9ctrico o una corriente fuerte, lo que puede causar interferencia<\/p>\n<p>al producto<\/p>\n<p>5. La distancia desde el producto de 30 mm no debe tener objetos met\u00e1licos, lo que puede hacer que el producto funcione de manera anormal.<\/p>\n<p>6. No aplique fuerza externa para doblar o deformar el producto, lo que puede hacer que las l\u00edneas internas del producto se rompan y no funcionen.<\/p>\n<p>7. El producto debe mantenerse alejado del campo magn\u00e9tico para su almacenamiento para evitar la p\u00e9rdida de datos.<\/p>\n<p>8. Los productos no deben colocarse en un ambiente \u00e1cido o alcalino fuerte, lo que causar\u00e1 da\u00f1os graves al producto.<\/p>\n<\/div>\n<\/div>\n","protected":false},"excerpt":{"rendered":"<p>Informaci\u00f3n General Descripci\u00f3n Tarjeta con numero foliado, sin contacto de largo alcance ZKTeco UHF1T1 La tarjeta ZK UHF1T1 es un identificador UHF, colocado en una caja de pl\u00e1stico de 0,8 mm de grosor, lo que simplifica su transporte. La tarjeta es compatible con los lectores&hellip;<\/p>\n","protected":false},"featured_media":8427,"comment_status":"open","ping_status":"closed","template":"","meta":{"om_disable_all_campaigns":false,"_monsterinsights_skip_tracking":false,"_monsterinsights_sitenote_active":false,"_monsterinsights_sitenote_note":"","_monsterinsights_sitenote_category":0},"product_brand":[],"product_cat":[790],"product_tag":[81,727,730,66,731,728,729],"class_list":{"0":"post-8428","1":"product","2":"type-product","3":"status-publish","4":"has-post-thumbnail","6":"product_cat-lectoras-de-largo-alcance-control-acceso-vehicular-zkteco-acceso-asistencia","7":"product_tag-acceso-y-asistencia","8":"product_tag-cerraduras","9":"product_tag-commax-wulian","10":"product_tag-dahua","11":"product_tag-wejoin","12":"product_tag-yli","13":"product_tag-zkteco","15":"first","16":"instock","17":"sale","18":"taxable","19":"shipping-taxable","20":"purchasable","21":"product-type-simple"},"aioseo_notices":[],"_links":{"self":[{"href":"https:\/\/tecsecmty.com\/index.php\/wp-json\/wp\/v2\/product\/8428","targetHints":{"allow":["GET"]}}],"collection":[{"href":"https:\/\/tecsecmty.com\/index.php\/wp-json\/wp\/v2\/product"}],"about":[{"href":"https:\/\/tecsecmty.com\/index.php\/wp-json\/wp\/v2\/types\/product"}],"replies":[{"embeddable":true,"href":"https:\/\/tecsecmty.com\/index.php\/wp-json\/wp\/v2\/comments?post=8428"}],"version-history":[{"count":0,"href":"https:\/\/tecsecmty.com\/index.php\/wp-json\/wp\/v2\/product\/8428\/revisions"}],"wp:featuredmedia":[{"embeddable":true,"href":"https:\/\/tecsecmty.com\/index.php\/wp-json\/wp\/v2\/media\/8427"}],"wp:attachment":[{"href":"https:\/\/tecsecmty.com\/index.php\/wp-json\/wp\/v2\/media?parent=8428"}],"wp:term":[{"taxonomy":"product_brand","embeddable":true,"href":"https:\/\/tecsecmty.com\/index.php\/wp-json\/wp\/v2\/product_brand?post=8428"},{"taxonomy":"product_cat","embeddable":true,"href":"https:\/\/tecsecmty.com\/index.php\/wp-json\/wp\/v2\/product_cat?post=8428"},{"taxonomy":"product_tag","embeddable":true,"href":"https:\/\/tecsecmty.com\/index.php\/wp-json\/wp\/v2\/product_tag?post=8428"}],"curies":[{"name":"wp","href":"https:\/\/api.w.org\/{rel}","templated":true}]}}