{"id":8444,"date":"2023-02-23T22:23:32","date_gmt":"2023-02-24T04:23:32","guid":{"rendered":"https:\/\/tecsecmty.com\/index.php\/producto\/wjpkm202p-paquete-de-motor-para-puerta-deslizante-soporta-hasta-1800-kg-incluye-motor-modelo-wjpkmp202-3-metros-de-cremallera-modelo-wjkjct-y-accesorios-de-fijacion\/"},"modified":"2023-03-22T23:24:56","modified_gmt":"2023-03-23T05:24:56","slug":"wjpkm202p-paquete-de-motor-para-puerta-deslizante-soporta-hasta-1800-kg-incluye-motor-modelo-wjpkmp202-3-metros-de-cremallera-modelo-wjkjct-y-accesorios-de-fijacion","status":"publish","type":"product","link":"https:\/\/tecsecmty.com\/index.php\/producto\/wjpkm202p-paquete-de-motor-para-puerta-deslizante-soporta-hasta-1800-kg-incluye-motor-modelo-wjpkmp202-3-metros-de-cremallera-modelo-wjkjct-y-accesorios-de-fijacion\/","title":{"rendered":"WJPKM202P &#8211; Paquete de motor para puerta deslizante soporta hasta 1800 kg \/ Incluye motor modelo WJPKMP202 \/ 3 metros de cremallera modelo WJKJCT y accesorios de fijaci\u00f3n"},"content":{"rendered":"<div class=\"row aling-items-center padding-bottom-2x\">\n<div class=\"col-lg-12\">\n<h5 class=\"card-title text-center\">Informaci\u00f3n General<\/h5>\n<h4><strong>Descripci\u00f3n<\/strong><\/h4>\n<h5><strong>WJPKMP202<\/strong>\u00a0&#8211; Motor para puerta deslizante \/ Soporta hasta 1800 Kg \/ Control remoto 418 Mhz \/ Limites f\u00edsicos<\/h5>\n<p>Este es un motor operador convencional para puertas corredizas, con un nuevo dise\u00f1o de marca, nueva estructura de embrague de marca,\u00a0nuevo dise\u00f1o exterior nueva t\u00e9cnica de control haciendo el motor m\u00e1s human\u00edstico.<\/p>\n<p>Adem\u00e1s, el dise\u00f1o electromec\u00e1nico integrado y el aspecto aerodin\u00e1mico, hacen de nuestro producto que tenga un aspecto\u00a0m\u00e1s moderno y elegante.<\/p>\n<h4><strong>Cremallera<\/strong><\/h4>\n<h5>WEJOIN WJKJCT<\/h5>\n<p>Cremallera para motor deslizante Wejoin.<\/p>\n<p>Incluye tornillos de fijaci\u00f3n<\/p>\n<p><img decoding=\"async\" class=\"overview-center-img-web\" src=\"https:\/\/tvc.mx\/media\/358079\/Paquete-de-Motor-para-Puerta-Deslizante-Descripci%C3%B3n-WJKMP202P-WEJOIN.png\" alt=\"\" \/><\/div>\n<\/div>\n<div class=\"row align-items-center padding-bottom-2x\">\n<div class=\"col-md-5 order-md-2\"><img decoding=\"async\" class=\"d-block m-auto img-thumbnail\" src=\"https:\/\/tvc.mx\/media\/349767\/Paquete-de-Motor-para-Puerta-Deslizante-Caracter%C3%ADsticas-WJKMP202P-WEJOIN.png\" alt=\" \" \/><\/div>\n<div class=\"col-md-7 order-md-1 text-md-left text-center\">\n<h2>Caracter\u00edsticas<\/h2>\n<p class=\"text-muted\">\n<ul>\n<li class=\"ql-align-justify\">Estructura integrada de la mec\u00e1nica y electr\u00f3nica.<\/li>\n<li class=\"ql-align-justify\">Arranque electr\u00f3nico suave.<\/li>\n<li class=\"ql-align-justify\">Restricci\u00f3n autom\u00e1tica cuando se re\u00fane con obst\u00e1culos<\/li>\n<li class=\"ql-align-justify\">Bloquea la prueba y restringe en autom\u00e1tico la toma.<\/li>\n<li class=\"ql-align-justify\">Las funciones de abrir, cerrar y detener son controladas mediante control remoto o l\u00ednea cableada.<\/li>\n<li class=\"ql-align-justify\">Prueba de bloqueo (foto celda)<\/li>\n<li class=\"ql-align-justify\">Enchufe de la luz de alarma (Luz estrobosc\u00f3pica Seculight 110V ca 60Hz)<\/li>\n<li class=\"ql-align-justify\">L\u00ednea de control y controles remotos son opcionales.<\/li>\n<li class=\"ql-align-justify\">Funci\u00f3n inteligente de calefacci\u00f3n autom\u00e1tica.<\/li>\n<li class=\"ql-align-justify\">Autom\u00e1ticamente incrementa la temperatura cuando esta se encuentra por debajo de los 0 grados.<\/li>\n<\/ul>\n<p><strong>&#8211; Incluye 2 Controles remotos programables por puntos de soldadura<\/strong><\/p>\n<p><strong>&#8211; Incluye 3 metros de cremallera con tornillos de fijaci\u00f3n.<\/strong><\/p>\n<h4><strong>Instalaci\u00f3n de la cremallera.<\/strong><\/h4>\n<p>Coloque el engranaje de la cremallera mirando hacia el\u00a0piso y hacer que coincida con el engrane del motor. Adjunte la cremallera a la puerta con los tornillos. Empuje la puerta y aseg\u00farese que se mueva por completo. Despu\u00e9s de validar que la puerta se mueva suavemente todo el recorrido, fije la cremallera a la puerta.\u00a0La cremallera usualmente se instala pieza por pieza.\u00a0Para evitar el tramado o\u00a0el bloqueo, por favor ajuste la separaci\u00f3n de la cremallera. Sugerimos una forma:\u00a0fije el estante 1 y 2, despu\u00e9s ajuste los 2\u00a0estantes y con el peque\u00f1o ajuste a los otros 2.<\/p>\n<\/div>\n<\/div>\n","protected":false},"excerpt":{"rendered":"<p>Informaci\u00f3n General Descripci\u00f3n WJPKMP202\u00a0&#8211; Motor para puerta deslizante \/ Soporta hasta 1800 Kg \/ Control remoto 418 Mhz \/ Limites f\u00edsicos Este es un motor operador convencional para puertas corredizas, con un nuevo dise\u00f1o de marca, nueva estructura de embrague de marca,\u00a0nuevo dise\u00f1o exterior nueva&hellip;<\/p>\n","protected":false},"featured_media":8443,"comment_status":"open","ping_status":"closed","template":"","meta":{"om_disable_all_campaigns":false,"_monsterinsights_skip_tracking":false,"_monsterinsights_sitenote_active":false,"_monsterinsights_sitenote_note":"","_monsterinsights_sitenote_category":0},"product_brand":[],"product_cat":[791],"product_tag":[81,727,730,66,731,728,729],"class_list":{"0":"post-8444","1":"product","2":"type-product","3":"status-publish","4":"has-post-thumbnail","6":"product_cat-motores-para-portones","7":"product_tag-acceso-y-asistencia","8":"product_tag-cerraduras","9":"product_tag-commax-wulian","10":"product_tag-dahua","11":"product_tag-wejoin","12":"product_tag-yli","13":"product_tag-zkteco","15":"first","16":"instock","17":"sale","18":"taxable","19":"shipping-taxable","20":"purchasable","21":"product-type-simple"},"aioseo_notices":[],"_links":{"self":[{"href":"https:\/\/tecsecmty.com\/index.php\/wp-json\/wp\/v2\/product\/8444","targetHints":{"allow":["GET"]}}],"collection":[{"href":"https:\/\/tecsecmty.com\/index.php\/wp-json\/wp\/v2\/product"}],"about":[{"href":"https:\/\/tecsecmty.com\/index.php\/wp-json\/wp\/v2\/types\/product"}],"replies":[{"embeddable":true,"href":"https:\/\/tecsecmty.com\/index.php\/wp-json\/wp\/v2\/comments?post=8444"}],"version-history":[{"count":0,"href":"https:\/\/tecsecmty.com\/index.php\/wp-json\/wp\/v2\/product\/8444\/revisions"}],"wp:featuredmedia":[{"embeddable":true,"href":"https:\/\/tecsecmty.com\/index.php\/wp-json\/wp\/v2\/media\/8443"}],"wp:attachment":[{"href":"https:\/\/tecsecmty.com\/index.php\/wp-json\/wp\/v2\/media?parent=8444"}],"wp:term":[{"taxonomy":"product_brand","embeddable":true,"href":"https:\/\/tecsecmty.com\/index.php\/wp-json\/wp\/v2\/product_brand?post=8444"},{"taxonomy":"product_cat","embeddable":true,"href":"https:\/\/tecsecmty.com\/index.php\/wp-json\/wp\/v2\/product_cat?post=8444"},{"taxonomy":"product_tag","embeddable":true,"href":"https:\/\/tecsecmty.com\/index.php\/wp-json\/wp\/v2\/product_tag?post=8444"}],"curies":[{"name":"wp","href":"https:\/\/api.w.org\/{rel}","templated":true}]}}