{"id":8446,"date":"2023-02-23T22:23:33","date_gmt":"2023-02-24T04:23:33","guid":{"rendered":"https:\/\/tecsecmty.com\/index.php\/producto\/zkteco-grm08-cremallera-para-motor-deslizante-zkteco-y-wejoin-serie-zksl800-y-zksl1500-wjpkmp202-1-metro-incluye-accesorios-de-fijacion\/"},"modified":"2023-03-22T23:25:21","modified_gmt":"2023-03-23T05:25:21","slug":"zkteco-grm08-cremallera-para-motor-deslizante-zkteco-y-wejoin-serie-zksl800-y-zksl1500-wjpkmp202-1-metro-incluye-accesorios-de-fijacion","status":"publish","type":"product","link":"https:\/\/tecsecmty.com\/index.php\/producto\/zkteco-grm08-cremallera-para-motor-deslizante-zkteco-y-wejoin-serie-zksl800-y-zksl1500-wjpkmp202-1-metro-incluye-accesorios-de-fijacion\/","title":{"rendered":"ZKTECO GRM08 &#8211; Cremallera para motor deslizante ZKTECO y Wejoin serie ZKSL800 Y ZKSL1500 \/ WJPKMP202 \/1 Metro \/ Incluye accesorios de fijacion"},"content":{"rendered":"<div class=\"row aling-items-center padding-bottom-2x\">\n<div class=\"col-lg-12\">\n<h5 class=\"card-title text-center\">Informaci\u00f3n General<\/h5>\n<h4><strong>Descripci\u00f3n<\/strong><\/h4>\n<p>Este producto met\u00e1lico es para el motor deslizante\u00a0ZKSL800AC\u00a0de 1.2 Metro e Incluye tornillos de fijaci\u00f3n M4. 8.8<\/p>\n<p><img decoding=\"async\" class=\"overview-center-img-web\" src=\"https:\/\/tvc.mx\/media\/498808\/Cremallera-para-Motor-Deslizante-Descripci%C3%B3n-DRM08-ZKTECO.png\" alt=\"\" \/><\/div>\n<\/div>\n<div class=\"row aling-items-center padding-bottom-2x\">\n<div class=\"col-lg-12\">\n<h5 class=\"card-title text-center\">Alineaci\u00f3n de motor y cremallera<\/h5>\n<ul>\n<li>Aseg\u00farese de que el engranaje de salida tenga una holgura m\u00ednima de 1 a 2 mm en toda la longitud de la cremallera instalada en la cancela.<\/li>\n<li>Aseg\u00farese de que el engranaje de salida y la cremallera est\u00e9n correctamente alineados. Bajo ninguna circunstancia el engranaje de salida del abridor de portones debe cargar con el peso del port\u00f3n. Es tarea de las ruedas o ruedas de la puerta soportar el peso de la puerta.<\/li>\n<li>Si la puerta no se desliza libremente con la mano, ajuste la altura de la cremallera en consecuencia hasta que toda la longitud de la puerta se deslice libremente con la mano.<\/li>\n<\/ul>\n<p><img decoding=\"async\" class=\"overview-center-img-web\" src=\"https:\/\/tvc.mx\/media\/498820\/Cremallera-para-Motor-Deslizante-Funci%C3%B3n-DRM08-ZKTECO.png\" alt=\"\" \/><\/div>\n<\/div>\n","protected":false},"excerpt":{"rendered":"<p>Informaci\u00f3n General Descripci\u00f3n Este producto met\u00e1lico es para el motor deslizante\u00a0ZKSL800AC\u00a0de 1.2 Metro e Incluye tornillos de fijaci\u00f3n M4. 8.8 Alineaci\u00f3n de motor y cremallera Aseg\u00farese de que el engranaje de salida tenga una holgura m\u00ednima de 1 a 2 mm en toda la longitud&hellip;<\/p>\n","protected":false},"featured_media":8445,"comment_status":"open","ping_status":"closed","template":"","meta":{"om_disable_all_campaigns":false,"_monsterinsights_skip_tracking":false,"_monsterinsights_sitenote_active":false,"_monsterinsights_sitenote_note":"","_monsterinsights_sitenote_category":0},"product_brand":[],"product_cat":[792],"product_tag":[81,727,730,66,731,728,729],"class_list":{"0":"post-8446","1":"product","2":"type-product","3":"status-publish","4":"has-post-thumbnail","6":"product_cat-motores-para-portones-control-acceso-vehicular-zkteco-acceso-asistencia","7":"product_tag-acceso-y-asistencia","8":"product_tag-cerraduras","9":"product_tag-commax-wulian","10":"product_tag-dahua","11":"product_tag-wejoin","12":"product_tag-yli","13":"product_tag-zkteco","15":"first","16":"instock","17":"sale","18":"taxable","19":"shipping-taxable","20":"purchasable","21":"product-type-simple"},"aioseo_notices":[],"_links":{"self":[{"href":"https:\/\/tecsecmty.com\/index.php\/wp-json\/wp\/v2\/product\/8446","targetHints":{"allow":["GET"]}}],"collection":[{"href":"https:\/\/tecsecmty.com\/index.php\/wp-json\/wp\/v2\/product"}],"about":[{"href":"https:\/\/tecsecmty.com\/index.php\/wp-json\/wp\/v2\/types\/product"}],"replies":[{"embeddable":true,"href":"https:\/\/tecsecmty.com\/index.php\/wp-json\/wp\/v2\/comments?post=8446"}],"version-history":[{"count":0,"href":"https:\/\/tecsecmty.com\/index.php\/wp-json\/wp\/v2\/product\/8446\/revisions"}],"wp:featuredmedia":[{"embeddable":true,"href":"https:\/\/tecsecmty.com\/index.php\/wp-json\/wp\/v2\/media\/8445"}],"wp:attachment":[{"href":"https:\/\/tecsecmty.com\/index.php\/wp-json\/wp\/v2\/media?parent=8446"}],"wp:term":[{"taxonomy":"product_brand","embeddable":true,"href":"https:\/\/tecsecmty.com\/index.php\/wp-json\/wp\/v2\/product_brand?post=8446"},{"taxonomy":"product_cat","embeddable":true,"href":"https:\/\/tecsecmty.com\/index.php\/wp-json\/wp\/v2\/product_cat?post=8446"},{"taxonomy":"product_tag","embeddable":true,"href":"https:\/\/tecsecmty.com\/index.php\/wp-json\/wp\/v2\/product_tag?post=8446"}],"curies":[{"name":"wp","href":"https:\/\/api.w.org\/{rel}","templated":true}]}}