{"id":8448,"date":"2023-02-23T22:23:37","date_gmt":"2023-02-24T04:23:37","guid":{"rendered":"https:\/\/tecsecmty.com\/index.php\/producto\/zkteco-zksl800ac-motor-para-puerta-deslizante-peso-maximo-800-kg-370w-110-vca-compatible-con-cremallera-wejoin-wjkjct-clave-77310\/"},"modified":"2023-03-22T23:25:40","modified_gmt":"2023-03-23T05:25:40","slug":"zkteco-zksl800ac-motor-para-puerta-deslizante-peso-maximo-800-kg-370w-110-vca-compatible-con-cremallera-wejoin-wjkjct-clave-77310","status":"publish","type":"product","link":"https:\/\/tecsecmty.com\/index.php\/producto\/zkteco-zksl800ac-motor-para-puerta-deslizante-peso-maximo-800-kg-370w-110-vca-compatible-con-cremallera-wejoin-wjkjct-clave-77310\/","title":{"rendered":"ZKTECO ZKSL800AC &#8211; Motor para puerta deslizante \/ peso maximo 800 Kg \/ 370W 110 VCA \/ Compatible con Cremallera WEJOIN WJKJCT Clave 77310"},"content":{"rendered":"<div class=\"row aling-items-center padding-bottom-2x\">\n<div class=\"col-lg-12\">\n<h5 class=\"card-title text-center\">Informaci\u00f3n General<\/h5>\n<h4><strong>Descripci\u00f3n<\/strong><\/h4>\n<p class=\"ql-align-justify\"><strong>ZKSL800AC<\/strong>\u00a0es un abridor de puertas corredizas motorizado dise\u00f1ado para puertas corredizas comerciales\u00a0 industriales de servicio pesado de hasta un peso m\u00e1ximo de 800 kg. El motor duradero y fiable fabricado con\u00a0 alambre de cobre puro ofrece un rendimiento superior. El sistema duradero proporciona una larga vida \u00fatil con\u00a0 requisitos m\u00ednimos de mantenimiento.<\/p>\n<p class=\"ql-align-justify\">Adecuado para todo tipo de portones corredizos y perfecto para portones de entrada de veh\u00edculos hechos de acero, madera, vinilo y con forma de tubo, panel y eslab\u00f3n de cadena. La aplicaci\u00f3n t\u00edpica incluye residencial, comercial y patio. F\u00e1cil instalaci\u00f3n\u00a0de bricolaje con herramientas com\u00fanmente disponibles, sin soldadura adicional. Para su tranquilidad, se incluyen el hardware de montaje completo y las instrucciones f\u00e1ciles de seguir. Toda la instalaci\u00f3n lleva solo unas pocas horas.<\/p>\n<p class=\"ql-align-justify\">Durante un corte de energ\u00eda, puede liberar el control del motor y realizar la apertura manual de la puerta. El\u00a0<strong>ZKSL800AC<\/strong>\u00a0con una variedad de funciones, puede cerrar autom\u00e1ticamente la puerta de acuerdo con el tiempo establecido despu\u00e9s de abrir\u00a0la puerta y realizar un arranque y parada lentos a trav\u00e9s del tablero de control inteligente.<\/p>\n<h4 class=\"ql-align-justify\"><\/h4>\n<p><img decoding=\"async\" class=\"overview-center-img-web\" src=\"https:\/\/tvc.mx\/media\/570263\/Motor-para-Puerta-Deslizante-800Kg-110V-Descripci%C3%B3n-ZKLS800AC-ZKTECO.png\" alt=\"\" \/><\/p>\n<\/div>\n<\/div>\n<div class=\"row align-items-center padding-bottom-2x\">\n<div class=\"col-md-5 order-md-2\"><img decoding=\"async\" class=\"d-block m-auto img-thumbnail\" src=\"https:\/\/tvc.mx\/media\/498840\/Motor-para-Puerta-Deslizante-800Kg-110V-Caracter%C3%ADsticas-ZKLS800AC-ZKTECO.png\" alt=\" \" \/><\/div>\n<div class=\"col-md-7 order-md-1 text-md-left text-center\">\n<h2>Caracter\u00edsticas<\/h2>\n<p><strong>Fiabilidad<\/strong><\/p>\n<ul>\n<li>\u00b7El abridor de puerta corrediza motorizado ZKSL800AC cumple con los m\u00e1s altos est\u00e1ndares de seguridad.<\/li>\n<li>Motor de CA de alta calidad<\/li>\n<li>Simplifique la estructura y la conexi\u00f3n, f\u00e1cil de mantener.<\/li>\n<\/ul>\n<p>Multifunci\u00f3n<\/p>\n<ul>\n<li>Luces de alarma externas, dispositivos infrarrojos y otros equipos de seguridad.<\/li>\n<li>El sistema de control de acceso se puede conectar para realizar la identificaci\u00f3n autom\u00e1tica y el control de acceso.<\/li>\n<\/ul>\n<p>&nbsp;<\/p>\n<\/div>\n<\/div>\n<hr class=\"padding-bottom-2x\" \/>\n<div class=\"row align-items-center padding-bottom-2x\">\n<div class=\"col-md-5\"><img decoding=\"async\" class=\"d-block m-auto img-thumbnail\" src=\"https:\/\/tvc.mx\/media\/498842\/Motor-para-Puerta-Deslizante-800Kg-110V-Especificaciones-ZKLS800AC-ZKTECO.png\" alt=\" \" \/><\/div>\n<div class=\"col-md-7 text-md-left text-center\">\n<h2>Especificaciones T\u00e9cnicas<\/h2>\n<ul>\n<li><strong>Alimentaci\u00f3n:<\/strong>\u00a0110VAC \/ 60Hz<\/li>\n<li><strong>Peso m\u00e1ximo:<\/strong>\u00a0800kg<\/li>\n<li><strong>Potencia de funcionamiento:<\/strong>\u00a0370W<\/li>\n<li><strong>Altura del eje de salida:<\/strong>\u00a050mm<\/li>\n<li><strong>Velocidad de apertura:<\/strong>\u00a011mts por minuto<\/li>\n<li><strong>L\u00edmite de carrera:<\/strong>\u00a0Esfera de resorte y acero magn\u00e9tico.<\/li>\n<li><strong>Ruido:<\/strong>\u00a0\u226460dB<\/li>\n<li><strong>Temperatura de trabajo:<\/strong>\u00a0&#8211; 20\u2103-70\u2103<\/li>\n<li><strong>Dimensi\u00f3n:\u00a0<\/strong>271*228*280(mil\u00edmetro\uff09<\/li>\n<li><strong>Dimensi\u00f3n con embalaje:<\/strong>\u00a0345*285*360 (mm)<\/li>\n<li><strong>Peso:<\/strong>\u00a013 Kg<\/li>\n<\/ul>\n<\/div>\n<\/div>\n","protected":false},"excerpt":{"rendered":"<p>Informaci\u00f3n General Descripci\u00f3n ZKSL800AC\u00a0es un abridor de puertas corredizas motorizado dise\u00f1ado para puertas corredizas comerciales\u00a0 industriales de servicio pesado de hasta un peso m\u00e1ximo de 800 kg. El motor duradero y fiable fabricado con\u00a0 alambre de cobre puro ofrece un rendimiento superior. El sistema duradero&hellip;<\/p>\n","protected":false},"featured_media":8447,"comment_status":"open","ping_status":"closed","template":"","meta":{"om_disable_all_campaigns":false,"_monsterinsights_skip_tracking":false,"_monsterinsights_sitenote_active":false,"_monsterinsights_sitenote_note":"","_monsterinsights_sitenote_category":0},"product_brand":[],"product_cat":[792],"product_tag":[81,727,730,66,731,728,729],"class_list":{"0":"post-8448","1":"product","2":"type-product","3":"status-publish","4":"has-post-thumbnail","6":"product_cat-motores-para-portones-control-acceso-vehicular-zkteco-acceso-asistencia","7":"product_tag-acceso-y-asistencia","8":"product_tag-cerraduras","9":"product_tag-commax-wulian","10":"product_tag-dahua","11":"product_tag-wejoin","12":"product_tag-yli","13":"product_tag-zkteco","15":"first","16":"instock","17":"sale","18":"taxable","19":"shipping-taxable","20":"purchasable","21":"product-type-simple"},"aioseo_notices":[],"_links":{"self":[{"href":"https:\/\/tecsecmty.com\/index.php\/wp-json\/wp\/v2\/product\/8448","targetHints":{"allow":["GET"]}}],"collection":[{"href":"https:\/\/tecsecmty.com\/index.php\/wp-json\/wp\/v2\/product"}],"about":[{"href":"https:\/\/tecsecmty.com\/index.php\/wp-json\/wp\/v2\/types\/product"}],"replies":[{"embeddable":true,"href":"https:\/\/tecsecmty.com\/index.php\/wp-json\/wp\/v2\/comments?post=8448"}],"version-history":[{"count":0,"href":"https:\/\/tecsecmty.com\/index.php\/wp-json\/wp\/v2\/product\/8448\/revisions"}],"wp:featuredmedia":[{"embeddable":true,"href":"https:\/\/tecsecmty.com\/index.php\/wp-json\/wp\/v2\/media\/8447"}],"wp:attachment":[{"href":"https:\/\/tecsecmty.com\/index.php\/wp-json\/wp\/v2\/media?parent=8448"}],"wp:term":[{"taxonomy":"product_brand","embeddable":true,"href":"https:\/\/tecsecmty.com\/index.php\/wp-json\/wp\/v2\/product_brand?post=8448"},{"taxonomy":"product_cat","embeddable":true,"href":"https:\/\/tecsecmty.com\/index.php\/wp-json\/wp\/v2\/product_cat?post=8448"},{"taxonomy":"product_tag","embeddable":true,"href":"https:\/\/tecsecmty.com\/index.php\/wp-json\/wp\/v2\/product_tag?post=8448"}],"curies":[{"name":"wp","href":"https:\/\/api.w.org\/{rel}","templated":true}]}}