{"id":8450,"date":"2023-02-23T22:23:39","date_gmt":"2023-02-24T04:23:39","guid":{"rendered":"https:\/\/tecsecmty.com\/index.php\/producto\/wejoin-wjbc02-gabinete-para-barrera-led-wejoin\/"},"modified":"2023-03-22T23:24:50","modified_gmt":"2023-03-23T05:24:50","slug":"wejoin-wjbc02-gabinete-para-barrera-led-wejoin","status":"publish","type":"product","link":"https:\/\/tecsecmty.com\/index.php\/producto\/wejoin-wjbc02-gabinete-para-barrera-led-wejoin\/","title":{"rendered":"WEJOIN WJBC02 &#8211; GABINETE PARA BARRERA LED WEJOIN"},"content":{"rendered":"<div class=\"row aling-items-center padding-bottom-2x\">\n<div class=\"col-lg-12\">\n<h5 class=\"card-title text-center\">Informaci\u00f3n General<\/h5>\n<h4><strong>Descripci\u00f3n<\/strong><\/h4>\n<p class=\"ql-align-justify\">Los gabinetes de las barreras para estacionamiento est\u00e1n dise\u00f1ados para soportar las inclemencias del tiempo ya que son construidos en acero galvanizado y pintados, tambi\u00e9n se cuenta con las versiones en acero inoxidable, adem\u00e1s de contar con un f\u00e1cil acceso a los tableros de mando que se encuentran al interior y as\u00ed tener un ajuste y mantenimiento f\u00e1cil de realizar. El gabinete Wejoin modelo\u00a0WJBC02\u00a0es de utilidad para reemplazar gabinetes con da\u00f1os severos o golpeados, es compatible con sistemas de barreras Wejoin LED\u00a0de 6 segundos, 3 segundos.<\/p>\n<p>&nbsp;<\/p>\n<p><img decoding=\"async\" class=\"overview-center-img-web\" src=\"https:\/\/tvc.mx\/media\/263787\/Gabinete-para-Barrera-LED-Descripci%C3%B3n-WJBC02-WEJOIN.png\" alt=\"\" \/><\/div>\n<\/div>\n<div class=\"row align-items-center padding-bottom-2x\">\n<div class=\"col-md-5 order-md-2\"><img decoding=\"async\" class=\"d-block m-auto img-thumbnail\" src=\"https:\/\/tvc.mx\/media\/263795\/Gabinete-para-Barrera-LED-Especificaciones-WJBC02-WEJOIN.png\" alt=\" \" \/><\/div>\n<div class=\"col-md-7 order-md-1 text-md-left text-center\">\n<h2>Especificaciones<\/h2>\n<p class=\"text-muted\">\n<p><strong>Modelo:<\/strong>\u00a0\u00a0WJBC02<\/p>\n<p><strong>Tipo de pluma<\/strong>: Recta de forma cuadrada y Octagonal Grande 6mts<\/p>\n<p><strong>Longitud m\u00e1xima de pluma<\/strong>: 3M &#8211; 6M<\/p>\n<p><strong>Tipo de gabinete<\/strong>: gabinete con sem\u00e1foro<\/p>\n<p><strong>Material<\/strong>: Acero inoxidable<\/p>\n<p><strong>Pintura:\u00a0<\/strong>Pintura electroest\u00e1tica<\/p>\n<p><strong>Grado de protecci\u00f3n:<\/strong>\u00a0IP44<\/p>\n<p><strong>Dimensiones:<\/strong>\u00a01030mm x 342mm x 284mm<\/p>\n<\/div>\n<\/div>\n","protected":false},"excerpt":{"rendered":"<p>Informaci\u00f3n General Descripci\u00f3n Los gabinetes de las barreras para estacionamiento est\u00e1n dise\u00f1ados para soportar las inclemencias del tiempo ya que son construidos en acero galvanizado y pintados, tambi\u00e9n se cuenta con las versiones en acero inoxidable, adem\u00e1s de contar con un f\u00e1cil acceso a los&hellip;<\/p>\n","protected":false},"featured_media":8449,"comment_status":"open","ping_status":"closed","template":"","meta":{"om_disable_all_campaigns":false,"_monsterinsights_skip_tracking":false,"_monsterinsights_sitenote_active":false,"_monsterinsights_sitenote_note":"","_monsterinsights_sitenote_category":0},"product_brand":[],"product_cat":[793],"product_tag":[81,727,730,66,731,728,729],"class_list":{"0":"post-8450","1":"product","2":"type-product","3":"status-publish","4":"has-post-thumbnail","6":"product_cat-refacciones-control-acceso-vehicular","7":"product_tag-acceso-y-asistencia","8":"product_tag-cerraduras","9":"product_tag-commax-wulian","10":"product_tag-dahua","11":"product_tag-wejoin","12":"product_tag-yli","13":"product_tag-zkteco","15":"first","16":"instock","17":"sale","18":"taxable","19":"shipping-taxable","20":"purchasable","21":"product-type-simple"},"aioseo_notices":[],"_links":{"self":[{"href":"https:\/\/tecsecmty.com\/index.php\/wp-json\/wp\/v2\/product\/8450","targetHints":{"allow":["GET"]}}],"collection":[{"href":"https:\/\/tecsecmty.com\/index.php\/wp-json\/wp\/v2\/product"}],"about":[{"href":"https:\/\/tecsecmty.com\/index.php\/wp-json\/wp\/v2\/types\/product"}],"replies":[{"embeddable":true,"href":"https:\/\/tecsecmty.com\/index.php\/wp-json\/wp\/v2\/comments?post=8450"}],"version-history":[{"count":0,"href":"https:\/\/tecsecmty.com\/index.php\/wp-json\/wp\/v2\/product\/8450\/revisions"}],"wp:featuredmedia":[{"embeddable":true,"href":"https:\/\/tecsecmty.com\/index.php\/wp-json\/wp\/v2\/media\/8449"}],"wp:attachment":[{"href":"https:\/\/tecsecmty.com\/index.php\/wp-json\/wp\/v2\/media?parent=8450"}],"wp:term":[{"taxonomy":"product_brand","embeddable":true,"href":"https:\/\/tecsecmty.com\/index.php\/wp-json\/wp\/v2\/product_brand?post=8450"},{"taxonomy":"product_cat","embeddable":true,"href":"https:\/\/tecsecmty.com\/index.php\/wp-json\/wp\/v2\/product_cat?post=8450"},{"taxonomy":"product_tag","embeddable":true,"href":"https:\/\/tecsecmty.com\/index.php\/wp-json\/wp\/v2\/product_tag?post=8450"}],"curies":[{"name":"wp","href":"https:\/\/api.w.org\/{rel}","templated":true}]}}