{"id":8464,"date":"2023-02-23T22:23:52","date_gmt":"2023-02-24T04:23:52","guid":{"rendered":"https:\/\/tecsecmty.com\/index.php\/producto\/wejoin-base2-abrazadera-de-impacto-con-sistema-oscilante-compatible-con-barreras-wjcb01svhl13\/"},"modified":"2023-03-22T23:24:48","modified_gmt":"2023-03-23T05:24:48","slug":"wejoin-base2-abrazadera-de-impacto-con-sistema-oscilante-compatible-con-barreras-wjcb01svhl13","status":"publish","type":"product","link":"https:\/\/tecsecmty.com\/index.php\/producto\/wejoin-base2-abrazadera-de-impacto-con-sistema-oscilante-compatible-con-barreras-wjcb01svhl13\/","title":{"rendered":"WEJOIN BASE2 &#8211; Abrazadera de impacto con sistema oscilante compatible con barreras WJCB01SVHL13"},"content":{"rendered":"<div class=\"row aling-items-center padding-bottom-2x\">\n<div class=\"col-lg-12\">\n<h5 class=\"card-title text-center\">Informaci\u00f3n General<\/h5>\n<p>Kit de barrera Wejoin compatible con barreras de 1 segundo y brazo de 3 metros modelo WJCB01SVHL13 con sistema de liberaci\u00f3n.<\/p>\n<p class=\"ql-align-justify\">Esta barrera incorpora un soporte oscilante. El brazo se separar\u00e1 del resorte cuando colisiona con una persona o veh\u00edculo. Esto protege y prolonga la vida \u00fatil del mecanismo de la barrera.<\/p>\n<p><img decoding=\"async\" class=\"overview-center-img-web\" src=\"https:\/\/tvc.mx\/media\/278139\/Abrazadera-de-Impacto-Oscilante-Descripci%C3%B3n-BASE02-WEJOIN.png\" alt=\"\" \/><\/div>\n<\/div>\n<div class=\"row align-items-center padding-bottom-2x\">\n<div class=\"col-md-5 order-md-2\"><img decoding=\"async\" class=\"d-block m-auto img-thumbnail\" src=\"https:\/\/tvc.mx\/media\/278183\/Abrazadera-de-Impacto-Oscilante-Funci%C3%B3n-BASE02-WEJOIN.png\" alt=\" \" \/><\/div>\n<div class=\"col-md-7 order-md-1 text-md-left text-center\">\n<h2>Funci\u00f3n<\/h2>\n<p class=\"text-muted\">\n<p>Sistema anti-colisi\u00f3n integrado. Cuando un veh\u00edculo o persona golpea el m\u00e1stil, el brazo se desprende y as\u00ed mismo este base evita da\u00f1os severos al veh\u00edculo y al brazo.<\/p>\n<\/div>\n<\/div>\n","protected":false},"excerpt":{"rendered":"<p>Informaci\u00f3n General Kit de barrera Wejoin compatible con barreras de 1 segundo y brazo de 3 metros modelo WJCB01SVHL13 con sistema de liberaci\u00f3n. Esta barrera incorpora un soporte oscilante. El brazo se separar\u00e1 del resorte cuando colisiona con una persona o veh\u00edculo. Esto protege y&hellip;<\/p>\n","protected":false},"featured_media":8463,"comment_status":"open","ping_status":"closed","template":"","meta":{"om_disable_all_campaigns":false,"_monsterinsights_skip_tracking":false,"_monsterinsights_sitenote_active":false,"_monsterinsights_sitenote_note":"","_monsterinsights_sitenote_category":0},"product_brand":[],"product_cat":[793],"product_tag":[81,727,730,66,731,728,729],"class_list":{"0":"post-8464","1":"product","2":"type-product","3":"status-publish","4":"has-post-thumbnail","6":"product_cat-refacciones-control-acceso-vehicular","7":"product_tag-acceso-y-asistencia","8":"product_tag-cerraduras","9":"product_tag-commax-wulian","10":"product_tag-dahua","11":"product_tag-wejoin","12":"product_tag-yli","13":"product_tag-zkteco","15":"first","16":"instock","17":"sale","18":"taxable","19":"shipping-taxable","20":"purchasable","21":"product-type-simple"},"aioseo_notices":[],"_links":{"self":[{"href":"https:\/\/tecsecmty.com\/index.php\/wp-json\/wp\/v2\/product\/8464","targetHints":{"allow":["GET"]}}],"collection":[{"href":"https:\/\/tecsecmty.com\/index.php\/wp-json\/wp\/v2\/product"}],"about":[{"href":"https:\/\/tecsecmty.com\/index.php\/wp-json\/wp\/v2\/types\/product"}],"replies":[{"embeddable":true,"href":"https:\/\/tecsecmty.com\/index.php\/wp-json\/wp\/v2\/comments?post=8464"}],"version-history":[{"count":0,"href":"https:\/\/tecsecmty.com\/index.php\/wp-json\/wp\/v2\/product\/8464\/revisions"}],"wp:featuredmedia":[{"embeddable":true,"href":"https:\/\/tecsecmty.com\/index.php\/wp-json\/wp\/v2\/media\/8463"}],"wp:attachment":[{"href":"https:\/\/tecsecmty.com\/index.php\/wp-json\/wp\/v2\/media?parent=8464"}],"wp:term":[{"taxonomy":"product_brand","embeddable":true,"href":"https:\/\/tecsecmty.com\/index.php\/wp-json\/wp\/v2\/product_brand?post=8464"},{"taxonomy":"product_cat","embeddable":true,"href":"https:\/\/tecsecmty.com\/index.php\/wp-json\/wp\/v2\/product_cat?post=8464"},{"taxonomy":"product_tag","embeddable":true,"href":"https:\/\/tecsecmty.com\/index.php\/wp-json\/wp\/v2\/product_tag?post=8464"}],"curies":[{"name":"wp","href":"https:\/\/api.w.org\/{rel}","templated":true}]}}