{"id":8466,"date":"2023-02-23T22:23:54","date_gmt":"2023-02-24T04:23:54","guid":{"rendered":"https:\/\/tecsecmty.com\/index.php\/producto\/wejoin-lmtswch-sensor-limite-para-motor-deslizante-wjpkmp202\/"},"modified":"2023-03-22T23:24:48","modified_gmt":"2023-03-23T05:24:48","slug":"wejoin-lmtswch-sensor-limite-para-motor-deslizante-wjpkmp202","status":"publish","type":"product","link":"https:\/\/tecsecmty.com\/index.php\/producto\/wejoin-lmtswch-sensor-limite-para-motor-deslizante-wjpkmp202\/","title":{"rendered":"WEJOIN LMTSWCH &#8211; Sensor limite para motor deslizante WJPKMP202"},"content":{"rendered":"<div class=\"row aling-items-center padding-bottom-2x\">\n<div class=\"col-lg-12\">\n<h5 class=\"card-title text-center\">Informaci\u00f3n General<\/h5>\n<h1><strong>Descripci\u00f3n<\/strong><\/h1>\n<p><strong>WEJOIN LMTSWCH &#8211; Sensor limite para motor deslizante 77309<\/strong><\/p>\n<p class=\"ql-align-justify\">Dentro de los componentes electr\u00f3nicos, se encuentra el final de carrera o sensor de contacto (tambi\u00e9n conocido como \u00abinterruptor de l\u00edmite\u00bb), son dispositivos el\u00e9ctricos, neum\u00e1ticos o mec\u00e1nicos situados al final del recorrido o de un elemento m\u00f3vil, como por ejemplo una cinta transportadora, con el objetivo de enviar se\u00f1ales que puedan modificar el estado de un circuito.<\/p>\n<p class=\"ql-align-justify\">Los interruptores de l\u00edmite se usan, probablemente, con m\u00e1s frecuencia, para parar m\u00e1quinas, equipo y productos en proceso, durante el curso. Estos dispositivos piloto se emplean en circuitos de control de arrancadores magn\u00e9ticos, para gobernar el arranque, la parada o la inversi\u00f3n de la rotaci\u00f3n de los motores el\u00e9ctricos<\/p>\n<p><img decoding=\"async\" class=\"overview-center-img-web\" src=\"https:\/\/tvc.mx\/media\/72135\/vanner-WEJOIN-LMTSWCH.jpg\" alt=\"\" \/><\/div>\n<\/div>\n<div class=\"row align-items-center padding-bottom-2x\">\n<div class=\"col-md-5 order-md-2\"><img decoding=\"async\" class=\"d-block m-auto img-thumbnail\" src=\"https:\/\/tvc.mx\/media\/72138\/funci%C3%B3n.jpg\" alt=\" \" \/><\/div>\n<div class=\"col-md-7 order-md-1 text-md-left text-center\">\n<h2>Funci\u00f3n<\/h2>\n<p class=\"text-muted\">\n<p>Su uso es muy diverso, emple\u00e1ndose, en general, en todas las m\u00e1quinas que tengan un movimiento rectil\u00edneo de ida y vuelta o sigan una trayectoria fija, es decir, aquellas que realicen una carrera o recorrido fijo, como por ejemplo ascensores, montacargas, robots, etc.<\/p>\n<\/div>\n<\/div>\n","protected":false},"excerpt":{"rendered":"<p>Informaci\u00f3n General Descripci\u00f3n WEJOIN LMTSWCH &#8211; Sensor limite para motor deslizante 77309 Dentro de los componentes electr\u00f3nicos, se encuentra el final de carrera o sensor de contacto (tambi\u00e9n conocido como \u00abinterruptor de l\u00edmite\u00bb), son dispositivos el\u00e9ctricos, neum\u00e1ticos o mec\u00e1nicos situados al final del recorrido o&hellip;<\/p>\n","protected":false},"featured_media":8465,"comment_status":"open","ping_status":"closed","template":"","meta":{"om_disable_all_campaigns":false,"_monsterinsights_skip_tracking":false,"_monsterinsights_sitenote_active":false,"_monsterinsights_sitenote_note":"","_monsterinsights_sitenote_category":0},"product_brand":[],"product_cat":[793],"product_tag":[81,727,730,66,731,728,729],"class_list":{"0":"post-8466","1":"product","2":"type-product","3":"status-publish","4":"has-post-thumbnail","6":"product_cat-refacciones-control-acceso-vehicular","7":"product_tag-acceso-y-asistencia","8":"product_tag-cerraduras","9":"product_tag-commax-wulian","10":"product_tag-dahua","11":"product_tag-wejoin","12":"product_tag-yli","13":"product_tag-zkteco","15":"first","16":"instock","17":"sale","18":"taxable","19":"shipping-taxable","20":"purchasable","21":"product-type-simple"},"aioseo_notices":[],"_links":{"self":[{"href":"https:\/\/tecsecmty.com\/index.php\/wp-json\/wp\/v2\/product\/8466","targetHints":{"allow":["GET"]}}],"collection":[{"href":"https:\/\/tecsecmty.com\/index.php\/wp-json\/wp\/v2\/product"}],"about":[{"href":"https:\/\/tecsecmty.com\/index.php\/wp-json\/wp\/v2\/types\/product"}],"replies":[{"embeddable":true,"href":"https:\/\/tecsecmty.com\/index.php\/wp-json\/wp\/v2\/comments?post=8466"}],"version-history":[{"count":0,"href":"https:\/\/tecsecmty.com\/index.php\/wp-json\/wp\/v2\/product\/8466\/revisions"}],"wp:featuredmedia":[{"embeddable":true,"href":"https:\/\/tecsecmty.com\/index.php\/wp-json\/wp\/v2\/media\/8465"}],"wp:attachment":[{"href":"https:\/\/tecsecmty.com\/index.php\/wp-json\/wp\/v2\/media?parent=8466"}],"wp:term":[{"taxonomy":"product_brand","embeddable":true,"href":"https:\/\/tecsecmty.com\/index.php\/wp-json\/wp\/v2\/product_brand?post=8466"},{"taxonomy":"product_cat","embeddable":true,"href":"https:\/\/tecsecmty.com\/index.php\/wp-json\/wp\/v2\/product_cat?post=8466"},{"taxonomy":"product_tag","embeddable":true,"href":"https:\/\/tecsecmty.com\/index.php\/wp-json\/wp\/v2\/product_tag?post=8466"}],"curies":[{"name":"wp","href":"https:\/\/api.w.org\/{rel}","templated":true}]}}