{"id":8472,"date":"2023-02-23T22:24:00","date_gmt":"2023-02-24T04:24:00","guid":{"rendered":"https:\/\/tecsecmty.com\/index.php\/producto\/wejoin-seculight-luz-estroboscopica-giratoria-alarma-audible-compatible-con-barreras-vehiculares-motor-deslizante\/"},"modified":"2023-03-22T23:24:48","modified_gmt":"2023-03-23T05:24:48","slug":"wejoin-seculight-luz-estroboscopica-giratoria-alarma-audible-compatible-con-barreras-vehiculares-motor-deslizante","status":"publish","type":"product","link":"https:\/\/tecsecmty.com\/index.php\/producto\/wejoin-seculight-luz-estroboscopica-giratoria-alarma-audible-compatible-con-barreras-vehiculares-motor-deslizante\/","title":{"rendered":"WEJOIN SECULIGHT &#8211; Luz estroboscopica giratoria \/ Alarma audible \/ Compatible con barreras vehiculares \/ Motor deslizante"},"content":{"rendered":"<h5 class=\"card-title text-center\">Descripci\u00f3n<\/h5>\n<p class=\"ql-align-justify\">Wejoin SECULIGHT es una Luz estrobosc\u00f3pica giratoria y alarma zumbador, es luminosa que emite una serie de destellos muy breves en r\u00e1pida sucesi\u00f3n y se usa para producir exposiciones m\u00faltiples de las fases de un movimiento. Compatibles con barreras vehiculares y motores para puertas corredizas Wejoin con voltajes de 110V AC.<\/p>\n<ul>\n<li class=\"ql-align-justify\">Para\u00a0poder\u00a0realizar\u00a0una\u00a0conexi\u00f3n\u00a0de\u00a0un\u00a0estrobo\u00a0o\u00a0luz\u00a0que\u00a0indique\u00a0que\u00a0la\u00a0barrera\u00a0se\u00a0encuentra\u00a0 con\u00a0el\u00a0brazo\u00a0de\u00a0forma\u00a0<strong>VERTICAL\u00a0<\/strong>o\u00a0<strong>HORIZONTAL<\/strong><\/li>\n<\/ul>\n<h4 class=\"ql-align-justify\"><strong>Caracter\u00edsticas<\/strong><\/h4>\n<ul data-checked=\"false\">\n<li class=\"ql-align-justify\">C\u00fapula alta transparente y sin decoloraci\u00f3n.<\/li>\n<li class=\"ql-align-justify\">La parte giratoria adopta el engranaje con poco ruido y funciones confiables.<\/li>\n<li class=\"ql-align-justify\">zumbador de alta calidad de tono.<\/li>\n<\/ul>\n<h4 class=\"ql-align-justify\"><strong>Especificaciones<\/strong><\/h4>\n<p class=\"ql-align-justify\">Modelo: WEJOIN SECULIGHT LTE-1101J<\/p>\n<p class=\"ql-align-justify\">Peso del producto: 1.1 libras<\/p>\n<p class=\"ql-align-justify\">Color: Amarillo<\/p>\n<p class=\"ql-align-justify\">Forma: Flame<\/p>\n<p class=\"ql-align-justify\">Material: Pl\u00e1stico<\/p>\n<p class=\"ql-align-justify\">Cantidad de luces: 1<\/p>\n<p class=\"ql-align-justify\">Voltaje: 110V AC<\/p>\n<p class=\"ql-align-justify\">Grado de protecci\u00f3n: IP44<\/p>\n<p class=\"ql-align-justify\">Potencia: 10W<\/p>\n<p class=\"ql-align-justify\">Dimensiones: 171mm x 102mm<\/p>\n<p><img decoding=\"async\" class=\"overview-center-img-web\" src=\"https:\/\/tvc.mx\/media\/242591\/Luz-Estrobosc%C3%B3pica-Giratoria-Alarma-Audible-110VAC-Descripci%C3%B3n-SECULIGHT-WEJOIN.png\" alt=\"\" \/><\/p>\n","protected":false},"excerpt":{"rendered":"<p>Descripci\u00f3n Wejoin SECULIGHT es una Luz estrobosc\u00f3pica giratoria y alarma zumbador, es luminosa que emite una serie de destellos muy breves en r\u00e1pida sucesi\u00f3n y se usa para producir exposiciones m\u00faltiples de las fases de un movimiento. Compatibles con barreras vehiculares y motores para puertas&hellip;<\/p>\n","protected":false},"featured_media":8471,"comment_status":"open","ping_status":"closed","template":"","meta":{"om_disable_all_campaigns":false,"_monsterinsights_skip_tracking":false,"_monsterinsights_sitenote_active":false,"_monsterinsights_sitenote_note":"","_monsterinsights_sitenote_category":0},"product_brand":[],"product_cat":[793],"product_tag":[81,727,730,66,731,728,729],"class_list":{"0":"post-8472","1":"product","2":"type-product","3":"status-publish","4":"has-post-thumbnail","6":"product_cat-refacciones-control-acceso-vehicular","7":"product_tag-acceso-y-asistencia","8":"product_tag-cerraduras","9":"product_tag-commax-wulian","10":"product_tag-dahua","11":"product_tag-wejoin","12":"product_tag-yli","13":"product_tag-zkteco","15":"first","16":"instock","17":"sale","18":"taxable","19":"shipping-taxable","20":"purchasable","21":"product-type-simple"},"aioseo_notices":[],"_links":{"self":[{"href":"https:\/\/tecsecmty.com\/index.php\/wp-json\/wp\/v2\/product\/8472","targetHints":{"allow":["GET"]}}],"collection":[{"href":"https:\/\/tecsecmty.com\/index.php\/wp-json\/wp\/v2\/product"}],"about":[{"href":"https:\/\/tecsecmty.com\/index.php\/wp-json\/wp\/v2\/types\/product"}],"replies":[{"embeddable":true,"href":"https:\/\/tecsecmty.com\/index.php\/wp-json\/wp\/v2\/comments?post=8472"}],"version-history":[{"count":0,"href":"https:\/\/tecsecmty.com\/index.php\/wp-json\/wp\/v2\/product\/8472\/revisions"}],"wp:featuredmedia":[{"embeddable":true,"href":"https:\/\/tecsecmty.com\/index.php\/wp-json\/wp\/v2\/media\/8471"}],"wp:attachment":[{"href":"https:\/\/tecsecmty.com\/index.php\/wp-json\/wp\/v2\/media?parent=8472"}],"wp:term":[{"taxonomy":"product_brand","embeddable":true,"href":"https:\/\/tecsecmty.com\/index.php\/wp-json\/wp\/v2\/product_brand?post=8472"},{"taxonomy":"product_cat","embeddable":true,"href":"https:\/\/tecsecmty.com\/index.php\/wp-json\/wp\/v2\/product_cat?post=8472"},{"taxonomy":"product_tag","embeddable":true,"href":"https:\/\/tecsecmty.com\/index.php\/wp-json\/wp\/v2\/product_tag?post=8472"}],"curies":[{"name":"wp","href":"https:\/\/api.w.org\/{rel}","templated":true}]}}