{"id":8474,"date":"2023-02-23T22:24:02","date_gmt":"2023-02-24T04:24:02","guid":{"rendered":"https:\/\/tecsecmty.com\/index.php\/producto\/wejoin-wj180bm3-brazo-octagonal-de-3-metros-articulado-a-180-grados-para-barrera-de-3-segundos-articulada\/"},"modified":"2023-03-22T23:24:48","modified_gmt":"2023-03-23T05:24:48","slug":"wejoin-wj180bm3-brazo-octagonal-de-3-metros-articulado-a-180-grados-para-barrera-de-3-segundos-articulada","status":"publish","type":"product","link":"https:\/\/tecsecmty.com\/index.php\/producto\/wejoin-wj180bm3-brazo-octagonal-de-3-metros-articulado-a-180-grados-para-barrera-de-3-segundos-articulada\/","title":{"rendered":"WEJOIN WJ180BM3 &#8211; Brazo Octagonal de 3 metros Articulado a 180 grados para Barrera de 3 Segundos Articulada"},"content":{"rendered":"<div class=\"row aling-items-center padding-bottom-2x\">\n<div class=\"col-lg-12\">\n<h5 class=\"card-title text-center\">Descripci\u00f3n<\/h5>\n<p>Brazo Articulado de 3 metros para barreras Wejoin, 180\u00b0 en barreras de 3 segundos articuladas<\/p>\n<p><img decoding=\"async\" class=\"overview-center-img-web\" src=\"https:\/\/tvc.mx\/media\/70080\/brazo-articulao.jpg\" alt=\"\" \/><\/div>\n<\/div>\n<div class=\"row align-items-center padding-bottom-2x\">\n<div class=\"col-md-5\"><img decoding=\"async\" class=\"d-block m-auto img-thumbnail\" src=\"https:\/\/tvc.mx\/media\/70092\/barrier-180%C2%B0.jpg\" alt=\" \" \/><\/div>\n<div class=\"col-md-7 text-md-left text-center\">\n<h2>Especificaciones<\/h2>\n<p class=\"text-muted\">\n<ul>\n<li class=\"ql-align-justify\">Brazo Articulado de 180 grados<\/li>\n<li class=\"ql-align-justify\">Material ligero en aleaci\u00f3n de Aluminio.<\/li>\n<li class=\"ql-align-justify\">Pintura y franjas reflejantes.<\/li>\n<\/ul>\n<p class=\"ql-align-justify\">\n<p class=\"ql-align-justify\"><strong>NOTA IMPORTANTE:<\/strong><\/p>\n<ul>\n<li class=\"ql-align-justify\"><strong>El env\u00edo de este producto es de 3 a 5 d\u00edas h\u00e1biles.<\/strong><\/li>\n<li class=\"ql-align-justify\"><strong>Cualquier duda adicional, consulte a su ejecutivo de ventas.<\/strong><\/li>\n<\/ul>\n<p class=\"ql-align-justify\">\n<\/div>\n<\/div>\n","protected":false},"excerpt":{"rendered":"<p>Descripci\u00f3n Brazo Articulado de 3 metros para barreras Wejoin, 180\u00b0 en barreras de 3 segundos articuladas Especificaciones Brazo Articulado de 180 grados Material ligero en aleaci\u00f3n de Aluminio. Pintura y franjas reflejantes. NOTA IMPORTANTE: El env\u00edo de este producto es de 3 a 5 d\u00edas&hellip;<\/p>\n","protected":false},"featured_media":8473,"comment_status":"open","ping_status":"closed","template":"","meta":{"om_disable_all_campaigns":false,"_monsterinsights_skip_tracking":false,"_monsterinsights_sitenote_active":false,"_monsterinsights_sitenote_note":"","_monsterinsights_sitenote_category":0},"product_brand":[],"product_cat":[793],"product_tag":[81,727,730,66,731,728,729],"class_list":{"0":"post-8474","1":"product","2":"type-product","3":"status-publish","4":"has-post-thumbnail","6":"product_cat-refacciones-control-acceso-vehicular","7":"product_tag-acceso-y-asistencia","8":"product_tag-cerraduras","9":"product_tag-commax-wulian","10":"product_tag-dahua","11":"product_tag-wejoin","12":"product_tag-yli","13":"product_tag-zkteco","15":"first","16":"instock","17":"sale","18":"taxable","19":"shipping-taxable","20":"purchasable","21":"product-type-simple"},"aioseo_notices":[],"_links":{"self":[{"href":"https:\/\/tecsecmty.com\/index.php\/wp-json\/wp\/v2\/product\/8474","targetHints":{"allow":["GET"]}}],"collection":[{"href":"https:\/\/tecsecmty.com\/index.php\/wp-json\/wp\/v2\/product"}],"about":[{"href":"https:\/\/tecsecmty.com\/index.php\/wp-json\/wp\/v2\/types\/product"}],"replies":[{"embeddable":true,"href":"https:\/\/tecsecmty.com\/index.php\/wp-json\/wp\/v2\/comments?post=8474"}],"version-history":[{"count":0,"href":"https:\/\/tecsecmty.com\/index.php\/wp-json\/wp\/v2\/product\/8474\/revisions"}],"wp:featuredmedia":[{"embeddable":true,"href":"https:\/\/tecsecmty.com\/index.php\/wp-json\/wp\/v2\/media\/8473"}],"wp:attachment":[{"href":"https:\/\/tecsecmty.com\/index.php\/wp-json\/wp\/v2\/media?parent=8474"}],"wp:term":[{"taxonomy":"product_brand","embeddable":true,"href":"https:\/\/tecsecmty.com\/index.php\/wp-json\/wp\/v2\/product_brand?post=8474"},{"taxonomy":"product_cat","embeddable":true,"href":"https:\/\/tecsecmty.com\/index.php\/wp-json\/wp\/v2\/product_cat?post=8474"},{"taxonomy":"product_tag","embeddable":true,"href":"https:\/\/tecsecmty.com\/index.php\/wp-json\/wp\/v2\/product_tag?post=8474"}],"curies":[{"name":"wp","href":"https:\/\/api.w.org\/{rel}","templated":true}]}}