{"id":8478,"date":"2023-02-23T22:24:06","date_gmt":"2023-02-24T04:24:06","guid":{"rendered":"https:\/\/tecsecmty.com\/index.php\/producto\/wejoin-wj90lbm3l-brazo-articulado-led-3-metros-90-grados-compatible-con-barrera-led-izquierda-derecha\/"},"modified":"2023-03-22T23:24:49","modified_gmt":"2023-03-23T05:24:49","slug":"wejoin-wj90lbm3l-brazo-articulado-led-3-metros-90-grados-compatible-con-barrera-led-izquierda-derecha","status":"publish","type":"product","link":"https:\/\/tecsecmty.com\/index.php\/producto\/wejoin-wj90lbm3l-brazo-articulado-led-3-metros-90-grados-compatible-con-barrera-led-izquierda-derecha\/","title":{"rendered":"WEJOIN WJ90LBM3L &#8211; Brazo articulado LED \/ 3 Metros \/ 90 Grados \/ Compatible con barrera LED izquierda \/ Derecha"},"content":{"rendered":"<div class=\"row aling-items-center padding-bottom-2x\">\n<div class=\"col-lg-12\">\n<h5 class=\"card-title text-center\">Informaci\u00f3n General<\/h5>\n<h1><strong>Descripci\u00f3n<\/strong><\/h1>\n<h3><strong>WJ90LBM3L &#8211; Brazo articulado LED \/ 3 Metros \/ 90 Grados \/ Compatible con barrera LED izquierda \/ Derecha<\/strong><\/h3>\n<p class=\"ql-align-justify\">El brazo est\u00e1 hecho de aleaci\u00f3n de aluminio de alta resistencia. Incorpora una pel\u00edcula reflectante que tiene la funci\u00f3n de advertencia. El brazo articulado de 90\u00b0 incorpora una goma transparente con luz LED que sirve de protecci\u00f3n para la barrera y los veh\u00edculos.<\/p>\n<p class=\"ql-align-justify\">Este repuesto se utiliza en aparcamientos subterr\u00e1neos o exteriores. Esta luz LED sirve de se\u00f1al de advertencia. Cuando el brazo asciende, desciende o esta totalmente abajo, la luz es de color rojo, cuando el brazo esta totalmente elevado, la luz es de color verde.<\/p>\n<p><img decoding=\"async\" class=\"overview-center-img-web\" src=\"https:\/\/tvc.mx\/media\/237659\/Brazo-Articulado-LED-3mts-Descripci%C3%B3n-WJ90LBM3L-WEJOIN.png\" alt=\"\" \/><\/div>\n<\/div>\n<div class=\"row align-items-center padding-bottom-2x\">\n<div class=\"col-md-5 order-md-2\"><img decoding=\"async\" class=\"d-block m-auto img-thumbnail\" src=\"https:\/\/tvc.mx\/media\/237663\/Brazo-Articulado-LED-3mts-Especificaciones-WJ90LBM3L-WEJOIN.png\" alt=\" \" \/><\/div>\n<div class=\"col-md-7 order-md-1 text-md-left text-center\">\n<h2>Especificaciones<\/h2>\n<p class=\"text-muted\">\n<p><strong>Largo de brazo (cm)<\/strong><\/p>\n<p>300cm<\/p>\n<p><strong>Dimensi\u00f3n (cm)<\/strong><\/p>\n<p>300 x 4.5 x 10<\/p>\n<p><strong>Peso<\/strong><\/p>\n<p>7.9 Kg<\/p>\n<p>&nbsp;<\/p>\n<p>&nbsp;<\/p>\n<p>&nbsp;<\/p>\n<\/div>\n<\/div>\n","protected":false},"excerpt":{"rendered":"<p>Informaci\u00f3n General Descripci\u00f3n WJ90LBM3L &#8211; Brazo articulado LED \/ 3 Metros \/ 90 Grados \/ Compatible con barrera LED izquierda \/ Derecha El brazo est\u00e1 hecho de aleaci\u00f3n de aluminio de alta resistencia. Incorpora una pel\u00edcula reflectante que tiene la funci\u00f3n de advertencia. El brazo&hellip;<\/p>\n","protected":false},"featured_media":8477,"comment_status":"open","ping_status":"closed","template":"","meta":{"om_disable_all_campaigns":false,"_monsterinsights_skip_tracking":false,"_monsterinsights_sitenote_active":false,"_monsterinsights_sitenote_note":"","_monsterinsights_sitenote_category":0},"product_brand":[],"product_cat":[793],"product_tag":[81,727,730,66,731,728,729],"class_list":{"0":"post-8478","1":"product","2":"type-product","3":"status-publish","4":"has-post-thumbnail","6":"product_cat-refacciones-control-acceso-vehicular","7":"product_tag-acceso-y-asistencia","8":"product_tag-cerraduras","9":"product_tag-commax-wulian","10":"product_tag-dahua","11":"product_tag-wejoin","12":"product_tag-yli","13":"product_tag-zkteco","15":"first","16":"instock","17":"sale","18":"taxable","19":"shipping-taxable","20":"purchasable","21":"product-type-simple"},"aioseo_notices":[],"_links":{"self":[{"href":"https:\/\/tecsecmty.com\/index.php\/wp-json\/wp\/v2\/product\/8478","targetHints":{"allow":["GET"]}}],"collection":[{"href":"https:\/\/tecsecmty.com\/index.php\/wp-json\/wp\/v2\/product"}],"about":[{"href":"https:\/\/tecsecmty.com\/index.php\/wp-json\/wp\/v2\/types\/product"}],"replies":[{"embeddable":true,"href":"https:\/\/tecsecmty.com\/index.php\/wp-json\/wp\/v2\/comments?post=8478"}],"version-history":[{"count":0,"href":"https:\/\/tecsecmty.com\/index.php\/wp-json\/wp\/v2\/product\/8478\/revisions"}],"wp:featuredmedia":[{"embeddable":true,"href":"https:\/\/tecsecmty.com\/index.php\/wp-json\/wp\/v2\/media\/8477"}],"wp:attachment":[{"href":"https:\/\/tecsecmty.com\/index.php\/wp-json\/wp\/v2\/media?parent=8478"}],"wp:term":[{"taxonomy":"product_brand","embeddable":true,"href":"https:\/\/tecsecmty.com\/index.php\/wp-json\/wp\/v2\/product_brand?post=8478"},{"taxonomy":"product_cat","embeddable":true,"href":"https:\/\/tecsecmty.com\/index.php\/wp-json\/wp\/v2\/product_cat?post=8478"},{"taxonomy":"product_tag","embeddable":true,"href":"https:\/\/tecsecmty.com\/index.php\/wp-json\/wp\/v2\/product_tag?post=8478"}],"curies":[{"name":"wp","href":"https:\/\/api.w.org\/{rel}","templated":true}]}}