{"id":8494,"date":"2023-02-23T22:24:25","date_gmt":"2023-02-24T04:24:25","guid":{"rendered":"https:\/\/tecsecmty.com\/index.php\/producto\/wejoin-wjbbs65-resorte-de-balance-compatible-con-barreras-wejoin-de-6m-amarillo\/"},"modified":"2023-03-22T23:24:49","modified_gmt":"2023-03-23T05:24:49","slug":"wejoin-wjbbs65-resorte-de-balance-compatible-con-barreras-wejoin-de-6m-amarillo","status":"publish","type":"product","link":"https:\/\/tecsecmty.com\/index.php\/producto\/wejoin-wjbbs65-resorte-de-balance-compatible-con-barreras-wejoin-de-6m-amarillo\/","title":{"rendered":"WEJOIN WJBBS65 &#8211; Resorte de balance \/ Compatible con barreras WEJOIN de 6M \/ Amarillo"},"content":{"rendered":"<h5 class=\"card-title text-center\">Informaci\u00f3n General<\/h5>\n<p>Descripci\u00f3n<\/p>\n<p>Resorte de balance \/ Compatible con barreras Wejoin convencionales de 6 mts<\/p>\n<p>El\u00a0resorte de balance est\u00e1 dise\u00f1ado por un alambre de acero enrollado en forma de espiral, tienen la funci\u00f3n de balancear el brazo de la barrera y para absorber la ca\u00edda del brazo.<\/p>\n<p><img decoding=\"async\" class=\"overview-center-img-web\" src=\"https:\/\/tvc.mx\/media\/178905\/WEJOIN-WJBBS65-RESORTE-DE-BALANCE-AMARILLO.png\" alt=\"\" \/><\/p>\n","protected":false},"excerpt":{"rendered":"<p>Informaci\u00f3n General Descripci\u00f3n Resorte de balance \/ Compatible con barreras Wejoin convencionales de 6 mts El\u00a0resorte de balance est\u00e1 dise\u00f1ado por un alambre de acero enrollado en forma de espiral, tienen la funci\u00f3n de balancear el brazo de la barrera y para absorber la ca\u00edda&hellip;<\/p>\n","protected":false},"featured_media":8493,"comment_status":"open","ping_status":"closed","template":"","meta":{"om_disable_all_campaigns":false,"_monsterinsights_skip_tracking":false,"_monsterinsights_sitenote_active":false,"_monsterinsights_sitenote_note":"","_monsterinsights_sitenote_category":0},"product_brand":[],"product_cat":[793],"product_tag":[81,727,730,66,731,728,729],"class_list":{"0":"post-8494","1":"product","2":"type-product","3":"status-publish","4":"has-post-thumbnail","6":"product_cat-refacciones-control-acceso-vehicular","7":"product_tag-acceso-y-asistencia","8":"product_tag-cerraduras","9":"product_tag-commax-wulian","10":"product_tag-dahua","11":"product_tag-wejoin","12":"product_tag-yli","13":"product_tag-zkteco","15":"first","16":"instock","17":"sale","18":"taxable","19":"shipping-taxable","20":"purchasable","21":"product-type-simple"},"aioseo_notices":[],"_links":{"self":[{"href":"https:\/\/tecsecmty.com\/index.php\/wp-json\/wp\/v2\/product\/8494","targetHints":{"allow":["GET"]}}],"collection":[{"href":"https:\/\/tecsecmty.com\/index.php\/wp-json\/wp\/v2\/product"}],"about":[{"href":"https:\/\/tecsecmty.com\/index.php\/wp-json\/wp\/v2\/types\/product"}],"replies":[{"embeddable":true,"href":"https:\/\/tecsecmty.com\/index.php\/wp-json\/wp\/v2\/comments?post=8494"}],"version-history":[{"count":0,"href":"https:\/\/tecsecmty.com\/index.php\/wp-json\/wp\/v2\/product\/8494\/revisions"}],"wp:featuredmedia":[{"embeddable":true,"href":"https:\/\/tecsecmty.com\/index.php\/wp-json\/wp\/v2\/media\/8493"}],"wp:attachment":[{"href":"https:\/\/tecsecmty.com\/index.php\/wp-json\/wp\/v2\/media?parent=8494"}],"wp:term":[{"taxonomy":"product_brand","embeddable":true,"href":"https:\/\/tecsecmty.com\/index.php\/wp-json\/wp\/v2\/product_brand?post=8494"},{"taxonomy":"product_cat","embeddable":true,"href":"https:\/\/tecsecmty.com\/index.php\/wp-json\/wp\/v2\/product_cat?post=8494"},{"taxonomy":"product_tag","embeddable":true,"href":"https:\/\/tecsecmty.com\/index.php\/wp-json\/wp\/v2\/product_tag?post=8494"}],"curies":[{"name":"wp","href":"https:\/\/api.w.org\/{rel}","templated":true}]}}