{"id":8496,"date":"2023-02-23T22:24:29","date_gmt":"2023-02-24T04:24:29","guid":{"rendered":"https:\/\/tecsecmty.com\/index.php\/producto\/wejoin-wjbbs70-resorte-para-balance-de-barrera-vehicular-4m-led-blanco\/"},"modified":"2023-03-22T23:24:50","modified_gmt":"2023-03-23T05:24:50","slug":"wejoin-wjbbs70-resorte-para-balance-de-barrera-vehicular-4m-led-blanco","status":"publish","type":"product","link":"https:\/\/tecsecmty.com\/index.php\/producto\/wejoin-wjbbs70-resorte-para-balance-de-barrera-vehicular-4m-led-blanco\/","title":{"rendered":"WEJOIN WJBBS70 &#8211; Resorte para balance de barrera vehicular 4M LED \/ Blanco"},"content":{"rendered":"<div class=\"row aling-items-center padding-bottom-2x\">\n<div class=\"col-lg-12\">\n<h5 class=\"card-title text-center\">Informaci\u00f3n General<\/h5>\n<h1><strong>Descripci\u00f3n<\/strong><\/h1>\n<p><strong>WEJOIN BALANCE3A6 &#8211; Resorte para balance de barrera vehicular 4M LED \/ Blanco<\/strong><\/p>\n<p>El\u00a0resorte de balance est\u00e1 dise\u00f1ado por un alambre de acero enrollado en forma de espiral, tienen la funci\u00f3n de absorber los golpes que recibe el\u00a0<strong>veh\u00edculo<\/strong>, provenientes de las irregularidades de la carretera.<\/p>\n<p><img decoding=\"async\" class=\"overview-center-img-web\" src=\"https:\/\/tvc.mx\/media\/178853\/WEJOIN-WJBBS70-RESORTE-DE-BALANCEO-BLANCO.png\" alt=\"\" \/><\/div>\n<\/div>\n<div class=\"row align-items-center padding-bottom-2x\">\n<div class=\"col-md-5 order-md-2\"><img decoding=\"async\" class=\"d-block m-auto img-thumbnail\" src=\"https:\/\/tvc.mx\/media\/72543\/funci%C3%B3n.jpg\" alt=\" \" \/><\/div>\n<div class=\"col-md-7 order-md-1 text-md-left text-center\">\n<h2>Funci\u00f3n<\/h2>\n<p class=\"text-muted\">\n<p><strong>Para poder identificar el resorte\u00a0para barrera vehicular de 4m\u00a0tiene un color\u00a0Blanco\u00a0al inicio del mismo.<\/strong><\/p>\n<p class=\"ql-align-justify\">Nos sirven\u00a0para\u00a0mantener un flujo controlado o un acceso vial seguro. El\u00a0resorte para barrera\u00a0cumple con la\u00a0funci\u00f3n\u00a0de proteger tanto al motor como a la\u00a0barrera veh\u00edcular. De modo que al momento de operaci\u00f3n del motor al levantar la\u00a0barrera, \u00e9ste se comprime haciendo que el ascenso se efect\u00fae a una velocidad segura.<\/p>\n<p class=\"ql-align-justify\"><strong>\u00a0<\/strong><strong>NOTA:\u00a0<\/strong><strong>El resorte se ajusta cada 6 meses y se solicita sea reemplazado cada 12 meses.<\/strong><\/p>\n<\/div>\n<\/div>\n","protected":false},"excerpt":{"rendered":"<p>Informaci\u00f3n General Descripci\u00f3n WEJOIN BALANCE3A6 &#8211; Resorte para balance de barrera vehicular 4M LED \/ Blanco El\u00a0resorte de balance est\u00e1 dise\u00f1ado por un alambre de acero enrollado en forma de espiral, tienen la funci\u00f3n de absorber los golpes que recibe el\u00a0veh\u00edculo, provenientes de las irregularidades&hellip;<\/p>\n","protected":false},"featured_media":8495,"comment_status":"open","ping_status":"closed","template":"","meta":{"om_disable_all_campaigns":false,"_monsterinsights_skip_tracking":false,"_monsterinsights_sitenote_active":false,"_monsterinsights_sitenote_note":"","_monsterinsights_sitenote_category":0},"product_brand":[],"product_cat":[793],"product_tag":[81,727,730,66,731,728,729],"class_list":{"0":"post-8496","1":"product","2":"type-product","3":"status-publish","4":"has-post-thumbnail","6":"product_cat-refacciones-control-acceso-vehicular","7":"product_tag-acceso-y-asistencia","8":"product_tag-cerraduras","9":"product_tag-commax-wulian","10":"product_tag-dahua","11":"product_tag-wejoin","12":"product_tag-yli","13":"product_tag-zkteco","15":"first","16":"instock","17":"sale","18":"taxable","19":"shipping-taxable","20":"purchasable","21":"product-type-simple"},"aioseo_notices":[],"_links":{"self":[{"href":"https:\/\/tecsecmty.com\/index.php\/wp-json\/wp\/v2\/product\/8496","targetHints":{"allow":["GET"]}}],"collection":[{"href":"https:\/\/tecsecmty.com\/index.php\/wp-json\/wp\/v2\/product"}],"about":[{"href":"https:\/\/tecsecmty.com\/index.php\/wp-json\/wp\/v2\/types\/product"}],"replies":[{"embeddable":true,"href":"https:\/\/tecsecmty.com\/index.php\/wp-json\/wp\/v2\/comments?post=8496"}],"version-history":[{"count":0,"href":"https:\/\/tecsecmty.com\/index.php\/wp-json\/wp\/v2\/product\/8496\/revisions"}],"wp:featuredmedia":[{"embeddable":true,"href":"https:\/\/tecsecmty.com\/index.php\/wp-json\/wp\/v2\/media\/8495"}],"wp:attachment":[{"href":"https:\/\/tecsecmty.com\/index.php\/wp-json\/wp\/v2\/media?parent=8496"}],"wp:term":[{"taxonomy":"product_brand","embeddable":true,"href":"https:\/\/tecsecmty.com\/index.php\/wp-json\/wp\/v2\/product_brand?post=8496"},{"taxonomy":"product_cat","embeddable":true,"href":"https:\/\/tecsecmty.com\/index.php\/wp-json\/wp\/v2\/product_cat?post=8496"},{"taxonomy":"product_tag","embeddable":true,"href":"https:\/\/tecsecmty.com\/index.php\/wp-json\/wp\/v2\/product_tag?post=8496"}],"curies":[{"name":"wp","href":"https:\/\/api.w.org\/{rel}","templated":true}]}}