{"id":8498,"date":"2023-02-23T22:24:32","date_gmt":"2023-02-24T04:24:32","guid":{"rendered":"https:\/\/tecsecmty.com\/index.php\/producto\/wejoin-wjbc04-gabinete-para-barrera-wejoin-de-servo-motor-compatible-con-modelos-de-136-segundos\/"},"modified":"2023-03-22T23:24:50","modified_gmt":"2023-03-23T05:24:50","slug":"wejoin-wjbc04-gabinete-para-barrera-wejoin-de-servo-motor-compatible-con-modelos-de-136-segundos","status":"publish","type":"product","link":"https:\/\/tecsecmty.com\/index.php\/producto\/wejoin-wjbc04-gabinete-para-barrera-wejoin-de-servo-motor-compatible-con-modelos-de-136-segundos\/","title":{"rendered":"WEJOIN WJBC04 &#8211; Gabinete para Barrera Wejoin de Servo Motor \/ Compatible con modelos de 1,3,6 Segundos"},"content":{"rendered":"<div class=\"row aling-items-center padding-bottom-2x\">\n<div class=\"col-lg-12\">\n<h5 class=\"card-title text-center\">Informaci\u00f3n General<\/h5>\n<h4><strong>Descripci\u00f3n<\/strong><\/h4>\n<p>Los gabinetes de las barreras para estacionamiento est\u00e1n dise\u00f1ados para soportar las inclemencias del tiempo ya que son construidos en acero galvanizado y pintados, tambi\u00e9n se cuenta con las versiones en acero inoxidable, adem\u00e1s de contar con un f\u00e1cil acceso a los tableros de mando que se encuentran al interior y as\u00ed tener un ajuste y mantenimiento f\u00e1cil de realizar. El gabinete Wejoin modelo WJBC04\u00a0es de utilidad para reemplazar gabinetes con da\u00f1os severos o golpeados, es compatible con sistemas de barreras Wejoin de 6 segundos, 3 segundos y 1 segundo.<\/p>\n<p><img decoding=\"async\" class=\"overview-center-img-web\" src=\"https:\/\/tvc.mx\/media\/349779\/Gabinete-para-Barrera-No-LED-Descripci%C3%B3n-WJBC04-WEJOIN.png\" alt=\"\" \/><\/div>\n<\/div>\n<div class=\"row align-items-center padding-bottom-2x\">\n<div class=\"col-md-5 order-md-2\"><img decoding=\"async\" class=\"d-block m-auto img-thumbnail\" src=\"https:\/\/tvc.mx\/media\/349783\/Gabinete-para-Barrera-No-LED-Compatibilidades-WJBC04-WEJOIN.png\" alt=\" \" \/><\/div>\n<div class=\"col-md-7 order-md-1 text-md-left text-center\">\n<h2>Caracter\u00edsticas y Compatibilidades<\/h2>\n<p class=\"text-muted\">\n<ul>\n<li class=\"ql-align-justify\">Fabricado en lamina de acero.<\/li>\n<li class=\"ql-align-justify\">Dise\u00f1o de alta resistencia y duradero<\/li>\n<li class=\"ql-align-justify\">Protecci\u00f3n IP44.<\/li>\n<\/ul>\n<p>Barreras compatibles:<\/p>\n<ul>\n<li class=\"ql-align-justify\">WJN1490001\u00a0WEJOIN WJCB01SVIL34<\/li>\n<li class=\"ql-align-justify\">WJN0960001\u00a0WEJOIN WJCB01SVIL56<\/li>\n<li class=\"ql-align-justify\">TVB347016\u00a0\u00a0WEJOIN WJCB01SVHL13F<\/li>\n<li class=\"ql-align-justify\">TVB347017\u00a0\u00a0WEJOIN WJCB01SVHR13F<\/li>\n<li class=\"ql-align-justify\">WJN3470012\u00a0WEJOIN WJCB01SVHL13<\/li>\n<li class=\"ql-align-justify\">74074\u00a0\u00a0WEJOIN WJCB01SVIL33<\/li>\n<li class=\"ql-align-justify\">TVB348015\u00a0\u00a0WEJOIN WJCB01SVIL23<\/li>\n<li class=\"ql-align-justify\">WJN347001\u00a0\u00a0WEJOIN WJCB01SVIR23<\/li>\n<\/ul>\n<p>&nbsp;<\/p>\n<\/div>\n<\/div>\n<hr class=\"padding-bottom-2x\" \/>\n<div class=\"row aling-items-center padding-bottom-2x\">\n<div class=\"col-lg-12\">\n<h5 class=\"card-title text-center\">Funci\u00f3n<\/h5>\n<h5><\/h5>\n<p>La funci\u00f3n del gabinete, principalmente es proteger de la intemperie a los mecanismos internos de la barrera, ya que posee piezas m\u00f3viles que se encuentran engrasadas y aceitadas, el estar en contacto con el medio ambiente podr\u00eda reducir su vida \u00fatil a m\u00e1s de la mitad del tiempo previsto. Tambi\u00e9n ayuda a ofrecer una est\u00e9tica amigable para a los usuarios que atraviesen el control de acceso.<\/p>\n<p><img decoding=\"async\" class=\"overview-center-img-web\" src=\"https:\/\/tvc.mx\/media\/349787\/Gabinete-para-Barrera-No-LED-Funci%C3%B3n-WJBC04-WEJOIN.png\" alt=\"\" \/><\/div>\n<\/div>\n","protected":false},"excerpt":{"rendered":"<p>Informaci\u00f3n General Descripci\u00f3n Los gabinetes de las barreras para estacionamiento est\u00e1n dise\u00f1ados para soportar las inclemencias del tiempo ya que son construidos en acero galvanizado y pintados, tambi\u00e9n se cuenta con las versiones en acero inoxidable, adem\u00e1s de contar con un f\u00e1cil acceso a los&hellip;<\/p>\n","protected":false},"featured_media":8497,"comment_status":"open","ping_status":"closed","template":"","meta":{"om_disable_all_campaigns":false,"_monsterinsights_skip_tracking":false,"_monsterinsights_sitenote_active":false,"_monsterinsights_sitenote_note":"","_monsterinsights_sitenote_category":0},"product_brand":[],"product_cat":[793],"product_tag":[81,727,730,66,731,728,729],"class_list":{"0":"post-8498","1":"product","2":"type-product","3":"status-publish","4":"has-post-thumbnail","6":"product_cat-refacciones-control-acceso-vehicular","7":"product_tag-acceso-y-asistencia","8":"product_tag-cerraduras","9":"product_tag-commax-wulian","10":"product_tag-dahua","11":"product_tag-wejoin","12":"product_tag-yli","13":"product_tag-zkteco","15":"first","16":"instock","17":"sale","18":"taxable","19":"shipping-taxable","20":"purchasable","21":"product-type-simple"},"aioseo_notices":[],"_links":{"self":[{"href":"https:\/\/tecsecmty.com\/index.php\/wp-json\/wp\/v2\/product\/8498","targetHints":{"allow":["GET"]}}],"collection":[{"href":"https:\/\/tecsecmty.com\/index.php\/wp-json\/wp\/v2\/product"}],"about":[{"href":"https:\/\/tecsecmty.com\/index.php\/wp-json\/wp\/v2\/types\/product"}],"replies":[{"embeddable":true,"href":"https:\/\/tecsecmty.com\/index.php\/wp-json\/wp\/v2\/comments?post=8498"}],"version-history":[{"count":0,"href":"https:\/\/tecsecmty.com\/index.php\/wp-json\/wp\/v2\/product\/8498\/revisions"}],"wp:featuredmedia":[{"embeddable":true,"href":"https:\/\/tecsecmty.com\/index.php\/wp-json\/wp\/v2\/media\/8497"}],"wp:attachment":[{"href":"https:\/\/tecsecmty.com\/index.php\/wp-json\/wp\/v2\/media?parent=8498"}],"wp:term":[{"taxonomy":"product_brand","embeddable":true,"href":"https:\/\/tecsecmty.com\/index.php\/wp-json\/wp\/v2\/product_brand?post=8498"},{"taxonomy":"product_cat","embeddable":true,"href":"https:\/\/tecsecmty.com\/index.php\/wp-json\/wp\/v2\/product_cat?post=8498"},{"taxonomy":"product_tag","embeddable":true,"href":"https:\/\/tecsecmty.com\/index.php\/wp-json\/wp\/v2\/product_tag?post=8498"}],"curies":[{"name":"wp","href":"https:\/\/api.w.org\/{rel}","templated":true}]}}