{"id":8500,"date":"2023-02-23T22:24:36","date_gmt":"2023-02-24T04:24:36","guid":{"rendered":"https:\/\/tecsecmty.com\/index.php\/producto\/wejoin-wjbca01-cable-para-led-de-barrera-vehicular-tvb150013-tvb150014-tvb150015-tvb150016-1-3-metros\/"},"modified":"2023-03-22T23:24:50","modified_gmt":"2023-03-23T05:24:50","slug":"wejoin-wjbca01-cable-para-led-de-barrera-vehicular-tvb150013-tvb150014-tvb150015-tvb150016-1-3-metros","status":"publish","type":"product","link":"https:\/\/tecsecmty.com\/index.php\/producto\/wejoin-wjbca01-cable-para-led-de-barrera-vehicular-tvb150013-tvb150014-tvb150015-tvb150016-1-3-metros\/","title":{"rendered":"WEJOIN WJBCA01 &#8211; Cable para LED de barrera vehicular \/ TVB150013 \/ TVB150014 \/ TVB150015 \/ TVB150016 \/ 1.3 Metros"},"content":{"rendered":"<div class=\"row aling-items-center padding-bottom-2x\">\n<div class=\"col-lg-12\">\n<h5 class=\"card-title text-center\">Informaci\u00f3n General<\/h5>\n<h1><\/h1>\n<p><strong>WJLDWR &#8211; Cable para LED de barrera vehicular \/ TVB150013 \/ TVB150014 \/ TVB150015 \/ TVB150016 \/ 1.3 Metros<\/strong><\/p>\n<p>Los leds, son luces\u00a0especiales que se utilizan\u00a0como sistemas fotovoltaicos (paneles solares) en comparaci\u00f3n con cualquier otra tecnolog\u00eda actual; no les afecta el encendido intermitente (es decir pueden funcionar como luces estrobosc\u00f3picas) y esto no reduce su vida promedio, son especiales para sistemas antiexplosi\u00f3n ya que cuentan con un material resistente, y en la mayor\u00eda de los colores, cuentan con un alto nivel de fiabilidad y duraci\u00f3n.<\/p>\n<p><img decoding=\"async\" class=\"overview-center-img-web\" src=\"https:\/\/tvc.mx\/media\/58272\/vanner-WEJOIN-WJLDWR.jpg\" alt=\"\" \/><\/p>\n<\/div>\n<\/div>\n<div class=\"row align-items-center padding-bottom-2x\">\n<div class=\"col-md-5 order-md-2\"><img decoding=\"async\" class=\"d-block m-auto img-thumbnail\" src=\"https:\/\/tvc.mx\/media\/58275\/funcion.jpg\" alt=\" \" \/><\/div>\n<div class=\"col-md-7 order-md-1 text-md-left text-center\">\n<h2>Conexiones<\/h2>\n<p>Compatible, con la conexi\u00f3n de 4 terminales para barreras WEJOIN de LEDs en el brazo iluminado.<\/p>\n<p>Cable con alimentaci\u00f3n obtenida del conector interno de la barrera WEJOIN, con 12VCD.<\/p>\n<p class=\"ql-align-justify\">Colores que se puede obtener del circuito: VERDE (apertura de brazo), ROJO (cierre de brazo), AZUL (conector adicional no necesario) y conector de GND (tierra) para completar el ciclo de encendido de cualquier color o iluminaci\u00f3n requerida.<\/p>\n<p class=\"ql-align-justify\">Ilumina autom\u00e1ticamente en color VERDE, al tener en apertura la barrera.<\/p>\n<\/div>\n<\/div>\n","protected":false},"excerpt":{"rendered":"<p>Informaci\u00f3n General WJLDWR &#8211; Cable para LED de barrera vehicular \/ TVB150013 \/ TVB150014 \/ TVB150015 \/ TVB150016 \/ 1.3 Metros Los leds, son luces\u00a0especiales que se utilizan\u00a0como sistemas fotovoltaicos (paneles solares) en comparaci\u00f3n con cualquier otra tecnolog\u00eda actual; no les afecta el encendido intermitente&hellip;<\/p>\n","protected":false},"featured_media":8499,"comment_status":"open","ping_status":"closed","template":"","meta":{"om_disable_all_campaigns":false,"_monsterinsights_skip_tracking":false,"_monsterinsights_sitenote_active":false,"_monsterinsights_sitenote_note":"","_monsterinsights_sitenote_category":0},"product_brand":[],"product_cat":[793],"product_tag":[81,727,730,66,731,728,729],"class_list":{"0":"post-8500","1":"product","2":"type-product","3":"status-publish","4":"has-post-thumbnail","6":"product_cat-refacciones-control-acceso-vehicular","7":"product_tag-acceso-y-asistencia","8":"product_tag-cerraduras","9":"product_tag-commax-wulian","10":"product_tag-dahua","11":"product_tag-wejoin","12":"product_tag-yli","13":"product_tag-zkteco","15":"first","16":"instock","17":"sale","18":"taxable","19":"shipping-taxable","20":"purchasable","21":"product-type-simple"},"aioseo_notices":[],"_links":{"self":[{"href":"https:\/\/tecsecmty.com\/index.php\/wp-json\/wp\/v2\/product\/8500","targetHints":{"allow":["GET"]}}],"collection":[{"href":"https:\/\/tecsecmty.com\/index.php\/wp-json\/wp\/v2\/product"}],"about":[{"href":"https:\/\/tecsecmty.com\/index.php\/wp-json\/wp\/v2\/types\/product"}],"replies":[{"embeddable":true,"href":"https:\/\/tecsecmty.com\/index.php\/wp-json\/wp\/v2\/comments?post=8500"}],"version-history":[{"count":0,"href":"https:\/\/tecsecmty.com\/index.php\/wp-json\/wp\/v2\/product\/8500\/revisions"}],"wp:featuredmedia":[{"embeddable":true,"href":"https:\/\/tecsecmty.com\/index.php\/wp-json\/wp\/v2\/media\/8499"}],"wp:attachment":[{"href":"https:\/\/tecsecmty.com\/index.php\/wp-json\/wp\/v2\/media?parent=8500"}],"wp:term":[{"taxonomy":"product_brand","embeddable":true,"href":"https:\/\/tecsecmty.com\/index.php\/wp-json\/wp\/v2\/product_brand?post=8500"},{"taxonomy":"product_cat","embeddable":true,"href":"https:\/\/tecsecmty.com\/index.php\/wp-json\/wp\/v2\/product_cat?post=8500"},{"taxonomy":"product_tag","embeddable":true,"href":"https:\/\/tecsecmty.com\/index.php\/wp-json\/wp\/v2\/product_tag?post=8500"}],"curies":[{"name":"wp","href":"https:\/\/api.w.org\/{rel}","templated":true}]}}