{"id":8502,"date":"2023-02-23T22:24:37","date_gmt":"2023-02-24T04:24:37","guid":{"rendered":"https:\/\/tecsecmty.com\/index.php\/producto\/wejoin-wjbck01-refacciones-para-clutch-de-barrera-vehicular\/"},"modified":"2023-03-22T23:24:50","modified_gmt":"2023-03-23T05:24:50","slug":"wejoin-wjbck01-refacciones-para-clutch-de-barrera-vehicular","status":"publish","type":"product","link":"https:\/\/tecsecmty.com\/index.php\/producto\/wejoin-wjbck01-refacciones-para-clutch-de-barrera-vehicular\/","title":{"rendered":"WEJOIN WJBCK01- Refacciones para CLUTCH de barrera vehicular"},"content":{"rendered":"<h5 class=\"card-title text-center\">Informaci\u00f3n General<\/h5>\n<h1><\/h1>\n<p><strong>WJCLCTH &#8211; Refacciones para CLUTCH de barrera vehicular<\/strong><\/p>\n<p>El embrague es un sistema que permite tanto transmitir como interrumpir la transmisi\u00f3n de una energ\u00eda mec\u00e1nica a su acci\u00f3n final de manera voluntaria.<\/p>\n<p><img decoding=\"async\" class=\"overview-center-img-web\" src=\"https:\/\/tvc.mx\/media\/178921\/WEJOIN-WJBCK01-MECANISMO-CLUTCH.png\" alt=\"\" \/><\/p>\n","protected":false},"excerpt":{"rendered":"<p>Informaci\u00f3n General WJCLCTH &#8211; Refacciones para CLUTCH de barrera vehicular El embrague es un sistema que permite tanto transmitir como interrumpir la transmisi\u00f3n de una energ\u00eda mec\u00e1nica a su acci\u00f3n final de manera voluntaria.<\/p>\n","protected":false},"featured_media":8501,"comment_status":"open","ping_status":"closed","template":"","meta":{"om_disable_all_campaigns":false,"_monsterinsights_skip_tracking":false,"_monsterinsights_sitenote_active":false,"_monsterinsights_sitenote_note":"","_monsterinsights_sitenote_category":0},"product_brand":[],"product_cat":[793],"product_tag":[81,727,730,66,731,728,729],"class_list":{"0":"post-8502","1":"product","2":"type-product","3":"status-publish","4":"has-post-thumbnail","6":"product_cat-refacciones-control-acceso-vehicular","7":"product_tag-acceso-y-asistencia","8":"product_tag-cerraduras","9":"product_tag-commax-wulian","10":"product_tag-dahua","11":"product_tag-wejoin","12":"product_tag-yli","13":"product_tag-zkteco","15":"first","16":"instock","17":"sale","18":"taxable","19":"shipping-taxable","20":"purchasable","21":"product-type-simple"},"aioseo_notices":[],"_links":{"self":[{"href":"https:\/\/tecsecmty.com\/index.php\/wp-json\/wp\/v2\/product\/8502","targetHints":{"allow":["GET"]}}],"collection":[{"href":"https:\/\/tecsecmty.com\/index.php\/wp-json\/wp\/v2\/product"}],"about":[{"href":"https:\/\/tecsecmty.com\/index.php\/wp-json\/wp\/v2\/types\/product"}],"replies":[{"embeddable":true,"href":"https:\/\/tecsecmty.com\/index.php\/wp-json\/wp\/v2\/comments?post=8502"}],"version-history":[{"count":0,"href":"https:\/\/tecsecmty.com\/index.php\/wp-json\/wp\/v2\/product\/8502\/revisions"}],"wp:featuredmedia":[{"embeddable":true,"href":"https:\/\/tecsecmty.com\/index.php\/wp-json\/wp\/v2\/media\/8501"}],"wp:attachment":[{"href":"https:\/\/tecsecmty.com\/index.php\/wp-json\/wp\/v2\/media?parent=8502"}],"wp:term":[{"taxonomy":"product_brand","embeddable":true,"href":"https:\/\/tecsecmty.com\/index.php\/wp-json\/wp\/v2\/product_brand?post=8502"},{"taxonomy":"product_cat","embeddable":true,"href":"https:\/\/tecsecmty.com\/index.php\/wp-json\/wp\/v2\/product_cat?post=8502"},{"taxonomy":"product_tag","embeddable":true,"href":"https:\/\/tecsecmty.com\/index.php\/wp-json\/wp\/v2\/product_tag?post=8502"}],"curies":[{"name":"wp","href":"https:\/\/api.w.org\/{rel}","templated":true}]}}