{"id":8506,"date":"2023-02-23T22:24:41","date_gmt":"2023-02-24T04:24:41","guid":{"rendered":"https:\/\/tecsecmty.com\/index.php\/producto\/wejoin-wjbcp05-panel-de-control-para-barrera-vehicular-con-servo-motor-de-3-a-6-segundos\/"},"modified":"2023-03-22T23:24:50","modified_gmt":"2023-03-23T05:24:50","slug":"wejoin-wjbcp05-panel-de-control-para-barrera-vehicular-con-servo-motor-de-3-a-6-segundos","status":"publish","type":"product","link":"https:\/\/tecsecmty.com\/index.php\/producto\/wejoin-wjbcp05-panel-de-control-para-barrera-vehicular-con-servo-motor-de-3-a-6-segundos\/","title":{"rendered":"WEJOIN WJBCP05 &#8211; Panel de Control para Barrera Vehicular con Servo Motor de 3 a 6 Segundos"},"content":{"rendered":"<div class=\"row aling-items-center padding-bottom-2x\">\n<div class=\"col-lg-12\">\n<h5 class=\"card-title text-center\">Informaci\u00f3n General<\/h5>\n<h1><strong>Descripci\u00f3n<\/strong><\/h1>\n<p><strong>WJCB01SVIMB Panel de control para barrera Servo 3s y 6s.<\/strong><\/p>\n<p>Panel de control, pieza de repuesto WEJOIN modelo CB01SV-I, es la placa de control principal para la compuerta de barrera servo modelo WJCB01SV-I (velocidad 3 ~ 5s),<\/p>\n<p>La placa base, tambi\u00e9n conocida como placa madre o placa principal, es una tarjeta de circuito impreso a la que se conectan los componentes que constituyen la barrera. Tiene instalados una serie de circuitos integrados que hacen la funci\u00f3n necesaria para mandar se\u00f1ales de apertura y cierre a la barrera, para que realice su funcionamiento.<\/p>\n<p>Las barreras de estacionamiento son sistemas sencillos que van desde una sola barrera para entrada y salida de unidades privadas\u00a0habitacionales, hasta estacionamientos complejos haciendo\u00a0esta pr\u00e1ctica muy f\u00e1cil.<\/p>\n<p><img decoding=\"async\" class=\"overview-center-img-web\" src=\"https:\/\/tvc.mx\/media\/54933\/vanner-WEJOIN-WJCB01SVIMB.jpg\" alt=\"\" \/><\/div>\n<\/div>\n<div class=\"row align-items-center padding-bottom-2x\">\n<div class=\"col-md-5 order-md-2\"><img decoding=\"async\" class=\"d-block m-auto img-thumbnail\" src=\"https:\/\/tvc.mx\/media\/54972\/Caracter%C3%ADsticas.jpg\" alt=\" \" \/><\/div>\n<div class=\"col-md-7 order-md-1 text-md-left text-center\">\n<h2>Especificaciones<\/h2>\n<p class=\"text-muted\">\n<p><strong>Contactos de control<\/strong>\u00a0UP, DOWN y STOP.<\/p>\n<p><strong>Voltaje de salida al motor<\/strong>\u00a0DC310V<\/p>\n<p><strong>Salida de voltaje para fotocelda<\/strong>\u00a012 VAC.<\/p>\n<p><strong>Velocidad<\/strong>\u00a03 ~ 5s<\/p>\n<p><strong>Configuraci\u00f3n de Auto-Down<\/strong><\/p>\n<p><strong>Entrada Sensor de Masa.<\/strong><\/p>\n<p><strong>Entrada Control de Caravana.<\/strong><\/p>\n<p><strong>Conexi\u00f3n<\/strong>\u00a0RS-485.<\/p>\n<p><strong>Entrada<\/strong>\u00a0110V\u00b110% 60Hz.<\/p>\n<p>&nbsp;<\/p>\n<\/div>\n<\/div>\n<hr class=\"padding-bottom-2x\" \/>\n<div class=\"row align-items-center padding-bottom-2x\">\n<div class=\"col-md-5\"><img decoding=\"async\" class=\"d-block m-auto img-thumbnail\" src=\"https:\/\/tvc.mx\/media\/54993\/funci%C3%B3n.jpg\" alt=\" \" \/><\/div>\n<div class=\"col-md-7 text-md-left text-center\">\n<h2>Funci\u00f3n<\/h2>\n<p class=\"text-muted\">\n<p>La tarjeta l\u00f3gica tiene guardada la informaci\u00f3n del funcionamiento de la barrera y trabaja de manera electr\u00f3nica, para poder realizar algunos de sus movimientos, dependiendo de la orden que nosotros indicamos.<\/p>\n<\/div>\n<\/div>\n","protected":false},"excerpt":{"rendered":"<p>Informaci\u00f3n General Descripci\u00f3n WJCB01SVIMB Panel de control para barrera Servo 3s y 6s. Panel de control, pieza de repuesto WEJOIN modelo CB01SV-I, es la placa de control principal para la compuerta de barrera servo modelo WJCB01SV-I (velocidad 3 ~ 5s), La placa base, tambi\u00e9n conocida&hellip;<\/p>\n","protected":false},"featured_media":8505,"comment_status":"open","ping_status":"closed","template":"","meta":{"om_disable_all_campaigns":false,"_monsterinsights_skip_tracking":false,"_monsterinsights_sitenote_active":false,"_monsterinsights_sitenote_note":"","_monsterinsights_sitenote_category":0},"product_brand":[],"product_cat":[793],"product_tag":[81,727,730,66,731,728,729],"class_list":{"0":"post-8506","1":"product","2":"type-product","3":"status-publish","4":"has-post-thumbnail","6":"product_cat-refacciones-control-acceso-vehicular","7":"product_tag-acceso-y-asistencia","8":"product_tag-cerraduras","9":"product_tag-commax-wulian","10":"product_tag-dahua","11":"product_tag-wejoin","12":"product_tag-yli","13":"product_tag-zkteco","15":"first","16":"instock","17":"sale","18":"taxable","19":"shipping-taxable","20":"purchasable","21":"product-type-simple"},"aioseo_notices":[],"_links":{"self":[{"href":"https:\/\/tecsecmty.com\/index.php\/wp-json\/wp\/v2\/product\/8506","targetHints":{"allow":["GET"]}}],"collection":[{"href":"https:\/\/tecsecmty.com\/index.php\/wp-json\/wp\/v2\/product"}],"about":[{"href":"https:\/\/tecsecmty.com\/index.php\/wp-json\/wp\/v2\/types\/product"}],"replies":[{"embeddable":true,"href":"https:\/\/tecsecmty.com\/index.php\/wp-json\/wp\/v2\/comments?post=8506"}],"version-history":[{"count":0,"href":"https:\/\/tecsecmty.com\/index.php\/wp-json\/wp\/v2\/product\/8506\/revisions"}],"wp:featuredmedia":[{"embeddable":true,"href":"https:\/\/tecsecmty.com\/index.php\/wp-json\/wp\/v2\/media\/8505"}],"wp:attachment":[{"href":"https:\/\/tecsecmty.com\/index.php\/wp-json\/wp\/v2\/media?parent=8506"}],"wp:term":[{"taxonomy":"product_brand","embeddable":true,"href":"https:\/\/tecsecmty.com\/index.php\/wp-json\/wp\/v2\/product_brand?post=8506"},{"taxonomy":"product_cat","embeddable":true,"href":"https:\/\/tecsecmty.com\/index.php\/wp-json\/wp\/v2\/product_cat?post=8506"},{"taxonomy":"product_tag","embeddable":true,"href":"https:\/\/tecsecmty.com\/index.php\/wp-json\/wp\/v2\/product_tag?post=8506"}],"curies":[{"name":"wp","href":"https:\/\/api.w.org\/{rel}","templated":true}]}}