{"id":851,"date":"2023-02-15T23:26:49","date_gmt":"2023-02-15T23:26:49","guid":{"rendered":"https:\/\/tecsecmty.com\/index.php\/producto\/domo-turbohd-2-megapixel-1080p-ultra-baja-iluminaciun-wdr-130-db-lente-mot-2-7-13-5-mm-ip67-ik10-60-mts-ir-exir-metal-2\/"},"modified":"2023-03-22T23:20:43","modified_gmt":"2023-03-23T05:20:43","slug":"domo-turbohd-2-megapixel-1080p-ultra-baja-iluminacion-wdr-130-db-lente-mot-2-7-13-5-mm-ip67-ik10-60-mts-ir-exir-metal-2","status":"publish","type":"product","link":"https:\/\/tecsecmty.com\/index.php\/producto\/domo-turbohd-2-megapixel-1080p-ultra-baja-iluminacion-wdr-130-db-lente-mot-2-7-13-5-mm-ip67-ik10-60-mts-ir-exir-metal-2\/","title":{"rendered":"Domo TURBOHD 2 Megapixel (1080p) \/ Ultra Baja Iluminacion \/ WDR 130 dB \/ Lente Mot. 2.7 &#8211; 13.5 mm \/ IP67 \/ IK10 \/ 60 mts IR EXIR \/ Metal"},"content":{"rendered":"<div class=\"container\">\n<div class=\"row\">\n<div class=\"col-md-12\">\n<div class=\"row\">\n<div class=\"row\">\n<div class=\"col-md-12\">\n<h4 class=\"text-primary center info-text\" style=\"text-align: center\"><span>informaci\u00f3n de producto<\/span><\/h4>\n<\/div>\n<\/div>\n<div class=\"row\" style=\"text-align: center\">\n<div class=\"col-md-12\">\n<h3><span>Domo TURBOHD 2 Megapixel (1080p) \/ Ultra Baja Iluminaci\u00f3n \/ WDR 130 dB \/ Lente Mot.\u00a02,7 &#8211; 13,5 mm \/ IP67 \/ IK10 \/ 60 mts IR EXIR \/ Metal<\/span><\/h3>\n<\/div>\n<\/div>\n<div id=\"producto_container\" class=\"row\" style=\"text-align: center\">\n<div class=\"col-md-4\"><img decoding=\"async\" class=\"img-responsive center-block\" src=\"https:\/\/ftp3.syscom.mx\/usuarios\/fotos\/BancoFotografiasSyscom\/HIKVISION\/DS2CE56D8TVPIT3ZF\/DS2CE56D8TVPIT3ZF-p.PNG\" alt=\"DS-2CE56D8T-VPIT3ZF\" \/><\/p>\n<div class=\"row\">\n<div id=\"galerias\" class=\"col-sm-12\"><\/div>\n<\/div>\n<\/div>\n<div class=\"col-md-4\">\n<div><img decoding=\"async\" class=\"img-responsive img-thumbnail\" src=\"https:\/\/ftp3.syscom.mx\/usuarios\/fotos\/logotipos\/hikvision.png\" \/><\/div>\n<div><img decoding=\"async\" class=\"icono_info_product\" src=\"https:\/\/ftp3.syscom.mx\/usuarios\/ftp\/downloads\/METALICAS.jpg\" \/><img decoding=\"async\" class=\"icono_info_product\" src=\"https:\/\/ftp3.syscom.mx\/usuarios\/fotos\/antivandalicohk.png\" \/><img decoding=\"async\" class=\"icono_info_product\" src=\"https:\/\/ftp3.syscom.mx\/usuarios\/ftp\/syscom_mx\/LENTE-MOTORIZADO.png\" \/><\/div>\n<div>\n<p><span>Modelo:\u00a0<\/span><span class=\"modelo-marca\"><span>DS-2CE56D8T-VPIT3ZF<\/span><\/span><\/p>\n<p><span>Marca:\u00a0<\/span><span class=\"modelo-marca\"><span>HIKVISION<\/span><\/span><\/p>\n<\/div>\n<div><\/div>\n<\/div>\n<div class=\"col-md-4\">\n<div class=\"row\">\n<div class=\"col-md-12 default_padding_bottom\"><\/div>\n<\/div>\n<\/div>\n<\/div>\n<\/div>\n<div class=\"row \" style=\"text-align: center\">\n<div class=\"col-md-12\">\n<div class=\"row\">\n<h3 class=\"text-primary\"><span>Especificaciones:<\/span><\/h3>\n<\/div>\n<div class=\"row well\">\n<p><img decoding=\"async\" class=\"fr-fic fr-dii\" src=\"https:\/\/ftp3.syscom.mx\/usuarios\/jsosa\/HIKVISION\/imagenes\/logo\/hikvision%20see%20far.png\" \/><\/p>\n<p>&nbsp;<\/p>\n<div class=\"row\">\n<div class=\"col-sm-6\">\n<div><strong><span>Caracter\u00edsticas principales:<\/span><\/strong><\/p>\n<ul>\n<li><span>Resoluci\u00f3n M\u00e1xima: 2 Megap\u00edxeles (1920 x 1080).<\/span><\/li>\n<li><span>Formato NTSC\/PAL seleccionable.<\/span><\/li>\n<li><span>Lente motorizada de 2.7 a 13.5mm (103\u00b0 a 32.1\u00b0).<\/span><\/li>\n<li><span>Iluminaci\u00f3n m\u00ednima: 0.003\u00a0<\/span><span>Lux@\u00a0<\/span><span>(F1.2, AGC ON), 0 Lux IR ON.<\/span><\/li>\n<li><span>D\u00eda \/ Noche Real con filtro ICR.<\/span><\/li>\n<li><span>IR EXIR para iluminar hasta 60m en total oscuridad con Tecnolog\u00eda Smart IR.<\/span><\/li>\n<li><span>Salida de v\u00eddeo: Conector BNC.<\/span><\/li>\n<li><span>Programaci\u00f3n OSD a trav\u00e9s de cable Coaxial\/UTP, SIN cables adicionales de datos.<\/span><\/li>\n<li><span>Funciones: WDR 120dB, 3D DNR, Espejo, SMART IR, ATW, BLC.<\/span><\/li>\n<\/ul>\n<p><strong><span>Accesorios:<\/span><\/strong><\/p>\n<ul>\n<li><strong><span>Montaje de pared, modelo:\u00a0\u00a0<\/span><\/strong><a href=\"https:\/\/www.syscom.mx\/producto\/DS-1273ZJ-140-HIKVISION-169203.html\"><span>DS-1273ZJ-140\u00a0<\/span><\/a><\/li>\n<li><strong><span>Montaje de pared, modelo:\u00a0\u00a0<\/span><\/strong><a href=\"https:\/\/ftp3.syscom.mx\/usuarios\/ftp\/2019\/10\/16\/ef77c\/Datasheet%20DS-2CE56D8T-%20(A)%20VPIT3ZF%2020190603.pdf\"><span>DS-1273ZJ-140B<\/span><\/a><\/li>\n<li><strong><span>Montaje de poste vertical, modelo:\u00a0<\/span><a href=\"https:\/\/www.syscom.mx\/producto\/DS-1275ZJ-SUS-HIKVISION-156172.html\">\u00a0<\/a><\/strong><a href=\"https:\/\/www.syscom.mx\/producto\/DS-1275ZJ-SUS-HIKVISION-156172.html\"><span>DS-1275ZJ-SUS\u00a0<\/span><\/a><\/li>\n<li><strong><span>Montaje de esquina, modelo:\u00a0\u00a0<\/span><\/strong><a href=\"https:\/\/www.syscom.mx\/producto\/DS-1276ZJ-SUS-HIKVISION-156173.html\"><span>DS-1276ZJ-SUS<\/span><\/a><\/li>\n<li><strong><span>Montaje en el techo, modelo:\u00a0\u00a0<\/span><\/strong><a href=\"https:\/\/ftp3.syscom.mx\/usuarios\/ftp\/2019\/10\/16\/ef77c\/Datasheet%20DS-2CE56D8T-%20(A)%20VPIT3ZF%2020190603.pdf\"><span>DS-1241ZJ\u00a0<\/span><\/a><\/li>\n<li><strong><span>Soporte de techo inclinado, modelo:\u00a0\u00a0<\/span><\/strong><a href=\"https:\/\/ftp3.syscom.mx\/usuarios\/ftp\/2019\/10\/16\/ef77c\/Datasheet%20DS-2CE56D8T-%20(A)%20VPIT3ZF%2020190603.pdf\"><span>DS-1240ZJ<\/span><\/a><\/li>\n<li><strong><span>sombra de lluvia, modelo:\u00a0\u00a0<\/span><\/strong><a href=\"https:\/\/ftp3.syscom.mx\/usuarios\/ftp\/2019\/10\/16\/ef77c\/Datasheet%20DS-2CE56D8T-%20(A)%20VPIT3ZF%2020190603.pdf\"><span>DS-1253ZJ-L<\/span><\/a><\/li>\n<\/ul>\n<\/div>\n<\/div>\n<div class=\"col-sm-6\">\n<div><strong><span>Caracter\u00edsticas F\u00edsicas y El\u00e9ctricas:<\/span><\/strong><\/p>\n<ul>\n<li><span>Aplicaciones: Interior\/Exterior IP67.<\/span><\/li>\n<li><span>Protecci\u00f3n: IK10.<\/span><\/li>\n<li><span>Temperatura de Operaci\u00f3n: -40~60\u00baC.<\/span><\/li>\n<li><span>Alimentaci\u00f3n: 12Vcc.<\/span><\/li>\n<li><span>Consumo el\u00e9ctrico: 5,8 W (encendido IR).<\/span><\/li>\n<li><span>Dimensiones: 145,2 mx 124,1 mm.<\/span><\/li>\n<li><span>Material: Met\u00e1lico.<\/span><\/li>\n<li><span>Peso: 610gr.<\/span><\/li>\n<li><span>Garant\u00eda: 2 A\u00f1os.<\/span><\/li>\n<\/ul>\n<\/div>\n<\/div>\n<\/div>\n<div class=\"row\">\n<div class=\"col-sm-12\">\n<div><\/div>\n<\/div>\n<\/div>\n<p>&nbsp;<\/p>\n<h1><strong><span>Recursos<\/span><\/strong><\/h1>\n<p>&nbsp;<\/p>\n<div class=\"row default_margin_bottom\">\n<div class=\"col-sm-4\"><a href=\"https:\/\/www.hikvision.com\/es-la\/support\/download\/software\/ivms4200-series\/?q=serie%20ivms4200&amp;position=1\" target=\"_blank\" rel=\"noopener\"><img decoding=\"async\" class=\"img-responsive\" src=\"https:\/\/ftp3.syscom.mx\/usuarios\/gmagos\/HIK\/IP\/IPC\/Imagenes%20pagina\/Descargas%20IVMS4200.jpg\" \/><\/a><\/div>\n<div class=\"col-sm-4\"><a href=\"https:\/\/appstore.hikvision.com\/\" target=\"_blank\" rel=\"noopener\"><img decoding=\"async\" class=\"img-responsive\" src=\"https:\/\/ftp3.syscom.mx\/usuarios\/gmagos\/HIK\/IP\/IPC\/Imagenes%20pagina\/Descargas%20de%20app.jpg\" \/><\/a><\/div>\n<div class=\"col-sm-4\"><a href=\"https:\/\/ftp3.syscom.mx\/usuarios\/ftp\/2019\/10\/16\/ef77c\/Datasheet%20DS-2CE56D8T-%20(A)%20VPIT3ZF%2020190603.pdf\" target=\"_blank\" rel=\"noopener\"><img decoding=\"async\" class=\"img-responsive\" src=\"https:\/\/ftp3.syscom.mx\/usuarios\/gmagos\/HIK\/IP\/IPC\/Imagenes%20pagina\/Descarga%20de%20PDF.jpg\" \/><\/a><\/div>\n<\/div>\n<p>&nbsp;<\/p>\n<p>&nbsp;<\/p>\n<p><img decoding=\"async\" class=\"fr-fic fr-dii\" src=\"http:\/\/ftp3.syscom.mx\/usuarios\/jdelafuente\/HIKVISION\/hikvision-solution%20banner.jpg\" \/><\/p>\n<p>&nbsp;<\/p>\n<\/div>\n<\/div>\n<\/div>\n<\/div>\n<\/div>\n<\/div>\n<p><img decoding=\"async\" class=\"aligncenter\" src=\"https:\/\/tracker.metricool.com\/c3po.jpg?hash=95c94f37730bb8f54dd4308f1f878f9\" \/><\/p>\n","protected":false},"excerpt":{"rendered":"<p>informaci\u00f3n de producto Domo TURBOHD 2 Megapixel (1080p) \/ Ultra Baja Iluminaci\u00f3n \/ WDR 130 dB \/ Lente Mot.\u00a02,7 &#8211; 13,5 mm \/ IP67 \/ IK10 \/ 60 mts IR EXIR \/ Metal Modelo:\u00a0DS-2CE56D8T-VPIT3ZF Marca:\u00a0HIKVISION Especificaciones: &nbsp; Caracter\u00edsticas principales: Resoluci\u00f3n M\u00e1xima: 2 Megap\u00edxeles (1920 x&hellip;<\/p>\n","protected":false},"featured_media":2098,"comment_status":"open","ping_status":"closed","template":"","meta":{"om_disable_all_campaigns":false,"_monsterinsights_skip_tracking":false,"_monsterinsights_sitenote_active":false,"_monsterinsights_sitenote_note":"","_monsterinsights_sitenote_category":0},"product_brand":[],"product_cat":[47],"product_tag":[42,38,48,37],"class_list":{"0":"post-851","1":"product","2":"type-product","3":"status-publish","4":"has-post-thumbnail","6":"product_cat-lente-motorizado","7":"product_tag-camaras","8":"product_tag-camaras-de-seguridad","9":"product_tag-camaras-lente-motorizado","10":"product_tag-hikvision","12":"first","13":"instock","14":"taxable","15":"shipping-taxable","16":"product-type-simple"},"aioseo_notices":[],"_links":{"self":[{"href":"https:\/\/tecsecmty.com\/index.php\/wp-json\/wp\/v2\/product\/851","targetHints":{"allow":["GET"]}}],"collection":[{"href":"https:\/\/tecsecmty.com\/index.php\/wp-json\/wp\/v2\/product"}],"about":[{"href":"https:\/\/tecsecmty.com\/index.php\/wp-json\/wp\/v2\/types\/product"}],"replies":[{"embeddable":true,"href":"https:\/\/tecsecmty.com\/index.php\/wp-json\/wp\/v2\/comments?post=851"}],"version-history":[{"count":2,"href":"https:\/\/tecsecmty.com\/index.php\/wp-json\/wp\/v2\/product\/851\/revisions"}],"predecessor-version":[{"id":2099,"href":"https:\/\/tecsecmty.com\/index.php\/wp-json\/wp\/v2\/product\/851\/revisions\/2099"}],"wp:featuredmedia":[{"embeddable":true,"href":"https:\/\/tecsecmty.com\/index.php\/wp-json\/wp\/v2\/media\/2098"}],"wp:attachment":[{"href":"https:\/\/tecsecmty.com\/index.php\/wp-json\/wp\/v2\/media?parent=851"}],"wp:term":[{"taxonomy":"product_brand","embeddable":true,"href":"https:\/\/tecsecmty.com\/index.php\/wp-json\/wp\/v2\/product_brand?post=851"},{"taxonomy":"product_cat","embeddable":true,"href":"https:\/\/tecsecmty.com\/index.php\/wp-json\/wp\/v2\/product_cat?post=851"},{"taxonomy":"product_tag","embeddable":true,"href":"https:\/\/tecsecmty.com\/index.php\/wp-json\/wp\/v2\/product_tag?post=851"}],"curies":[{"name":"wp","href":"https:\/\/api.w.org\/{rel}","templated":true}]}}