{"id":8510,"date":"2023-02-23T22:24:46","date_gmt":"2023-02-24T04:24:46","guid":{"rendered":"https:\/\/tecsecmty.com\/index.php\/producto\/wejoin-wjbled4-tira-de-4-metros-circuito-de-leds-para-luz-verde-y-roja-12-vdc-conector-especial-para-barrera-wejoin\/"},"modified":"2023-03-22T23:24:50","modified_gmt":"2023-03-23T05:24:50","slug":"wejoin-wjbled4-tira-de-4-metros-circuito-de-leds-para-luz-verde-y-roja-12-vdc-conector-especial-para-barrera-wejoin","status":"publish","type":"product","link":"https:\/\/tecsecmty.com\/index.php\/producto\/wejoin-wjbled4-tira-de-4-metros-circuito-de-leds-para-luz-verde-y-roja-12-vdc-conector-especial-para-barrera-wejoin\/","title":{"rendered":"WEJOIN WJBLED4 &#8211; Tira de 4 metros \/ Circuito de LEDS para luz verde y roja \/ 12 VDC \/ Conector especial para barrera WEJOIN"},"content":{"rendered":"<div class=\"row aling-items-center padding-bottom-2x\">\n<div class=\"col-lg-12\">\n<h5 class=\"card-title text-center\">Informaci\u00f3n General<\/h5>\n<h1><strong>Descripci\u00f3n<\/strong><\/h1>\n<p>Los leds, son luces\u00a0especiales que se utilizan\u00a0como sistemas fotovoltaicos (paneles solares) en comparaci\u00f3n con cualquier otra tecnolog\u00eda actual; no les afecta el encendido intermitente (es decir pueden funcionar como luces estrobosc\u00f3picas) y esto no reduce su vida promedio, son especiales para sistemas antiexplosi\u00f3n ya que cuentan con un material resistente, y en la mayor\u00eda de los colores, cuentan con un alto nivel de fiabilidad y duraci\u00f3n.<\/p>\n<p><img decoding=\"async\" class=\"overview-center-img-web\" src=\"https:\/\/tvc.mx\/media\/51468\/VANNER-WEJOIN-12VLEDC.jpg\" alt=\"\" \/><\/div>\n<\/div>\n<div class=\"row align-items-center padding-bottom-2x\">\n<div class=\"col-md-5 order-md-2\"><img decoding=\"async\" class=\"d-block m-auto img-thumbnail\" src=\"https:\/\/tvc.mx\/media\/51471\/Caracter%C3%ADsticas.jpg\" alt=\" \" \/><\/div>\n<div class=\"col-md-7 order-md-1 text-md-left text-center\">\n<h2>Caracter\u00edsticas<\/h2>\n<p class=\"text-muted\">\n<ul>\n<li class=\"ql-align-justify\">Iluminaci\u00f3n de la tira, con alimentaci\u00f3n obtenida del conecor interno de la barrera WEJOIN, con 12VCD.<\/li>\n<li class=\"ql-align-justify\">Colores que se puede obtener del circuito:<strong>\u00a0VERDE (apertura de brazo)<\/strong>,\u00a0<strong>ROJO (cierre de brazo)<\/strong>,\u00a0<strong>AZUL (conector adicional no necesario)<\/strong>\u00a0y conector de GND (tierra) para comp<\/li>\n<li class=\"ql-align-justify\">con el cierre se ilumina en color ROJO, cuando\u00a0la pluma del mecanismo se comienza a mover en a\u00a0la posici\u00f3n de cierre.<\/li>\n<li class=\"ql-align-justify\">Bajo consumo de energ\u00eda<\/li>\n<li class=\"ql-align-justify\">Un mayor tiempo de vida.<\/li>\n<li class=\"ql-align-justify\">Tama\u00f1o reducido.<\/li>\n<li class=\"ql-align-justify\">Resistencia a las vibraciones.<\/li>\n<li class=\"ql-align-justify\">Reduce la\u00a0emisi\u00f3n de calor.<\/li>\n<li class=\"ql-align-justify\">letar el ciclo de encendido de cualquier color o iluminaci\u00f3n requerida.<\/li>\n<li class=\"ql-align-justify\">Ilumina autom\u00e1ticamente en color VERDE, al tener en apertura la barrera.<\/li>\n<li class=\"ql-align-justify\">Al iniciar<\/li>\n<\/ul>\n<p class=\"ql-align-center\"><strong>La tira de LED en Rollo\u00a0mide 4 metros de longitud.<\/strong><\/p>\n<p>&nbsp;<\/p>\n<\/div>\n<\/div>\n<hr class=\"padding-bottom-2x\" \/>\n<div class=\"row aling-items-center padding-bottom-2x\">\n<div class=\"col-lg-12\">\n<h5 class=\"card-title text-center\">Vista de corte en la tira de leds<\/h5>\n<p>El Lugar donde podemos hacer el corte en la tira de leds\u00a0viene marcado en el recuadro como lo muestra la imagen.<\/p>\n<p><img decoding=\"async\" class=\"overview-center-img-web\" src=\"https:\/\/tvc.mx\/media\/51474\/corte-de-tira-led.jpg\" alt=\"\" \/><\/div>\n<\/div>\n","protected":false},"excerpt":{"rendered":"<p>Informaci\u00f3n General Descripci\u00f3n Los leds, son luces\u00a0especiales que se utilizan\u00a0como sistemas fotovoltaicos (paneles solares) en comparaci\u00f3n con cualquier otra tecnolog\u00eda actual; no les afecta el encendido intermitente (es decir pueden funcionar como luces estrobosc\u00f3picas) y esto no reduce su vida promedio, son especiales para sistemas&hellip;<\/p>\n","protected":false},"featured_media":8509,"comment_status":"open","ping_status":"closed","template":"","meta":{"om_disable_all_campaigns":false,"_monsterinsights_skip_tracking":false,"_monsterinsights_sitenote_active":false,"_monsterinsights_sitenote_note":"","_monsterinsights_sitenote_category":0},"product_brand":[],"product_cat":[793],"product_tag":[81,727,730,66,731,728,729],"class_list":{"0":"post-8510","1":"product","2":"type-product","3":"status-publish","4":"has-post-thumbnail","6":"product_cat-refacciones-control-acceso-vehicular","7":"product_tag-acceso-y-asistencia","8":"product_tag-cerraduras","9":"product_tag-commax-wulian","10":"product_tag-dahua","11":"product_tag-wejoin","12":"product_tag-yli","13":"product_tag-zkteco","15":"first","16":"instock","17":"sale","18":"taxable","19":"shipping-taxable","20":"purchasable","21":"product-type-simple"},"aioseo_notices":[],"_links":{"self":[{"href":"https:\/\/tecsecmty.com\/index.php\/wp-json\/wp\/v2\/product\/8510","targetHints":{"allow":["GET"]}}],"collection":[{"href":"https:\/\/tecsecmty.com\/index.php\/wp-json\/wp\/v2\/product"}],"about":[{"href":"https:\/\/tecsecmty.com\/index.php\/wp-json\/wp\/v2\/types\/product"}],"replies":[{"embeddable":true,"href":"https:\/\/tecsecmty.com\/index.php\/wp-json\/wp\/v2\/comments?post=8510"}],"version-history":[{"count":0,"href":"https:\/\/tecsecmty.com\/index.php\/wp-json\/wp\/v2\/product\/8510\/revisions"}],"wp:featuredmedia":[{"embeddable":true,"href":"https:\/\/tecsecmty.com\/index.php\/wp-json\/wp\/v2\/media\/8509"}],"wp:attachment":[{"href":"https:\/\/tecsecmty.com\/index.php\/wp-json\/wp\/v2\/media?parent=8510"}],"wp:term":[{"taxonomy":"product_brand","embeddable":true,"href":"https:\/\/tecsecmty.com\/index.php\/wp-json\/wp\/v2\/product_brand?post=8510"},{"taxonomy":"product_cat","embeddable":true,"href":"https:\/\/tecsecmty.com\/index.php\/wp-json\/wp\/v2\/product_cat?post=8510"},{"taxonomy":"product_tag","embeddable":true,"href":"https:\/\/tecsecmty.com\/index.php\/wp-json\/wp\/v2\/product_tag?post=8510"}],"curies":[{"name":"wp","href":"https:\/\/api.w.org\/{rel}","templated":true}]}}