{"id":8512,"date":"2023-02-23T22:24:48","date_gmt":"2023-02-24T04:24:48","guid":{"rendered":"https:\/\/tecsecmty.com\/index.php\/producto\/wejoin-wjbled6-tira-de-6-metros-circuito-de-leds-para-luz-verde-y-roja-12-vdc-conector-especial-para-barrera-wejoin\/"},"modified":"2023-03-22T23:24:50","modified_gmt":"2023-03-23T05:24:50","slug":"wejoin-wjbled6-tira-de-6-metros-circuito-de-leds-para-luz-verde-y-roja-12-vdc-conector-especial-para-barrera-wejoin","status":"publish","type":"product","link":"https:\/\/tecsecmty.com\/index.php\/producto\/wejoin-wjbled6-tira-de-6-metros-circuito-de-leds-para-luz-verde-y-roja-12-vdc-conector-especial-para-barrera-wejoin\/","title":{"rendered":"WEJOIN WJBLED6 &#8211; Tira de 6 metros \/ Circuito de LEDS para luz verde y roja \/ 12 VDC \/ Conector especial para barrera WEJOIN"},"content":{"rendered":"<div class=\"row aling-items-center padding-bottom-2x\">\n<div class=\"col-lg-12\">\n<h5 class=\"card-title text-center\">Informaci\u00f3n General<\/h5>\n<h4><strong>Descripci\u00f3n<\/strong><\/h4>\n<p>Los leds, son luces\u00a0especiales que se utilizan\u00a0como sistemas fotovoltaicos (paneles solares) en comparaci\u00f3n con cualquier otra tecnolog\u00eda actual; no les afecta el encendido intermitente (es decir pueden funcionar como luces estrobosc\u00f3picas) y esto no reduce su vida promedio, son especiales para sistemas antiexplosi\u00f3n ya que cuentan con un material resistente, y en la mayor\u00eda de los colores, cuentan con un alto nivel de fiabilidad y duraci\u00f3n.<\/p>\n<p><img decoding=\"async\" class=\"overview-center-img-web\" src=\"https:\/\/tvc.mx\/media\/550651\/Tiral-LED-6mts-Luz-Verde-Roja-12V-Descripci%C3%B3n-WJBLED6-WEJOIN.png\" alt=\"\" \/><\/div>\n<\/div>\n<div class=\"row align-items-center padding-bottom-2x\">\n<div class=\"col-md-5 order-md-2\"><img decoding=\"async\" class=\"d-block m-auto img-thumbnail\" src=\"https:\/\/tvc.mx\/media\/550659\/Tiral-LED-6mts-Luz-Verde-Roja-12V-Caracter%C3%ADsticas-WJBLED6-WEJOIN.png\" alt=\" \" \/><\/div>\n<div class=\"col-md-7 order-md-1 text-md-left text-center\">\n<h2>Caracter\u00edsticas principales<\/h2>\n<p class=\"text-muted\">\n<ul>\n<li class=\"ql-align-justify\">Iluminaci\u00f3n de la tira, con alimentaci\u00f3n obtenida del conetcor interno de la barrera WEJOIN, con 12VCD.<\/li>\n<li class=\"ql-align-justify\">Colores que se puede obtener del circuito:\u00a0VERDE (apertura de brazo),\u00a0ROJO (cierre de brazo),\u00a0AZUL (conector adicional no necesario)\u00a0y conector de GND (tierra) para comp<\/li>\n<li class=\"ql-align-justify\">con el cierre se ilumina en color ROJO, cuando\u00a0la pluma del mecanismo se comienza a mover en a\u00a0la posici\u00f3n de cierre.<\/li>\n<li class=\"ql-align-justify\">Bajo consumo de energ\u00eda<\/li>\n<li class=\"ql-align-justify\">Un mayor tiempo de vida.<\/li>\n<li class=\"ql-align-justify\">Tama\u00f1o reducido.<\/li>\n<li class=\"ql-align-justify\">Resistencia a las vibraciones.<\/li>\n<li class=\"ql-align-justify\">Reduce la\u00a0emisi\u00f3n de calor.<\/li>\n<li class=\"ql-align-justify\">letar el ciclo de encendido de cualquier color o iluminaci\u00f3n requerida.<\/li>\n<li class=\"ql-align-justify\">Ilumina autom\u00e1ticamente en color VERDE, al tener en apertura la barrera.<\/li>\n<li class=\"ql-align-justify\">Al iniciar<\/li>\n<\/ul>\n<h4><strong>La tira de LED en Rollo\u00a0mide 6 metros de longitud.<\/strong><\/h4>\n<\/div>\n<\/div>\n","protected":false},"excerpt":{"rendered":"<p>Informaci\u00f3n General Descripci\u00f3n Los leds, son luces\u00a0especiales que se utilizan\u00a0como sistemas fotovoltaicos (paneles solares) en comparaci\u00f3n con cualquier otra tecnolog\u00eda actual; no les afecta el encendido intermitente (es decir pueden funcionar como luces estrobosc\u00f3picas) y esto no reduce su vida promedio, son especiales para sistemas&hellip;<\/p>\n","protected":false},"featured_media":8511,"comment_status":"open","ping_status":"closed","template":"","meta":{"om_disable_all_campaigns":false,"_monsterinsights_skip_tracking":false,"_monsterinsights_sitenote_active":false,"_monsterinsights_sitenote_note":"","_monsterinsights_sitenote_category":0},"product_brand":[],"product_cat":[793],"product_tag":[81,727,730,66,731,728,729],"class_list":{"0":"post-8512","1":"product","2":"type-product","3":"status-publish","4":"has-post-thumbnail","6":"product_cat-refacciones-control-acceso-vehicular","7":"product_tag-acceso-y-asistencia","8":"product_tag-cerraduras","9":"product_tag-commax-wulian","10":"product_tag-dahua","11":"product_tag-wejoin","12":"product_tag-yli","13":"product_tag-zkteco","15":"first","16":"instock","17":"sale","18":"taxable","19":"shipping-taxable","20":"purchasable","21":"product-type-simple"},"aioseo_notices":[],"_links":{"self":[{"href":"https:\/\/tecsecmty.com\/index.php\/wp-json\/wp\/v2\/product\/8512","targetHints":{"allow":["GET"]}}],"collection":[{"href":"https:\/\/tecsecmty.com\/index.php\/wp-json\/wp\/v2\/product"}],"about":[{"href":"https:\/\/tecsecmty.com\/index.php\/wp-json\/wp\/v2\/types\/product"}],"replies":[{"embeddable":true,"href":"https:\/\/tecsecmty.com\/index.php\/wp-json\/wp\/v2\/comments?post=8512"}],"version-history":[{"count":0,"href":"https:\/\/tecsecmty.com\/index.php\/wp-json\/wp\/v2\/product\/8512\/revisions"}],"wp:featuredmedia":[{"embeddable":true,"href":"https:\/\/tecsecmty.com\/index.php\/wp-json\/wp\/v2\/media\/8511"}],"wp:attachment":[{"href":"https:\/\/tecsecmty.com\/index.php\/wp-json\/wp\/v2\/media?parent=8512"}],"wp:term":[{"taxonomy":"product_brand","embeddable":true,"href":"https:\/\/tecsecmty.com\/index.php\/wp-json\/wp\/v2\/product_brand?post=8512"},{"taxonomy":"product_cat","embeddable":true,"href":"https:\/\/tecsecmty.com\/index.php\/wp-json\/wp\/v2\/product_cat?post=8512"},{"taxonomy":"product_tag","embeddable":true,"href":"https:\/\/tecsecmty.com\/index.php\/wp-json\/wp\/v2\/product_tag?post=8512"}],"curies":[{"name":"wp","href":"https:\/\/api.w.org\/{rel}","templated":true}]}}