{"id":8518,"date":"2023-02-23T22:24:55","date_gmt":"2023-02-24T04:24:55","guid":{"rendered":"https:\/\/tecsecmty.com\/index.php\/producto\/wejoin-wjbls01-sensor-de-limites-compatible-con-todos-los-modelos-de-barreras-wejoin\/"},"modified":"2023-03-22T23:24:50","modified_gmt":"2023-03-23T05:24:50","slug":"wejoin-wjbls01-sensor-de-limites-compatible-con-todos-los-modelos-de-barreras-wejoin","status":"publish","type":"product","link":"https:\/\/tecsecmty.com\/index.php\/producto\/wejoin-wjbls01-sensor-de-limites-compatible-con-todos-los-modelos-de-barreras-wejoin\/","title":{"rendered":"WEJOIN WJBLS01 &#8211; Sensor de limites \/ Compatible con todos los modelos de barreras WEJOIN"},"content":{"rendered":"<div class=\"row aling-items-center padding-bottom-2x\">\n<div class=\"col-lg-12\">\n<h5 class=\"card-title text-center\">Informaci\u00f3n General<\/h5>\n<h1><strong>Descripci\u00f3n<\/strong><\/h1>\n<p><strong>WEJOIN WJLMT &#8211; Sensor de limites de respuesto \/ Compatible con todos los modelos de barreras WEJOIN<\/strong><\/p>\n<p class=\"ql-align-justify\">Dentro de los componentes electr\u00f3nicos, se encuentra el final de carrera o sensor de contacto (tambi\u00e9n conocido como \u00abinterruptor o sensor\u00a0de l\u00edmite\u00bb), son dispositivos el\u00e9ctricos, neum\u00e1ticos o mec\u00e1nicos situados al final del recorrido o de un elemento m\u00f3vil, como por ejemplo una cinta transportadora, con el objetivo de enviar se\u00f1ales que puedan modificar el estado de un circuito.<\/p>\n<p class=\"ql-align-justify\">Internamente pueden contener interruptores normalmente abiertos (NA), cerrados (NC) o conmutadores dependiendo de la operaci\u00f3n que cumplan al ser accionados, de ah\u00ed la gran variedad de finales de carrera que existen en mercado.<\/p>\n<p class=\"ql-align-justify\">Los finales de carrera est\u00e1n fabricados en diferentes materiales tales como metal, pl\u00e1stico o fibra de vidrio.<\/p>\n<p class=\"ql-align-justify\">Las barreras de estacionamiento son sistemas sencillos que van desde una sola barrera para entrada y salida de unidades privadas habitacionales, hasta estacionamientos complejos\u00a0haciendo esta pr\u00e1ctica muy f\u00e1cil.<\/p>\n<p><img decoding=\"async\" class=\"overview-center-img-web\" src=\"https:\/\/tvc.mx\/media\/178869\/WEJOIN-WJBLS01-SENSOR-DE-L%C3%8DMITES.png\" alt=\"\" \/><\/div>\n<\/div>\n<div class=\"row align-items-center padding-bottom-2x\">\n<div class=\"col-md-5 order-md-2\"><img decoding=\"async\" class=\"d-block m-auto img-thumbnail\" src=\"https:\/\/tvc.mx\/media\/74865\/funciones.jpg\" alt=\" \" \/><\/div>\n<div class=\"col-md-7 order-md-1 text-md-left text-center\">\n<h2>Funciones<\/h2>\n<p class=\"text-muted\">\n<p>Estos sensores tienen dos tipos de funcionamiento: modo positivo y modo negativo.<\/p>\n<p>En el modo positivo el sensor se activa cuando el elemento a controlar tiene una tarea que hace que el eje se eleve y se conecte con el objeto m\u00f3vil con el contacto NC (normal cerrado). Cuando el muelle (resorte de presi\u00f3n) se rompe el sensor se queda desconectado.<\/p>\n<p>El modo negativo es la inversa del modo anterior, cuando el objeto controlado tiene un saliente que empuje el eje hacia abajo, forzando el resorte de copa y haciendo que se cierre el circuito.<\/p>\n<\/div>\n<\/div>\n","protected":false},"excerpt":{"rendered":"<p>Informaci\u00f3n General Descripci\u00f3n WEJOIN WJLMT &#8211; Sensor de limites de respuesto \/ Compatible con todos los modelos de barreras WEJOIN Dentro de los componentes electr\u00f3nicos, se encuentra el final de carrera o sensor de contacto (tambi\u00e9n conocido como \u00abinterruptor o sensor\u00a0de l\u00edmite\u00bb), son dispositivos el\u00e9ctricos,&hellip;<\/p>\n","protected":false},"featured_media":8517,"comment_status":"open","ping_status":"closed","template":"","meta":{"om_disable_all_campaigns":false,"_monsterinsights_skip_tracking":false,"_monsterinsights_sitenote_active":false,"_monsterinsights_sitenote_note":"","_monsterinsights_sitenote_category":0},"product_brand":[],"product_cat":[793],"product_tag":[81,727,730,66,731,728,729],"class_list":{"0":"post-8518","1":"product","2":"type-product","3":"status-publish","4":"has-post-thumbnail","6":"product_cat-refacciones-control-acceso-vehicular","7":"product_tag-acceso-y-asistencia","8":"product_tag-cerraduras","9":"product_tag-commax-wulian","10":"product_tag-dahua","11":"product_tag-wejoin","12":"product_tag-yli","13":"product_tag-zkteco","15":"first","16":"instock","17":"sale","18":"taxable","19":"shipping-taxable","20":"purchasable","21":"product-type-simple"},"aioseo_notices":[],"_links":{"self":[{"href":"https:\/\/tecsecmty.com\/index.php\/wp-json\/wp\/v2\/product\/8518","targetHints":{"allow":["GET"]}}],"collection":[{"href":"https:\/\/tecsecmty.com\/index.php\/wp-json\/wp\/v2\/product"}],"about":[{"href":"https:\/\/tecsecmty.com\/index.php\/wp-json\/wp\/v2\/types\/product"}],"replies":[{"embeddable":true,"href":"https:\/\/tecsecmty.com\/index.php\/wp-json\/wp\/v2\/comments?post=8518"}],"version-history":[{"count":0,"href":"https:\/\/tecsecmty.com\/index.php\/wp-json\/wp\/v2\/product\/8518\/revisions"}],"wp:featuredmedia":[{"embeddable":true,"href":"https:\/\/tecsecmty.com\/index.php\/wp-json\/wp\/v2\/media\/8517"}],"wp:attachment":[{"href":"https:\/\/tecsecmty.com\/index.php\/wp-json\/wp\/v2\/media?parent=8518"}],"wp:term":[{"taxonomy":"product_brand","embeddable":true,"href":"https:\/\/tecsecmty.com\/index.php\/wp-json\/wp\/v2\/product_brand?post=8518"},{"taxonomy":"product_cat","embeddable":true,"href":"https:\/\/tecsecmty.com\/index.php\/wp-json\/wp\/v2\/product_cat?post=8518"},{"taxonomy":"product_tag","embeddable":true,"href":"https:\/\/tecsecmty.com\/index.php\/wp-json\/wp\/v2\/product_tag?post=8518"}],"curies":[{"name":"wp","href":"https:\/\/api.w.org\/{rel}","templated":true}]}}