{"id":8524,"date":"2023-02-23T22:25:02","date_gmt":"2023-02-24T04:25:02","guid":{"rendered":"https:\/\/tecsecmty.com\/index.php\/producto\/wejoin-wjbsb01-soporte-para-articulacion-de-barrera-vehicular-90-grados-180-grados-3-metros\/"},"modified":"2023-03-22T23:24:50","modified_gmt":"2023-03-23T05:24:50","slug":"wejoin-wjbsb01-soporte-para-articulacion-de-barrera-vehicular-90-grados-180-grados-3-metros","status":"publish","type":"product","link":"https:\/\/tecsecmty.com\/index.php\/producto\/wejoin-wjbsb01-soporte-para-articulacion-de-barrera-vehicular-90-grados-180-grados-3-metros\/","title":{"rendered":"WEJOIN WJBSB01 &#8211; Soporte para articulacion de barrera vehicular \/ 90 Grados \/ 180 Grados \/ 3 Metros"},"content":{"rendered":"<div class=\"row aling-items-center padding-bottom-2x\">\n<div class=\"col-lg-12\">\n<h5 class=\"card-title text-center\">Descripci\u00f3n<\/h5>\n<h4 class=\"ql-align-justify\"><strong>Descripci\u00f3n<\/strong><\/h4>\n<p>WJBSB01 es un accesorio y sirve como soporte para articulaci\u00f3n de una barrera, de 90 grados y 180 grados.<\/p>\n<p class=\"ql-align-justify\">\n<p><img decoding=\"async\" class=\"overview-center-img-web\" src=\"https:\/\/tvc.mx\/media\/313571\/Soporte-para-Articulaci%C3%B3n-de-Barrera-Vehicular-Descripci%C3%B3n-WJBSB01-WEJOIN.png\" alt=\"\" \/><\/div>\n<\/div>\n<div class=\"row aling-items-center padding-bottom-2x\">\n<div class=\"col-lg-12\">\n<h5 class=\"card-title text-center\">Caracter\u00edsticas<\/h5>\n<ul>\n<li class=\"ql-align-justify\">Soporte para brazo articulado.<\/li>\n<li>Compatible con\u00a0<strong>77304<\/strong><strong>\u00a0<\/strong>WEJOIN WJ90BM3<\/li>\n<li class=\"ql-align-justify\">Para barreras\u00a074074<strong>\u00a0<\/strong>WEJOIN WJCB01SVIL33\u00a0y\u00a0TVB348015\u00a0<strong>\u00a0<\/strong>WEJOIN WJCB01SVIL23<\/li>\n<li class=\"ql-align-justify\">Para conversi\u00f3n de barreras de brazo recto a brazo articulado\u00a0WJN1490001\u00a0,\u00a0WJN0960001,\u00a0TVB150040\u00a0y\u00a0TVB150041<\/li>\n<\/ul>\n<p><img decoding=\"async\" class=\"overview-center-img-web\" src=\"https:\/\/tvc.mx\/media\/313575\/Soporte-para-Articulaci%C3%B3n-de-Barrera-Vehicular-Caracter%C3%ADsticas-WJBSB01-WEJOIN.png\" alt=\"\" \/><\/div>\n<\/div>\n","protected":false},"excerpt":{"rendered":"<p>Descripci\u00f3n Descripci\u00f3n WJBSB01 es un accesorio y sirve como soporte para articulaci\u00f3n de una barrera, de 90 grados y 180 grados. Caracter\u00edsticas Soporte para brazo articulado. Compatible con\u00a077304\u00a0WEJOIN WJ90BM3 Para barreras\u00a074074\u00a0WEJOIN WJCB01SVIL33\u00a0y\u00a0TVB348015\u00a0\u00a0WEJOIN WJCB01SVIL23 Para conversi\u00f3n de barreras de brazo recto a brazo articulado\u00a0WJN1490001\u00a0,\u00a0WJN0960001,\u00a0TVB150040\u00a0y\u00a0TVB150041<\/p>\n","protected":false},"featured_media":8523,"comment_status":"open","ping_status":"closed","template":"","meta":{"om_disable_all_campaigns":false,"_monsterinsights_skip_tracking":false,"_monsterinsights_sitenote_active":false,"_monsterinsights_sitenote_note":"","_monsterinsights_sitenote_category":0},"product_brand":[],"product_cat":[793],"product_tag":[81,727,730,66,731,728,729],"class_list":{"0":"post-8524","1":"product","2":"type-product","3":"status-publish","4":"has-post-thumbnail","6":"product_cat-refacciones-control-acceso-vehicular","7":"product_tag-acceso-y-asistencia","8":"product_tag-cerraduras","9":"product_tag-commax-wulian","10":"product_tag-dahua","11":"product_tag-wejoin","12":"product_tag-yli","13":"product_tag-zkteco","15":"first","16":"instock","17":"sale","18":"taxable","19":"shipping-taxable","20":"purchasable","21":"product-type-simple"},"aioseo_notices":[],"_links":{"self":[{"href":"https:\/\/tecsecmty.com\/index.php\/wp-json\/wp\/v2\/product\/8524","targetHints":{"allow":["GET"]}}],"collection":[{"href":"https:\/\/tecsecmty.com\/index.php\/wp-json\/wp\/v2\/product"}],"about":[{"href":"https:\/\/tecsecmty.com\/index.php\/wp-json\/wp\/v2\/types\/product"}],"replies":[{"embeddable":true,"href":"https:\/\/tecsecmty.com\/index.php\/wp-json\/wp\/v2\/comments?post=8524"}],"version-history":[{"count":0,"href":"https:\/\/tecsecmty.com\/index.php\/wp-json\/wp\/v2\/product\/8524\/revisions"}],"wp:featuredmedia":[{"embeddable":true,"href":"https:\/\/tecsecmty.com\/index.php\/wp-json\/wp\/v2\/media\/8523"}],"wp:attachment":[{"href":"https:\/\/tecsecmty.com\/index.php\/wp-json\/wp\/v2\/media?parent=8524"}],"wp:term":[{"taxonomy":"product_brand","embeddable":true,"href":"https:\/\/tecsecmty.com\/index.php\/wp-json\/wp\/v2\/product_brand?post=8524"},{"taxonomy":"product_cat","embeddable":true,"href":"https:\/\/tecsecmty.com\/index.php\/wp-json\/wp\/v2\/product_cat?post=8524"},{"taxonomy":"product_tag","embeddable":true,"href":"https:\/\/tecsecmty.com\/index.php\/wp-json\/wp\/v2\/product_tag?post=8524"}],"curies":[{"name":"wp","href":"https:\/\/api.w.org\/{rel}","templated":true}]}}