{"id":8526,"date":"2023-02-23T22:25:04","date_gmt":"2023-02-24T04:25:04","guid":{"rendered":"https:\/\/tecsecmty.com\/index.php\/producto\/wejoin-wjbspl01-kit-para-adaptar-barrera-de-brazo-normal-a-brazo-led\/"},"modified":"2023-03-22T23:24:51","modified_gmt":"2023-03-23T05:24:51","slug":"wejoin-wjbspl01-kit-para-adaptar-barrera-de-brazo-normal-a-brazo-led","status":"publish","type":"product","link":"https:\/\/tecsecmty.com\/index.php\/producto\/wejoin-wjbspl01-kit-para-adaptar-barrera-de-brazo-normal-a-brazo-led\/","title":{"rendered":"WEJOIN WJBSPL01 &#8211; Kit para adaptar barrera de brazo normal a brazo LED"},"content":{"rendered":"<h5 class=\"card-title text-center\">Informaci\u00f3n General<\/h5>\n<h1><strong>Descripci\u00f3n<\/strong><\/h1>\n<p><strong>WEJOIN WJDZLED &#8211; Kit para adaptar barrera de brazo normal a brazo LED<\/strong><\/p>\n<p class=\"ql-align-center\"><strong>Kit &#8211; Barrera Led<\/strong><\/p>\n<p class=\"ql-align-center\">Con este Kit podr\u00e1s adaptar Leds indicadores de tr\u00e1fico en el barzo de la barrera vehicular.<\/p>\n<p><strong>Nota<\/strong>: Compatible con barreras vehiculares\u00a0<strong>wejoin de 3s y 6s<\/strong><\/p>\n<p><img decoding=\"async\" class=\"overview-center-img-web\" src=\"https:\/\/tvc.mx\/media\/329747\/Kit-para-barrera-LED-Descripci%C3%B3n-WJBSPL01-WEJOIN.png\" alt=\"\" \/><\/p>\n","protected":false},"excerpt":{"rendered":"<p>Informaci\u00f3n General Descripci\u00f3n WEJOIN WJDZLED &#8211; Kit para adaptar barrera de brazo normal a brazo LED Kit &#8211; Barrera Led Con este Kit podr\u00e1s adaptar Leds indicadores de tr\u00e1fico en el barzo de la barrera vehicular. Nota: Compatible con barreras vehiculares\u00a0wejoin de 3s y 6s<\/p>\n","protected":false},"featured_media":8525,"comment_status":"open","ping_status":"closed","template":"","meta":{"om_disable_all_campaigns":false,"_monsterinsights_skip_tracking":false,"_monsterinsights_sitenote_active":false,"_monsterinsights_sitenote_note":"","_monsterinsights_sitenote_category":0},"product_brand":[],"product_cat":[793],"product_tag":[81,727,730,66,731,728,729],"class_list":{"0":"post-8526","1":"product","2":"type-product","3":"status-publish","4":"has-post-thumbnail","6":"product_cat-refacciones-control-acceso-vehicular","7":"product_tag-acceso-y-asistencia","8":"product_tag-cerraduras","9":"product_tag-commax-wulian","10":"product_tag-dahua","11":"product_tag-wejoin","12":"product_tag-yli","13":"product_tag-zkteco","15":"first","16":"instock","17":"sale","18":"taxable","19":"shipping-taxable","20":"purchasable","21":"product-type-simple"},"aioseo_notices":[],"_links":{"self":[{"href":"https:\/\/tecsecmty.com\/index.php\/wp-json\/wp\/v2\/product\/8526","targetHints":{"allow":["GET"]}}],"collection":[{"href":"https:\/\/tecsecmty.com\/index.php\/wp-json\/wp\/v2\/product"}],"about":[{"href":"https:\/\/tecsecmty.com\/index.php\/wp-json\/wp\/v2\/types\/product"}],"replies":[{"embeddable":true,"href":"https:\/\/tecsecmty.com\/index.php\/wp-json\/wp\/v2\/comments?post=8526"}],"version-history":[{"count":0,"href":"https:\/\/tecsecmty.com\/index.php\/wp-json\/wp\/v2\/product\/8526\/revisions"}],"wp:featuredmedia":[{"embeddable":true,"href":"https:\/\/tecsecmty.com\/index.php\/wp-json\/wp\/v2\/media\/8525"}],"wp:attachment":[{"href":"https:\/\/tecsecmty.com\/index.php\/wp-json\/wp\/v2\/media?parent=8526"}],"wp:term":[{"taxonomy":"product_brand","embeddable":true,"href":"https:\/\/tecsecmty.com\/index.php\/wp-json\/wp\/v2\/product_brand?post=8526"},{"taxonomy":"product_cat","embeddable":true,"href":"https:\/\/tecsecmty.com\/index.php\/wp-json\/wp\/v2\/product_cat?post=8526"},{"taxonomy":"product_tag","embeddable":true,"href":"https:\/\/tecsecmty.com\/index.php\/wp-json\/wp\/v2\/product_tag?post=8526"}],"curies":[{"name":"wp","href":"https:\/\/api.w.org\/{rel}","templated":true}]}}