{"id":853,"date":"2023-02-15T23:26:50","date_gmt":"2023-02-15T23:26:50","guid":{"rendered":"https:\/\/tecsecmty.com\/index.php\/producto\/bullet-turbo-2-megapixel-1080p-lente-mot-2-8-a-12-mm-climas-extremos-ir-exir-inteligente-40-mts-exterior-ip66-wdr-real-120-db-2\/"},"modified":"2023-03-22T23:20:43","modified_gmt":"2023-03-23T05:20:43","slug":"bullet-turbo-2-megapixel-1080p-lente-mot-2-8-a-12-mm-climas-extremos-ir-exir-inteligente-40-mts-exterior-ip66-wdr-real-120-db-2","status":"publish","type":"product","link":"https:\/\/tecsecmty.com\/index.php\/producto\/bullet-turbo-2-megapixel-1080p-lente-mot-2-8-a-12-mm-climas-extremos-ir-exir-inteligente-40-mts-exterior-ip66-wdr-real-120-db-2\/","title":{"rendered":"Bullet TURBO 2 Megapixel (1080p) \/ Lente Mot. 2.8 a 12 mm \/ CLIMAS EXTREMOS \/ IR EXIR Inteligente 40 mts\/ Exterior IP66 \/ WDR Real 120 dB"},"content":{"rendered":"<div class=\"container\">\n<div class=\"row\">\n<div class=\"col-md-12\">\n<div class=\"row\">\n<div class=\"row\">\n<div class=\"col-md-12\">\n<h4 class=\"text-primary center info-text\" style=\"text-align: center\">Informaci\u00f3n de Producto<\/h4>\n<\/div>\n<\/div>\n<div class=\"row\" style=\"text-align: center\">\n<div class=\"col-md-12\">\n<h3>Bullet TURBO 2 Megapixel (1080p) \/ Lente Mot. 2.8 a 12 mm \/ CLIMAS EXTREMOS \/ IR EXIR Inteligente 40 mts\/ Exterior IP66 \/ WDR Real 120 dB<\/h3>\n<\/div>\n<\/div>\n<div id=\"producto_container\" class=\"row\" style=\"text-align: center\">\n<div class=\"col-md-4\"><img decoding=\"async\" class=\"img-responsive center-block\" src=\"https:\/\/ftp3.syscom.mx\/usuarios\/fotos\/BancoFotografiasSyscom\/HIKVISION\/DS2CE16D7TIT3ZW\/DS2CE16D7TIT3ZW-p.PNG\" alt=\"DS-2CE16D7TIT3Z\/W\" \/><\/p>\n<div class=\"row\">\n<div id=\"galerias\" class=\"col-sm-12\"><\/div>\n<\/div>\n<\/div>\n<div class=\"col-md-4\">\n<div><img decoding=\"async\" class=\"img-responsive img-thumbnail\" src=\"https:\/\/ftp3.syscom.mx\/usuarios\/fotos\/logotipos\/hikvision.png\" \/><\/div>\n<div><img decoding=\"async\" class=\"icono_info_product\" src=\"https:\/\/ftp3.syscom.mx\/usuarios\/ftp\/syscom_mx\/LENTE-MOTORIZADO.png?v=1.04?v=1.04\" \/><img decoding=\"async\" class=\"icono_info_product\" src=\"https:\/\/ftp3.syscom.mx\/usuarios\/ftp\/syscom_mx\/LENTE-MOTORIZADO.png\" \/><\/div>\n<div>\n<p>Modelo:\u00a0<span class=\"modelo-marca\">DS-2CE16D7TIT3Z\/W<\/span><\/p>\n<p>Marca:\u00a0<span class=\"modelo-marca\">HIKVISION<\/span><\/p>\n<\/div>\n<div><\/div>\n<\/div>\n<div class=\"col-md-4\">\n<div class=\"row\">\n<div class=\"col-md-12 default_padding_bottom\"><\/div>\n<\/div>\n<\/div>\n<\/div>\n<\/div>\n<div class=\"row \" style=\"text-align: center\">\n<div class=\"col-md-12\">\n<div class=\"row\">\n<h3 class=\"text-primary\">Especificaciones:<\/h3>\n<\/div>\n<div class=\"row well\">\n<p>\u00a0<strong><img decoding=\"async\" class=\"fr-fic fr-dii\" src=\"http:\/\/ftp3.syscom.mx\/usuarios\/jdelafuente\/HIKVISION\/hikvision%20logo%20complete.png\" alt=\"\" \/><\/strong><\/p>\n<p><strong>Caracter\u00edsticas<\/strong><strong>\u00a0principales:<\/strong><\/p>\n<p><strong>Imagen:<\/strong><\/p>\n<ul>\n<li>Sensor CMOS 1\/3\u201d TURBOHD.<\/li>\n<li>Resoluci\u00f3n HD1080p (1920 x 1080).<\/li>\n<li>Lente Motorizado 2.8 ~ 12mm. @F1.2<\/li>\n<li>Iluminaci\u00f3n m\u00ednima 0.01 lux Color \/ 0 lux IR.<\/li>\n<li>Salida de video TVI (TURBOHD).<\/li>\n<li>Soporta salida (CVBS), solo para ajuste<\/li>\n<\/ul>\n<p><strong>D\u00eda\/Noche:<\/strong><\/p>\n<ul>\n<li>D\u00eda\/Noche real con filtro mec\u00e1nico ICR.<\/li>\n<li>EXIR IR para iluminar hasta 40mts, en total oscuridad con Tecnolog\u00eda Smart IR.<\/li>\n<\/ul>\n<p><strong>Funciones:<\/strong><\/p>\n<ul>\n<li>WDR, Smart IR, BLC, DNR, AWB, 3D-DNR, MIRROR \u00a0men\u00fa OSD multi idioma, mirror, correcci\u00f3n de pixel.<\/li>\n<li>Comunicaci\u00f3n de datos: HIKVISION -C (Coaxitron).<\/li>\n<\/ul>\n<p><strong>Caracter\u00edsticas f\u00edsicas y el\u00e9ctricas:<\/strong><\/p>\n<ul>\n<li>Aplicaciones: Interior, Exterior.<\/li>\n<li>Aprobaciones: IP66.<\/li>\n<li>Temperatura de Operaci\u00f3n: -40 ~ 60\u00baC.<\/li>\n<li>Alimentaci\u00f3n: 12Vcc.<\/li>\n<li>Consumo el\u00e9ctrico: 6W (IR encendido).<\/li>\n<li>Dimensiones: 92 mm x 84.8 mm x 269.6 mm<\/li>\n<li>Peso: 900g.<\/li>\n<li><strong>Garant\u00eda<\/strong><strong>: 2 A\u00f1os<\/strong><\/li>\n<\/ul>\n<p><strong>Accesorios:<\/strong><\/p>\n<ul>\n<li><strong>Caja de conexiones, modelo:\u00a0<a href=\"https:\/\/www.syscom.mx\/producto\/DS-1280ZJ-S-HIKVISION-84927.html\" target=\"_blank\" rel=\"noopener\">DS-1280ZJ-S<\/a><\/strong><\/li>\n<li><strong>Montaje de poste vertical, modelo:\u00a0<a href=\"https:\/\/www.syscom.mx\/producto\/DS-1275ZJ-HIKVISION-79332.html\" target=\"_blank\" rel=\"noopener\">DS-1275ZJ<\/a><\/strong><\/li>\n<li><strong>Ballun de video, modelo:\u00a0<a href=\"https:\/\/www.syscom.mx\/producto\/DS-1H18S\/E(C)-HIKVISION-198102.html\" target=\"_blank\" rel=\"noopener\">DS-1H18<\/a><\/strong><\/li>\n<\/ul>\n<div class=\"row\">\n<div class=\"col-sm-12\">\n<div><\/div>\n<\/div>\n<\/div>\n<p>&nbsp;<\/p>\n<h1><strong>Recursos<\/strong><\/h1>\n<p>&nbsp;<\/p>\n<div class=\"row default_margin_bottom\">\n<div class=\"col-sm-4\"><a href=\"https:\/\/www.hikvision.com\/es-la\/support\/download\/software\/ivms4200-series\/?q=serie%20ivms4200&amp;position=1\" target=\"_blank\" rel=\"noopener\"><img decoding=\"async\" class=\"img-responsive\" src=\"https:\/\/ftp3.syscom.mx\/usuarios\/gmagos\/HIK\/IP\/IPC\/Imagenes%20pagina\/Descargas%20IVMS4200.jpg\" \/><\/a><\/div>\n<div class=\"col-sm-4\"><a href=\"https:\/\/appstore.hikvision.com\/\" target=\"_blank\" rel=\"noopener\"><img decoding=\"async\" class=\"img-responsive\" src=\"https:\/\/ftp3.syscom.mx\/usuarios\/gmagos\/HIK\/IP\/IPC\/Imagenes%20pagina\/Descargas%20de%20app.jpg\" \/><\/a><\/div>\n<div class=\"col-sm-4\"><a href=\"https:\/\/ftp3.syscom.mx\/usuarios\/ftp\/2016\/09\/02\/fd0a2\/Especificaciones%20T%C3%A9cnicas%20-%20DS2CE16D7TIT3Z.pdf\" target=\"_blank\" rel=\"noopener\"><img decoding=\"async\" class=\"img-responsive\" src=\"https:\/\/ftp3.syscom.mx\/usuarios\/gmagos\/HIK\/IP\/IPC\/Imagenes%20pagina\/Descarga%20de%20PDF.jpg\" \/><\/a><\/div>\n<\/div>\n<p>&nbsp;<\/p>\n<p><strong><img decoding=\"async\" class=\"fr-fic fr-dii\" src=\"http:\/\/ftp3.syscom.mx\/usuarios\/jdelafuente\/HIKVISION\/hikvision-solution%20banner.jpg\" alt=\"\" \/><\/strong><\/p>\n<\/div>\n<\/div>\n<\/div>\n<\/div>\n<\/div>\n<\/div>\n<p><img decoding=\"async\" class=\"aligncenter\" src=\"https:\/\/tracker.metricool.com\/c3po.jpg?hash=95c94f37730bb8f54dd4308f1f878f9\" \/><\/p>\n","protected":false},"excerpt":{"rendered":"<p>Informaci\u00f3n de Producto Bullet TURBO 2 Megapixel (1080p) \/ Lente Mot. 2.8 a 12 mm \/ CLIMAS EXTREMOS \/ IR EXIR Inteligente 40 mts\/ Exterior IP66 \/ WDR Real 120 dB Modelo:\u00a0DS-2CE16D7TIT3Z\/W Marca:\u00a0HIKVISION Especificaciones: \u00a0 Caracter\u00edsticas\u00a0principales: Imagen: Sensor CMOS 1\/3\u201d TURBOHD. Resoluci\u00f3n HD1080p (1920 x&hellip;<\/p>\n","protected":false},"featured_media":2104,"comment_status":"open","ping_status":"closed","template":"","meta":{"om_disable_all_campaigns":false,"_monsterinsights_skip_tracking":false,"_monsterinsights_sitenote_active":false,"_monsterinsights_sitenote_note":"","_monsterinsights_sitenote_category":0},"product_brand":[],"product_cat":[47],"product_tag":[42,38,48,37],"class_list":{"0":"post-853","1":"product","2":"type-product","3":"status-publish","4":"has-post-thumbnail","6":"product_cat-lente-motorizado","7":"product_tag-camaras","8":"product_tag-camaras-de-seguridad","9":"product_tag-camaras-lente-motorizado","10":"product_tag-hikvision","12":"first","13":"instock","14":"taxable","15":"shipping-taxable","16":"product-type-simple"},"aioseo_notices":[],"_links":{"self":[{"href":"https:\/\/tecsecmty.com\/index.php\/wp-json\/wp\/v2\/product\/853","targetHints":{"allow":["GET"]}}],"collection":[{"href":"https:\/\/tecsecmty.com\/index.php\/wp-json\/wp\/v2\/product"}],"about":[{"href":"https:\/\/tecsecmty.com\/index.php\/wp-json\/wp\/v2\/types\/product"}],"replies":[{"embeddable":true,"href":"https:\/\/tecsecmty.com\/index.php\/wp-json\/wp\/v2\/comments?post=853"}],"version-history":[{"count":2,"href":"https:\/\/tecsecmty.com\/index.php\/wp-json\/wp\/v2\/product\/853\/revisions"}],"predecessor-version":[{"id":2105,"href":"https:\/\/tecsecmty.com\/index.php\/wp-json\/wp\/v2\/product\/853\/revisions\/2105"}],"wp:featuredmedia":[{"embeddable":true,"href":"https:\/\/tecsecmty.com\/index.php\/wp-json\/wp\/v2\/media\/2104"}],"wp:attachment":[{"href":"https:\/\/tecsecmty.com\/index.php\/wp-json\/wp\/v2\/media?parent=853"}],"wp:term":[{"taxonomy":"product_brand","embeddable":true,"href":"https:\/\/tecsecmty.com\/index.php\/wp-json\/wp\/v2\/product_brand?post=853"},{"taxonomy":"product_cat","embeddable":true,"href":"https:\/\/tecsecmty.com\/index.php\/wp-json\/wp\/v2\/product_cat?post=853"},{"taxonomy":"product_tag","embeddable":true,"href":"https:\/\/tecsecmty.com\/index.php\/wp-json\/wp\/v2\/product_tag?post=853"}],"curies":[{"name":"wp","href":"https:\/\/api.w.org\/{rel}","templated":true}]}}