{"id":8530,"date":"2023-02-23T22:25:07","date_gmt":"2023-02-24T04:25:07","guid":{"rendered":"https:\/\/tecsecmty.com\/index.php\/producto\/wejoin-wjdz102cabinet-gabinete-para-barrera-vehicular-convencional-de-wejoin-compatible-con-modelos-136-segundos\/"},"modified":"2023-03-22T23:24:52","modified_gmt":"2023-03-23T05:24:52","slug":"wejoin-wjdz102cabinet-gabinete-para-barrera-vehicular-convencional-de-wejoin-compatible-con-modelos-136-segundos","status":"publish","type":"product","link":"https:\/\/tecsecmty.com\/index.php\/producto\/wejoin-wjdz102cabinet-gabinete-para-barrera-vehicular-convencional-de-wejoin-compatible-con-modelos-136-segundos\/","title":{"rendered":"WEJOIN WJDZ102CABINET &#8211; Gabinete para Barrera Vehicular convencional de Wejoin \/ Compatible con modelos 1,3,6 segundos"},"content":{"rendered":"<div class=\"row aling-items-center padding-bottom-2x\">\n<div class=\"col-lg-12\">\n<h5 class=\"card-title text-center\">Descripci\u00f3n<\/h5>\n<p class=\"ql-align-justify\">Los gabinetes de las barreras para estacionamiento est\u00e1n dise\u00f1ados para soportar las inclemencias del tiempo ya que son construidos en acero galvanizado y pintados, tambi\u00e9n se cuenta con las versiones en acero inoxidable, adem\u00e1s de contar con un f\u00e1cil acceso a los tableros de mando que se encuentran al interior y as\u00ed tener un ajuste y mantenimiento f\u00e1cil de realizar. El gabinete Wejoin modelo WJDZ102CABINET\u00a0es de utilidad para reemplazar gabinetes con da\u00f1os severos o golpeados, es compatible con sistemas de barreras wejoin de 6 segundos, 3 segundos y 1 segundo.<\/p>\n<p>&nbsp;<\/p>\n<p><img decoding=\"async\" class=\"overview-center-img-web\" src=\"https:\/\/tvc.mx\/media\/312983\/Gabinete-para-Barrera-No-LED-Descripci%C3%B3n-JDZ102CABINET-WEJOIN.png\" alt=\"\" \/><\/div>\n<\/div>\n<div class=\"row align-items-center padding-bottom-2x\">\n<div class=\"col-md-5\"><img decoding=\"async\" class=\"d-block m-auto img-thumbnail\" src=\"https:\/\/tvc.mx\/media\/70068\/medidas-del-gabinete.jpg\" alt=\" \" \/><\/div>\n<div class=\"col-md-7 text-md-left text-center\">\n<h2>Especificaciones<\/h2>\n<p class=\"text-muted\">\n<ul>\n<li class=\"ql-align-justify\">Fabricado en lamina de acero.<\/li>\n<li class=\"ql-align-justify\">Dise\u00f1o de alta resistencia y duradero<\/li>\n<li class=\"ql-align-justify\">Protecci\u00f3n IP44.<\/li>\n<\/ul>\n<p><strong>Barreras compatibles:<\/strong><\/p>\n<ul>\n<li class=\"ql-align-justify\"><strong>WJN1490001<\/strong>\u00a0WEJOIN WJCB01SVIL34<\/li>\n<li class=\"ql-align-justify\"><strong>WJN0960001<\/strong>\u00a0WEJOIN WJCB01SVIL56<\/li>\n<li class=\"ql-align-justify\"><strong>TVB347016<\/strong>\u00a0\u00a0WEJOIN WJCB01SVHL13F<\/li>\n<li class=\"ql-align-justify\"><strong>TVB347017<\/strong>\u00a0\u00a0WEJOIN WJCB01SVHR13F<\/li>\n<li class=\"ql-align-justify\"><strong>WJN3470012<\/strong>\u00a0WEJOIN WJCB01SVHL13<\/li>\n<li class=\"ql-align-justify\"><strong>74074<\/strong>\u00a0\u00a0WEJOIN WJCB01SVIL33<\/li>\n<li class=\"ql-align-justify\"><strong>TVB348015<\/strong>\u00a0\u00a0WEJOIN WJCB01SVIL23<\/li>\n<li class=\"ql-align-justify\"><strong>WJN347001<\/strong>\u00a0\u00a0WEJOIN WJCB01SVIR23<\/li>\n<\/ul>\n<p class=\"ql-align-justify\">\n<p class=\"ql-align-justify\">\n<\/div>\n<\/div>\n<p>&nbsp;<\/p>\n<h5 class=\"card-title text-center\">Funci\u00f3n<\/h5>\n<p class=\"ql-align-justify\">La funci\u00f3n del gabiniete, principalmente es proteger de la interperie a los mecanismos internos de la barrera, ya que posee piezas m\u00f3viles que se encuentran engrasadas y aceitadas, el estar en contacto con el medio ambiente podr\u00eda reducir su vida \u00fatil a m\u00e1s de la mitad del tiempo previsto. Tambi\u00e9n ayuda a ofrecer una est\u00e9tica amigable para a los usuarios que atraviesen el control de acceso.<\/p>\n<p><img decoding=\"async\" class=\"overview-center-img-web\" src=\"https:\/\/tvc.mx\/media\/313063\/Gabinete-para-Barrera-No-LED-Funci%C3%B3n-JDZ102CABINET-WEJOIN.png\" alt=\"\" \/><\/p>\n","protected":false},"excerpt":{"rendered":"<p>Descripci\u00f3n Los gabinetes de las barreras para estacionamiento est\u00e1n dise\u00f1ados para soportar las inclemencias del tiempo ya que son construidos en acero galvanizado y pintados, tambi\u00e9n se cuenta con las versiones en acero inoxidable, adem\u00e1s de contar con un f\u00e1cil acceso a los tableros de&hellip;<\/p>\n","protected":false},"featured_media":8529,"comment_status":"open","ping_status":"closed","template":"","meta":{"om_disable_all_campaigns":false,"_monsterinsights_skip_tracking":false,"_monsterinsights_sitenote_active":false,"_monsterinsights_sitenote_note":"","_monsterinsights_sitenote_category":0},"product_brand":[],"product_cat":[793],"product_tag":[81,727,730,66,731,728,729],"class_list":{"0":"post-8530","1":"product","2":"type-product","3":"status-publish","4":"has-post-thumbnail","6":"product_cat-refacciones-control-acceso-vehicular","7":"product_tag-acceso-y-asistencia","8":"product_tag-cerraduras","9":"product_tag-commax-wulian","10":"product_tag-dahua","11":"product_tag-wejoin","12":"product_tag-yli","13":"product_tag-zkteco","15":"first","16":"instock","17":"sale","18":"taxable","19":"shipping-taxable","20":"purchasable","21":"product-type-simple"},"aioseo_notices":[],"_links":{"self":[{"href":"https:\/\/tecsecmty.com\/index.php\/wp-json\/wp\/v2\/product\/8530","targetHints":{"allow":["GET"]}}],"collection":[{"href":"https:\/\/tecsecmty.com\/index.php\/wp-json\/wp\/v2\/product"}],"about":[{"href":"https:\/\/tecsecmty.com\/index.php\/wp-json\/wp\/v2\/types\/product"}],"replies":[{"embeddable":true,"href":"https:\/\/tecsecmty.com\/index.php\/wp-json\/wp\/v2\/comments?post=8530"}],"version-history":[{"count":0,"href":"https:\/\/tecsecmty.com\/index.php\/wp-json\/wp\/v2\/product\/8530\/revisions"}],"wp:featuredmedia":[{"embeddable":true,"href":"https:\/\/tecsecmty.com\/index.php\/wp-json\/wp\/v2\/media\/8529"}],"wp:attachment":[{"href":"https:\/\/tecsecmty.com\/index.php\/wp-json\/wp\/v2\/media?parent=8530"}],"wp:term":[{"taxonomy":"product_brand","embeddable":true,"href":"https:\/\/tecsecmty.com\/index.php\/wp-json\/wp\/v2\/product_brand?post=8530"},{"taxonomy":"product_cat","embeddable":true,"href":"https:\/\/tecsecmty.com\/index.php\/wp-json\/wp\/v2\/product_cat?post=8530"},{"taxonomy":"product_tag","embeddable":true,"href":"https:\/\/tecsecmty.com\/index.php\/wp-json\/wp\/v2\/product_tag?post=8530"}],"curies":[{"name":"wp","href":"https:\/\/api.w.org\/{rel}","templated":true}]}}