{"id":8536,"date":"2023-02-23T22:25:16","date_gmt":"2023-02-24T04:25:16","guid":{"rendered":"https:\/\/tecsecmty.com\/index.php\/producto\/wejoin-wjkmp202mb-panel-de-control-para-motor-deslizante-wjkmp202-tvb349001-refaccion\/"},"modified":"2023-03-22T23:24:53","modified_gmt":"2023-03-23T05:24:53","slug":"wejoin-wjkmp202mb-panel-de-control-para-motor-deslizante-wjkmp202-tvb349001-refaccion","status":"publish","type":"product","link":"https:\/\/tecsecmty.com\/index.php\/producto\/wejoin-wjkmp202mb-panel-de-control-para-motor-deslizante-wjkmp202-tvb349001-refaccion\/","title":{"rendered":"WEJOIN WJKMP202MB &#8211; Panel de control para motor deslizante WJKMP202 TVB349001 \/ Refaccion"},"content":{"rendered":"<div class=\"row aling-items-center padding-bottom-2x\">\n<div class=\"col-lg-12\">\n<h5 class=\"card-title text-center\">Informaci\u00f3n General<\/h5>\n<h1><strong>Descripci\u00f3n<\/strong><\/h1>\n<p><strong>WJKMP202MB &#8211; Tarjeta de control para motor deslizante WJK MP202 TVB349001 \/ Refaccion<\/strong><\/p>\n<p class=\"ql-align-justify\">La placa base, tambi\u00e9n conocida como placa madre o placa principal, es una tarjeta<\/p>\n<p class=\"ql-align-justify\">de circuito impreso\u00a0a la que se conectan los componentes\u00a0que constituyen el\u00a0motor<\/p>\n<p class=\"ql-align-justify\">deslizante. Tiene\u00a0instalados una serie\u00a0de circuitos integrados que\u00a0hacen la\u00a0funci\u00f3n<\/p>\n<p class=\"ql-align-justify\">necesaria\u00a0para mandar\u00a0se\u00f1ales de apertura\u00a0y cierre del\u00a0equipo, para que realice su<\/p>\n<p class=\"ql-align-justify\">funcionamiento.<\/p>\n<p><img decoding=\"async\" class=\"overview-center-img-web\" src=\"https:\/\/tvc.mx\/media\/56697\/vanner-WEJOIN-WJKMP202MB.jpg\" alt=\"\" \/><\/p>\n<\/div>\n<\/div>\n<div class=\"row align-items-center padding-bottom-2x\">\n<div class=\"col-md-5 order-md-2\"><img decoding=\"async\" class=\"d-block m-auto img-thumbnail\" src=\"https:\/\/tvc.mx\/media\/56715\/especificaciones.jpg\" alt=\" \" \/><\/div>\n<div class=\"col-md-7 order-md-1 text-md-left text-center\">\n<h2>Especificaciones<\/h2>\n<p class=\"ql-align-justify\">Contactos de control OPEN, CLOSE, STOP<\/p>\n<p class=\"ql-align-justify\">Salida de voltaje para fotocelda 12 VAC.<\/p>\n<p class=\"ql-align-justify\">Configuraci\u00f3n de Auto-Down<\/p>\n<p class=\"ql-align-justify\">Entrada Sensor de Masa.<\/p>\n<p class=\"ql-align-justify\">Entrada de semaforo 110v<\/p>\n<p class=\"ql-align-justify\">Entrada 110V\u00b110% 60Hz.<\/p>\n<p>&nbsp;<\/p>\n<\/div>\n<\/div>\n<hr class=\"padding-bottom-2x\" \/>\n<div class=\"row align-items-center padding-bottom-2x\">\n<div class=\"col-md-5\"><img decoding=\"async\" class=\"d-block m-auto img-thumbnail\" src=\"https:\/\/tvc.mx\/media\/56727\/funci%C3%B3n.jpg\" alt=\" \" \/><\/div>\n<div class=\"col-md-7 text-md-left text-center\">\n<h2>Funci\u00f3n<\/h2>\n<p>La tarjeta l\u00f3gica tiene guardada la informaci\u00f3n del funcionamiento de la barrera y trabaja de manera electr\u00f3nica, para poder realizar algunos de sus movimientos, dependiendo de la orden que nosotros indicamos.<\/p>\n<\/div>\n<\/div>\n","protected":false},"excerpt":{"rendered":"<p>Informaci\u00f3n General Descripci\u00f3n WJKMP202MB &#8211; Tarjeta de control para motor deslizante WJK MP202 TVB349001 \/ Refaccion La placa base, tambi\u00e9n conocida como placa madre o placa principal, es una tarjeta de circuito impreso\u00a0a la que se conectan los componentes\u00a0que constituyen el\u00a0motor deslizante. Tiene\u00a0instalados una serie\u00a0de&hellip;<\/p>\n","protected":false},"featured_media":8535,"comment_status":"open","ping_status":"closed","template":"","meta":{"om_disable_all_campaigns":false,"_monsterinsights_skip_tracking":false,"_monsterinsights_sitenote_active":false,"_monsterinsights_sitenote_note":"","_monsterinsights_sitenote_category":0},"product_brand":[],"product_cat":[793],"product_tag":[81,727,730,66,731,728,729],"class_list":{"0":"post-8536","1":"product","2":"type-product","3":"status-publish","4":"has-post-thumbnail","6":"product_cat-refacciones-control-acceso-vehicular","7":"product_tag-acceso-y-asistencia","8":"product_tag-cerraduras","9":"product_tag-commax-wulian","10":"product_tag-dahua","11":"product_tag-wejoin","12":"product_tag-yli","13":"product_tag-zkteco","15":"first","16":"instock","17":"sale","18":"taxable","19":"shipping-taxable","20":"purchasable","21":"product-type-simple"},"aioseo_notices":[],"_links":{"self":[{"href":"https:\/\/tecsecmty.com\/index.php\/wp-json\/wp\/v2\/product\/8536","targetHints":{"allow":["GET"]}}],"collection":[{"href":"https:\/\/tecsecmty.com\/index.php\/wp-json\/wp\/v2\/product"}],"about":[{"href":"https:\/\/tecsecmty.com\/index.php\/wp-json\/wp\/v2\/types\/product"}],"replies":[{"embeddable":true,"href":"https:\/\/tecsecmty.com\/index.php\/wp-json\/wp\/v2\/comments?post=8536"}],"version-history":[{"count":0,"href":"https:\/\/tecsecmty.com\/index.php\/wp-json\/wp\/v2\/product\/8536\/revisions"}],"wp:featuredmedia":[{"embeddable":true,"href":"https:\/\/tecsecmty.com\/index.php\/wp-json\/wp\/v2\/media\/8535"}],"wp:attachment":[{"href":"https:\/\/tecsecmty.com\/index.php\/wp-json\/wp\/v2\/media?parent=8536"}],"wp:term":[{"taxonomy":"product_brand","embeddable":true,"href":"https:\/\/tecsecmty.com\/index.php\/wp-json\/wp\/v2\/product_brand?post=8536"},{"taxonomy":"product_cat","embeddable":true,"href":"https:\/\/tecsecmty.com\/index.php\/wp-json\/wp\/v2\/product_cat?post=8536"},{"taxonomy":"product_tag","embeddable":true,"href":"https:\/\/tecsecmty.com\/index.php\/wp-json\/wp\/v2\/product_tag?post=8536"}],"curies":[{"name":"wp","href":"https:\/\/api.w.org\/{rel}","templated":true}]}}