{"id":8538,"date":"2023-02-23T22:25:18","date_gmt":"2023-02-24T04:25:18","guid":{"rendered":"https:\/\/tecsecmty.com\/index.php\/producto\/wejoin-wjlbm3l-brazo-recto-de-3-metros-compatible-con-barrera-led-izquierda\/"},"modified":"2023-03-22T23:24:53","modified_gmt":"2023-03-23T05:24:53","slug":"wejoin-wjlbm3l-brazo-recto-de-3-metros-compatible-con-barrera-led-izquierda","status":"publish","type":"product","link":"https:\/\/tecsecmty.com\/index.php\/producto\/wejoin-wjlbm3l-brazo-recto-de-3-metros-compatible-con-barrera-led-izquierda\/","title":{"rendered":"WEJOIN WJLBM3L &#8211; Brazo recto de 3 metros \/ Compatible con barrera LED izquierda"},"content":{"rendered":"<h5 class=\"card-title text-center\">Descripci\u00f3n<\/h5>\n<p class=\"ql-align-center\"><strong>Brazo led recto de 3m.<\/strong><\/p>\n<p class=\"ql-align-justify\">\n<p class=\"ql-align-justify\">Este brazo es solo compatible con la\u00a0<strong>barrera IZQUERDA de 3m<\/strong>\u00a0del siguiente modelo:\u00a0<strong>TVB347010<\/strong><\/p>\n<p class=\"ql-align-justify\">Tiene\u00a0<strong>forma de tipo cuadrada<\/strong>; no es ovalado y cuenta con rieles para ajuste de caucho pl\u00e1stico protector para caso de accidentes y\u00a0<strong>LED de circuito iluminado<\/strong>\u00a0cuando esta cerrado el acceso en\u00a0<strong>ROJO<\/strong>, y\u00a0<strong>VERDE<\/strong>\u00a0cuando se encuentra abierto el mismo.<\/p>\n<p class=\"ql-align-justify\">\n<p class=\"ql-align-justify\"><strong>Para env\u00edos el tiempo de entrega es de 4 a 5 d\u00edas h\u00e1biles, consulta con tu asesor el m\u00e9todo de env\u00edo.<\/strong><\/p>\n<p><img decoding=\"async\" class=\"overview-center-img-web\" src=\"https:\/\/tvc.mx\/media\/69816\/brazo-3m-central.jpg\" alt=\"\" \/><\/p>\n","protected":false},"excerpt":{"rendered":"<p>Descripci\u00f3n Brazo led recto de 3m. Este brazo es solo compatible con la\u00a0barrera IZQUERDA de 3m\u00a0del siguiente modelo:\u00a0TVB347010 Tiene\u00a0forma de tipo cuadrada; no es ovalado y cuenta con rieles para ajuste de caucho pl\u00e1stico protector para caso de accidentes y\u00a0LED de circuito iluminado\u00a0cuando esta cerrado&hellip;<\/p>\n","protected":false},"featured_media":8537,"comment_status":"open","ping_status":"closed","template":"","meta":{"om_disable_all_campaigns":false,"_monsterinsights_skip_tracking":false,"_monsterinsights_sitenote_active":false,"_monsterinsights_sitenote_note":"","_monsterinsights_sitenote_category":0},"product_brand":[],"product_cat":[793],"product_tag":[81,727,730,66,731,728,729],"class_list":{"0":"post-8538","1":"product","2":"type-product","3":"status-publish","4":"has-post-thumbnail","6":"product_cat-refacciones-control-acceso-vehicular","7":"product_tag-acceso-y-asistencia","8":"product_tag-cerraduras","9":"product_tag-commax-wulian","10":"product_tag-dahua","11":"product_tag-wejoin","12":"product_tag-yli","13":"product_tag-zkteco","15":"first","16":"instock","17":"sale","18":"taxable","19":"shipping-taxable","20":"purchasable","21":"product-type-simple"},"aioseo_notices":[],"_links":{"self":[{"href":"https:\/\/tecsecmty.com\/index.php\/wp-json\/wp\/v2\/product\/8538","targetHints":{"allow":["GET"]}}],"collection":[{"href":"https:\/\/tecsecmty.com\/index.php\/wp-json\/wp\/v2\/product"}],"about":[{"href":"https:\/\/tecsecmty.com\/index.php\/wp-json\/wp\/v2\/types\/product"}],"replies":[{"embeddable":true,"href":"https:\/\/tecsecmty.com\/index.php\/wp-json\/wp\/v2\/comments?post=8538"}],"version-history":[{"count":0,"href":"https:\/\/tecsecmty.com\/index.php\/wp-json\/wp\/v2\/product\/8538\/revisions"}],"wp:featuredmedia":[{"embeddable":true,"href":"https:\/\/tecsecmty.com\/index.php\/wp-json\/wp\/v2\/media\/8537"}],"wp:attachment":[{"href":"https:\/\/tecsecmty.com\/index.php\/wp-json\/wp\/v2\/media?parent=8538"}],"wp:term":[{"taxonomy":"product_brand","embeddable":true,"href":"https:\/\/tecsecmty.com\/index.php\/wp-json\/wp\/v2\/product_brand?post=8538"},{"taxonomy":"product_cat","embeddable":true,"href":"https:\/\/tecsecmty.com\/index.php\/wp-json\/wp\/v2\/product_cat?post=8538"},{"taxonomy":"product_tag","embeddable":true,"href":"https:\/\/tecsecmty.com\/index.php\/wp-json\/wp\/v2\/product_tag?post=8538"}],"curies":[{"name":"wp","href":"https:\/\/api.w.org\/{rel}","templated":true}]}}