{"id":8544,"date":"2023-02-23T22:25:25","date_gmt":"2023-02-24T04:25:25","guid":{"rendered":"https:\/\/tecsecmty.com\/index.php\/producto\/wejoin-wjlbm4r-brazo-led-derecho-de-4-metros-compatible-con-barrera-led-derecha-tvb347012\/"},"modified":"2023-03-22T23:24:53","modified_gmt":"2023-03-23T05:24:53","slug":"wejoin-wjlbm4r-brazo-led-derecho-de-4-metros-compatible-con-barrera-led-derecha-tvb347012","status":"publish","type":"product","link":"https:\/\/tecsecmty.com\/index.php\/producto\/wejoin-wjlbm4r-brazo-led-derecho-de-4-metros-compatible-con-barrera-led-derecha-tvb347012\/","title":{"rendered":"WEJOIN WJLBM4R &#8211; Brazo LED derecho de 4 metros \/ Compatible con barrera LED derecha TVB347012"},"content":{"rendered":"<div class=\"row aling-items-center padding-bottom-2x\">\n<div class=\"col-lg-12\">\n<h5 class=\"card-title text-center\">Informaci\u00f3n General<\/h5>\n<h1><strong>Descripci\u00f3n<\/strong><\/h1>\n<p><strong>WEJOIN WJDZ120R4A &#8211; Brazo LED derecho de 4 metros \/ Compatible con barrera LED derecha TVB347012<\/strong><\/p>\n<p class=\"ql-align-justify\">El accesorio est\u00e1 hecho de aleaci\u00f3n de aluminio de alta resistencia, incorpora una pel\u00edcula reflectante que tiene la funci\u00f3n de advertencia.<\/p>\n<p><img decoding=\"async\" class=\"overview-center-img-web\" src=\"https:\/\/tvc.mx\/media\/72357\/vanner-WEJOIN-WJDZ120R4A.jpg\" alt=\"\" \/><\/div>\n<\/div>\n<div class=\"row align-items-center padding-bottom-2x\">\n<div class=\"col-md-5 order-md-2\"><img decoding=\"async\" class=\"d-block m-auto img-thumbnail\" src=\"https:\/\/tvc.mx\/media\/72438\/caracter%C3%ADsticas.jpg\" alt=\" \" \/><\/div>\n<div class=\"col-md-7 order-md-1 text-md-left text-center\">\n<h2>Caracter\u00edsticas<\/h2>\n<p class=\"text-muted\">\n<ul>\n<li class=\"ql-align-justify\">Tiene forma de tipo cuadrada,\u00a0no es ovalado<\/li>\n<li class=\"ql-align-justify\">Cuenta con rieles para ajuste de caucho plastico<\/li>\n<li class=\"ql-align-justify\">Cuenta con caucho plastico y sirve como\u00a0protector para caso de accidentes<\/li>\n<li class=\"ql-align-justify\">Tiene un\u00a0circuito iluminado de\u00a0LEDs, que\u00a0cuando esta cerrado el acceso en cabia\u00a0a color\u00a0ROJO, y VERDE cuando se encuentra abierto el mismo.<\/li>\n<\/ul>\n<p>&nbsp;<\/p>\n<\/div>\n<\/div>\n<hr class=\"padding-bottom-2x\" \/>\n<div class=\"row align-items-center padding-bottom-2x\">\n<div class=\"col-md-5\"><img decoding=\"async\" class=\"d-block m-auto img-thumbnail\" src=\"https:\/\/tvc.mx\/media\/72441\/funcion.jpg\" alt=\" \" \/><\/div>\n<div class=\"col-md-7 text-md-left text-center\">\n<h2>Funci\u00f3n<\/h2>\n<p class=\"text-muted\">\n<p>El buen funcionamiento de la barrera, as\u00ed como su adecuado se\u00f1alamiento, son puntos de suma importancia para evitar accidentes.\u00a0Son principalmente instaladas en los pasos a nivel para que se detenga el tr\u00e1nsito de autom\u00f3viles mientras el tren transita por ese tramo de su recorrido. Tambi\u00e9n es com\u00fan encontrar barreras en estacionamientos, peajes, t\u00faneles y puentes levadizos.<\/p>\n<p><strong>Para env\u00edos el tiempo de entrega es de 4 a 5 d\u00edas h\u00e1biles, consulta con tu asesor el m\u00e9todo de env\u00edo.<\/strong><\/p>\n<\/div>\n<\/div>\n","protected":false},"excerpt":{"rendered":"<p>Informaci\u00f3n General Descripci\u00f3n WEJOIN WJDZ120R4A &#8211; Brazo LED derecho de 4 metros \/ Compatible con barrera LED derecha TVB347012 El accesorio est\u00e1 hecho de aleaci\u00f3n de aluminio de alta resistencia, incorpora una pel\u00edcula reflectante que tiene la funci\u00f3n de advertencia. Caracter\u00edsticas Tiene forma de tipo&hellip;<\/p>\n","protected":false},"featured_media":8543,"comment_status":"open","ping_status":"closed","template":"","meta":{"om_disable_all_campaigns":false,"_monsterinsights_skip_tracking":false,"_monsterinsights_sitenote_active":false,"_monsterinsights_sitenote_note":"","_monsterinsights_sitenote_category":0},"product_brand":[],"product_cat":[793],"product_tag":[81,727,730,66,731,728,729],"class_list":{"0":"post-8544","1":"product","2":"type-product","3":"status-publish","4":"has-post-thumbnail","6":"product_cat-refacciones-control-acceso-vehicular","7":"product_tag-acceso-y-asistencia","8":"product_tag-cerraduras","9":"product_tag-commax-wulian","10":"product_tag-dahua","11":"product_tag-wejoin","12":"product_tag-yli","13":"product_tag-zkteco","15":"first","16":"instock","17":"sale","18":"taxable","19":"shipping-taxable","20":"purchasable","21":"product-type-simple"},"aioseo_notices":[],"_links":{"self":[{"href":"https:\/\/tecsecmty.com\/index.php\/wp-json\/wp\/v2\/product\/8544","targetHints":{"allow":["GET"]}}],"collection":[{"href":"https:\/\/tecsecmty.com\/index.php\/wp-json\/wp\/v2\/product"}],"about":[{"href":"https:\/\/tecsecmty.com\/index.php\/wp-json\/wp\/v2\/types\/product"}],"replies":[{"embeddable":true,"href":"https:\/\/tecsecmty.com\/index.php\/wp-json\/wp\/v2\/comments?post=8544"}],"version-history":[{"count":0,"href":"https:\/\/tecsecmty.com\/index.php\/wp-json\/wp\/v2\/product\/8544\/revisions"}],"wp:featuredmedia":[{"embeddable":true,"href":"https:\/\/tecsecmty.com\/index.php\/wp-json\/wp\/v2\/media\/8543"}],"wp:attachment":[{"href":"https:\/\/tecsecmty.com\/index.php\/wp-json\/wp\/v2\/media?parent=8544"}],"wp:term":[{"taxonomy":"product_brand","embeddable":true,"href":"https:\/\/tecsecmty.com\/index.php\/wp-json\/wp\/v2\/product_brand?post=8544"},{"taxonomy":"product_cat","embeddable":true,"href":"https:\/\/tecsecmty.com\/index.php\/wp-json\/wp\/v2\/product_cat?post=8544"},{"taxonomy":"product_tag","embeddable":true,"href":"https:\/\/tecsecmty.com\/index.php\/wp-json\/wp\/v2\/product_tag?post=8544"}],"curies":[{"name":"wp","href":"https:\/\/api.w.org\/{rel}","templated":true}]}}