{"id":8546,"date":"2023-02-23T22:25:26","date_gmt":"2023-02-24T04:25:26","guid":{"rendered":"https:\/\/tecsecmty.com\/index.php\/producto\/wejoin-wjlbm6-brazo-recto-de-6-metros-led-octagonal-compatible-con-tvb150040-tvb150041\/"},"modified":"2023-03-22T23:24:53","modified_gmt":"2023-03-23T05:24:53","slug":"wejoin-wjlbm6-brazo-recto-de-6-metros-led-octagonal-compatible-con-tvb150040-tvb150041","status":"publish","type":"product","link":"https:\/\/tecsecmty.com\/index.php\/producto\/wejoin-wjlbm6-brazo-recto-de-6-metros-led-octagonal-compatible-con-tvb150040-tvb150041\/","title":{"rendered":"WEJOIN WJLBM6 &#8211; Brazo recto de 6 metros LED \/ Octagonal \/ Compatible con TVB150040 \/ TVB150041"},"content":{"rendered":"<div class=\"row aling-items-center padding-bottom-2x\">\n<div class=\"col-lg-12\">\n<h5 class=\"card-title text-center\">Informaci\u00f3n General<\/h5>\n<h1><strong>Descripci\u00f3n<\/strong><\/h1>\n<p><strong>WJDZ120RL6 &#8211; Brazo recto de 6 metros LED \/ Octagonal \/ Compatible con TVB150040 \/ TVB150041<\/strong><\/p>\n<p class=\"ql-align-justify\">El brazo est\u00e1 hecho de aleaci\u00f3n de aluminio de alta resistencia. Incorpora una pel\u00edcula reflectante que tiene la funci\u00f3n de advertencia. El brazo recto incorpora una goma transparente con luz LED que sirve de protecci\u00f3n para la barrera y los veh\u00edculos.<\/p>\n<p class=\"ql-align-justify\">Este repuesto se utiliza en aparcamientos exteriores. Esta luz LED sirve de se\u00f1al de advertencia. Cuando el brazo asciende, desciende o esta totalmente abajo, la luz es de color rojo, cuando el brazo esta totalmente elevado, la luz es de color verde.<\/p>\n<p><img decoding=\"async\" class=\"overview-center-img-web\" src=\"https:\/\/tvc.mx\/media\/262299\/Brazo-Recto-6mts-LED-Octagonal-Descripci%C3%B3n-WJLBM6-WEJOIN.png\" alt=\"\" \/><\/p>\n<\/div>\n<\/div>\n<div class=\"row align-items-center padding-bottom-2x\">\n<div class=\"col-md-5 order-md-2\"><img decoding=\"async\" class=\"d-block m-auto img-thumbnail\" src=\"https:\/\/tvc.mx\/media\/262307\/Brazo-Recto-6mts-LED-Octagonal-Caracter%C3%ADsticas-WJLBM6-WEJOIN.png\" alt=\" \" \/><\/div>\n<div class=\"col-md-7 order-md-1 text-md-left text-center\">\n<h2>Especificaciones<\/h2>\n<p><strong>Largo de brazo (cm)<\/strong><\/p>\n<p>600cm<\/p>\n<p><strong>Dimensiones<\/strong><\/p>\n<p>600 x 4.5 x 10<\/p>\n<p><strong>Peso<\/strong><\/p>\n<p>7.5 Kg<\/p>\n<p class=\"ql-align-justify\">Compatible con la barrera:\u00a0<strong>[<\/strong><strong>TVB150040<\/strong><strong>] [<\/strong><strong>TVB150041<\/strong><strong>]<\/strong><\/p>\n<\/div>\n<\/div>\n","protected":false},"excerpt":{"rendered":"<p>Informaci\u00f3n General Descripci\u00f3n WJDZ120RL6 &#8211; Brazo recto de 6 metros LED \/ Octagonal \/ Compatible con TVB150040 \/ TVB150041 El brazo est\u00e1 hecho de aleaci\u00f3n de aluminio de alta resistencia. Incorpora una pel\u00edcula reflectante que tiene la funci\u00f3n de advertencia. El brazo recto incorpora una&hellip;<\/p>\n","protected":false},"featured_media":8545,"comment_status":"open","ping_status":"closed","template":"","meta":{"om_disable_all_campaigns":false,"_monsterinsights_skip_tracking":false,"_monsterinsights_sitenote_active":false,"_monsterinsights_sitenote_note":"","_monsterinsights_sitenote_category":0},"product_brand":[],"product_cat":[793],"product_tag":[81,727,730,66,731,728,729],"class_list":{"0":"post-8546","1":"product","2":"type-product","3":"status-publish","4":"has-post-thumbnail","6":"product_cat-refacciones-control-acceso-vehicular","7":"product_tag-acceso-y-asistencia","8":"product_tag-cerraduras","9":"product_tag-commax-wulian","10":"product_tag-dahua","11":"product_tag-wejoin","12":"product_tag-yli","13":"product_tag-zkteco","15":"first","16":"instock","17":"sale","18":"taxable","19":"shipping-taxable","20":"purchasable","21":"product-type-simple"},"aioseo_notices":[],"_links":{"self":[{"href":"https:\/\/tecsecmty.com\/index.php\/wp-json\/wp\/v2\/product\/8546","targetHints":{"allow":["GET"]}}],"collection":[{"href":"https:\/\/tecsecmty.com\/index.php\/wp-json\/wp\/v2\/product"}],"about":[{"href":"https:\/\/tecsecmty.com\/index.php\/wp-json\/wp\/v2\/types\/product"}],"replies":[{"embeddable":true,"href":"https:\/\/tecsecmty.com\/index.php\/wp-json\/wp\/v2\/comments?post=8546"}],"version-history":[{"count":0,"href":"https:\/\/tecsecmty.com\/index.php\/wp-json\/wp\/v2\/product\/8546\/revisions"}],"wp:featuredmedia":[{"embeddable":true,"href":"https:\/\/tecsecmty.com\/index.php\/wp-json\/wp\/v2\/media\/8545"}],"wp:attachment":[{"href":"https:\/\/tecsecmty.com\/index.php\/wp-json\/wp\/v2\/media?parent=8546"}],"wp:term":[{"taxonomy":"product_brand","embeddable":true,"href":"https:\/\/tecsecmty.com\/index.php\/wp-json\/wp\/v2\/product_brand?post=8546"},{"taxonomy":"product_cat","embeddable":true,"href":"https:\/\/tecsecmty.com\/index.php\/wp-json\/wp\/v2\/product_cat?post=8546"},{"taxonomy":"product_tag","embeddable":true,"href":"https:\/\/tecsecmty.com\/index.php\/wp-json\/wp\/v2\/product_tag?post=8546"}],"curies":[{"name":"wp","href":"https:\/\/api.w.org\/{rel}","templated":true}]}}