{"id":8552,"date":"2023-02-23T22:25:30","date_gmt":"2023-02-24T04:25:30","guid":{"rendered":"https:\/\/tecsecmty.com\/index.php\/producto\/wejoin-wjmtr1r-motor-para-barrera-wejoin-derecha-1-segundo\/"},"modified":"2023-03-22T23:24:53","modified_gmt":"2023-03-23T05:24:53","slug":"wejoin-wjmtr1r-motor-para-barrera-wejoin-derecha-1-segundo","status":"publish","type":"product","link":"https:\/\/tecsecmty.com\/index.php\/producto\/wejoin-wjmtr1r-motor-para-barrera-wejoin-derecha-1-segundo\/","title":{"rendered":"WEJOIN WJMTR1R &#8211; Motor para barrera WEJOIN derecha \/ 1 Segundo"},"content":{"rendered":"<div class=\"row aling-items-center padding-bottom-2x\">\n<div class=\"col-lg-12\">\n<h5 class=\"card-title text-center\">Informaci\u00f3n General<\/h5>\n<h1><strong>Descripci\u00f3n<\/strong><\/h1>\n<p class=\"ql-align-justify\"><strong>WJMTR1R &#8211; Motor de repuesto para barrera WEJOIN derecha \/ 1 Segundo<\/strong><\/p>\n<p class=\"ql-align-justify\">El motor se\u00a0localiza en la parte interior de\u00a0la barrera, y su\u00a0engrane se encuentra dentro del cuerpo de la m\u00e1quina, el soporte de la barrera oscilante y el brazo. Se caracteriza por su velocidad y estabilidad. El tiempo de operaci\u00f3n es de 1 segundo se utiliza principalmente como dispositivo de control de entrada y salida de coches.<\/p>\n<p><img decoding=\"async\" class=\"overview-center-img-web\" src=\"https:\/\/tvc.mx\/media\/684942\/Motor-para-Barrera-Wejoin-Derecha-1-Segundo-Descripci%C3%B3n-WJMRT1R-WEJOIN.png\" alt=\"\" \/><\/div>\n<\/div>\n<div class=\"row align-items-center padding-bottom-2x\">\n<div class=\"col-md-5 order-md-2\"><img decoding=\"async\" class=\"d-block m-auto img-thumbnail\" src=\"https:\/\/tvc.mx\/media\/57243\/caracter%C3%ADsticas.jpg\" alt=\" \" \/><\/div>\n<div class=\"col-md-7 order-md-1 text-md-left text-center\">\n<h2>Caracter\u00edsticas<\/h2>\n<p class=\"text-muted\">\n<p class=\"ql-align-justify\">1. Dispositivo de liberaci\u00f3n manual para operar la barrera cuando falla la energ\u00eda<\/p>\n<p class=\"ql-align-justify\">2. El motor de barrera con aleaci\u00f3n de aluminio fundido a presi\u00f3n es altamente herm\u00e9tico y f\u00e1cil de disipar el calor.<\/p>\n<p class=\"ql-align-justify\">3. Ventilador de enfriamiento del motor para evitar la posibilidad de sobrecalentamiento<\/p>\n<p class=\"ql-align-justify\">4. Retroceso autom\u00e1tico cuando el brazo de barrera se encuentra con la obstrucci\u00f3n.<\/p>\n<p class=\"ql-align-justify\">5. Realizaci\u00f3n de cierre autom\u00e1tico a trav\u00e9s de la configuraci\u00f3n del men\u00fa en el panel de control<\/p>\n<h1 class=\"ql-align-justify\"><strong>Especificaciones<\/strong><\/h1>\n<p class=\"ql-align-justify\">Temperatura de trabajo de la caja electr\u00f3nica -40 &#8211; + 75<\/p>\n<p class=\"ql-align-justify\">Potencia 20V \u00b1 10%, 110V \u00b1 10%, 50 \/ 60HZ<\/p>\n<p class=\"ql-align-justify\">Potencia nominal 120 W<\/p>\n<p class=\"ql-align-justify\">Humedad relativa \u2264 90%<\/p>\n<p class=\"ql-align-justify\">Distancia de control remoto \u2265 30m<\/p>\n<p class=\"ql-align-justify\">Peso neto 60kg<\/p>\n<p>&nbsp;<\/p>\n<\/div>\n<\/div>\n<hr class=\"padding-bottom-2x\" \/>\n<div class=\"row align-items-center padding-bottom-2x\">\n<div class=\"col-md-5\"><img decoding=\"async\" class=\"d-block m-auto img-thumbnail\" src=\"https:\/\/tvc.mx\/media\/57246\/funcion.jpg\" alt=\" \" \/><\/div>\n<div class=\"col-md-7 text-md-left text-center\">\n<h2>Funci\u00f3n<\/h2>\n<p class=\"text-muted\">\n<p>El\u00a0<strong>motor\u00a0<\/strong>\u00a0es el dispositivo que convierte la energ\u00eda el\u00e9ctrica en energ\u00eda mec\u00e1nica de rotaci\u00f3n por medio de la acci\u00f3n de los campos magn\u00e9ticos generados en sus bobinas. El motor trabaja junto con la tarjeta principal\u00a0para poder realizar\u00a0los movimientos en los equipos, dependiendo de la orden que nosotros indicamos.<\/p>\n<\/div>\n<\/div>\n","protected":false},"excerpt":{"rendered":"<p>Informaci\u00f3n General Descripci\u00f3n WJMTR1R &#8211; Motor de repuesto para barrera WEJOIN derecha \/ 1 Segundo El motor se\u00a0localiza en la parte interior de\u00a0la barrera, y su\u00a0engrane se encuentra dentro del cuerpo de la m\u00e1quina, el soporte de la barrera oscilante y el brazo. Se caracteriza&hellip;<\/p>\n","protected":false},"featured_media":8551,"comment_status":"open","ping_status":"closed","template":"","meta":{"om_disable_all_campaigns":false,"_monsterinsights_skip_tracking":false,"_monsterinsights_sitenote_active":false,"_monsterinsights_sitenote_note":"","_monsterinsights_sitenote_category":0},"product_brand":[],"product_cat":[793],"product_tag":[81,727,730,66,731,728,729],"class_list":{"0":"post-8552","1":"product","2":"type-product","3":"status-publish","4":"has-post-thumbnail","6":"product_cat-refacciones-control-acceso-vehicular","7":"product_tag-acceso-y-asistencia","8":"product_tag-cerraduras","9":"product_tag-commax-wulian","10":"product_tag-dahua","11":"product_tag-wejoin","12":"product_tag-yli","13":"product_tag-zkteco","15":"first","16":"instock","17":"sale","18":"taxable","19":"shipping-taxable","20":"purchasable","21":"product-type-simple"},"aioseo_notices":[],"_links":{"self":[{"href":"https:\/\/tecsecmty.com\/index.php\/wp-json\/wp\/v2\/product\/8552","targetHints":{"allow":["GET"]}}],"collection":[{"href":"https:\/\/tecsecmty.com\/index.php\/wp-json\/wp\/v2\/product"}],"about":[{"href":"https:\/\/tecsecmty.com\/index.php\/wp-json\/wp\/v2\/types\/product"}],"replies":[{"embeddable":true,"href":"https:\/\/tecsecmty.com\/index.php\/wp-json\/wp\/v2\/comments?post=8552"}],"version-history":[{"count":0,"href":"https:\/\/tecsecmty.com\/index.php\/wp-json\/wp\/v2\/product\/8552\/revisions"}],"wp:featuredmedia":[{"embeddable":true,"href":"https:\/\/tecsecmty.com\/index.php\/wp-json\/wp\/v2\/media\/8551"}],"wp:attachment":[{"href":"https:\/\/tecsecmty.com\/index.php\/wp-json\/wp\/v2\/media?parent=8552"}],"wp:term":[{"taxonomy":"product_brand","embeddable":true,"href":"https:\/\/tecsecmty.com\/index.php\/wp-json\/wp\/v2\/product_brand?post=8552"},{"taxonomy":"product_cat","embeddable":true,"href":"https:\/\/tecsecmty.com\/index.php\/wp-json\/wp\/v2\/product_cat?post=8552"},{"taxonomy":"product_tag","embeddable":true,"href":"https:\/\/tecsecmty.com\/index.php\/wp-json\/wp\/v2\/product_tag?post=8552"}],"curies":[{"name":"wp","href":"https:\/\/api.w.org\/{rel}","templated":true}]}}