{"id":8554,"date":"2023-02-23T22:25:31","date_gmt":"2023-02-24T04:25:31","guid":{"rendered":"https:\/\/tecsecmty.com\/index.php\/producto\/wejoin-wjmtr3l-motor-para-barrera-wejoin-izquierda-velocidad-3-segundos\/"},"modified":"2023-03-22T23:24:53","modified_gmt":"2023-03-23T05:24:53","slug":"wejoin-wjmtr3l-motor-para-barrera-wejoin-izquierda-velocidad-3-segundos","status":"publish","type":"product","link":"https:\/\/tecsecmty.com\/index.php\/producto\/wejoin-wjmtr3l-motor-para-barrera-wejoin-izquierda-velocidad-3-segundos\/","title":{"rendered":"WEJOIN WJMTR3L &#8211; Motor para barrera WEJOIN izquierda \/ Velocidad 3 segundos"},"content":{"rendered":"<div class=\"row aling-items-center padding-bottom-2x\">\n<div class=\"col-lg-12\">\n<h5 class=\"card-title text-center\">Informaci\u00f3n General<\/h5>\n<h4><strong>Descripci\u00f3n<\/strong><\/h4>\n<p>El motor se localiza en la parte interior de la barrera, y su engrane se encuentra dentro del cuerpo de la m\u00e1quina, el soporte de la barrera oscilante y el brazo. Se caracteriza por su velocidad y estabilidad. El tiempo de operaci\u00f3n es de 6 segundos, se utiliza principalmente como dispositivo de control de entrada y salida de coches.<\/p>\n<p>Motor de 3 segundos para barreras vehiculares marca Wejoin de carril izquierdo de clave tvc:\u00a077102,\u00a074058,\u00a077109,\u00a077105,\u00a074073,\u00a074074.<\/p>\n<p><img decoding=\"async\" class=\"overview-center-img-web\" src=\"https:\/\/tvc.mx\/media\/684957\/Motor-para-Barrera-Wejoin-Izquierda-3-Segundos-Descripci%C3%B3n-WJMTR3L-WEJOIN.png\" alt=\"\" \/><\/div>\n<\/div>\n<div class=\"row aling-items-center padding-bottom-2x\">\n<div class=\"col-lg-12\">\n<h5 class=\"card-title text-center\">Especificaciones<\/h5>\n<ul>\n<li class=\"ql-align-justify\">Motor 110 VAC, 60 Hz.<\/li>\n<li class=\"ql-align-justify\">Frecuencia: 60Hz<\/li>\n<li class=\"ql-align-justify\">Energ\u00eda de entrada: 150 W<\/li>\n<li class=\"ql-align-justify\">Potencia de salida: 80 W<\/li>\n<li class=\"ql-align-justify\">Compatible con barreras de tipo Izquierda.<\/li>\n<li class=\"ql-align-justify\">Velocidad 3 segundos.<\/li>\n<li class=\"ql-align-justify\">Construcci\u00f3n solida de aleaci\u00f3n de aluminio<\/li>\n<li class=\"ql-align-justify\">Compatible con barreras de tipo\u00a0IZQUIERDA\u00a077102,\u00a074058,\u00a077109,\u00a077105,\u00a074073,\u00a074074.<\/li>\n<\/ul>\n<p><img decoding=\"async\" class=\"overview-center-img-web\" src=\"https:\/\/tvc.mx\/media\/684162\/Motor-para-Barrera-Wejoin-Izquierda-3-Segundos-Mecanismo-WJMTR3L-WEJOIN.png\" alt=\"\" \/><\/div>\n<\/div>\n","protected":false},"excerpt":{"rendered":"<p>Informaci\u00f3n General Descripci\u00f3n El motor se localiza en la parte interior de la barrera, y su engrane se encuentra dentro del cuerpo de la m\u00e1quina, el soporte de la barrera oscilante y el brazo. Se caracteriza por su velocidad y estabilidad. El tiempo de operaci\u00f3n&hellip;<\/p>\n","protected":false},"featured_media":8553,"comment_status":"open","ping_status":"closed","template":"","meta":{"om_disable_all_campaigns":false,"_monsterinsights_skip_tracking":false,"_monsterinsights_sitenote_active":false,"_monsterinsights_sitenote_note":"","_monsterinsights_sitenote_category":0},"product_brand":[],"product_cat":[793],"product_tag":[81,727,730,66,731,728,729],"class_list":{"0":"post-8554","1":"product","2":"type-product","3":"status-publish","4":"has-post-thumbnail","6":"product_cat-refacciones-control-acceso-vehicular","7":"product_tag-acceso-y-asistencia","8":"product_tag-cerraduras","9":"product_tag-commax-wulian","10":"product_tag-dahua","11":"product_tag-wejoin","12":"product_tag-yli","13":"product_tag-zkteco","15":"first","16":"instock","17":"sale","18":"taxable","19":"shipping-taxable","20":"purchasable","21":"product-type-simple"},"aioseo_notices":[],"_links":{"self":[{"href":"https:\/\/tecsecmty.com\/index.php\/wp-json\/wp\/v2\/product\/8554","targetHints":{"allow":["GET"]}}],"collection":[{"href":"https:\/\/tecsecmty.com\/index.php\/wp-json\/wp\/v2\/product"}],"about":[{"href":"https:\/\/tecsecmty.com\/index.php\/wp-json\/wp\/v2\/types\/product"}],"replies":[{"embeddable":true,"href":"https:\/\/tecsecmty.com\/index.php\/wp-json\/wp\/v2\/comments?post=8554"}],"version-history":[{"count":0,"href":"https:\/\/tecsecmty.com\/index.php\/wp-json\/wp\/v2\/product\/8554\/revisions"}],"wp:featuredmedia":[{"embeddable":true,"href":"https:\/\/tecsecmty.com\/index.php\/wp-json\/wp\/v2\/media\/8553"}],"wp:attachment":[{"href":"https:\/\/tecsecmty.com\/index.php\/wp-json\/wp\/v2\/media?parent=8554"}],"wp:term":[{"taxonomy":"product_brand","embeddable":true,"href":"https:\/\/tecsecmty.com\/index.php\/wp-json\/wp\/v2\/product_brand?post=8554"},{"taxonomy":"product_cat","embeddable":true,"href":"https:\/\/tecsecmty.com\/index.php\/wp-json\/wp\/v2\/product_cat?post=8554"},{"taxonomy":"product_tag","embeddable":true,"href":"https:\/\/tecsecmty.com\/index.php\/wp-json\/wp\/v2\/product_tag?post=8554"}],"curies":[{"name":"wp","href":"https:\/\/api.w.org\/{rel}","templated":true}]}}