{"id":8560,"date":"2023-02-23T22:25:41","date_gmt":"2023-02-24T04:25:41","guid":{"rendered":"https:\/\/tecsecmty.com\/index.php\/producto\/wejoin-wjrc01-control-remoto-para-barrera-vehicular-wejoin-motor-deslizante-wjpkmp202-compatible-con-receptor-wjbrr01\/"},"modified":"2023-03-22T23:24:54","modified_gmt":"2023-03-23T05:24:54","slug":"wejoin-wjrc01-control-remoto-para-barrera-vehicular-wejoin-motor-deslizante-wjpkmp202-compatible-con-receptor-wjbrr01","status":"publish","type":"product","link":"https:\/\/tecsecmty.com\/index.php\/producto\/wejoin-wjrc01-control-remoto-para-barrera-vehicular-wejoin-motor-deslizante-wjpkmp202-compatible-con-receptor-wjbrr01\/","title":{"rendered":"WEJOIN WJRC01 &#8211; Control Remoto para Barrera Vehicular Wejoin \/ Motor Deslizante WJPKMP202 \/ Compatible con Receptor WJBRR01"},"content":{"rendered":"<div class=\"row aling-items-center padding-bottom-2x\">\n<div class=\"col-lg-12\">\n<h5 class=\"card-title text-center\">Informaci\u00f3n General<\/h5>\n<p><strong>Control remoto barrera vehicular \/ Motor Deslizante WJPKMP202 \/ F\u00e1cil configuraci\u00f3n \/ 20 Mts De alcance<\/strong><strong>.<\/strong><\/p>\n<p>El\u00a0<strong>control remoto Wejoin<\/strong>\u00a0o mando a distancia es un dispositivo electr\u00f3nico usado para realizar\u00a0una operaci\u00f3n\u00a0<strong>remota<\/strong>\u00a0sobre una barrera vehicular o motor corredizo.<\/p>\n<p>La\u00a0<strong>funci\u00f3n<\/strong>\u00a0principal del\u00a0<strong>control remoto<\/strong>\u00a0es justamente ser utilizado a distancia o de manera remota para facilitar la comodidad de las personas. abrir, parar , cerrar.<\/p>\n<p><img decoding=\"async\" class=\"overview-center-img-web\" src=\"https:\/\/tvc.mx\/media\/75717\/vanner-WEJOIN-WJRC01.jpg\" alt=\"\" \/><\/div>\n<\/div>\n<div class=\"row align-items-center padding-bottom-2x\">\n<div class=\"col-md-5 order-md-2\"><img decoding=\"async\" class=\"d-block m-auto img-thumbnail\" src=\"https:\/\/tvc.mx\/media\/75720\/caracter%C3%ADsticas-control-remoto.jpg\" alt=\" \" \/><\/div>\n<div class=\"col-md-7 order-md-1 text-md-left text-center\">\n<h2>Principales Caracter\u00edsticas<\/h2>\n<p class=\"text-muted\">\n<ul>\n<li class=\"ql-align-justify\">Control remoto compatible con las barreras de acceso vehicular Wejoin y motor deslizante WJPKMP202<\/li>\n<li class=\"ql-align-justify\">F\u00e1cil programaci\u00f3n de c\u00f3digo de seguridad \u00fanico para compatibilidad con barreras de acceso.<\/li>\n<li class=\"ql-align-justify\">Distancia de operaci\u00f3n hasta 20 metros en espacio abierto.<\/li>\n<li class=\"ql-align-justify\">Botones para subir, bajar y detener la operaci\u00f3n de la pluma.<\/li>\n<li class=\"ql-align-justify\">NOTA: El control deber\u00e1 programarse con el c\u00f3digo de su barrera actual para poder trabajar adecuadamente.<\/li>\n<\/ul>\n<\/div>\n<\/div>\n","protected":false},"excerpt":{"rendered":"<p>Informaci\u00f3n General Control remoto barrera vehicular \/ Motor Deslizante WJPKMP202 \/ F\u00e1cil configuraci\u00f3n \/ 20 Mts De alcance. El\u00a0control remoto Wejoin\u00a0o mando a distancia es un dispositivo electr\u00f3nico usado para realizar\u00a0una operaci\u00f3n\u00a0remota\u00a0sobre una barrera vehicular o motor corredizo. La\u00a0funci\u00f3n\u00a0principal del\u00a0control remoto\u00a0es justamente ser utilizado a&hellip;<\/p>\n","protected":false},"featured_media":8559,"comment_status":"open","ping_status":"closed","template":"","meta":{"om_disable_all_campaigns":false,"_monsterinsights_skip_tracking":false,"_monsterinsights_sitenote_active":false,"_monsterinsights_sitenote_note":"","_monsterinsights_sitenote_category":0},"product_brand":[],"product_cat":[793],"product_tag":[81,727,730,66,731,728,729],"class_list":{"0":"post-8560","1":"product","2":"type-product","3":"status-publish","4":"has-post-thumbnail","6":"product_cat-refacciones-control-acceso-vehicular","7":"product_tag-acceso-y-asistencia","8":"product_tag-cerraduras","9":"product_tag-commax-wulian","10":"product_tag-dahua","11":"product_tag-wejoin","12":"product_tag-yli","13":"product_tag-zkteco","15":"first","16":"instock","17":"sale","18":"taxable","19":"shipping-taxable","20":"purchasable","21":"product-type-simple"},"aioseo_notices":[],"_links":{"self":[{"href":"https:\/\/tecsecmty.com\/index.php\/wp-json\/wp\/v2\/product\/8560","targetHints":{"allow":["GET"]}}],"collection":[{"href":"https:\/\/tecsecmty.com\/index.php\/wp-json\/wp\/v2\/product"}],"about":[{"href":"https:\/\/tecsecmty.com\/index.php\/wp-json\/wp\/v2\/types\/product"}],"replies":[{"embeddable":true,"href":"https:\/\/tecsecmty.com\/index.php\/wp-json\/wp\/v2\/comments?post=8560"}],"version-history":[{"count":0,"href":"https:\/\/tecsecmty.com\/index.php\/wp-json\/wp\/v2\/product\/8560\/revisions"}],"wp:featuredmedia":[{"embeddable":true,"href":"https:\/\/tecsecmty.com\/index.php\/wp-json\/wp\/v2\/media\/8559"}],"wp:attachment":[{"href":"https:\/\/tecsecmty.com\/index.php\/wp-json\/wp\/v2\/media?parent=8560"}],"wp:term":[{"taxonomy":"product_brand","embeddable":true,"href":"https:\/\/tecsecmty.com\/index.php\/wp-json\/wp\/v2\/product_brand?post=8560"},{"taxonomy":"product_cat","embeddable":true,"href":"https:\/\/tecsecmty.com\/index.php\/wp-json\/wp\/v2\/product_cat?post=8560"},{"taxonomy":"product_tag","embeddable":true,"href":"https:\/\/tecsecmty.com\/index.php\/wp-json\/wp\/v2\/product_tag?post=8560"}],"curies":[{"name":"wp","href":"https:\/\/api.w.org\/{rel}","templated":true}]}}