{"id":8568,"date":"2023-02-23T22:25:49","date_gmt":"2023-02-24T04:25:49","guid":{"rendered":"https:\/\/tecsecmty.com\/index.php\/producto\/wejoin-wjsbmi-motor-para-barrera-vehicular-con-servo-control-para-barreras-de-3-a-6-segundos\/"},"modified":"2023-03-22T23:24:54","modified_gmt":"2023-03-23T05:24:54","slug":"wejoin-wjsbmi-motor-para-barrera-vehicular-con-servo-control-para-barreras-de-3-a-6-segundos","status":"publish","type":"product","link":"https:\/\/tecsecmty.com\/index.php\/producto\/wejoin-wjsbmi-motor-para-barrera-vehicular-con-servo-control-para-barreras-de-3-a-6-segundos\/","title":{"rendered":"WEJOIN WJSBMI &#8211; Motor para Barrera Vehicular con Servo Control para barreras de 3 a 6 segundos"},"content":{"rendered":"<div class=\"row align-items-center padding-bottom-2x\">\n<div class=\"col-md-7 order-md-1 text-md-left text-center\">\n<h2>Especificaciones<\/h2>\n<p class=\"text-muted\">\n<ul>\n<li><strong>Voltaje de entrada:<\/strong>\u00a0AC110V<\/li>\n<li><strong>Frecuencia:<\/strong>\u00a060Hz<\/li>\n<li><strong>Energ\u00eda de entrada:<\/strong>\u00a0300W<\/li>\n<li><strong>Potencia de salida:<\/strong>\u00a0150 W<\/li>\n<li><strong>Velocidad de funcionamiento:<\/strong>\u00a03 a 6 segundos ajustable<\/li>\n<\/ul>\n<p>&nbsp;<\/p>\n<\/div>\n<\/div>\n<hr class=\"padding-bottom-2x\" \/>\n<div class=\"row aling-items-center padding-bottom-2x\">\n<div class=\"col-lg-12\">\n<h5 class=\"card-title text-center\">Informaci\u00f3n General<\/h5>\n<h4><strong>Descripci\u00f3n<\/strong><\/h4>\n<p>El motor se localiza en la parte interior de la barrera, y su engrane se encuentra dentro del cuerpo de la m\u00e1quina, se caracteriza por tener un motor s\u00edncrono DC de im\u00e1n permanente (PMSM), servo control.<\/p>\n<p>El motor tiene el mismo rendimiento que el motor principal de la m\u00e1quina herramienta CNC y el motor del veh\u00edculo el\u00e9ctrico, tiene alta precisi\u00f3n de control, alta densidad de torque, buen equilibrio de torque, bajo consumo de potencia, alta eficiencia y bajo ruido. M\u00e1s sensible y reacciona m\u00e1s r\u00e1pido cuando se invierte en obst\u00e1culos.<\/p>\n<p>Se caracteriza por su velocidad y estabilidad. El tiempo de operaci\u00f3n es de 3 a 6 segundos se utiliza principalmente como dispositivo de control de entrada y salida de coches.<\/p>\n<p><img decoding=\"async\" class=\"overview-center-img-web\" src=\"https:\/\/tvc.mx\/media\/298375\/Motor-para-Barrera-Vehicular-Servo-3-6Segundos-Descripci%C3%B3n-WJSBMI-WEJOIN.png\" alt=\"\" \/><\/div>\n<\/div>\n","protected":false},"excerpt":{"rendered":"<p>Especificaciones Voltaje de entrada:\u00a0AC110V Frecuencia:\u00a060Hz Energ\u00eda de entrada:\u00a0300W Potencia de salida:\u00a0150 W Velocidad de funcionamiento:\u00a03 a 6 segundos ajustable &nbsp; Informaci\u00f3n General Descripci\u00f3n El motor se localiza en la parte interior de la barrera, y su engrane se encuentra dentro del cuerpo de la m\u00e1quina,&hellip;<\/p>\n","protected":false},"featured_media":8567,"comment_status":"open","ping_status":"closed","template":"","meta":{"om_disable_all_campaigns":false,"_monsterinsights_skip_tracking":false,"_monsterinsights_sitenote_active":false,"_monsterinsights_sitenote_note":"","_monsterinsights_sitenote_category":0},"product_brand":[],"product_cat":[793],"product_tag":[81,727,730,66,731,728,729],"class_list":{"0":"post-8568","1":"product","2":"type-product","3":"status-publish","4":"has-post-thumbnail","6":"product_cat-refacciones-control-acceso-vehicular","7":"product_tag-acceso-y-asistencia","8":"product_tag-cerraduras","9":"product_tag-commax-wulian","10":"product_tag-dahua","11":"product_tag-wejoin","12":"product_tag-yli","13":"product_tag-zkteco","15":"first","16":"instock","17":"sale","18":"taxable","19":"shipping-taxable","20":"purchasable","21":"product-type-simple"},"aioseo_notices":[],"_links":{"self":[{"href":"https:\/\/tecsecmty.com\/index.php\/wp-json\/wp\/v2\/product\/8568","targetHints":{"allow":["GET"]}}],"collection":[{"href":"https:\/\/tecsecmty.com\/index.php\/wp-json\/wp\/v2\/product"}],"about":[{"href":"https:\/\/tecsecmty.com\/index.php\/wp-json\/wp\/v2\/types\/product"}],"replies":[{"embeddable":true,"href":"https:\/\/tecsecmty.com\/index.php\/wp-json\/wp\/v2\/comments?post=8568"}],"version-history":[{"count":0,"href":"https:\/\/tecsecmty.com\/index.php\/wp-json\/wp\/v2\/product\/8568\/revisions"}],"wp:featuredmedia":[{"embeddable":true,"href":"https:\/\/tecsecmty.com\/index.php\/wp-json\/wp\/v2\/media\/8567"}],"wp:attachment":[{"href":"https:\/\/tecsecmty.com\/index.php\/wp-json\/wp\/v2\/media?parent=8568"}],"wp:term":[{"taxonomy":"product_brand","embeddable":true,"href":"https:\/\/tecsecmty.com\/index.php\/wp-json\/wp\/v2\/product_brand?post=8568"},{"taxonomy":"product_cat","embeddable":true,"href":"https:\/\/tecsecmty.com\/index.php\/wp-json\/wp\/v2\/product_cat?post=8568"},{"taxonomy":"product_tag","embeddable":true,"href":"https:\/\/tecsecmty.com\/index.php\/wp-json\/wp\/v2\/product_tag?post=8568"}],"curies":[{"name":"wp","href":"https:\/\/api.w.org\/{rel}","templated":true}]}}