{"id":8574,"date":"2023-02-23T22:25:56","date_gmt":"2023-02-24T04:25:56","guid":{"rendered":"https:\/\/tecsecmty.com\/index.php\/producto\/wejoin-brm-botonera-triple-de-uso-rudo-para-acceso-vehicular-apertura-cierre-detener\/"},"modified":"2023-03-22T23:24:48","modified_gmt":"2023-03-23T05:24:48","slug":"wejoin-brm-botonera-triple-de-uso-rudo-para-acceso-vehicular-apertura-cierre-detener","status":"publish","type":"product","link":"https:\/\/tecsecmty.com\/index.php\/producto\/wejoin-brm-botonera-triple-de-uso-rudo-para-acceso-vehicular-apertura-cierre-detener\/","title":{"rendered":"Wejoin BRM Botonera Triple de uso rudo para acceso vehicular Apertura \/ Cierre \/ Detener"},"content":{"rendered":"<div class=\"row aling-items-center padding-bottom-2x\">\n<div class=\"col-lg-12\">\n<h5 class=\"card-title text-center\">Informaci\u00f3n General<\/h5>\n<h4><strong>Descripci\u00f3n<\/strong><\/h4>\n<p><strong>Botonera de interruptor de puerta de tres botones, uso para el operador de puerta de barrera y el sistema de puerta autom\u00e1tica<\/strong>.<\/p>\n<p>Tres\u00a0accesorios del operador de la puerta del\u00a0\u00a0bot\u00f3n\u00a0para el sistema de control de acceso de la puerta de la barrera<\/p>\n<p>El sistema de control de acceso de puerta de barrera WEJOIN generalmente solicita dispositivos de hardware de alta calidad y accesorios de operador de puerta que incluyen puerta de barrera, detector de bucle de veh\u00edculo, sensor fotoel\u00e9ctrico, bot\u00f3n de puerta de interruptor, WEJOIN ofrece todos los accesorios de operador de puerta estable de calidad a nuestros clientes y deja felices a los clientes para todos los productos.<\/p>\n<p><img decoding=\"async\" class=\"overview-center-img-web\" src=\"https:\/\/tvc.mx\/media\/263127\/Botonera-Triple-Acceso-Vehicular-Apertura-Cierre-Detener-Descripci%C3%B3n-BRM-WEJOIN.png\" alt=\"\" \/><\/div>\n<\/div>\n<div class=\"row align-items-center padding-bottom-2x\">\n<div class=\"col-md-5 order-md-2\"><img decoding=\"async\" class=\"d-block m-auto img-thumbnail\" src=\"https:\/\/tvc.mx\/media\/263159\/Botonera-Triple-Acceso-Vehicular-Apertura-Cierre-Detener-Funciones-Ventajas-BRM-WEJOIN.png\" alt=\" \" \/><\/div>\n<div class=\"col-md-7 order-md-1 text-md-left text-center\">\n<h2>Funciones y Ventajas<\/h2>\n<p class=\"text-muted\">\n<p>No menos de 2 millones de vida mec\u00e1nica, no menos de 500,000 vida el\u00e9ctrica.<\/p>\n<p>Los contactos del interruptor est\u00e1n hechos de punta de plata a base de cobre y todo el sistema operativo est\u00e1 plateado.<\/p>\n<p>La base del producto est\u00e1 hecha de nailon retardante de llama.<\/p>\n<p>La carcasa se fija con tornillos antideslizamiento.<\/p>\n<p>Los productos de los cuatro lados est\u00e1n dise\u00f1ados con los orificios M20, y los clientes pueden elegir los orificios por su cuenta.<\/p>\n<p>El producto est\u00e1 dise\u00f1ado con un sello impermeable.<\/p>\n<p>Exquisita y f\u00e1cil instalaci\u00f3n.<\/p>\n<p>&nbsp;<\/p>\n<\/div>\n<\/div>\n<hr class=\"padding-bottom-2x\" \/>\n<div class=\"row align-items-center padding-bottom-2x\">\n<div class=\"col-md-5\"><img decoding=\"async\" class=\"d-block m-auto img-thumbnail\" src=\"https:\/\/tvc.mx\/media\/263179\/Botonera-Triple-Acceso-Vehicular-Apertura-Cierre-Detener-Aplicaci%C3%B3n-Barreras-BRM-WEJOIN.png\" alt=\" \" \/><\/div>\n<div class=\"col-md-7 text-md-left text-center\">\n<h2>Aplicaci\u00f3n en Acceso Vehicular con Barreras<\/h2>\n<p class=\"text-muted\">\n<p><strong>El bot\u00f3n del interruptor de la puerta se puede utilizar en el sistema de control de acceso autom\u00e1tico de la puerta<\/strong><\/p>\n<p>&nbsp;<\/p>\n<\/div>\n<\/div>\n<hr class=\"padding-bottom-2x\" \/>\n<div class=\"row align-items-center padding-bottom-2x\">\n<div class=\"col-md-5 order-md-2\"><img decoding=\"async\" class=\"d-block m-auto img-thumbnail\" src=\"https:\/\/tvc.mx\/media\/263195\/Botonera-Triple-Acceso-Vehicular-Apertura-Cierre-Detener-Aplicaci%C3%B3n-Persiana-BRM-WEJOIN.png\" alt=\" \" \/><\/div>\n<div class=\"col-md-7 order-md-1 text-md-left text-center\">\n<h2>Aplicaci\u00f3n en Acceso con Persianas<\/h2>\n<p class=\"text-muted\">\n<p><strong>El bot\u00f3n del interruptor de la puerta se puede usar en el sistema de control de acceso de la persiana enrollable<\/strong><\/p>\n<p>&nbsp;<\/p>\n<\/div>\n<\/div>\n<hr class=\"padding-bottom-2x\" \/>\n<div class=\"row aling-items-center padding-bottom-2x\">\n<div class=\"col-lg-12\">\n<h5 class=\"card-title text-center\">Especificaciones<\/h5>\n<p><strong>Tasa de voltaje aislado<\/strong>:&#8212;&#8212;&#8212;&#8212;&#8212;&#8212;&#8212;&#8212;&#8212;&#8212;&#8211; 440V<\/p>\n<p><strong>Corriente caliente estipulada:&#8212;&#8212;&#8212;&#8212;&#8212;&#8212;&#8212;&#8211;\u00a0<\/strong>10A<\/p>\n<p><strong>Frecuencia de trabajo:<\/strong>\u00a0&#8212;&#8212;&#8212;&#8212;&#8212;&#8212;&#8212;&#8212;&#8212;&#8212;&#8212; 50 HZ<\/p>\n<p><strong>Tasa de voltaje \/ corriente de trabajo<\/strong>: &#8212;&#8212;&#8212;&#8212;- DC-13 (24V \/ 3.6A, 220V \/ 0.6A)<\/p>\n<p><strong>Grado de IP:<\/strong>\u00a0&#8212;&#8212;&#8212;&#8212;&#8212;&#8212;&#8212;&#8212;&#8212;&#8212;&#8212;&#8212;&#8212;&#8212;&#8212;&#8212; IP44<\/p>\n<p><strong>Material:<\/strong>\u00a0&#8212;&#8212;&#8212;&#8212;&#8212;&#8212;&#8212;&#8212;&#8212;&#8212;&#8212;&#8212;&#8212;&#8212;&#8212;&#8212;&#8212;&#8212; ABS<\/p>\n<p><strong>Color:<\/strong>\u00a0&#8212;&#8212;&#8212;&#8212;&#8212;&#8212;&#8212;&#8212;&#8212;&#8212;&#8212;&#8212;&#8212;&#8212;&#8212;&#8212;&#8212;&#8212;&#8212;- gris blanco<\/p>\n<p><strong>Contactos:<\/strong>\u00a0&#8212;&#8212;&#8212;&#8212;&#8212;&#8212;&#8212;&#8212;&#8212;&#8212;&#8212;&#8212;&#8212;&#8212;&#8212;&#8212;&#8212; 3 N \/ O<\/p>\n<p><img decoding=\"async\" class=\"overview-center-img-web\" src=\"https:\/\/tvc.mx\/media\/263175\/Botonera-Triple-Acceso-Vehicular-Apertura-Cierre-Detener-Especificaciones-BRM-WEJOIN.png\" alt=\"\" \/><\/div>\n<\/div>\n","protected":false},"excerpt":{"rendered":"<p>Informaci\u00f3n General Descripci\u00f3n Botonera de interruptor de puerta de tres botones, uso para el operador de puerta de barrera y el sistema de puerta autom\u00e1tica. Tres\u00a0accesorios del operador de la puerta del\u00a0\u00a0bot\u00f3n\u00a0para el sistema de control de acceso de la puerta de la barrera El&hellip;<\/p>\n","protected":false},"featured_media":8573,"comment_status":"open","ping_status":"closed","template":"","meta":{"om_disable_all_campaigns":false,"_monsterinsights_skip_tracking":false,"_monsterinsights_sitenote_active":false,"_monsterinsights_sitenote_note":"","_monsterinsights_sitenote_category":0},"product_brand":[],"product_cat":[793],"product_tag":[81,727,730,66,731,728,729],"class_list":{"0":"post-8574","1":"product","2":"type-product","3":"status-publish","4":"has-post-thumbnail","6":"product_cat-refacciones-control-acceso-vehicular","7":"product_tag-acceso-y-asistencia","8":"product_tag-cerraduras","9":"product_tag-commax-wulian","10":"product_tag-dahua","11":"product_tag-wejoin","12":"product_tag-yli","13":"product_tag-zkteco","15":"first","16":"instock","17":"sale","18":"taxable","19":"shipping-taxable","20":"purchasable","21":"product-type-simple"},"aioseo_notices":[],"_links":{"self":[{"href":"https:\/\/tecsecmty.com\/index.php\/wp-json\/wp\/v2\/product\/8574","targetHints":{"allow":["GET"]}}],"collection":[{"href":"https:\/\/tecsecmty.com\/index.php\/wp-json\/wp\/v2\/product"}],"about":[{"href":"https:\/\/tecsecmty.com\/index.php\/wp-json\/wp\/v2\/types\/product"}],"replies":[{"embeddable":true,"href":"https:\/\/tecsecmty.com\/index.php\/wp-json\/wp\/v2\/comments?post=8574"}],"version-history":[{"count":0,"href":"https:\/\/tecsecmty.com\/index.php\/wp-json\/wp\/v2\/product\/8574\/revisions"}],"wp:featuredmedia":[{"embeddable":true,"href":"https:\/\/tecsecmty.com\/index.php\/wp-json\/wp\/v2\/media\/8573"}],"wp:attachment":[{"href":"https:\/\/tecsecmty.com\/index.php\/wp-json\/wp\/v2\/media?parent=8574"}],"wp:term":[{"taxonomy":"product_brand","embeddable":true,"href":"https:\/\/tecsecmty.com\/index.php\/wp-json\/wp\/v2\/product_brand?post=8574"},{"taxonomy":"product_cat","embeddable":true,"href":"https:\/\/tecsecmty.com\/index.php\/wp-json\/wp\/v2\/product_cat?post=8574"},{"taxonomy":"product_tag","embeddable":true,"href":"https:\/\/tecsecmty.com\/index.php\/wp-json\/wp\/v2\/product_tag?post=8574"}],"curies":[{"name":"wp","href":"https:\/\/api.w.org\/{rel}","templated":true}]}}